{"id":144609,"date":"2021-02-11T10:59:31","date_gmt":"2021-10-06T12:22:29","guid":{"rendered":"https:\/\/www.graef-gnu.com\/produkt\/perftec-easyfold\/"},"modified":"2021-10-06T14:22:29","modified_gmt":"2021-10-06T12:22:29","slug":"perftec-kolay-katlama","status":"publish","type":"product","link":"https:\/\/graef-gnu.com\/tr\/produkt\/perftec-kolay-katlama\/","title":{"rendered":"Perftec<sup>&reg;<\/sup> EasyFold"},"content":{"rendered":"<p>Perftec<sup>&reg;<\/sup>-EasyFold: Toptanc\u0131lar ve perakendeciler i\u00e7in \u00f6zel olarak geli\u015ftirilmi\u015f, kartonun kolayca y\u0131rt\u0131larak a\u00e7\u0131lmas\u0131n\u0131 sa\u011flayan ve \u00e7ok \u00e7e\u015fitli malzeme t\u00fcrlerini ve kal\u0131nl\u0131klar\u0131n\u0131 kaplayan \u00f6zel y\u0131rtma-a\u00e7ma perforasyonu.<\/p>\n","protected":false},"excerpt":{"rendered":"<p>Perftec<sup>&reg;<\/sup>-EasyFold: Toptanc\u0131lar ve perakendeciler i\u00e7in \u00f6zel olarak geli\u015ftirilmi\u015f, kartonun kolayca y\u0131rt\u0131larak a\u00e7\u0131lmas\u0131n\u0131 sa\u011flayan ve \u00e7ok \u00e7e\u015fitli malzeme t\u00fcrlerini ve kal\u0131nl\u0131klar\u0131n\u0131 kaplayan \u00f6zel y\u0131rtma-a\u00e7ma perforasyonu.<\/p>\n","protected":false},"featured_media":144619,"template":"","meta":{"_acf_changed":false},"product_cat":[7573],"product_tag":[],"class_list":{"0":"post-144609","1":"product","2":"type-product","3":"status-publish","4":"has-post-thumbnail","6":"product_group-delikli","7":"product_cat-duez-yatakli-kalip-kesme","8":"pa_ablaengung-1-mde","9":"pa_hoehe-238-mm-tr","10":"pa_staerke-breite-105-mm-tr","11":"pa_teilung-3-tr","12":"pa_teilung-3pc-tr","13":"pa_teilung-6-tr","14":"pa_teilung-6pc-tr","15":"pa_teilung-9-tr","16":"pa_teilung-bxf-tr","17":"pa_teilung-exf-tr","18":"pa_teilung-guezel-kadin","19":"pa_teilung-varsayilan","21":"first","22":"instock","23":"purchasable","24":"product-type-variable"},"acf":[],"yoast_head":"<!-- This site is optimized with the Yoast SEO plugin v22.6 - https:\/\/yoast.com\/wordpress\/plugins\/seo\/ -->\n<title>Perftec&reg; EasyFold - August Graef GNU<\/title>\n<meta name=\"description\" content=\"Perftec&reg; EasyFold karton kutular\u0131n a\u00e7\u0131k Basit y\u0131rt\u0131lma \u2705 malzeme t\u00fcrleri ve kal\u0131nl\u0131klar\u0131 \u2705 Bilgiler &amp; burada sorular \u00e7ok \u00e7e\u015fitli Kapaklar!\" \/>\n<meta name=\"robots\" content=\"index, follow, max-snippet:-1, max-image-preview:large, max-video-preview:-1\" \/>\n<link rel=\"canonical\" href=\"https:\/\/graef-gnu.com\/tr\/produkt\/perftec-kolay-katlama\/\" \/>\n<meta property=\"og:locale\" content=\"tr_TR\" \/>\n<meta property=\"og:type\" content=\"article\" \/>\n<meta property=\"og:title\" content=\"Perftec&reg; EasyFold - August Graef GNU\" \/>\n<meta property=\"og:description\" content=\"Perftec&reg; EasyFold karton kutular\u0131n a\u00e7\u0131k Basit y\u0131rt\u0131lma \u2705 malzeme t\u00fcrleri ve kal\u0131nl\u0131klar\u0131 \u2705 Bilgiler &amp; burada sorular \u00e7ok \u00e7e\u015fitli Kapaklar!\" \/>\n<meta property=\"og:url\" content=\"https:\/\/graef-gnu.com\/tr\/produkt\/perftec-kolay-katlama\/\" \/>\n<meta property=\"og:site_name\" content=\"August Graef GNU\" \/>\n<meta property=\"og:image\" content=\"https:\/\/graef-gnu.com\/wp-content\/uploads\/gnu_easy_fold.jpg\" \/>\n\t<meta property=\"og:image:width\" content=\"890\" \/>\n\t<meta property=\"og:image:height\" content=\"300\" \/>\n\t<meta property=\"og:image:type\" content=\"image\/jpeg\" \/>\n<meta name=\"twitter:card\" content=\"summary_large_image\" \/>\n<script type=\"application\/ld+json\" class=\"yoast-schema-graph\">{\"@context\":\"https:\/\/schema.org\",\"@graph\":[{\"@type\":\"WebPage\",\"@id\":\"https:\/\/graef-gnu.com\/tr\/produkt\/perftec-kolay-katlama\/\",\"url\":\"https:\/\/graef-gnu.com\/tr\/produkt\/perftec-kolay-katlama\/\",\"name\":\"Perftec&reg; EasyFold - August Graef GNU\",\"isPartOf\":{\"@id\":\"https:\/\/graef-gnu.com\/#website\"},\"primaryImageOfPage\":{\"@id\":\"https:\/\/graef-gnu.com\/tr\/produkt\/perftec-kolay-katlama\/#primaryimage\"},\"image\":{\"@id\":\"https:\/\/graef-gnu.com\/tr\/produkt\/perftec-kolay-katlama\/#primaryimage\"},\"thumbnailUrl\":\"https:\/\/graef-gnu.com\/wp-content\/uploads\/gnu_easy_fold.jpg\",\"datePublished\":\"2021-10-06T12:22:29+00:00\",\"dateModified\":\"2021-10-06T12:22:29+00:00\",\"description\":\"Perftec&reg; EasyFold karton kutular\u0131n a\u00e7\u0131k Basit y\u0131rt\u0131lma \u2705 malzeme t\u00fcrleri ve kal\u0131nl\u0131klar\u0131 \u2705 Bilgiler & burada sorular \u00e7ok \u00e7e\u015fitli Kapaklar!\",\"breadcrumb\":{\"@id\":\"https:\/\/graef-gnu.com\/tr\/produkt\/perftec-kolay-katlama\/#breadcrumb\"},\"inLanguage\":\"tr\",\"potentialAction\":[{\"@type\":\"ReadAction\",\"target\":[\"https:\/\/graef-gnu.com\/tr\/produkt\/perftec-kolay-katlama\/\"]}]},{\"@type\":\"ImageObject\",\"inLanguage\":\"tr\",\"@id\":\"https:\/\/graef-gnu.com\/tr\/produkt\/perftec-kolay-katlama\/#primaryimage\",\"url\":\"https:\/\/graef-gnu.com\/wp-content\/uploads\/gnu_easy_fold.jpg\",\"contentUrl\":\"https:\/\/graef-gnu.com\/wp-content\/uploads\/gnu_easy_fold.jpg\",\"width\":890,\"height\":300},{\"@type\":\"BreadcrumbList\",\"@id\":\"https:\/\/graef-gnu.com\/tr\/produkt\/perftec-kolay-katlama\/#breadcrumb\",\"itemListElement\":[{\"@type\":\"ListItem\",\"position\":1,\"name\":\"Startseite\",\"item\":\"https:\/\/graef-gnu.com\/tr\/\"},{\"@type\":\"ListItem\",\"position\":2,\"name\":\"\u00dcr\u00fcne Genel Bak\u0131\u015f\",\"item\":\"https:\/\/graef-gnu.com\/tr\/ueruene-genel-bakis\/\"},{\"@type\":\"ListItem\",\"position\":3,\"name\":\"Perftec&reg; EasyFold\"}]},{\"@type\":\"WebSite\",\"@id\":\"https:\/\/graef-gnu.com\/#website\",\"url\":\"https:\/\/graef-gnu.com\/\",\"name\":\"August Graef GNU\",\"description\":\"\",\"potentialAction\":[{\"@type\":\"SearchAction\",\"target\":{\"@type\":\"EntryPoint\",\"urlTemplate\":\"https:\/\/graef-gnu.com\/?s={search_term_string}\"},\"query-input\":\"required name=search_term_string\"}],\"inLanguage\":\"tr\"}]}<\/script>\n<!-- \/ Yoast SEO plugin. -->","yoast_head_json":{"title":"Perftec&reg; EasyFold - August Graef GNU","description":"Perftec&reg; EasyFold karton kutular\u0131n a\u00e7\u0131k Basit y\u0131rt\u0131lma \u2705 malzeme t\u00fcrleri ve kal\u0131nl\u0131klar\u0131 \u2705 Bilgiler & burada sorular \u00e7ok \u00e7e\u015fitli Kapaklar!","robots":{"index":"index","follow":"follow","max-snippet":"max-snippet:-1","max-image-preview":"max-image-preview:large","max-video-preview":"max-video-preview:-1"},"canonical":"https:\/\/graef-gnu.com\/tr\/produkt\/perftec-kolay-katlama\/","og_locale":"tr_TR","og_type":"article","og_title":"Perftec&reg; EasyFold - August Graef GNU","og_description":"Perftec&reg; EasyFold karton kutular\u0131n a\u00e7\u0131k Basit y\u0131rt\u0131lma \u2705 malzeme t\u00fcrleri ve kal\u0131nl\u0131klar\u0131 \u2705 Bilgiler & burada sorular \u00e7ok \u00e7e\u015fitli Kapaklar!","og_url":"https:\/\/graef-gnu.com\/tr\/produkt\/perftec-kolay-katlama\/","og_site_name":"August Graef GNU","og_image":[{"width":890,"height":300,"url":"https:\/\/graef-gnu.com\/wp-content\/uploads\/gnu_easy_fold.jpg","type":"image\/jpeg"}],"twitter_card":"summary_large_image","schema":{"@context":"https:\/\/schema.org","@graph":[{"@type":"WebPage","@id":"https:\/\/graef-gnu.com\/tr\/produkt\/perftec-kolay-katlama\/","url":"https:\/\/graef-gnu.com\/tr\/produkt\/perftec-kolay-katlama\/","name":"Perftec&reg; EasyFold - August Graef GNU","isPartOf":{"@id":"https:\/\/graef-gnu.com\/#website"},"primaryImageOfPage":{"@id":"https:\/\/graef-gnu.com\/tr\/produkt\/perftec-kolay-katlama\/#primaryimage"},"image":{"@id":"https:\/\/graef-gnu.com\/tr\/produkt\/perftec-kolay-katlama\/#primaryimage"},"thumbnailUrl":"https:\/\/graef-gnu.com\/wp-content\/uploads\/gnu_easy_fold.jpg","datePublished":"2021-10-06T12:22:29+00:00","dateModified":"2021-10-06T12:22:29+00:00","description":"Perftec&reg; EasyFold karton kutular\u0131n a\u00e7\u0131k Basit y\u0131rt\u0131lma \u2705 malzeme t\u00fcrleri ve kal\u0131nl\u0131klar\u0131 \u2705 Bilgiler & burada sorular \u00e7ok \u00e7e\u015fitli Kapaklar!","breadcrumb":{"@id":"https:\/\/graef-gnu.com\/tr\/produkt\/perftec-kolay-katlama\/#breadcrumb"},"inLanguage":"tr","potentialAction":[{"@type":"ReadAction","target":["https:\/\/graef-gnu.com\/tr\/produkt\/perftec-kolay-katlama\/"]}]},{"@type":"ImageObject","inLanguage":"tr","@id":"https:\/\/graef-gnu.com\/tr\/produkt\/perftec-kolay-katlama\/#primaryimage","url":"https:\/\/graef-gnu.com\/wp-content\/uploads\/gnu_easy_fold.jpg","contentUrl":"https:\/\/graef-gnu.com\/wp-content\/uploads\/gnu_easy_fold.jpg","width":890,"height":300},{"@type":"BreadcrumbList","@id":"https:\/\/graef-gnu.com\/tr\/produkt\/perftec-kolay-katlama\/#breadcrumb","itemListElement":[{"@type":"ListItem","position":1,"name":"Startseite","item":"https:\/\/graef-gnu.com\/tr\/"},{"@type":"ListItem","position":2,"name":"\u00dcr\u00fcne Genel Bak\u0131\u015f","item":"https:\/\/graef-gnu.com\/tr\/ueruene-genel-bakis\/"},{"@type":"ListItem","position":3,"name":"Perftec&reg; EasyFold"}]},{"@type":"WebSite","@id":"https:\/\/graef-gnu.com\/#website","url":"https:\/\/graef-gnu.com\/","name":"August Graef GNU","description":"","potentialAction":[{"@type":"SearchAction","target":{"@type":"EntryPoint","urlTemplate":"https:\/\/graef-gnu.com\/?s={search_term_string}"},"query-input":"required name=search_term_string"}],"inLanguage":"tr"}]}},"_links":{"self":[{"href":"https:\/\/graef-gnu.com\/tr\/wp-json\/wp\/v2\/product\/144609","targetHints":{"allow":["GET"]}}],"collection":[{"href":"https:\/\/graef-gnu.com\/tr\/wp-json\/wp\/v2\/product"}],"about":[{"href":"https:\/\/graef-gnu.com\/tr\/wp-json\/wp\/v2\/types\/product"}],"wp:featuredmedia":[{"embeddable":true,"href":"https:\/\/graef-gnu.com\/tr\/wp-json\/wp\/v2\/media\/144619"}],"wp:attachment":[{"href":"https:\/\/graef-gnu.com\/tr\/wp-json\/wp\/v2\/media?parent=144609"}],"wp:term":[{"taxonomy":"product_cat","embeddable":true,"href":"https:\/\/graef-gnu.com\/tr\/wp-json\/wp\/v2\/product_cat?post=144609"},{"taxonomy":"product_tag","embeddable":true,"href":"https:\/\/graef-gnu.com\/tr\/wp-json\/wp\/v2\/product_tag?post=144609"}],"curies":[{"name":"wp","href":"https:\/\/api.w.org\/{rel}","templated":true}]}}