{"id":144747,"date":"2021-02-11T11:02:56","date_gmt":"2021-10-06T12:22:44","guid":{"rendered":"https:\/\/www.graef-gnu.com\/produkt\/perftec-fermuar-r\/"},"modified":"2021-10-06T14:22:44","modified_gmt":"2021-10-06T12:22:44","slug":"perftec-fermuar-r","status":"publish","type":"product","link":"https:\/\/graef-gnu.com\/tr\/produkt\/perftec-fermuar-r\/","title":{"rendered":"Perftec<sup>&reg;<\/sup> fermuar R."},"content":{"rendered":"<p>Fermuar \u015feklindeki a\u00e7\u0131k ambalajlar\u0131 y\u0131rtmak i\u00e7in Perftec<sup>&reg;<\/sup>-Zipper R. 2\/3 d\u00fcz ve 1\/3 a\u00e7\u0131l\u0131 olarak standart olarak mevcuttur. Ayr\u0131ca t\u00fcm \u00e7aplarda b\u00fck\u00fclm\u00fc\u015f olarak mevcuttur.<\/p>\n","protected":false},"excerpt":{"rendered":"<p>Fermuar \u015feklindeki a\u00e7\u0131k ambalajlar\u0131 y\u0131rtmak i\u00e7in Perftec<sup>&reg;<\/sup>-Zipper R. 2\/3 d\u00fcz ve 1\/3 a\u00e7\u0131l\u0131 olarak standart olarak mevcuttur. Ayr\u0131ca t\u00fcm \u00e7aplarda b\u00fck\u00fclm\u00fc\u015f olarak mevcuttur.<\/p>\n","protected":false},"featured_media":144436,"template":"","meta":{"_acf_changed":false},"product_cat":[7574],"product_tag":[],"class_list":{"0":"post-144747","1":"product","2":"type-product","3":"status-publish","4":"has-post-thumbnail","6":"product_group-delikli","7":"product_cat-doener-kalip-kesme","8":"pa_ablaengung-yuezuekte","9":"pa_abwinkelung-10-mm-sag","10":"pa_abwinkelung-10-mm-sol","11":"pa_hoehe-254-mm-tr","12":"pa_nuten-oluklar-ile","13":"pa_nuten-yok","14":"pa_staerke-breite-142-mm-tr","15":"pa_wicklung-durchmesser-270-mm-tr","16":"pa_wicklung-durchmesser-360-mm-tr","17":"pa_wicklung-durchmesser-487-mm-tr","18":"pa_wicklung-durchmesser-cw-560-mm-tr","19":"pa_zaehne-12-tpi-tr","21":"first","22":"instock","23":"purchasable","24":"product-type-variable"},"acf":[],"yoast_head":"<!-- This site is optimized with the Yoast SEO plugin v22.6 - https:\/\/yoast.com\/wordpress\/plugins\/seo\/ -->\n<title>Perftec&reg; fermuar R. - August Graef GNU<\/title>\n<meta name=\"description\" content=\"Fermuar \u015feklinde a\u00e7\u0131k ambalajlar\u0131 y\u0131rtmak i\u00e7in Perftec&reg;-Zipper R: t\u00fcm \u00e7aplarda kavisli &amp; 2\/3 d\u00fcz ve 1\/3 a\u00e7\u0131l\u0131 mevcuttur\u2705 Daha fazlas\u0131n\u0131 \u00f6\u011frenin!\" \/>\n<meta name=\"robots\" content=\"index, follow, max-snippet:-1, max-image-preview:large, max-video-preview:-1\" \/>\n<link rel=\"canonical\" href=\"https:\/\/graef-gnu.com\/produkt\/perftec-zipper-r\/\" \/>\n<meta property=\"og:locale\" content=\"tr_TR\" \/>\n<meta property=\"og:type\" content=\"article\" \/>\n<meta property=\"og:title\" content=\"Perftec&reg; fermuar R. - August Graef GNU\" \/>\n<meta property=\"og:description\" content=\"Fermuar \u015feklinde a\u00e7\u0131k ambalajlar\u0131 y\u0131rtmak i\u00e7in Perftec&reg;-Zipper R: t\u00fcm \u00e7aplarda kavisli &amp; 2\/3 d\u00fcz ve 1\/3 a\u00e7\u0131l\u0131 mevcuttur\u2705 Daha fazlas\u0131n\u0131 \u00f6\u011frenin!\" \/>\n<meta property=\"og:url\" content=\"https:\/\/graef-gnu.com\/produkt\/perftec-zipper-r\/\" \/>\n<meta property=\"og:site_name\" content=\"August Graef GNU\" \/>\n<meta property=\"og:image\" content=\"https:\/\/graef-gnu.com\/wp-content\/uploads\/gnu-perftec-zipper.jpg\" \/>\n\t<meta property=\"og:image:width\" content=\"890\" \/>\n\t<meta property=\"og:image:height\" content=\"300\" \/>\n\t<meta property=\"og:image:type\" content=\"image\/jpeg\" \/>\n<meta name=\"twitter:card\" content=\"summary_large_image\" \/>\n<script type=\"application\/ld+json\" class=\"yoast-schema-graph\">{\"@context\":\"https:\/\/schema.org\",\"@graph\":[{\"@type\":\"WebPage\",\"@id\":\"https:\/\/graef-gnu.com\/produkt\/perftec-zipper-r\/\",\"url\":\"https:\/\/graef-gnu.com\/produkt\/perftec-zipper-r\/\",\"name\":\"Perftec&reg; fermuar R. - August Graef GNU\",\"isPartOf\":{\"@id\":\"https:\/\/graef-gnu.com\/#website\"},\"primaryImageOfPage\":{\"@id\":\"https:\/\/graef-gnu.com\/produkt\/perftec-zipper-r\/#primaryimage\"},\"image\":{\"@id\":\"https:\/\/graef-gnu.com\/produkt\/perftec-zipper-r\/#primaryimage\"},\"thumbnailUrl\":\"https:\/\/graef-gnu.com\/wp-content\/uploads\/gnu-perftec-zipper.jpg\",\"datePublished\":\"2021-10-06T12:22:44+00:00\",\"dateModified\":\"2021-10-06T12:22:44+00:00\",\"description\":\"Fermuar \u015feklinde a\u00e7\u0131k ambalajlar\u0131 y\u0131rtmak i\u00e7in Perftec&reg;-Zipper R: t\u00fcm \u00e7aplarda kavisli & 2\/3 d\u00fcz ve 1\/3 a\u00e7\u0131l\u0131 mevcuttur\u2705 Daha fazlas\u0131n\u0131 \u00f6\u011frenin!\",\"breadcrumb\":{\"@id\":\"https:\/\/graef-gnu.com\/produkt\/perftec-zipper-r\/#breadcrumb\"},\"inLanguage\":\"tr\",\"potentialAction\":[{\"@type\":\"ReadAction\",\"target\":[\"https:\/\/graef-gnu.com\/produkt\/perftec-zipper-r\/\"]}]},{\"@type\":\"ImageObject\",\"inLanguage\":\"tr\",\"@id\":\"https:\/\/graef-gnu.com\/produkt\/perftec-zipper-r\/#primaryimage\",\"url\":\"https:\/\/graef-gnu.com\/wp-content\/uploads\/gnu-perftec-zipper.jpg\",\"contentUrl\":\"https:\/\/graef-gnu.com\/wp-content\/uploads\/gnu-perftec-zipper.jpg\",\"width\":890,\"height\":300},{\"@type\":\"BreadcrumbList\",\"@id\":\"https:\/\/graef-gnu.com\/produkt\/perftec-zipper-r\/#breadcrumb\",\"itemListElement\":[{\"@type\":\"ListItem\",\"position\":1,\"name\":\"Startseite\",\"item\":\"https:\/\/graef-gnu.com\/tr\/\"},{\"@type\":\"ListItem\",\"position\":2,\"name\":\"\u00dcr\u00fcne Genel Bak\u0131\u015f\",\"item\":\"https:\/\/graef-gnu.com\/tr\/ueruene-genel-bakis\/\"},{\"@type\":\"ListItem\",\"position\":3,\"name\":\"Perftec&reg; fermuar R.\"}]},{\"@type\":\"WebSite\",\"@id\":\"https:\/\/graef-gnu.com\/#website\",\"url\":\"https:\/\/graef-gnu.com\/\",\"name\":\"August Graef GNU\",\"description\":\"\",\"potentialAction\":[{\"@type\":\"SearchAction\",\"target\":{\"@type\":\"EntryPoint\",\"urlTemplate\":\"https:\/\/graef-gnu.com\/?s={search_term_string}\"},\"query-input\":\"required name=search_term_string\"}],\"inLanguage\":\"tr\"}]}<\/script>\n<!-- \/ Yoast SEO plugin. -->","yoast_head_json":{"title":"Perftec&reg; fermuar R. - August Graef GNU","description":"Fermuar \u015feklinde a\u00e7\u0131k ambalajlar\u0131 y\u0131rtmak i\u00e7in Perftec&reg;-Zipper R: t\u00fcm \u00e7aplarda kavisli & 2\/3 d\u00fcz ve 1\/3 a\u00e7\u0131l\u0131 mevcuttur\u2705 Daha fazlas\u0131n\u0131 \u00f6\u011frenin!","robots":{"index":"index","follow":"follow","max-snippet":"max-snippet:-1","max-image-preview":"max-image-preview:large","max-video-preview":"max-video-preview:-1"},"canonical":"https:\/\/graef-gnu.com\/produkt\/perftec-zipper-r\/","og_locale":"tr_TR","og_type":"article","og_title":"Perftec&reg; fermuar R. - August Graef GNU","og_description":"Fermuar \u015feklinde a\u00e7\u0131k ambalajlar\u0131 y\u0131rtmak i\u00e7in Perftec&reg;-Zipper R: t\u00fcm \u00e7aplarda kavisli & 2\/3 d\u00fcz ve 1\/3 a\u00e7\u0131l\u0131 mevcuttur\u2705 Daha fazlas\u0131n\u0131 \u00f6\u011frenin!","og_url":"https:\/\/graef-gnu.com\/produkt\/perftec-zipper-r\/","og_site_name":"August Graef GNU","og_image":[{"width":890,"height":300,"url":"https:\/\/graef-gnu.com\/wp-content\/uploads\/gnu-perftec-zipper.jpg","type":"image\/jpeg"}],"twitter_card":"summary_large_image","schema":{"@context":"https:\/\/schema.org","@graph":[{"@type":"WebPage","@id":"https:\/\/graef-gnu.com\/produkt\/perftec-zipper-r\/","url":"https:\/\/graef-gnu.com\/produkt\/perftec-zipper-r\/","name":"Perftec&reg; fermuar R. - August Graef GNU","isPartOf":{"@id":"https:\/\/graef-gnu.com\/#website"},"primaryImageOfPage":{"@id":"https:\/\/graef-gnu.com\/produkt\/perftec-zipper-r\/#primaryimage"},"image":{"@id":"https:\/\/graef-gnu.com\/produkt\/perftec-zipper-r\/#primaryimage"},"thumbnailUrl":"https:\/\/graef-gnu.com\/wp-content\/uploads\/gnu-perftec-zipper.jpg","datePublished":"2021-10-06T12:22:44+00:00","dateModified":"2021-10-06T12:22:44+00:00","description":"Fermuar \u015feklinde a\u00e7\u0131k ambalajlar\u0131 y\u0131rtmak i\u00e7in Perftec&reg;-Zipper R: t\u00fcm \u00e7aplarda kavisli & 2\/3 d\u00fcz ve 1\/3 a\u00e7\u0131l\u0131 mevcuttur\u2705 Daha fazlas\u0131n\u0131 \u00f6\u011frenin!","breadcrumb":{"@id":"https:\/\/graef-gnu.com\/produkt\/perftec-zipper-r\/#breadcrumb"},"inLanguage":"tr","potentialAction":[{"@type":"ReadAction","target":["https:\/\/graef-gnu.com\/produkt\/perftec-zipper-r\/"]}]},{"@type":"ImageObject","inLanguage":"tr","@id":"https:\/\/graef-gnu.com\/produkt\/perftec-zipper-r\/#primaryimage","url":"https:\/\/graef-gnu.com\/wp-content\/uploads\/gnu-perftec-zipper.jpg","contentUrl":"https:\/\/graef-gnu.com\/wp-content\/uploads\/gnu-perftec-zipper.jpg","width":890,"height":300},{"@type":"BreadcrumbList","@id":"https:\/\/graef-gnu.com\/produkt\/perftec-zipper-r\/#breadcrumb","itemListElement":[{"@type":"ListItem","position":1,"name":"Startseite","item":"https:\/\/graef-gnu.com\/tr\/"},{"@type":"ListItem","position":2,"name":"\u00dcr\u00fcne Genel Bak\u0131\u015f","item":"https:\/\/graef-gnu.com\/tr\/ueruene-genel-bakis\/"},{"@type":"ListItem","position":3,"name":"Perftec&reg; fermuar R."}]},{"@type":"WebSite","@id":"https:\/\/graef-gnu.com\/#website","url":"https:\/\/graef-gnu.com\/","name":"August Graef GNU","description":"","potentialAction":[{"@type":"SearchAction","target":{"@type":"EntryPoint","urlTemplate":"https:\/\/graef-gnu.com\/?s={search_term_string}"},"query-input":"required name=search_term_string"}],"inLanguage":"tr"}]}},"_links":{"self":[{"href":"https:\/\/graef-gnu.com\/tr\/wp-json\/wp\/v2\/product\/144747","targetHints":{"allow":["GET"]}}],"collection":[{"href":"https:\/\/graef-gnu.com\/tr\/wp-json\/wp\/v2\/product"}],"about":[{"href":"https:\/\/graef-gnu.com\/tr\/wp-json\/wp\/v2\/types\/product"}],"wp:featuredmedia":[{"embeddable":true,"href":"https:\/\/graef-gnu.com\/tr\/wp-json\/wp\/v2\/media\/144436"}],"wp:attachment":[{"href":"https:\/\/graef-gnu.com\/tr\/wp-json\/wp\/v2\/media?parent=144747"}],"wp:term":[{"taxonomy":"product_cat","embeddable":true,"href":"https:\/\/graef-gnu.com\/tr\/wp-json\/wp\/v2\/product_cat?post=144747"},{"taxonomy":"product_tag","embeddable":true,"href":"https:\/\/graef-gnu.com\/tr\/wp-json\/wp\/v2\/product_tag?post=144747"}],"curies":[{"name":"wp","href":"https:\/\/api.w.org\/{rel}","templated":true}]}}