{"id":144830,"date":"2021-02-11T11:02:56","date_gmt":"2021-10-06T12:22:52","guid":{"rendered":"https:\/\/www.graef-gnu.com\/produkt\/perftec-r\/"},"modified":"2021-10-06T14:23:54","modified_gmt":"2021-10-06T12:23:54","slug":"muekemmel-r","status":"publish","type":"product","link":"https:\/\/graef-gnu.com\/tr\/produkt\/muekemmel-r\/","title":{"rendered":"Perftec<sup>&reg;<\/sup> R"},"content":{"rendered":"<p>\u00c7e\u015fitli di\u015f hatvelerinde (bo\u015fluk-kesim oran\u0131) Perftec<sup>&reg;<\/sup> R perforasyon hatlar\u0131 \u00e7apaks\u0131z olarak teslim edilebilir. Ayr\u0131ca t\u00fcm \u00e7aplarda ve \u00f6zel derecelerde b\u00fck\u00fclm\u00fc\u015f olarak mevcuttur.<\/p>\n","protected":false},"excerpt":{"rendered":"<p>\u00c7e\u015fitli di\u015f ad\u0131mlar\u0131nda (bo\u015fluk: kesim oran\u0131) Perftec<sup>&reg;<\/sup> R perforasyon hatlar\u0131 \u00e7apaks\u0131z olarak mevcuttur. Ayr\u0131ca t\u00fcm \u00e7aplarda ve \u00f6zel derecelerde b\u00fck\u00fclm\u00fc\u015f olarak mevcuttur.<\/p>\n","protected":false},"featured_media":144840,"template":"","meta":{"_acf_changed":false},"product_cat":[7574],"product_tag":[],"class_list":{"0":"post-144830","1":"product","2":"type-product","3":"status-publish","4":"has-post-thumbnail","6":"product_group-delikli","7":"product_cat-doener-kalip-kesme","8":"pa_ablaengung-yuezuekte","9":"pa_hoehe-218-mm-tr","10":"pa_hoehe-238-mm-tr","11":"pa_hoehe-244-mm-tr","12":"pa_hoehe-246-mm-tr","13":"pa_hoehe-2464-mm-tr","14":"pa_hoehe-248-mm-tr","15":"pa_hoehe-251-mm-tr","16":"pa_hoehe-2515-mm-tr","17":"pa_hoehe-254-mm-tr","18":"pa_hoehe-258-mm-tr","19":"pa_hoehe-261-mm-tr","20":"pa_hoehe-264-mm-tr","21":"pa_nuten-oluklar-ile","22":"pa_nuten-yok","23":"pa_staerke-breite-142-mm-tr","24":"pa_teilung-11-27-mm","25":"pa_teilung-114-307-mm","26":"pa_teilung-114-394-mm","27":"pa_teilung-125-3-mm","28":"pa_teilung-125-6-mm","29":"pa_teilung-13-4-mm","30":"pa_teilung-14-28-mm","31":"pa_teilung-1-3-mm","32":"pa_teilung-1-4-mm","33":"pa_teilung-1-5-mm","34":"pa_teilung-110-mm-tr","35":"pa_teilung-1-0-8-mm","36":"pa_teilung-1-5-1-5-mm","37":"pa_teilung-1-5-10-mm","38":"pa_teilung-1-5-3-mm","39":"pa_teilung-1-5-30-mm","40":"pa_teilung-1-5-4-mm","41":"pa_teilung-1-5-5-mm-tr","42":"pa_teilung-1-5-5-mm-tr-2","43":"pa_teilung-1-5-6-mm","44":"pa_teilung-1-5-7-mm","45":"pa_teilung-1-5-8-mm","46":"pa_teilung-1010-mm-tr","47":"pa_teilung-1212-mm-tr","48":"pa_teilung-1520-mm-tr","49":"pa_teilung-205-tr","50":"pa_teilung-2-2-mm","51":"pa_teilung-2-3-mm-tr-2","52":"pa_teilung-2-3-mm-tr","53":"pa_teilung-2-4-mm","54":"pa_teilung-2-5-mm","55":"pa_teilung-215-mm-tr","56":"pa_teilung-2020-mm-tr","57":"pa_teilung-3-3-mm","58":"pa_teilung-3-8-mm","59":"pa_teilung-4-4-mm","60":"pa_teilung-5-5-mm","61":"pa_teilung-6-6-mm","62":"pa_teilung-8-8-mm","63":"pa_wicklung-durchmesser-177-mm-tr","64":"pa_wicklung-durchmesser-270-mm-tr","65":"pa_wicklung-durchmesser-487-mm-tr","66":"pa_wicklung-durchmesser-cw-560-mm-tr","67":"pa_zaehne-12-tpi-tr","69":"first","70":"instock","71":"purchasable","72":"product-type-variable"},"acf":[],"yoast_head":"<!-- This site is optimized with the Yoast SEO plugin v22.6 - https:\/\/yoast.com\/wordpress\/plugins\/seo\/ -->\n<title>Perftec&reg; R - August Graef GNU<\/title>\n<meta name=\"description\" content=\"Perftec&reg; R perforasyon hatlar\u0131 \u00e7e\u015fitli di\u015f aral\u0131klar\u0131nda \u00e7apaks\u0131z olarak mevcuttur\u2705 T\u00fcm \u00e7aplarda kavisli ve \u00f6zel hatvelerde mevcuttur\u2705 Buradan bilgi al\u0131n!\" \/>\n<meta name=\"robots\" content=\"index, follow, max-snippet:-1, max-image-preview:large, max-video-preview:-1\" \/>\n<link rel=\"canonical\" href=\"https:\/\/graef-gnu.com\/produkt\/perftec-r\/\" \/>\n<meta property=\"og:locale\" content=\"tr_TR\" \/>\n<meta property=\"og:type\" content=\"article\" \/>\n<meta property=\"og:title\" content=\"Perftec&reg; R - August Graef GNU\" \/>\n<meta property=\"og:description\" content=\"Perftec&reg; R perforasyon hatlar\u0131 \u00e7e\u015fitli di\u015f aral\u0131klar\u0131nda \u00e7apaks\u0131z olarak mevcuttur\u2705 T\u00fcm \u00e7aplarda kavisli ve \u00f6zel hatvelerde mevcuttur\u2705 Buradan bilgi al\u0131n!\" \/>\n<meta property=\"og:url\" content=\"https:\/\/graef-gnu.com\/produkt\/perftec-r\/\" \/>\n<meta property=\"og:site_name\" content=\"August Graef GNU\" \/>\n<meta property=\"article:modified_time\" content=\"2021-10-06T12:23:54+00:00\" \/>\n<meta property=\"og:image\" content=\"https:\/\/graef-gnu.com\/wp-content\/uploads\/gnu-perftec-r.jpg\" \/>\n\t<meta property=\"og:image:width\" content=\"890\" \/>\n\t<meta property=\"og:image:height\" content=\"300\" \/>\n\t<meta property=\"og:image:type\" content=\"image\/jpeg\" \/>\n<meta name=\"twitter:card\" content=\"summary_large_image\" \/>\n<script type=\"application\/ld+json\" class=\"yoast-schema-graph\">{\"@context\":\"https:\/\/schema.org\",\"@graph\":[{\"@type\":\"WebPage\",\"@id\":\"https:\/\/graef-gnu.com\/produkt\/perftec-r\/\",\"url\":\"https:\/\/graef-gnu.com\/produkt\/perftec-r\/\",\"name\":\"Perftec&reg; R - August Graef GNU\",\"isPartOf\":{\"@id\":\"https:\/\/graef-gnu.com\/#website\"},\"primaryImageOfPage\":{\"@id\":\"https:\/\/graef-gnu.com\/produkt\/perftec-r\/#primaryimage\"},\"image\":{\"@id\":\"https:\/\/graef-gnu.com\/produkt\/perftec-r\/#primaryimage\"},\"thumbnailUrl\":\"https:\/\/graef-gnu.com\/wp-content\/uploads\/gnu-perftec-r.jpg\",\"datePublished\":\"2021-10-06T12:22:52+00:00\",\"dateModified\":\"2021-10-06T12:23:54+00:00\",\"description\":\"Perftec&reg; R perforasyon hatlar\u0131 \u00e7e\u015fitli di\u015f aral\u0131klar\u0131nda \u00e7apaks\u0131z olarak mevcuttur\u2705 T\u00fcm \u00e7aplarda kavisli ve \u00f6zel hatvelerde mevcuttur\u2705 Buradan bilgi al\u0131n!\",\"breadcrumb\":{\"@id\":\"https:\/\/graef-gnu.com\/produkt\/perftec-r\/#breadcrumb\"},\"inLanguage\":\"tr\",\"potentialAction\":[{\"@type\":\"ReadAction\",\"target\":[\"https:\/\/graef-gnu.com\/produkt\/perftec-r\/\"]}]},{\"@type\":\"ImageObject\",\"inLanguage\":\"tr\",\"@id\":\"https:\/\/graef-gnu.com\/produkt\/perftec-r\/#primaryimage\",\"url\":\"https:\/\/graef-gnu.com\/wp-content\/uploads\/gnu-perftec-r.jpg\",\"contentUrl\":\"https:\/\/graef-gnu.com\/wp-content\/uploads\/gnu-perftec-r.jpg\",\"width\":890,\"height\":300},{\"@type\":\"BreadcrumbList\",\"@id\":\"https:\/\/graef-gnu.com\/produkt\/perftec-r\/#breadcrumb\",\"itemListElement\":[{\"@type\":\"ListItem\",\"position\":1,\"name\":\"Startseite\",\"item\":\"https:\/\/graef-gnu.com\/tr\/\"},{\"@type\":\"ListItem\",\"position\":2,\"name\":\"\u00dcr\u00fcne Genel Bak\u0131\u015f\",\"item\":\"https:\/\/graef-gnu.com\/tr\/ueruene-genel-bakis\/\"},{\"@type\":\"ListItem\",\"position\":3,\"name\":\"Perftec&reg; R\"}]},{\"@type\":\"WebSite\",\"@id\":\"https:\/\/graef-gnu.com\/#website\",\"url\":\"https:\/\/graef-gnu.com\/\",\"name\":\"August Graef GNU\",\"description\":\"\",\"potentialAction\":[{\"@type\":\"SearchAction\",\"target\":{\"@type\":\"EntryPoint\",\"urlTemplate\":\"https:\/\/graef-gnu.com\/?s={search_term_string}\"},\"query-input\":\"required name=search_term_string\"}],\"inLanguage\":\"tr\"}]}<\/script>\n<!-- \/ Yoast SEO plugin. -->","yoast_head_json":{"title":"Perftec&reg; R - August Graef GNU","description":"Perftec&reg; R perforasyon hatlar\u0131 \u00e7e\u015fitli di\u015f aral\u0131klar\u0131nda \u00e7apaks\u0131z olarak mevcuttur\u2705 T\u00fcm \u00e7aplarda kavisli ve \u00f6zel hatvelerde mevcuttur\u2705 Buradan bilgi al\u0131n!","robots":{"index":"index","follow":"follow","max-snippet":"max-snippet:-1","max-image-preview":"max-image-preview:large","max-video-preview":"max-video-preview:-1"},"canonical":"https:\/\/graef-gnu.com\/produkt\/perftec-r\/","og_locale":"tr_TR","og_type":"article","og_title":"Perftec&reg; R - August Graef GNU","og_description":"Perftec&reg; R perforasyon hatlar\u0131 \u00e7e\u015fitli di\u015f aral\u0131klar\u0131nda \u00e7apaks\u0131z olarak mevcuttur\u2705 T\u00fcm \u00e7aplarda kavisli ve \u00f6zel hatvelerde mevcuttur\u2705 Buradan bilgi al\u0131n!","og_url":"https:\/\/graef-gnu.com\/produkt\/perftec-r\/","og_site_name":"August Graef GNU","article_modified_time":"2021-10-06T12:23:54+00:00","og_image":[{"width":890,"height":300,"url":"https:\/\/graef-gnu.com\/wp-content\/uploads\/gnu-perftec-r.jpg","type":"image\/jpeg"}],"twitter_card":"summary_large_image","schema":{"@context":"https:\/\/schema.org","@graph":[{"@type":"WebPage","@id":"https:\/\/graef-gnu.com\/produkt\/perftec-r\/","url":"https:\/\/graef-gnu.com\/produkt\/perftec-r\/","name":"Perftec&reg; R - August Graef GNU","isPartOf":{"@id":"https:\/\/graef-gnu.com\/#website"},"primaryImageOfPage":{"@id":"https:\/\/graef-gnu.com\/produkt\/perftec-r\/#primaryimage"},"image":{"@id":"https:\/\/graef-gnu.com\/produkt\/perftec-r\/#primaryimage"},"thumbnailUrl":"https:\/\/graef-gnu.com\/wp-content\/uploads\/gnu-perftec-r.jpg","datePublished":"2021-10-06T12:22:52+00:00","dateModified":"2021-10-06T12:23:54+00:00","description":"Perftec&reg; R perforasyon hatlar\u0131 \u00e7e\u015fitli di\u015f aral\u0131klar\u0131nda \u00e7apaks\u0131z olarak mevcuttur\u2705 T\u00fcm \u00e7aplarda kavisli ve \u00f6zel hatvelerde mevcuttur\u2705 Buradan bilgi al\u0131n!","breadcrumb":{"@id":"https:\/\/graef-gnu.com\/produkt\/perftec-r\/#breadcrumb"},"inLanguage":"tr","potentialAction":[{"@type":"ReadAction","target":["https:\/\/graef-gnu.com\/produkt\/perftec-r\/"]}]},{"@type":"ImageObject","inLanguage":"tr","@id":"https:\/\/graef-gnu.com\/produkt\/perftec-r\/#primaryimage","url":"https:\/\/graef-gnu.com\/wp-content\/uploads\/gnu-perftec-r.jpg","contentUrl":"https:\/\/graef-gnu.com\/wp-content\/uploads\/gnu-perftec-r.jpg","width":890,"height":300},{"@type":"BreadcrumbList","@id":"https:\/\/graef-gnu.com\/produkt\/perftec-r\/#breadcrumb","itemListElement":[{"@type":"ListItem","position":1,"name":"Startseite","item":"https:\/\/graef-gnu.com\/tr\/"},{"@type":"ListItem","position":2,"name":"\u00dcr\u00fcne Genel Bak\u0131\u015f","item":"https:\/\/graef-gnu.com\/tr\/ueruene-genel-bakis\/"},{"@type":"ListItem","position":3,"name":"Perftec&reg; R"}]},{"@type":"WebSite","@id":"https:\/\/graef-gnu.com\/#website","url":"https:\/\/graef-gnu.com\/","name":"August Graef GNU","description":"","potentialAction":[{"@type":"SearchAction","target":{"@type":"EntryPoint","urlTemplate":"https:\/\/graef-gnu.com\/?s={search_term_string}"},"query-input":"required name=search_term_string"}],"inLanguage":"tr"}]}},"_links":{"self":[{"href":"https:\/\/graef-gnu.com\/tr\/wp-json\/wp\/v2\/product\/144830","targetHints":{"allow":["GET"]}}],"collection":[{"href":"https:\/\/graef-gnu.com\/tr\/wp-json\/wp\/v2\/product"}],"about":[{"href":"https:\/\/graef-gnu.com\/tr\/wp-json\/wp\/v2\/types\/product"}],"wp:featuredmedia":[{"embeddable":true,"href":"https:\/\/graef-gnu.com\/tr\/wp-json\/wp\/v2\/media\/144840"}],"wp:attachment":[{"href":"https:\/\/graef-gnu.com\/tr\/wp-json\/wp\/v2\/media?parent=144830"}],"wp:term":[{"taxonomy":"product_cat","embeddable":true,"href":"https:\/\/graef-gnu.com\/tr\/wp-json\/wp\/v2\/product_cat?post=144830"},{"taxonomy":"product_tag","embeddable":true,"href":"https:\/\/graef-gnu.com\/tr\/wp-json\/wp\/v2\/product_tag?post=144830"}],"curies":[{"name":"wp","href":"https:\/\/api.w.org\/{rel}","templated":true}]}}