{"id":145340,"date":"2021-02-11T11:02:52","date_gmt":"2021-10-06T12:29:07","guid":{"rendered":"https:\/\/www.graef-gnu.com\/produkt\/creasetec-dalga-r\/"},"modified":"2021-10-06T14:29:59","modified_gmt":"2021-10-06T12:29:59","slug":"creasetec-dalga-r","status":"publish","type":"product","link":"https:\/\/graef-gnu.com\/tr\/produkt\/creasetec-dalga-r\/","title":{"rendered":"Creasetec<sup>&reg;<\/sup>-Dalga R"},"content":{"rendered":"<p>Creasetec<sup>&reg;<\/sup>-Wave R, daha geni\u015f temas y\u00fczeyi sayesinde z\u0131mbalanacak malzemeye daha fazla gev\u015feme olana\u011f\u0131 sa\u011flayan, k\u0131vr\u0131m kenar\u0131ndaki oluklu bir k\u0131vr\u0131m hatt\u0131d\u0131r. Ayr\u0131ca t\u00fcm \u00e7aplarda b\u00fck\u00fclm\u00fc\u015f olarak mevcuttur.<\/p>\n","protected":false},"excerpt":{"rendered":"<p>Creasetec<sup>&reg;<\/sup>-Wave R, daha geni\u015f temas y\u00fczeyi sayesinde z\u0131mbalanacak malzemeye daha fazla gev\u015feme olana\u011f\u0131 sa\u011flayan, k\u0131vr\u0131m kenar\u0131ndaki oluklu bir k\u0131vr\u0131m hatt\u0131d\u0131r. Ayr\u0131ca t\u00fcm \u00e7aplarda b\u00fck\u00fclm\u00fc\u015f olarak mevcuttur.<\/p>\n","protected":false},"featured_media":145385,"template":"","meta":{"_acf_changed":false},"product_cat":[7574],"product_tag":[],"class_list":{"0":"post-145340","1":"product","2":"type-product","3":"status-publish","4":"has-post-thumbnail","6":"product_group-oluklar","7":"product_cat-doener-kalip-kesme","8":"pa_ablaengung-1-mde","9":"pa_ablaengung-yuezuekte","10":"pa_hoehe-218-mm-tr","11":"pa_hoehe-222-mm-tr","12":"pa_hoehe-224-mm-tr","13":"pa_hoehe-226-mm-tr","14":"pa_hoehe-228-mm-tr","15":"pa_hoehe-228-mm-tr-2","16":"pa_hoehe-232-mm-tr","17":"pa_hoehe-238-mm-tr","18":"pa_nuten-oluklar-ile","19":"pa_nuten-yok","20":"pa_staerke-breite-142-mm-tr","21":"pa_welle-110-mm-tr","22":"pa_welle-20-mm-tr","23":"pa_welle-35-mm-tr","24":"pa_welle-5-0-6-0-mm-tr","25":"pa_wellenstaerke-2-mm-tr","26":"pa_wellenstaerke-3-mm-tr","27":"pa_wellenstaerke-35-mm-tr","28":"pa_wellenstaerke-yok","29":"pa_wicklung-durchmesser-177-mm-tr","30":"pa_wicklung-durchmesser-270-mm-tr","31":"pa_wicklung-durchmesser-366-mm-tr","32":"pa_wicklung-durchmesser-487-mm-tr","33":"pa_wicklung-durchmesser-yok","35":"first","36":"instock","37":"purchasable","38":"product-type-variable"},"acf":[],"yoast_head":"<!-- This site is optimized with the Yoast SEO plugin v22.6 - https:\/\/yoast.com\/wordpress\/plugins\/seo\/ -->\n<title>Creasetec&reg;-Dalga R - August Graef GNU<\/title>\n<meta name=\"description\" content=\"Daha geni\u015f temas y\u00fczeyi sayesinde z\u0131mbalanacak malzemeye daha fazla gev\u015feme se\u00e7ene\u011fi sunan k\u0131v\u0131rma kenar\u0131ndaki dalgal\u0131 buru\u015fma \u00e7izgileri \u2705 Buradan bilgi al\u0131n!\" \/>\n<meta name=\"robots\" content=\"index, follow, max-snippet:-1, max-image-preview:large, max-video-preview:-1\" \/>\n<link rel=\"canonical\" href=\"https:\/\/graef-gnu.com\/produkt\/creasetec-wave-r\/\" \/>\n<meta property=\"og:locale\" content=\"tr_TR\" \/>\n<meta property=\"og:type\" content=\"article\" \/>\n<meta property=\"og:title\" content=\"Creasetec&reg;-Dalga R - August Graef GNU\" \/>\n<meta property=\"og:description\" content=\"Daha geni\u015f temas y\u00fczeyi sayesinde z\u0131mbalanacak malzemeye daha fazla gev\u015feme se\u00e7ene\u011fi sunan k\u0131v\u0131rma kenar\u0131ndaki dalgal\u0131 buru\u015fma \u00e7izgileri \u2705 Buradan bilgi al\u0131n!\" \/>\n<meta property=\"og:url\" content=\"https:\/\/graef-gnu.com\/produkt\/creasetec-wave-r\/\" \/>\n<meta property=\"og:site_name\" content=\"August Graef GNU\" \/>\n<meta property=\"article:modified_time\" content=\"2021-10-06T12:29:59+00:00\" \/>\n<meta property=\"og:image\" content=\"https:\/\/graef-gnu.com\/wp-content\/uploads\/gnu_creasetec_wave_r.jpg\" \/>\n\t<meta property=\"og:image:width\" content=\"890\" \/>\n\t<meta property=\"og:image:height\" content=\"300\" \/>\n\t<meta property=\"og:image:type\" content=\"image\/jpeg\" \/>\n<meta name=\"twitter:card\" content=\"summary_large_image\" \/>\n<script type=\"application\/ld+json\" class=\"yoast-schema-graph\">{\"@context\":\"https:\/\/schema.org\",\"@graph\":[{\"@type\":\"WebPage\",\"@id\":\"https:\/\/graef-gnu.com\/produkt\/creasetec-wave-r\/\",\"url\":\"https:\/\/graef-gnu.com\/produkt\/creasetec-wave-r\/\",\"name\":\"Creasetec&reg;-Dalga R - August Graef GNU\",\"isPartOf\":{\"@id\":\"https:\/\/graef-gnu.com\/#website\"},\"primaryImageOfPage\":{\"@id\":\"https:\/\/graef-gnu.com\/produkt\/creasetec-wave-r\/#primaryimage\"},\"image\":{\"@id\":\"https:\/\/graef-gnu.com\/produkt\/creasetec-wave-r\/#primaryimage\"},\"thumbnailUrl\":\"https:\/\/graef-gnu.com\/wp-content\/uploads\/gnu_creasetec_wave_r.jpg\",\"datePublished\":\"2021-10-06T12:29:07+00:00\",\"dateModified\":\"2021-10-06T12:29:59+00:00\",\"description\":\"Daha geni\u015f temas y\u00fczeyi sayesinde z\u0131mbalanacak malzemeye daha fazla gev\u015feme se\u00e7ene\u011fi sunan k\u0131v\u0131rma kenar\u0131ndaki dalgal\u0131 buru\u015fma \u00e7izgileri \u2705 Buradan bilgi al\u0131n!\",\"breadcrumb\":{\"@id\":\"https:\/\/graef-gnu.com\/produkt\/creasetec-wave-r\/#breadcrumb\"},\"inLanguage\":\"tr\",\"potentialAction\":[{\"@type\":\"ReadAction\",\"target\":[\"https:\/\/graef-gnu.com\/produkt\/creasetec-wave-r\/\"]}]},{\"@type\":\"ImageObject\",\"inLanguage\":\"tr\",\"@id\":\"https:\/\/graef-gnu.com\/produkt\/creasetec-wave-r\/#primaryimage\",\"url\":\"https:\/\/graef-gnu.com\/wp-content\/uploads\/gnu_creasetec_wave_r.jpg\",\"contentUrl\":\"https:\/\/graef-gnu.com\/wp-content\/uploads\/gnu_creasetec_wave_r.jpg\",\"width\":890,\"height\":300},{\"@type\":\"BreadcrumbList\",\"@id\":\"https:\/\/graef-gnu.com\/produkt\/creasetec-wave-r\/#breadcrumb\",\"itemListElement\":[{\"@type\":\"ListItem\",\"position\":1,\"name\":\"Startseite\",\"item\":\"https:\/\/graef-gnu.com\/tr\/\"},{\"@type\":\"ListItem\",\"position\":2,\"name\":\"\u00dcr\u00fcne Genel Bak\u0131\u015f\",\"item\":\"https:\/\/graef-gnu.com\/tr\/ueruene-genel-bakis\/\"},{\"@type\":\"ListItem\",\"position\":3,\"name\":\"Creasetec&reg;-Dalga R\"}]},{\"@type\":\"WebSite\",\"@id\":\"https:\/\/graef-gnu.com\/#website\",\"url\":\"https:\/\/graef-gnu.com\/\",\"name\":\"August Graef GNU\",\"description\":\"\",\"potentialAction\":[{\"@type\":\"SearchAction\",\"target\":{\"@type\":\"EntryPoint\",\"urlTemplate\":\"https:\/\/graef-gnu.com\/?s={search_term_string}\"},\"query-input\":\"required name=search_term_string\"}],\"inLanguage\":\"tr\"}]}<\/script>\n<!-- \/ Yoast SEO plugin. -->","yoast_head_json":{"title":"Creasetec&reg;-Dalga R - August Graef GNU","description":"Daha geni\u015f temas y\u00fczeyi sayesinde z\u0131mbalanacak malzemeye daha fazla gev\u015feme se\u00e7ene\u011fi sunan k\u0131v\u0131rma kenar\u0131ndaki dalgal\u0131 buru\u015fma \u00e7izgileri \u2705 Buradan bilgi al\u0131n!","robots":{"index":"index","follow":"follow","max-snippet":"max-snippet:-1","max-image-preview":"max-image-preview:large","max-video-preview":"max-video-preview:-1"},"canonical":"https:\/\/graef-gnu.com\/produkt\/creasetec-wave-r\/","og_locale":"tr_TR","og_type":"article","og_title":"Creasetec&reg;-Dalga R - August Graef GNU","og_description":"Daha geni\u015f temas y\u00fczeyi sayesinde z\u0131mbalanacak malzemeye daha fazla gev\u015feme se\u00e7ene\u011fi sunan k\u0131v\u0131rma kenar\u0131ndaki dalgal\u0131 buru\u015fma \u00e7izgileri \u2705 Buradan bilgi al\u0131n!","og_url":"https:\/\/graef-gnu.com\/produkt\/creasetec-wave-r\/","og_site_name":"August Graef GNU","article_modified_time":"2021-10-06T12:29:59+00:00","og_image":[{"width":890,"height":300,"url":"https:\/\/graef-gnu.com\/wp-content\/uploads\/gnu_creasetec_wave_r.jpg","type":"image\/jpeg"}],"twitter_card":"summary_large_image","schema":{"@context":"https:\/\/schema.org","@graph":[{"@type":"WebPage","@id":"https:\/\/graef-gnu.com\/produkt\/creasetec-wave-r\/","url":"https:\/\/graef-gnu.com\/produkt\/creasetec-wave-r\/","name":"Creasetec&reg;-Dalga R - August Graef GNU","isPartOf":{"@id":"https:\/\/graef-gnu.com\/#website"},"primaryImageOfPage":{"@id":"https:\/\/graef-gnu.com\/produkt\/creasetec-wave-r\/#primaryimage"},"image":{"@id":"https:\/\/graef-gnu.com\/produkt\/creasetec-wave-r\/#primaryimage"},"thumbnailUrl":"https:\/\/graef-gnu.com\/wp-content\/uploads\/gnu_creasetec_wave_r.jpg","datePublished":"2021-10-06T12:29:07+00:00","dateModified":"2021-10-06T12:29:59+00:00","description":"Daha geni\u015f temas y\u00fczeyi sayesinde z\u0131mbalanacak malzemeye daha fazla gev\u015feme se\u00e7ene\u011fi sunan k\u0131v\u0131rma kenar\u0131ndaki dalgal\u0131 buru\u015fma \u00e7izgileri \u2705 Buradan bilgi al\u0131n!","breadcrumb":{"@id":"https:\/\/graef-gnu.com\/produkt\/creasetec-wave-r\/#breadcrumb"},"inLanguage":"tr","potentialAction":[{"@type":"ReadAction","target":["https:\/\/graef-gnu.com\/produkt\/creasetec-wave-r\/"]}]},{"@type":"ImageObject","inLanguage":"tr","@id":"https:\/\/graef-gnu.com\/produkt\/creasetec-wave-r\/#primaryimage","url":"https:\/\/graef-gnu.com\/wp-content\/uploads\/gnu_creasetec_wave_r.jpg","contentUrl":"https:\/\/graef-gnu.com\/wp-content\/uploads\/gnu_creasetec_wave_r.jpg","width":890,"height":300},{"@type":"BreadcrumbList","@id":"https:\/\/graef-gnu.com\/produkt\/creasetec-wave-r\/#breadcrumb","itemListElement":[{"@type":"ListItem","position":1,"name":"Startseite","item":"https:\/\/graef-gnu.com\/tr\/"},{"@type":"ListItem","position":2,"name":"\u00dcr\u00fcne Genel Bak\u0131\u015f","item":"https:\/\/graef-gnu.com\/tr\/ueruene-genel-bakis\/"},{"@type":"ListItem","position":3,"name":"Creasetec&reg;-Dalga R"}]},{"@type":"WebSite","@id":"https:\/\/graef-gnu.com\/#website","url":"https:\/\/graef-gnu.com\/","name":"August Graef GNU","description":"","potentialAction":[{"@type":"SearchAction","target":{"@type":"EntryPoint","urlTemplate":"https:\/\/graef-gnu.com\/?s={search_term_string}"},"query-input":"required name=search_term_string"}],"inLanguage":"tr"}]}},"_links":{"self":[{"href":"https:\/\/graef-gnu.com\/tr\/wp-json\/wp\/v2\/product\/145340","targetHints":{"allow":["GET"]}}],"collection":[{"href":"https:\/\/graef-gnu.com\/tr\/wp-json\/wp\/v2\/product"}],"about":[{"href":"https:\/\/graef-gnu.com\/tr\/wp-json\/wp\/v2\/types\/product"}],"wp:featuredmedia":[{"embeddable":true,"href":"https:\/\/graef-gnu.com\/tr\/wp-json\/wp\/v2\/media\/145385"}],"wp:attachment":[{"href":"https:\/\/graef-gnu.com\/tr\/wp-json\/wp\/v2\/media?parent=145340"}],"wp:term":[{"taxonomy":"product_cat","embeddable":true,"href":"https:\/\/graef-gnu.com\/tr\/wp-json\/wp\/v2\/product_cat?post=145340"},{"taxonomy":"product_tag","embeddable":true,"href":"https:\/\/graef-gnu.com\/tr\/wp-json\/wp\/v2\/product_tag?post=145340"}],"curies":[{"name":"wp","href":"https:\/\/api.w.org\/{rel}","templated":true}]}}