{"id":145483,"date":"2021-02-11T11:03:13","date_gmt":"2021-10-06T12:29:17","guid":{"rendered":"https:\/\/www.graef-gnu.com\/produkt\/perftec-easyfold-r\/"},"modified":"2021-10-06T14:30:02","modified_gmt":"2021-10-06T12:30:02","slug":"perftec-easyfold-r","status":"publish","type":"product","link":"https:\/\/graef-gnu.com\/tr\/produkt\/perftec-easyfold-r\/","title":{"rendered":"Perftec<sup>&reg;<\/sup>-EasyFold R"},"content":{"rendered":"<p>Perftec<sup>&reg;<\/sup>-EasyFold R: Toptanc\u0131lar ve perakendeciler i\u00e7in \u00f6zel olarak geli\u015ftirilmi\u015f, kartonun kolayca y\u0131rt\u0131larak a\u00e7\u0131lmas\u0131n\u0131 sa\u011flayan ve \u00e7ok \u00e7e\u015fitli malzeme t\u00fcrleri ve kal\u0131nl\u0131klar\u0131n\u0131 kapsayan \u00f6zel y\u0131rtma-a\u00e7ma perforasyonu. Ayr\u0131ca t\u00fcm \u00e7aplarda b\u00fck\u00fclm\u00fc\u015f olarak mevcuttur.<\/p>\n","protected":false},"excerpt":{"rendered":"<p>Perftec<sup>&reg;<\/sup>-EasyFold R: Toptanc\u0131lar ve perakendeciler i\u00e7in \u00f6zel olarak geli\u015ftirilmi\u015f, kartonun kolayca y\u0131rt\u0131larak a\u00e7\u0131lmas\u0131n\u0131 sa\u011flayan ve \u00e7ok \u00e7e\u015fitli malzeme t\u00fcrleri ve kal\u0131nl\u0131klar\u0131n\u0131 kapsayan \u00f6zel y\u0131rtma-a\u00e7ma perforasyonu.<\/p>\n","protected":false},"featured_media":145541,"template":"","meta":{"_acf_changed":false},"product_cat":[7574],"product_tag":[],"class_list":{"0":"post-145483","1":"product","2":"type-product","3":"status-publish","4":"has-post-thumbnail","6":"product_group-delikli","7":"product_cat-doener-kalip-kesme","8":"pa_ablaengung-1-mde","9":"pa_hoehe-246-mm-tr","10":"pa_hoehe-246-mm-tr-2","11":"pa_hoehe-248-mm-tr","12":"pa_hoehe-251-mm-tr","13":"pa_hoehe-254-mm-tr","14":"pa_hoehe-264-mm-tr","15":"pa_nuten-oluklar-ile","16":"pa_nuten-yok","17":"pa_staerke-breite-142-mm-tr","18":"pa_teilung-12-tr","19":"pa_teilung-3-tr","20":"pa_teilung-3pc-tr","21":"pa_teilung-6-tr","22":"pa_teilung-6pc-tr","23":"pa_teilung-9-tr","24":"pa_teilung-bxf-tr","25":"pa_teilung-ewf-tr","26":"pa_teilung-exf-tr","27":"pa_teilung-guezel-kadin","28":"pa_teilung-nihai","29":"pa_teilung-varsayilan","30":"pa_zaehne-12-tpi-tr","32":"first","33":"instock","34":"purchasable","35":"product-type-variable"},"acf":[],"yoast_head":"<!-- This site is optimized with the Yoast SEO plugin v22.6 - https:\/\/yoast.com\/wordpress\/plugins\/seo\/ -->\n<title>Perftec&reg;-EasyFold R - August Graef GNU<\/title>\n<meta name=\"description\" content=\"Karton kutular\u0131n kolayca y\u0131rt\u0131larak a\u00e7\u0131lmas\u0131 i\u00e7in \u00f6zel y\u0131rtma delikleri \u2705 T\u00fcm \u00e7aplarda kavisli olarak da mevcuttur \u2705 Daha fazlas\u0131n\u0131 buradan \u00f6\u011frenin!\" \/>\n<meta name=\"robots\" content=\"index, follow, max-snippet:-1, max-image-preview:large, max-video-preview:-1\" \/>\n<link rel=\"canonical\" href=\"https:\/\/graef-gnu.com\/produkt\/perftec-easyfold-r\/\" \/>\n<meta property=\"og:locale\" content=\"tr_TR\" \/>\n<meta property=\"og:type\" content=\"article\" \/>\n<meta property=\"og:title\" content=\"Perftec&reg;-EasyFold R - August Graef GNU\" \/>\n<meta property=\"og:description\" content=\"Karton kutular\u0131n kolayca y\u0131rt\u0131larak a\u00e7\u0131lmas\u0131 i\u00e7in \u00f6zel y\u0131rtma delikleri \u2705 T\u00fcm \u00e7aplarda kavisli olarak da mevcuttur \u2705 Daha fazlas\u0131n\u0131 buradan \u00f6\u011frenin!\" \/>\n<meta property=\"og:url\" content=\"https:\/\/graef-gnu.com\/produkt\/perftec-easyfold-r\/\" \/>\n<meta property=\"og:site_name\" content=\"August Graef GNU\" \/>\n<meta property=\"article:modified_time\" content=\"2021-10-06T12:30:02+00:00\" \/>\n<meta property=\"og:image\" content=\"https:\/\/graef-gnu.com\/wp-content\/uploads\/gnu-fold-6-r.jpg\" \/>\n\t<meta property=\"og:image:width\" content=\"890\" \/>\n\t<meta property=\"og:image:height\" content=\"300\" \/>\n\t<meta property=\"og:image:type\" content=\"image\/jpeg\" \/>\n<meta name=\"twitter:card\" content=\"summary_large_image\" \/>\n<script type=\"application\/ld+json\" class=\"yoast-schema-graph\">{\"@context\":\"https:\/\/schema.org\",\"@graph\":[{\"@type\":\"WebPage\",\"@id\":\"https:\/\/graef-gnu.com\/produkt\/perftec-easyfold-r\/\",\"url\":\"https:\/\/graef-gnu.com\/produkt\/perftec-easyfold-r\/\",\"name\":\"Perftec&reg;-EasyFold R - August Graef GNU\",\"isPartOf\":{\"@id\":\"https:\/\/graef-gnu.com\/#website\"},\"primaryImageOfPage\":{\"@id\":\"https:\/\/graef-gnu.com\/produkt\/perftec-easyfold-r\/#primaryimage\"},\"image\":{\"@id\":\"https:\/\/graef-gnu.com\/produkt\/perftec-easyfold-r\/#primaryimage\"},\"thumbnailUrl\":\"https:\/\/graef-gnu.com\/wp-content\/uploads\/gnu-fold-6-r.jpg\",\"datePublished\":\"2021-10-06T12:29:17+00:00\",\"dateModified\":\"2021-10-06T12:30:02+00:00\",\"description\":\"Karton kutular\u0131n kolayca y\u0131rt\u0131larak a\u00e7\u0131lmas\u0131 i\u00e7in \u00f6zel y\u0131rtma delikleri \u2705 T\u00fcm \u00e7aplarda kavisli olarak da mevcuttur \u2705 Daha fazlas\u0131n\u0131 buradan \u00f6\u011frenin!\",\"breadcrumb\":{\"@id\":\"https:\/\/graef-gnu.com\/produkt\/perftec-easyfold-r\/#breadcrumb\"},\"inLanguage\":\"tr\",\"potentialAction\":[{\"@type\":\"ReadAction\",\"target\":[\"https:\/\/graef-gnu.com\/produkt\/perftec-easyfold-r\/\"]}]},{\"@type\":\"ImageObject\",\"inLanguage\":\"tr\",\"@id\":\"https:\/\/graef-gnu.com\/produkt\/perftec-easyfold-r\/#primaryimage\",\"url\":\"https:\/\/graef-gnu.com\/wp-content\/uploads\/gnu-fold-6-r.jpg\",\"contentUrl\":\"https:\/\/graef-gnu.com\/wp-content\/uploads\/gnu-fold-6-r.jpg\",\"width\":890,\"height\":300},{\"@type\":\"BreadcrumbList\",\"@id\":\"https:\/\/graef-gnu.com\/produkt\/perftec-easyfold-r\/#breadcrumb\",\"itemListElement\":[{\"@type\":\"ListItem\",\"position\":1,\"name\":\"Startseite\",\"item\":\"https:\/\/graef-gnu.com\/tr\/\"},{\"@type\":\"ListItem\",\"position\":2,\"name\":\"\u00dcr\u00fcne Genel Bak\u0131\u015f\",\"item\":\"https:\/\/graef-gnu.com\/tr\/ueruene-genel-bakis\/\"},{\"@type\":\"ListItem\",\"position\":3,\"name\":\"Perftec&reg;-EasyFold R\"}]},{\"@type\":\"WebSite\",\"@id\":\"https:\/\/graef-gnu.com\/#website\",\"url\":\"https:\/\/graef-gnu.com\/\",\"name\":\"August Graef GNU\",\"description\":\"\",\"potentialAction\":[{\"@type\":\"SearchAction\",\"target\":{\"@type\":\"EntryPoint\",\"urlTemplate\":\"https:\/\/graef-gnu.com\/?s={search_term_string}\"},\"query-input\":\"required name=search_term_string\"}],\"inLanguage\":\"tr\"}]}<\/script>\n<!-- \/ Yoast SEO plugin. -->","yoast_head_json":{"title":"Perftec&reg;-EasyFold R - August Graef GNU","description":"Karton kutular\u0131n kolayca y\u0131rt\u0131larak a\u00e7\u0131lmas\u0131 i\u00e7in \u00f6zel y\u0131rtma delikleri \u2705 T\u00fcm \u00e7aplarda kavisli olarak da mevcuttur \u2705 Daha fazlas\u0131n\u0131 buradan \u00f6\u011frenin!","robots":{"index":"index","follow":"follow","max-snippet":"max-snippet:-1","max-image-preview":"max-image-preview:large","max-video-preview":"max-video-preview:-1"},"canonical":"https:\/\/graef-gnu.com\/produkt\/perftec-easyfold-r\/","og_locale":"tr_TR","og_type":"article","og_title":"Perftec&reg;-EasyFold R - August Graef GNU","og_description":"Karton kutular\u0131n kolayca y\u0131rt\u0131larak a\u00e7\u0131lmas\u0131 i\u00e7in \u00f6zel y\u0131rtma delikleri \u2705 T\u00fcm \u00e7aplarda kavisli olarak da mevcuttur \u2705 Daha fazlas\u0131n\u0131 buradan \u00f6\u011frenin!","og_url":"https:\/\/graef-gnu.com\/produkt\/perftec-easyfold-r\/","og_site_name":"August Graef GNU","article_modified_time":"2021-10-06T12:30:02+00:00","og_image":[{"width":890,"height":300,"url":"https:\/\/graef-gnu.com\/wp-content\/uploads\/gnu-fold-6-r.jpg","type":"image\/jpeg"}],"twitter_card":"summary_large_image","schema":{"@context":"https:\/\/schema.org","@graph":[{"@type":"WebPage","@id":"https:\/\/graef-gnu.com\/produkt\/perftec-easyfold-r\/","url":"https:\/\/graef-gnu.com\/produkt\/perftec-easyfold-r\/","name":"Perftec&reg;-EasyFold R - August Graef GNU","isPartOf":{"@id":"https:\/\/graef-gnu.com\/#website"},"primaryImageOfPage":{"@id":"https:\/\/graef-gnu.com\/produkt\/perftec-easyfold-r\/#primaryimage"},"image":{"@id":"https:\/\/graef-gnu.com\/produkt\/perftec-easyfold-r\/#primaryimage"},"thumbnailUrl":"https:\/\/graef-gnu.com\/wp-content\/uploads\/gnu-fold-6-r.jpg","datePublished":"2021-10-06T12:29:17+00:00","dateModified":"2021-10-06T12:30:02+00:00","description":"Karton kutular\u0131n kolayca y\u0131rt\u0131larak a\u00e7\u0131lmas\u0131 i\u00e7in \u00f6zel y\u0131rtma delikleri \u2705 T\u00fcm \u00e7aplarda kavisli olarak da mevcuttur \u2705 Daha fazlas\u0131n\u0131 buradan \u00f6\u011frenin!","breadcrumb":{"@id":"https:\/\/graef-gnu.com\/produkt\/perftec-easyfold-r\/#breadcrumb"},"inLanguage":"tr","potentialAction":[{"@type":"ReadAction","target":["https:\/\/graef-gnu.com\/produkt\/perftec-easyfold-r\/"]}]},{"@type":"ImageObject","inLanguage":"tr","@id":"https:\/\/graef-gnu.com\/produkt\/perftec-easyfold-r\/#primaryimage","url":"https:\/\/graef-gnu.com\/wp-content\/uploads\/gnu-fold-6-r.jpg","contentUrl":"https:\/\/graef-gnu.com\/wp-content\/uploads\/gnu-fold-6-r.jpg","width":890,"height":300},{"@type":"BreadcrumbList","@id":"https:\/\/graef-gnu.com\/produkt\/perftec-easyfold-r\/#breadcrumb","itemListElement":[{"@type":"ListItem","position":1,"name":"Startseite","item":"https:\/\/graef-gnu.com\/tr\/"},{"@type":"ListItem","position":2,"name":"\u00dcr\u00fcne Genel Bak\u0131\u015f","item":"https:\/\/graef-gnu.com\/tr\/ueruene-genel-bakis\/"},{"@type":"ListItem","position":3,"name":"Perftec&reg;-EasyFold R"}]},{"@type":"WebSite","@id":"https:\/\/graef-gnu.com\/#website","url":"https:\/\/graef-gnu.com\/","name":"August Graef GNU","description":"","potentialAction":[{"@type":"SearchAction","target":{"@type":"EntryPoint","urlTemplate":"https:\/\/graef-gnu.com\/?s={search_term_string}"},"query-input":"required name=search_term_string"}],"inLanguage":"tr"}]}},"_links":{"self":[{"href":"https:\/\/graef-gnu.com\/tr\/wp-json\/wp\/v2\/product\/145483","targetHints":{"allow":["GET"]}}],"collection":[{"href":"https:\/\/graef-gnu.com\/tr\/wp-json\/wp\/v2\/product"}],"about":[{"href":"https:\/\/graef-gnu.com\/tr\/wp-json\/wp\/v2\/types\/product"}],"wp:featuredmedia":[{"embeddable":true,"href":"https:\/\/graef-gnu.com\/tr\/wp-json\/wp\/v2\/media\/145541"}],"wp:attachment":[{"href":"https:\/\/graef-gnu.com\/tr\/wp-json\/wp\/v2\/media?parent=145483"}],"wp:term":[{"taxonomy":"product_cat","embeddable":true,"href":"https:\/\/graef-gnu.com\/tr\/wp-json\/wp\/v2\/product_cat?post=145483"},{"taxonomy":"product_tag","embeddable":true,"href":"https:\/\/graef-gnu.com\/tr\/wp-json\/wp\/v2\/product_tag?post=145483"}],"curies":[{"name":"wp","href":"https:\/\/api.w.org\/{rel}","templated":true}]}}