{"id":146076,"date":"2021-03-18T15:55:06","date_gmt":"2021-10-06T12:31:33","guid":{"rendered":"https:\/\/www.graef-gnu.com\/produkt\/perftec-mikro-ozel\/"},"modified":"2021-10-06T14:32:13","modified_gmt":"2021-10-06T12:32:13","slug":"perftec-mikro-oezel","status":"publish","type":"product","link":"https:\/\/graef-gnu.com\/tr\/produkt\/perftec-mikro-oezel\/","title":{"rendered":"Perftec<sup>&reg;<\/sup>-Mikro \u00f6zel"},"content":{"rendered":"<p>Derin zemin bo\u015fluklar\u0131 ile \u00e7ok ince perforasyon. D\u00fczensiz b\u00f6l\u00fcnmeler de m\u00fcmk\u00fcnd\u00fcr.<\/p>\n","protected":false},"excerpt":{"rendered":"<p>Derin zemin bo\u015fluklar\u0131 ile \u00e7ok ince perforasyon. D\u00fczensiz b\u00f6l\u00fcnmeler de m\u00fcmk\u00fcnd\u00fcr.<\/p>\n","protected":false},"featured_media":144274,"template":"","meta":{"_acf_changed":false},"product_cat":[7573],"product_tag":[],"class_list":{"0":"post-146076","1":"product","2":"type-product","3":"status-publish","4":"has-post-thumbnail","6":"product_group-delikli","7":"product_cat-duez-yatakli-kalip-kesme","8":"pa_ablaengung-1-mde","9":"pa_haerte-h5-tr","10":"pa_hoehe-238-mm-tr","11":"pa_staerke-breite-07-mm-tr","12":"pa_zaehne-25-dis","13":"pa_zaehne-30-dis","14":"pa_zaehne-35-dis","15":"pa_zaehne-40-dis","16":"pa_zaehne-50-dis","17":"pa_zaehne-72-dis","19":"first","20":"instock","21":"purchasable","22":"product-type-variable"},"acf":[],"yoast_head":"<!-- This site is optimized with the Yoast SEO plugin v22.6 - https:\/\/yoast.com\/wordpress\/plugins\/seo\/ -->\n<title>Perftec&reg;-Mikro \u00f6zel - August Graef GNU<\/title>\n<meta name=\"description\" content=\"Derin zemin bo\u015fluklar\u0131 ile \u00e7ok ince perforasyon D\u00fczensiz b\u00f6lmeler de m\u00fcmk\u00fcnd\u00fcr Daha fazlas\u0131n\u0131 buradan \u00f6\u011frenin!\" \/>\n<meta name=\"robots\" content=\"index, follow, max-snippet:-1, max-image-preview:large, max-video-preview:-1\" \/>\n<link rel=\"canonical\" href=\"https:\/\/graef-gnu.com\/produkt\/perftec-micro-spezial\/\" \/>\n<meta property=\"og:locale\" content=\"tr_TR\" \/>\n<meta property=\"og:type\" content=\"article\" \/>\n<meta property=\"og:title\" content=\"Perftec&reg;-Mikro \u00f6zel - August Graef GNU\" \/>\n<meta property=\"og:description\" content=\"Derin zemin bo\u015fluklar\u0131 ile \u00e7ok ince perforasyon D\u00fczensiz b\u00f6lmeler de m\u00fcmk\u00fcnd\u00fcr Daha fazlas\u0131n\u0131 buradan \u00f6\u011frenin!\" \/>\n<meta property=\"og:url\" content=\"https:\/\/graef-gnu.com\/produkt\/perftec-micro-spezial\/\" \/>\n<meta property=\"og:site_name\" content=\"August Graef GNU\" \/>\n<meta property=\"article:modified_time\" content=\"2021-10-06T12:32:13+00:00\" \/>\n<meta property=\"og:image\" content=\"https:\/\/graef-gnu.com\/wp-content\/uploads\/gnu-perftec-micro-special-40z.png\" \/>\n\t<meta property=\"og:image:width\" content=\"890\" \/>\n\t<meta property=\"og:image:height\" content=\"300\" \/>\n\t<meta property=\"og:image:type\" content=\"image\/png\" \/>\n<meta name=\"twitter:card\" content=\"summary_large_image\" \/>\n<script type=\"application\/ld+json\" class=\"yoast-schema-graph\">{\"@context\":\"https:\/\/schema.org\",\"@graph\":[{\"@type\":\"WebPage\",\"@id\":\"https:\/\/graef-gnu.com\/produkt\/perftec-micro-spezial\/\",\"url\":\"https:\/\/graef-gnu.com\/produkt\/perftec-micro-spezial\/\",\"name\":\"Perftec&reg;-Mikro \u00f6zel - August Graef GNU\",\"isPartOf\":{\"@id\":\"https:\/\/graef-gnu.com\/#website\"},\"primaryImageOfPage\":{\"@id\":\"https:\/\/graef-gnu.com\/produkt\/perftec-micro-spezial\/#primaryimage\"},\"image\":{\"@id\":\"https:\/\/graef-gnu.com\/produkt\/perftec-micro-spezial\/#primaryimage\"},\"thumbnailUrl\":\"https:\/\/graef-gnu.com\/wp-content\/uploads\/gnu-perftec-micro-special-40z.png\",\"datePublished\":\"2021-10-06T12:31:33+00:00\",\"dateModified\":\"2021-10-06T12:32:13+00:00\",\"description\":\"Derin zemin bo\u015fluklar\u0131 ile \u00e7ok ince perforasyon D\u00fczensiz b\u00f6lmeler de m\u00fcmk\u00fcnd\u00fcr Daha fazlas\u0131n\u0131 buradan \u00f6\u011frenin!\",\"breadcrumb\":{\"@id\":\"https:\/\/graef-gnu.com\/produkt\/perftec-micro-spezial\/#breadcrumb\"},\"inLanguage\":\"tr\",\"potentialAction\":[{\"@type\":\"ReadAction\",\"target\":[\"https:\/\/graef-gnu.com\/produkt\/perftec-micro-spezial\/\"]}]},{\"@type\":\"ImageObject\",\"inLanguage\":\"tr\",\"@id\":\"https:\/\/graef-gnu.com\/produkt\/perftec-micro-spezial\/#primaryimage\",\"url\":\"https:\/\/graef-gnu.com\/wp-content\/uploads\/gnu-perftec-micro-special-40z.png\",\"contentUrl\":\"https:\/\/graef-gnu.com\/wp-content\/uploads\/gnu-perftec-micro-special-40z.png\",\"width\":890,\"height\":300},{\"@type\":\"BreadcrumbList\",\"@id\":\"https:\/\/graef-gnu.com\/produkt\/perftec-micro-spezial\/#breadcrumb\",\"itemListElement\":[{\"@type\":\"ListItem\",\"position\":1,\"name\":\"Startseite\",\"item\":\"https:\/\/graef-gnu.com\/tr\/\"},{\"@type\":\"ListItem\",\"position\":2,\"name\":\"\u00dcr\u00fcne Genel Bak\u0131\u015f\",\"item\":\"https:\/\/graef-gnu.com\/tr\/ueruene-genel-bakis\/\"},{\"@type\":\"ListItem\",\"position\":3,\"name\":\"Perftec&reg;-Mikro \u00f6zel\"}]},{\"@type\":\"WebSite\",\"@id\":\"https:\/\/graef-gnu.com\/#website\",\"url\":\"https:\/\/graef-gnu.com\/\",\"name\":\"August Graef GNU\",\"description\":\"\",\"potentialAction\":[{\"@type\":\"SearchAction\",\"target\":{\"@type\":\"EntryPoint\",\"urlTemplate\":\"https:\/\/graef-gnu.com\/?s={search_term_string}\"},\"query-input\":\"required name=search_term_string\"}],\"inLanguage\":\"tr\"}]}<\/script>\n<!-- \/ Yoast SEO plugin. -->","yoast_head_json":{"title":"Perftec&reg;-Mikro \u00f6zel - August Graef GNU","description":"Derin zemin bo\u015fluklar\u0131 ile \u00e7ok ince perforasyon D\u00fczensiz b\u00f6lmeler de m\u00fcmk\u00fcnd\u00fcr Daha fazlas\u0131n\u0131 buradan \u00f6\u011frenin!","robots":{"index":"index","follow":"follow","max-snippet":"max-snippet:-1","max-image-preview":"max-image-preview:large","max-video-preview":"max-video-preview:-1"},"canonical":"https:\/\/graef-gnu.com\/produkt\/perftec-micro-spezial\/","og_locale":"tr_TR","og_type":"article","og_title":"Perftec&reg;-Mikro \u00f6zel - August Graef GNU","og_description":"Derin zemin bo\u015fluklar\u0131 ile \u00e7ok ince perforasyon D\u00fczensiz b\u00f6lmeler de m\u00fcmk\u00fcnd\u00fcr Daha fazlas\u0131n\u0131 buradan \u00f6\u011frenin!","og_url":"https:\/\/graef-gnu.com\/produkt\/perftec-micro-spezial\/","og_site_name":"August Graef GNU","article_modified_time":"2021-10-06T12:32:13+00:00","og_image":[{"width":890,"height":300,"url":"https:\/\/graef-gnu.com\/wp-content\/uploads\/gnu-perftec-micro-special-40z.png","type":"image\/png"}],"twitter_card":"summary_large_image","schema":{"@context":"https:\/\/schema.org","@graph":[{"@type":"WebPage","@id":"https:\/\/graef-gnu.com\/produkt\/perftec-micro-spezial\/","url":"https:\/\/graef-gnu.com\/produkt\/perftec-micro-spezial\/","name":"Perftec&reg;-Mikro \u00f6zel - August Graef GNU","isPartOf":{"@id":"https:\/\/graef-gnu.com\/#website"},"primaryImageOfPage":{"@id":"https:\/\/graef-gnu.com\/produkt\/perftec-micro-spezial\/#primaryimage"},"image":{"@id":"https:\/\/graef-gnu.com\/produkt\/perftec-micro-spezial\/#primaryimage"},"thumbnailUrl":"https:\/\/graef-gnu.com\/wp-content\/uploads\/gnu-perftec-micro-special-40z.png","datePublished":"2021-10-06T12:31:33+00:00","dateModified":"2021-10-06T12:32:13+00:00","description":"Derin zemin bo\u015fluklar\u0131 ile \u00e7ok ince perforasyon D\u00fczensiz b\u00f6lmeler de m\u00fcmk\u00fcnd\u00fcr Daha fazlas\u0131n\u0131 buradan \u00f6\u011frenin!","breadcrumb":{"@id":"https:\/\/graef-gnu.com\/produkt\/perftec-micro-spezial\/#breadcrumb"},"inLanguage":"tr","potentialAction":[{"@type":"ReadAction","target":["https:\/\/graef-gnu.com\/produkt\/perftec-micro-spezial\/"]}]},{"@type":"ImageObject","inLanguage":"tr","@id":"https:\/\/graef-gnu.com\/produkt\/perftec-micro-spezial\/#primaryimage","url":"https:\/\/graef-gnu.com\/wp-content\/uploads\/gnu-perftec-micro-special-40z.png","contentUrl":"https:\/\/graef-gnu.com\/wp-content\/uploads\/gnu-perftec-micro-special-40z.png","width":890,"height":300},{"@type":"BreadcrumbList","@id":"https:\/\/graef-gnu.com\/produkt\/perftec-micro-spezial\/#breadcrumb","itemListElement":[{"@type":"ListItem","position":1,"name":"Startseite","item":"https:\/\/graef-gnu.com\/tr\/"},{"@type":"ListItem","position":2,"name":"\u00dcr\u00fcne Genel Bak\u0131\u015f","item":"https:\/\/graef-gnu.com\/tr\/ueruene-genel-bakis\/"},{"@type":"ListItem","position":3,"name":"Perftec&reg;-Mikro \u00f6zel"}]},{"@type":"WebSite","@id":"https:\/\/graef-gnu.com\/#website","url":"https:\/\/graef-gnu.com\/","name":"August Graef GNU","description":"","potentialAction":[{"@type":"SearchAction","target":{"@type":"EntryPoint","urlTemplate":"https:\/\/graef-gnu.com\/?s={search_term_string}"},"query-input":"required name=search_term_string"}],"inLanguage":"tr"}]}},"_links":{"self":[{"href":"https:\/\/graef-gnu.com\/tr\/wp-json\/wp\/v2\/product\/146076","targetHints":{"allow":["GET"]}}],"collection":[{"href":"https:\/\/graef-gnu.com\/tr\/wp-json\/wp\/v2\/product"}],"about":[{"href":"https:\/\/graef-gnu.com\/tr\/wp-json\/wp\/v2\/types\/product"}],"wp:featuredmedia":[{"embeddable":true,"href":"https:\/\/graef-gnu.com\/tr\/wp-json\/wp\/v2\/media\/144274"}],"wp:attachment":[{"href":"https:\/\/graef-gnu.com\/tr\/wp-json\/wp\/v2\/media?parent=146076"}],"wp:term":[{"taxonomy":"product_cat","embeddable":true,"href":"https:\/\/graef-gnu.com\/tr\/wp-json\/wp\/v2\/product_cat?post=146076"},{"taxonomy":"product_tag","embeddable":true,"href":"https:\/\/graef-gnu.com\/tr\/wp-json\/wp\/v2\/product_tag?post=146076"}],"curies":[{"name":"wp","href":"https:\/\/api.w.org\/{rel}","templated":true}]}}