{"id":146090,"date":"2021-02-11T11:03:38","date_gmt":"2021-10-06T12:36:46","guid":{"rendered":"https:\/\/www.graef-gnu.com\/produkt\/perftec-kombinasyonu\/"},"modified":"2021-10-06T14:38:10","modified_gmt":"2021-10-06T12:38:10","slug":"muekemmel-teknoloji-kombinasyonu","status":"publish","type":"product","link":"https:\/\/graef-gnu.com\/tr\/produkt\/muekemmel-teknoloji-kombinasyonu\/","title":{"rendered":"Perftec<sup>&reg;<\/sup> kombinasyonu"},"content":{"rendered":"<p>Kombine kesme \/ katlama hatlar\u0131, kutunun verimli bir \u015fekilde katlanmas\u0131 i\u00e7in buru\u015fmu\u015f bir kenar sa\u011flar. Farkl\u0131 uzunluklarda kesme \/ katlama kombinasyonlar\u0131 da mevcuttur.<\/p>\n","protected":false},"excerpt":{"rendered":"<p>Kombine kesme \/ katlama hatlar\u0131, kutunun verimli bir \u015fekilde katlanmas\u0131 i\u00e7in buru\u015fmu\u015f bir kenar sa\u011flar. Farkl\u0131 uzunluklarda kesme \/ katlama kombinasyonlar\u0131 da mevcuttur.<\/p>\n","protected":false},"featured_media":144837,"template":"","meta":{"_acf_changed":false},"product_cat":[7573],"product_tag":[],"class_list":{"0":"post-146090","1":"product","2":"type-product","3":"status-publish","4":"has-post-thumbnail","6":"product_group-delikli","7":"product_cat-duez-yatakli-kalip-kesme","8":"pa_ablaengung-1-mde","9":"pa_hoehe-218-mm-210-mm-tr","10":"pa_hoehe-231-mm-228-mm-tr","11":"pa_hoehe-231-mm-22-6-mm","12":"pa_hoehe-233-mm-226-mm-tr","13":"pa_hoehe-235-mm-22-8-mm","14":"pa_hoehe-235-mm-22-9-mm","15":"pa_hoehe-235-mm-231-mm-tr","16":"pa_hoehe-235-mm-232-mm-tr","17":"pa_hoehe-235-mm-233-mm-tr","18":"pa_hoehe-235-mm-23-0-mm","19":"pa_hoehe-236-mm-232-mm-tr","20":"pa_hoehe-238-mm-200-mm-tr","21":"pa_hoehe-238-mm-210-mm-tr","22":"pa_hoehe-238-mm-218-mm-tr","23":"pa_hoehe-238-mm-220-mm-tr","24":"pa_hoehe-238-mm-221-mm-tr","25":"pa_hoehe-238-mm-222-mm-tr","26":"pa_hoehe-238-mm-223-mm-tr","27":"pa_hoehe-238-mm-224-mm-tr","28":"pa_hoehe-238-mm-225-mm-tr","29":"pa_hoehe-238-mm-226-mm-tr","30":"pa_hoehe-238-mm-227-mm-tr","31":"pa_hoehe-238-mm-2275-mm-tr","32":"pa_hoehe-238-mm-228-mm-tr","33":"pa_hoehe-238-mm-228-mm-tr-2","34":"pa_hoehe-238-mm-229-mm-tr","35":"pa_hoehe-238-mm-230-mm-tr","36":"pa_hoehe-238-mm-231-mm-tr","37":"pa_hoehe-238-mm-232-mm-tr","38":"pa_hoehe-238-mm-233-mm-tr","39":"pa_hoehe-238-mm-234-mm-tr","40":"pa_hoehe-238-mm-235-mm-tr","41":"pa_hoehe-238-mm-236-mm-tr","42":"pa_hoehe-238-mm-238-mm-tr","43":"pa_hoehe-238-mm-240-mm-tr","44":"pa_hoehe-23-4-mm-228-mm","45":"pa_hoehe-23-4-mm-230-mm","46":"pa_hoehe-23-4-mm-231-mm","47":"pa_hoehe-254-mm-226-mm-tr","48":"pa_staerke-breite-07-mm-tr","49":"pa_staerke-breite-105-mm-tr","50":"pa_staerke-breite-142-mm-tr","51":"pa_teilung-15-25-mm","52":"pa_teilung-1-5-1-5-mm","53":"pa_teilung-10-5-m","54":"pa_teilung-10-5-mm-tr","55":"pa_teilung-10-5-mm","56":"pa_teilung-1010-mm-tr","57":"pa_teilung-1010-mm-tr-2","58":"pa_teilung-1015-mm-tr","59":"pa_teilung-1020-mm-tr","60":"pa_teilung-1030-mm-tr","61":"pa_teilung-1212-mm-tr","62":"pa_teilung-15-5-mm","63":"pa_teilung-1510-mm-tr","64":"pa_teilung-1515-mm-tr","65":"pa_teilung-1520-mm-tr","66":"pa_teilung-1530-mm-tr","67":"pa_teilung-25-25-mm","68":"pa_teilung-2-2-mm","69":"pa_teilung-2-25-mm","70":"pa_teilung-2-5-mm","71":"pa_teilung-20-5-mm","72":"pa_teilung-20-7-mm","73":"pa_teilung-2010-mm-tr","74":"pa_teilung-2015-mm-tr","75":"pa_teilung-2020-mm-tr","76":"pa_teilung-25-25-mm-tr","77":"pa_teilung-2510-mm-tr","78":"pa_teilung-3-3-mm","79":"pa_teilung-3-5-mm","80":"pa_teilung-3-7-mm","81":"pa_teilung-310-mm-tr","82":"pa_teilung-3010-mm-tr","83":"pa_teilung-3015-mm-tr","84":"pa_teilung-3020-mm-tr","85":"pa_teilung-4-4-mm","86":"pa_teilung-4-6-mm","87":"pa_teilung-4-7-mm","88":"pa_teilung-4020-mm-tr","89":"pa_teilung-5-20-mm","90":"pa_teilung-5-5-mm","91":"pa_teilung-510-mm-tr","92":"pa_teilung-515-mm-tr","93":"pa_teilung-6-4-mm-tr","94":"pa_teilung-6-6-mm","95":"pa_teilung-612-mm-tr","96":"pa_teilung-615-mm-tr","97":"pa_teilung-618-mm-tr","98":"pa_teilung-7-5-mm","99":"pa_teilung-7-7-mm","100":"pa_teilung-715-mm-tr","101":"pa_teilung-8-5-mm","102":"pa_teilung-8-8-mm","103":"pa_teilung-815-mm-tr","105":"first","106":"instock","107":"purchasable","108":"product-type-variable"},"acf":[],"yoast_head":"<!-- This site is optimized with the Yoast SEO plugin v22.6 - https:\/\/yoast.com\/wordpress\/plugins\/seo\/ -->\n<title>Perftec&reg; kombinasyonu - August Graef GNU<\/title>\n<meta name=\"description\" content=\"Karton kutular\u0131n verimli katlanmas\u0131 i\u00e7in kombine kesme \/ katlama hatlar\u0131\u2705 Farkl\u0131 uzunluklarda kesme \/ katlama kombinasyonlar\u0131 mevcuttur\u2705 Daha fazlas\u0131n\u0131 buradan \u00f6\u011frenin!\" \/>\n<meta name=\"robots\" content=\"index, follow, max-snippet:-1, max-image-preview:large, max-video-preview:-1\" \/>\n<link rel=\"canonical\" href=\"https:\/\/graef-gnu.com\/produkt\/perftec-combo\/\" \/>\n<meta property=\"og:locale\" content=\"tr_TR\" \/>\n<meta property=\"og:type\" content=\"article\" \/>\n<meta property=\"og:title\" content=\"Perftec&reg; kombinasyonu - August Graef GNU\" \/>\n<meta property=\"og:description\" content=\"Karton kutular\u0131n verimli katlanmas\u0131 i\u00e7in kombine kesme \/ katlama hatlar\u0131\u2705 Farkl\u0131 uzunluklarda kesme \/ katlama kombinasyonlar\u0131 mevcuttur\u2705 Daha fazlas\u0131n\u0131 buradan \u00f6\u011frenin!\" \/>\n<meta property=\"og:url\" content=\"https:\/\/graef-gnu.com\/produkt\/perftec-combo\/\" \/>\n<meta property=\"og:site_name\" content=\"August Graef GNU\" \/>\n<meta property=\"article:modified_time\" content=\"2021-10-06T12:38:10+00:00\" \/>\n<meta property=\"og:image\" content=\"https:\/\/graef-gnu.com\/wp-content\/uploads\/gnu-perftec-combo.jpg\" \/>\n\t<meta property=\"og:image:width\" content=\"890\" \/>\n\t<meta property=\"og:image:height\" content=\"300\" \/>\n\t<meta property=\"og:image:type\" content=\"image\/jpeg\" \/>\n<meta name=\"twitter:card\" content=\"summary_large_image\" \/>\n<script type=\"application\/ld+json\" class=\"yoast-schema-graph\">{\"@context\":\"https:\/\/schema.org\",\"@graph\":[{\"@type\":\"WebPage\",\"@id\":\"https:\/\/graef-gnu.com\/produkt\/perftec-combo\/\",\"url\":\"https:\/\/graef-gnu.com\/produkt\/perftec-combo\/\",\"name\":\"Perftec&reg; kombinasyonu - August Graef GNU\",\"isPartOf\":{\"@id\":\"https:\/\/graef-gnu.com\/#website\"},\"primaryImageOfPage\":{\"@id\":\"https:\/\/graef-gnu.com\/produkt\/perftec-combo\/#primaryimage\"},\"image\":{\"@id\":\"https:\/\/graef-gnu.com\/produkt\/perftec-combo\/#primaryimage\"},\"thumbnailUrl\":\"https:\/\/graef-gnu.com\/wp-content\/uploads\/gnu-perftec-combo.jpg\",\"datePublished\":\"2021-10-06T12:36:46+00:00\",\"dateModified\":\"2021-10-06T12:38:10+00:00\",\"description\":\"Karton kutular\u0131n verimli katlanmas\u0131 i\u00e7in kombine kesme \/ katlama hatlar\u0131\u2705 Farkl\u0131 uzunluklarda kesme \/ katlama kombinasyonlar\u0131 mevcuttur\u2705 Daha fazlas\u0131n\u0131 buradan \u00f6\u011frenin!\",\"breadcrumb\":{\"@id\":\"https:\/\/graef-gnu.com\/produkt\/perftec-combo\/#breadcrumb\"},\"inLanguage\":\"tr\",\"potentialAction\":[{\"@type\":\"ReadAction\",\"target\":[\"https:\/\/graef-gnu.com\/produkt\/perftec-combo\/\"]}]},{\"@type\":\"ImageObject\",\"inLanguage\":\"tr\",\"@id\":\"https:\/\/graef-gnu.com\/produkt\/perftec-combo\/#primaryimage\",\"url\":\"https:\/\/graef-gnu.com\/wp-content\/uploads\/gnu-perftec-combo.jpg\",\"contentUrl\":\"https:\/\/graef-gnu.com\/wp-content\/uploads\/gnu-perftec-combo.jpg\",\"width\":890,\"height\":300},{\"@type\":\"BreadcrumbList\",\"@id\":\"https:\/\/graef-gnu.com\/produkt\/perftec-combo\/#breadcrumb\",\"itemListElement\":[{\"@type\":\"ListItem\",\"position\":1,\"name\":\"Startseite\",\"item\":\"https:\/\/graef-gnu.com\/tr\/\"},{\"@type\":\"ListItem\",\"position\":2,\"name\":\"\u00dcr\u00fcne Genel Bak\u0131\u015f\",\"item\":\"https:\/\/graef-gnu.com\/tr\/ueruene-genel-bakis\/\"},{\"@type\":\"ListItem\",\"position\":3,\"name\":\"Perftec&reg; kombinasyonu\"}]},{\"@type\":\"WebSite\",\"@id\":\"https:\/\/graef-gnu.com\/#website\",\"url\":\"https:\/\/graef-gnu.com\/\",\"name\":\"August Graef GNU\",\"description\":\"\",\"potentialAction\":[{\"@type\":\"SearchAction\",\"target\":{\"@type\":\"EntryPoint\",\"urlTemplate\":\"https:\/\/graef-gnu.com\/?s={search_term_string}\"},\"query-input\":\"required name=search_term_string\"}],\"inLanguage\":\"tr\"}]}<\/script>\n<!-- \/ Yoast SEO plugin. -->","yoast_head_json":{"title":"Perftec&reg; kombinasyonu - August Graef GNU","description":"Karton kutular\u0131n verimli katlanmas\u0131 i\u00e7in kombine kesme \/ katlama hatlar\u0131\u2705 Farkl\u0131 uzunluklarda kesme \/ katlama kombinasyonlar\u0131 mevcuttur\u2705 Daha fazlas\u0131n\u0131 buradan \u00f6\u011frenin!","robots":{"index":"index","follow":"follow","max-snippet":"max-snippet:-1","max-image-preview":"max-image-preview:large","max-video-preview":"max-video-preview:-1"},"canonical":"https:\/\/graef-gnu.com\/produkt\/perftec-combo\/","og_locale":"tr_TR","og_type":"article","og_title":"Perftec&reg; kombinasyonu - August Graef GNU","og_description":"Karton kutular\u0131n verimli katlanmas\u0131 i\u00e7in kombine kesme \/ katlama hatlar\u0131\u2705 Farkl\u0131 uzunluklarda kesme \/ katlama kombinasyonlar\u0131 mevcuttur\u2705 Daha fazlas\u0131n\u0131 buradan \u00f6\u011frenin!","og_url":"https:\/\/graef-gnu.com\/produkt\/perftec-combo\/","og_site_name":"August Graef GNU","article_modified_time":"2021-10-06T12:38:10+00:00","og_image":[{"width":890,"height":300,"url":"https:\/\/graef-gnu.com\/wp-content\/uploads\/gnu-perftec-combo.jpg","type":"image\/jpeg"}],"twitter_card":"summary_large_image","schema":{"@context":"https:\/\/schema.org","@graph":[{"@type":"WebPage","@id":"https:\/\/graef-gnu.com\/produkt\/perftec-combo\/","url":"https:\/\/graef-gnu.com\/produkt\/perftec-combo\/","name":"Perftec&reg; kombinasyonu - August Graef GNU","isPartOf":{"@id":"https:\/\/graef-gnu.com\/#website"},"primaryImageOfPage":{"@id":"https:\/\/graef-gnu.com\/produkt\/perftec-combo\/#primaryimage"},"image":{"@id":"https:\/\/graef-gnu.com\/produkt\/perftec-combo\/#primaryimage"},"thumbnailUrl":"https:\/\/graef-gnu.com\/wp-content\/uploads\/gnu-perftec-combo.jpg","datePublished":"2021-10-06T12:36:46+00:00","dateModified":"2021-10-06T12:38:10+00:00","description":"Karton kutular\u0131n verimli katlanmas\u0131 i\u00e7in kombine kesme \/ katlama hatlar\u0131\u2705 Farkl\u0131 uzunluklarda kesme \/ katlama kombinasyonlar\u0131 mevcuttur\u2705 Daha fazlas\u0131n\u0131 buradan \u00f6\u011frenin!","breadcrumb":{"@id":"https:\/\/graef-gnu.com\/produkt\/perftec-combo\/#breadcrumb"},"inLanguage":"tr","potentialAction":[{"@type":"ReadAction","target":["https:\/\/graef-gnu.com\/produkt\/perftec-combo\/"]}]},{"@type":"ImageObject","inLanguage":"tr","@id":"https:\/\/graef-gnu.com\/produkt\/perftec-combo\/#primaryimage","url":"https:\/\/graef-gnu.com\/wp-content\/uploads\/gnu-perftec-combo.jpg","contentUrl":"https:\/\/graef-gnu.com\/wp-content\/uploads\/gnu-perftec-combo.jpg","width":890,"height":300},{"@type":"BreadcrumbList","@id":"https:\/\/graef-gnu.com\/produkt\/perftec-combo\/#breadcrumb","itemListElement":[{"@type":"ListItem","position":1,"name":"Startseite","item":"https:\/\/graef-gnu.com\/tr\/"},{"@type":"ListItem","position":2,"name":"\u00dcr\u00fcne Genel Bak\u0131\u015f","item":"https:\/\/graef-gnu.com\/tr\/ueruene-genel-bakis\/"},{"@type":"ListItem","position":3,"name":"Perftec&reg; kombinasyonu"}]},{"@type":"WebSite","@id":"https:\/\/graef-gnu.com\/#website","url":"https:\/\/graef-gnu.com\/","name":"August Graef GNU","description":"","potentialAction":[{"@type":"SearchAction","target":{"@type":"EntryPoint","urlTemplate":"https:\/\/graef-gnu.com\/?s={search_term_string}"},"query-input":"required name=search_term_string"}],"inLanguage":"tr"}]}},"_links":{"self":[{"href":"https:\/\/graef-gnu.com\/tr\/wp-json\/wp\/v2\/product\/146090","targetHints":{"allow":["GET"]}}],"collection":[{"href":"https:\/\/graef-gnu.com\/tr\/wp-json\/wp\/v2\/product"}],"about":[{"href":"https:\/\/graef-gnu.com\/tr\/wp-json\/wp\/v2\/types\/product"}],"wp:featuredmedia":[{"embeddable":true,"href":"https:\/\/graef-gnu.com\/tr\/wp-json\/wp\/v2\/media\/144837"}],"wp:attachment":[{"href":"https:\/\/graef-gnu.com\/tr\/wp-json\/wp\/v2\/media?parent=146090"}],"wp:term":[{"taxonomy":"product_cat","embeddable":true,"href":"https:\/\/graef-gnu.com\/tr\/wp-json\/wp\/v2\/product_cat?post=146090"},{"taxonomy":"product_tag","embeddable":true,"href":"https:\/\/graef-gnu.com\/tr\/wp-json\/wp\/v2\/product_tag?post=146090"}],"curies":[{"name":"wp","href":"https:\/\/api.w.org\/{rel}","templated":true}]}}