{"id":146677,"date":"2021-02-11T11:04:22","date_gmt":"2021-10-06T12:37:17","guid":{"rendered":"https:\/\/www.graef-gnu.com\/produkt\/gnu-sprinteject-otomatik-duzeltme\/"},"modified":"2021-10-06T14:37:47","modified_gmt":"2021-10-06T12:37:47","slug":"gnu-sprinteject-otomatik-duezeltme","status":"publish","type":"product","link":"https:\/\/graef-gnu.com\/tr\/produkt\/gnu-sprinteject-otomatik-duezeltme\/","title":{"rendered":"GNU Sprinteject Otomatik D\u00fczeltme"},"content":{"rendered":"<p>GNU Sprinteject hem kat\u0131 hem de oluklu mukavva i\u00e7in kullan\u0131labilir. \u00d6zel olarak koordine edilmi\u015f geri y\u00fckleme ve \u00e7\u0131karma kuvveti, tabakan\u0131n b\u0131\u00e7aktan temiz bir \u015fekilde s\u0131yr\u0131lmas\u0131n\u0131 sa\u011flar ve y\u00fcksek kaliteli malzeme ve \u00f6zel \u015fekil sayesinde m\u00fcmk\u00fcn olur. Uygun \u015fekilde kullan\u0131ld\u0131\u011f\u0131nda, malzeme a\u015f\u0131nmaya kar\u015f\u0131 son derece dayan\u0131kl\u0131d\u0131r.<br \/>\nGNU Sprinteject, g\u0131da i\u00e7in katlan\u0131r kutular\u0131n \u00fcretimi i\u00e7in g\u00fcvenli olarak onaylanm\u0131\u015ft\u0131r.<br \/>\nAutofix&#8217;in bu kendinden yap\u0131\u015fkanl\u0131 versiyonu, maksimum s\u00fcrekli y\u00fcklere dayanacak ve h\u0131zl\u0131 ve kolay uygulama ve s\u00f6kme gibi talepleri m\u00fcmk\u00fcn k\u0131lmak i\u00e7in \u00f6zel bir \u00fcretim s\u00fcrecinde geli\u015ftirilmi\u015ftir.<\/p>\n","protected":false},"excerpt":{"rendered":"<p>GNU Sprinteject hem kat\u0131 hem de oluklu mukavva i\u00e7in kullan\u0131labilir. \u00d6zel olarak koordine edilmi\u015f geri y\u00fckleme ve \u00e7\u0131karma kuvveti, tabakan\u0131n b\u0131\u00e7aktan temiz bir \u015fekilde s\u0131yr\u0131lmas\u0131n\u0131 sa\u011flar ve y\u00fcksek kaliteli malzeme ve \u00f6zel \u015fekil sayesinde m\u00fcmk\u00fcn olur.<\/p>\n","protected":false},"featured_media":146711,"template":"","meta":{"_acf_changed":false},"product_cat":[7575],"product_tag":[],"class_list":{"0":"post-146677","1":"product","2":"type-product","3":"status-publish","4":"has-post-thumbnail","6":"product_group-profiller","7":"product_cat-firlatma-malzemeleri","8":"pa_ablaengung-1-mde","9":"pa_hoehe-725-mm-tr","10":"pa_hoehe-95-mm-tr","11":"pa_profilbreite-5-mm-tr","12":"pa_profilbreite-8-mm-tr","14":"first","15":"instock","16":"purchasable","17":"product-type-variable"},"acf":[],"yoast_head":"<!-- This site is optimized with the Yoast SEO plugin v22.6 - https:\/\/yoast.com\/wordpress\/plugins\/seo\/ -->\n<title>GNU Sprinteject Otomatik D\u00fczeltme - August Graef GNU<\/title>\n<meta name=\"description\" content=\"GNU Sprinteject Autofix: kendinden yap\u0131\u015fkanl\u0131 \u2705 maksimum s\u00fcrekli y\u00fcklere dayan\u0131r \u2705 g\u0131da i\u00e7in katlan\u0131r kutular\u0131n \u00fcretimi i\u00e7in uygundur \u2705 Buradan bilgi al\u0131n!\" \/>\n<meta name=\"robots\" content=\"index, follow, max-snippet:-1, max-image-preview:large, max-video-preview:-1\" \/>\n<link rel=\"canonical\" href=\"https:\/\/graef-gnu.com\/produkt\/gnu-sprinteject-autofix\/\" \/>\n<meta property=\"og:locale\" content=\"tr_TR\" \/>\n<meta property=\"og:type\" content=\"article\" \/>\n<meta property=\"og:title\" content=\"GNU Sprinteject Otomatik D\u00fczeltme - August Graef GNU\" \/>\n<meta property=\"og:description\" content=\"GNU Sprinteject Autofix: kendinden yap\u0131\u015fkanl\u0131 \u2705 maksimum s\u00fcrekli y\u00fcklere dayan\u0131r \u2705 g\u0131da i\u00e7in katlan\u0131r kutular\u0131n \u00fcretimi i\u00e7in uygundur \u2705 Buradan bilgi al\u0131n!\" \/>\n<meta property=\"og:url\" content=\"https:\/\/graef-gnu.com\/produkt\/gnu-sprinteject-autofix\/\" \/>\n<meta property=\"og:site_name\" content=\"August Graef GNU\" \/>\n<meta property=\"article:modified_time\" content=\"2021-10-06T12:37:47+00:00\" \/>\n<meta property=\"og:image\" content=\"https:\/\/graef-gnu.com\/wp-content\/uploads\/gnu_sprinteject_autofix-1.jpg\" \/>\n\t<meta property=\"og:image:width\" content=\"890\" \/>\n\t<meta property=\"og:image:height\" content=\"300\" \/>\n\t<meta property=\"og:image:type\" content=\"image\/jpeg\" \/>\n<meta name=\"twitter:card\" content=\"summary_large_image\" \/>\n<meta name=\"twitter:label1\" content=\"Tahmini okuma s\u00fcresi\" \/>\n\t<meta name=\"twitter:data1\" content=\"1 dakika\" \/>\n<script type=\"application\/ld+json\" class=\"yoast-schema-graph\">{\"@context\":\"https:\/\/schema.org\",\"@graph\":[{\"@type\":\"WebPage\",\"@id\":\"https:\/\/graef-gnu.com\/produkt\/gnu-sprinteject-autofix\/\",\"url\":\"https:\/\/graef-gnu.com\/produkt\/gnu-sprinteject-autofix\/\",\"name\":\"GNU Sprinteject Otomatik D\u00fczeltme - August Graef GNU\",\"isPartOf\":{\"@id\":\"https:\/\/graef-gnu.com\/#website\"},\"primaryImageOfPage\":{\"@id\":\"https:\/\/graef-gnu.com\/produkt\/gnu-sprinteject-autofix\/#primaryimage\"},\"image\":{\"@id\":\"https:\/\/graef-gnu.com\/produkt\/gnu-sprinteject-autofix\/#primaryimage\"},\"thumbnailUrl\":\"https:\/\/graef-gnu.com\/wp-content\/uploads\/gnu_sprinteject_autofix-1.jpg\",\"datePublished\":\"2021-10-06T12:37:17+00:00\",\"dateModified\":\"2021-10-06T12:37:47+00:00\",\"description\":\"GNU Sprinteject Autofix: kendinden yap\u0131\u015fkanl\u0131 \u2705 maksimum s\u00fcrekli y\u00fcklere dayan\u0131r \u2705 g\u0131da i\u00e7in katlan\u0131r kutular\u0131n \u00fcretimi i\u00e7in uygundur \u2705 Buradan bilgi al\u0131n!\",\"breadcrumb\":{\"@id\":\"https:\/\/graef-gnu.com\/produkt\/gnu-sprinteject-autofix\/#breadcrumb\"},\"inLanguage\":\"tr\",\"potentialAction\":[{\"@type\":\"ReadAction\",\"target\":[\"https:\/\/graef-gnu.com\/produkt\/gnu-sprinteject-autofix\/\"]}]},{\"@type\":\"ImageObject\",\"inLanguage\":\"tr\",\"@id\":\"https:\/\/graef-gnu.com\/produkt\/gnu-sprinteject-autofix\/#primaryimage\",\"url\":\"https:\/\/graef-gnu.com\/wp-content\/uploads\/gnu_sprinteject_autofix-1.jpg\",\"contentUrl\":\"https:\/\/graef-gnu.com\/wp-content\/uploads\/gnu_sprinteject_autofix-1.jpg\",\"width\":890,\"height\":300},{\"@type\":\"BreadcrumbList\",\"@id\":\"https:\/\/graef-gnu.com\/produkt\/gnu-sprinteject-autofix\/#breadcrumb\",\"itemListElement\":[{\"@type\":\"ListItem\",\"position\":1,\"name\":\"Startseite\",\"item\":\"https:\/\/graef-gnu.com\/tr\/\"},{\"@type\":\"ListItem\",\"position\":2,\"name\":\"\u00dcr\u00fcne Genel Bak\u0131\u015f\",\"item\":\"https:\/\/graef-gnu.com\/tr\/ueruene-genel-bakis\/\"},{\"@type\":\"ListItem\",\"position\":3,\"name\":\"GNU Sprinteject Otomatik D\u00fczeltme\"}]},{\"@type\":\"WebSite\",\"@id\":\"https:\/\/graef-gnu.com\/#website\",\"url\":\"https:\/\/graef-gnu.com\/\",\"name\":\"August Graef GNU\",\"description\":\"\",\"potentialAction\":[{\"@type\":\"SearchAction\",\"target\":{\"@type\":\"EntryPoint\",\"urlTemplate\":\"https:\/\/graef-gnu.com\/?s={search_term_string}\"},\"query-input\":\"required name=search_term_string\"}],\"inLanguage\":\"tr\"}]}<\/script>\n<!-- \/ Yoast SEO plugin. -->","yoast_head_json":{"title":"GNU Sprinteject Otomatik D\u00fczeltme - August Graef GNU","description":"GNU Sprinteject Autofix: kendinden yap\u0131\u015fkanl\u0131 \u2705 maksimum s\u00fcrekli y\u00fcklere dayan\u0131r \u2705 g\u0131da i\u00e7in katlan\u0131r kutular\u0131n \u00fcretimi i\u00e7in uygundur \u2705 Buradan bilgi al\u0131n!","robots":{"index":"index","follow":"follow","max-snippet":"max-snippet:-1","max-image-preview":"max-image-preview:large","max-video-preview":"max-video-preview:-1"},"canonical":"https:\/\/graef-gnu.com\/produkt\/gnu-sprinteject-autofix\/","og_locale":"tr_TR","og_type":"article","og_title":"GNU Sprinteject Otomatik D\u00fczeltme - August Graef GNU","og_description":"GNU Sprinteject Autofix: kendinden yap\u0131\u015fkanl\u0131 \u2705 maksimum s\u00fcrekli y\u00fcklere dayan\u0131r \u2705 g\u0131da i\u00e7in katlan\u0131r kutular\u0131n \u00fcretimi i\u00e7in uygundur \u2705 Buradan bilgi al\u0131n!","og_url":"https:\/\/graef-gnu.com\/produkt\/gnu-sprinteject-autofix\/","og_site_name":"August Graef GNU","article_modified_time":"2021-10-06T12:37:47+00:00","og_image":[{"width":890,"height":300,"url":"https:\/\/graef-gnu.com\/wp-content\/uploads\/gnu_sprinteject_autofix-1.jpg","type":"image\/jpeg"}],"twitter_card":"summary_large_image","twitter_misc":{"Tahmini okuma s\u00fcresi":"1 dakika"},"schema":{"@context":"https:\/\/schema.org","@graph":[{"@type":"WebPage","@id":"https:\/\/graef-gnu.com\/produkt\/gnu-sprinteject-autofix\/","url":"https:\/\/graef-gnu.com\/produkt\/gnu-sprinteject-autofix\/","name":"GNU Sprinteject Otomatik D\u00fczeltme - August Graef GNU","isPartOf":{"@id":"https:\/\/graef-gnu.com\/#website"},"primaryImageOfPage":{"@id":"https:\/\/graef-gnu.com\/produkt\/gnu-sprinteject-autofix\/#primaryimage"},"image":{"@id":"https:\/\/graef-gnu.com\/produkt\/gnu-sprinteject-autofix\/#primaryimage"},"thumbnailUrl":"https:\/\/graef-gnu.com\/wp-content\/uploads\/gnu_sprinteject_autofix-1.jpg","datePublished":"2021-10-06T12:37:17+00:00","dateModified":"2021-10-06T12:37:47+00:00","description":"GNU Sprinteject Autofix: kendinden yap\u0131\u015fkanl\u0131 \u2705 maksimum s\u00fcrekli y\u00fcklere dayan\u0131r \u2705 g\u0131da i\u00e7in katlan\u0131r kutular\u0131n \u00fcretimi i\u00e7in uygundur \u2705 Buradan bilgi al\u0131n!","breadcrumb":{"@id":"https:\/\/graef-gnu.com\/produkt\/gnu-sprinteject-autofix\/#breadcrumb"},"inLanguage":"tr","potentialAction":[{"@type":"ReadAction","target":["https:\/\/graef-gnu.com\/produkt\/gnu-sprinteject-autofix\/"]}]},{"@type":"ImageObject","inLanguage":"tr","@id":"https:\/\/graef-gnu.com\/produkt\/gnu-sprinteject-autofix\/#primaryimage","url":"https:\/\/graef-gnu.com\/wp-content\/uploads\/gnu_sprinteject_autofix-1.jpg","contentUrl":"https:\/\/graef-gnu.com\/wp-content\/uploads\/gnu_sprinteject_autofix-1.jpg","width":890,"height":300},{"@type":"BreadcrumbList","@id":"https:\/\/graef-gnu.com\/produkt\/gnu-sprinteject-autofix\/#breadcrumb","itemListElement":[{"@type":"ListItem","position":1,"name":"Startseite","item":"https:\/\/graef-gnu.com\/tr\/"},{"@type":"ListItem","position":2,"name":"\u00dcr\u00fcne Genel Bak\u0131\u015f","item":"https:\/\/graef-gnu.com\/tr\/ueruene-genel-bakis\/"},{"@type":"ListItem","position":3,"name":"GNU Sprinteject Otomatik D\u00fczeltme"}]},{"@type":"WebSite","@id":"https:\/\/graef-gnu.com\/#website","url":"https:\/\/graef-gnu.com\/","name":"August Graef GNU","description":"","potentialAction":[{"@type":"SearchAction","target":{"@type":"EntryPoint","urlTemplate":"https:\/\/graef-gnu.com\/?s={search_term_string}"},"query-input":"required name=search_term_string"}],"inLanguage":"tr"}]}},"_links":{"self":[{"href":"https:\/\/graef-gnu.com\/tr\/wp-json\/wp\/v2\/product\/146677","targetHints":{"allow":["GET"]}}],"collection":[{"href":"https:\/\/graef-gnu.com\/tr\/wp-json\/wp\/v2\/product"}],"about":[{"href":"https:\/\/graef-gnu.com\/tr\/wp-json\/wp\/v2\/types\/product"}],"wp:featuredmedia":[{"embeddable":true,"href":"https:\/\/graef-gnu.com\/tr\/wp-json\/wp\/v2\/media\/146711"}],"wp:attachment":[{"href":"https:\/\/graef-gnu.com\/tr\/wp-json\/wp\/v2\/media?parent=146677"}],"wp:term":[{"taxonomy":"product_cat","embeddable":true,"href":"https:\/\/graef-gnu.com\/tr\/wp-json\/wp\/v2\/product_cat?post=146677"},{"taxonomy":"product_tag","embeddable":true,"href":"https:\/\/graef-gnu.com\/tr\/wp-json\/wp\/v2\/product_tag?post=146677"}],"curies":[{"name":"wp","href":"https:\/\/api.w.org\/{rel}","templated":true}]}}