{"id":147224,"date":"2021-02-11T11:04:25","date_gmt":"2021-10-06T12:41:22","guid":{"rendered":"https:\/\/www.graef-gnu.com\/produkt\/gnu-a1-otomatik-duezeltme\/"},"modified":"2021-10-06T14:42:12","modified_gmt":"2021-10-06T12:42:12","slug":"gnu-a1-otomatik-duezeltme","status":"publish","type":"product","link":"https:\/\/graef-gnu.com\/tr\/produkt\/gnu-a1-otomatik-duezeltme\/","title":{"rendered":"GNU A1 Otomatik D\u00fczeltme"},"content":{"rendered":"<p>GNU A1&#8217;in k\u0131st\u0131rma kenar\u0131 nedeniyle, delikli levha, kesilen y\u00fczeylerdeki rengi koruyan ve \u00fcst tavan kaplamalar\u0131n\u0131n patlamas\u0131n\u0131 \u00f6nleyen daha geni\u015f bir temas y\u00fczeyine sahiptir. Bu, temiz ve hassas kesim kenarlar\u0131 olu\u015fturur. Autofix&#8217;in bu kendinden yap\u0131\u015fkanl\u0131 versiyonu \u00f6zel bir \u00fcretim s\u00fcrecinde geli\u015ftirilmi\u015ftir.<br \/>\nmaksimum s\u00fcrekli y\u00fcklere dayanmak ve h\u0131zl\u0131 ve kolay uygulama ve s\u00f6kme gibi taleplere olanak sa\u011flamak. GNU A1, g\u0131da i\u00e7in katlan\u0131r kutular\u0131n \u00fcretimi i\u00e7in g\u00fcvenli olarak onaylanm\u0131\u015ft\u0131r.<\/p>\n","protected":false},"excerpt":{"rendered":"<p>GNU A1&#8217;in k\u0131st\u0131rma kenar\u0131 nedeniyle, delikli levha, kesilen y\u00fczeylerdeki rengi koruyan ve \u00fcst tavan kaplamalar\u0131n\u0131n patlamas\u0131n\u0131 \u00f6nleyen daha geni\u015f bir temas y\u00fczeyine sahiptir.<\/p>\n","protected":false},"featured_media":147101,"template":"","meta":{"_acf_changed":false},"product_cat":[7575],"product_tag":[],"class_list":{"0":"post-147224","1":"product","2":"type-product","3":"status-publish","4":"has-post-thumbnail","6":"product_group-profiller","7":"product_cat-firlatma-malzemeleri","8":"pa_ablaengung-1-mde","9":"pa_hoehe-10-mm-tr","10":"pa_profilbreite-10-mm-tr","12":"first","13":"instock","14":"purchasable","15":"product-type-simple"},"acf":[],"yoast_head":"<!-- This site is optimized with the Yoast SEO plugin v22.6 - https:\/\/yoast.com\/wordpress\/plugins\/seo\/ -->\n<title>GNU A1 Otomatik D\u00fczeltme - August Graef GNU<\/title>\n<meta name=\"description\" content=\"Kendinden yap\u0131\u015fkanl\u0131 tasar\u0131mda s\u0131k\u0131\u015ft\u0131r\u0131lm\u0131\u015f kenar GNU A1 \u25ba maksimum s\u00fcrekli y\u00fckler i\u00e7in uygundur \u2705 Bilgi ve sorular\u0131n\u0131z burada!\" \/>\n<meta name=\"robots\" content=\"index, follow, max-snippet:-1, max-image-preview:large, max-video-preview:-1\" \/>\n<link rel=\"canonical\" href=\"https:\/\/graef-gnu.com\/produkt\/gnu-a1-autofix\/\" \/>\n<meta property=\"og:locale\" content=\"tr_TR\" \/>\n<meta property=\"og:type\" content=\"article\" \/>\n<meta property=\"og:title\" content=\"GNU A1 Otomatik D\u00fczeltme - August Graef GNU\" \/>\n<meta property=\"og:description\" content=\"Kendinden yap\u0131\u015fkanl\u0131 tasar\u0131mda s\u0131k\u0131\u015ft\u0131r\u0131lm\u0131\u015f kenar GNU A1 \u25ba maksimum s\u00fcrekli y\u00fckler i\u00e7in uygundur \u2705 Bilgi ve sorular\u0131n\u0131z burada!\" \/>\n<meta property=\"og:url\" content=\"https:\/\/graef-gnu.com\/produkt\/gnu-a1-autofix\/\" \/>\n<meta property=\"og:site_name\" content=\"August Graef GNU\" \/>\n<meta property=\"article:modified_time\" content=\"2021-10-06T12:42:12+00:00\" \/>\n<meta property=\"og:image\" content=\"https:\/\/graef-gnu.com\/wp-content\/uploads\/gnu_a1_b2_c3_autofix-1.jpg\" \/>\n\t<meta property=\"og:image:width\" content=\"890\" \/>\n\t<meta property=\"og:image:height\" content=\"300\" \/>\n\t<meta property=\"og:image:type\" content=\"image\/jpeg\" \/>\n<meta name=\"twitter:card\" content=\"summary_large_image\" \/>\n<script type=\"application\/ld+json\" class=\"yoast-schema-graph\">{\"@context\":\"https:\/\/schema.org\",\"@graph\":[{\"@type\":\"WebPage\",\"@id\":\"https:\/\/graef-gnu.com\/produkt\/gnu-a1-autofix\/\",\"url\":\"https:\/\/graef-gnu.com\/produkt\/gnu-a1-autofix\/\",\"name\":\"GNU A1 Otomatik D\u00fczeltme - August Graef GNU\",\"isPartOf\":{\"@id\":\"https:\/\/graef-gnu.com\/#website\"},\"primaryImageOfPage\":{\"@id\":\"https:\/\/graef-gnu.com\/produkt\/gnu-a1-autofix\/#primaryimage\"},\"image\":{\"@id\":\"https:\/\/graef-gnu.com\/produkt\/gnu-a1-autofix\/#primaryimage\"},\"thumbnailUrl\":\"https:\/\/graef-gnu.com\/wp-content\/uploads\/gnu_a1_b2_c3_autofix-1.jpg\",\"datePublished\":\"2021-10-06T12:41:22+00:00\",\"dateModified\":\"2021-10-06T12:42:12+00:00\",\"description\":\"Kendinden yap\u0131\u015fkanl\u0131 tasar\u0131mda s\u0131k\u0131\u015ft\u0131r\u0131lm\u0131\u015f kenar GNU A1 \u25ba maksimum s\u00fcrekli y\u00fckler i\u00e7in uygundur \u2705 Bilgi ve sorular\u0131n\u0131z burada!\",\"breadcrumb\":{\"@id\":\"https:\/\/graef-gnu.com\/produkt\/gnu-a1-autofix\/#breadcrumb\"},\"inLanguage\":\"tr\",\"potentialAction\":[{\"@type\":\"ReadAction\",\"target\":[\"https:\/\/graef-gnu.com\/produkt\/gnu-a1-autofix\/\"]}]},{\"@type\":\"ImageObject\",\"inLanguage\":\"tr\",\"@id\":\"https:\/\/graef-gnu.com\/produkt\/gnu-a1-autofix\/#primaryimage\",\"url\":\"https:\/\/graef-gnu.com\/wp-content\/uploads\/gnu_a1_b2_c3_autofix-1.jpg\",\"contentUrl\":\"https:\/\/graef-gnu.com\/wp-content\/uploads\/gnu_a1_b2_c3_autofix-1.jpg\",\"width\":890,\"height\":300},{\"@type\":\"BreadcrumbList\",\"@id\":\"https:\/\/graef-gnu.com\/produkt\/gnu-a1-autofix\/#breadcrumb\",\"itemListElement\":[{\"@type\":\"ListItem\",\"position\":1,\"name\":\"Startseite\",\"item\":\"https:\/\/graef-gnu.com\/tr\/\"},{\"@type\":\"ListItem\",\"position\":2,\"name\":\"\u00dcr\u00fcne Genel Bak\u0131\u015f\",\"item\":\"https:\/\/graef-gnu.com\/tr\/ueruene-genel-bakis\/\"},{\"@type\":\"ListItem\",\"position\":3,\"name\":\"GNU A1 Otomatik D\u00fczeltme\"}]},{\"@type\":\"WebSite\",\"@id\":\"https:\/\/graef-gnu.com\/#website\",\"url\":\"https:\/\/graef-gnu.com\/\",\"name\":\"August Graef GNU\",\"description\":\"\",\"potentialAction\":[{\"@type\":\"SearchAction\",\"target\":{\"@type\":\"EntryPoint\",\"urlTemplate\":\"https:\/\/graef-gnu.com\/?s={search_term_string}\"},\"query-input\":\"required name=search_term_string\"}],\"inLanguage\":\"tr\"}]}<\/script>\n<!-- \/ Yoast SEO plugin. -->","yoast_head_json":{"title":"GNU A1 Otomatik D\u00fczeltme - August Graef GNU","description":"Kendinden yap\u0131\u015fkanl\u0131 tasar\u0131mda s\u0131k\u0131\u015ft\u0131r\u0131lm\u0131\u015f kenar GNU A1 \u25ba maksimum s\u00fcrekli y\u00fckler i\u00e7in uygundur \u2705 Bilgi ve sorular\u0131n\u0131z burada!","robots":{"index":"index","follow":"follow","max-snippet":"max-snippet:-1","max-image-preview":"max-image-preview:large","max-video-preview":"max-video-preview:-1"},"canonical":"https:\/\/graef-gnu.com\/produkt\/gnu-a1-autofix\/","og_locale":"tr_TR","og_type":"article","og_title":"GNU A1 Otomatik D\u00fczeltme - August Graef GNU","og_description":"Kendinden yap\u0131\u015fkanl\u0131 tasar\u0131mda s\u0131k\u0131\u015ft\u0131r\u0131lm\u0131\u015f kenar GNU A1 \u25ba maksimum s\u00fcrekli y\u00fckler i\u00e7in uygundur \u2705 Bilgi ve sorular\u0131n\u0131z burada!","og_url":"https:\/\/graef-gnu.com\/produkt\/gnu-a1-autofix\/","og_site_name":"August Graef GNU","article_modified_time":"2021-10-06T12:42:12+00:00","og_image":[{"width":890,"height":300,"url":"https:\/\/graef-gnu.com\/wp-content\/uploads\/gnu_a1_b2_c3_autofix-1.jpg","type":"image\/jpeg"}],"twitter_card":"summary_large_image","schema":{"@context":"https:\/\/schema.org","@graph":[{"@type":"WebPage","@id":"https:\/\/graef-gnu.com\/produkt\/gnu-a1-autofix\/","url":"https:\/\/graef-gnu.com\/produkt\/gnu-a1-autofix\/","name":"GNU A1 Otomatik D\u00fczeltme - August Graef GNU","isPartOf":{"@id":"https:\/\/graef-gnu.com\/#website"},"primaryImageOfPage":{"@id":"https:\/\/graef-gnu.com\/produkt\/gnu-a1-autofix\/#primaryimage"},"image":{"@id":"https:\/\/graef-gnu.com\/produkt\/gnu-a1-autofix\/#primaryimage"},"thumbnailUrl":"https:\/\/graef-gnu.com\/wp-content\/uploads\/gnu_a1_b2_c3_autofix-1.jpg","datePublished":"2021-10-06T12:41:22+00:00","dateModified":"2021-10-06T12:42:12+00:00","description":"Kendinden yap\u0131\u015fkanl\u0131 tasar\u0131mda s\u0131k\u0131\u015ft\u0131r\u0131lm\u0131\u015f kenar GNU A1 \u25ba maksimum s\u00fcrekli y\u00fckler i\u00e7in uygundur \u2705 Bilgi ve sorular\u0131n\u0131z burada!","breadcrumb":{"@id":"https:\/\/graef-gnu.com\/produkt\/gnu-a1-autofix\/#breadcrumb"},"inLanguage":"tr","potentialAction":[{"@type":"ReadAction","target":["https:\/\/graef-gnu.com\/produkt\/gnu-a1-autofix\/"]}]},{"@type":"ImageObject","inLanguage":"tr","@id":"https:\/\/graef-gnu.com\/produkt\/gnu-a1-autofix\/#primaryimage","url":"https:\/\/graef-gnu.com\/wp-content\/uploads\/gnu_a1_b2_c3_autofix-1.jpg","contentUrl":"https:\/\/graef-gnu.com\/wp-content\/uploads\/gnu_a1_b2_c3_autofix-1.jpg","width":890,"height":300},{"@type":"BreadcrumbList","@id":"https:\/\/graef-gnu.com\/produkt\/gnu-a1-autofix\/#breadcrumb","itemListElement":[{"@type":"ListItem","position":1,"name":"Startseite","item":"https:\/\/graef-gnu.com\/tr\/"},{"@type":"ListItem","position":2,"name":"\u00dcr\u00fcne Genel Bak\u0131\u015f","item":"https:\/\/graef-gnu.com\/tr\/ueruene-genel-bakis\/"},{"@type":"ListItem","position":3,"name":"GNU A1 Otomatik D\u00fczeltme"}]},{"@type":"WebSite","@id":"https:\/\/graef-gnu.com\/#website","url":"https:\/\/graef-gnu.com\/","name":"August Graef GNU","description":"","potentialAction":[{"@type":"SearchAction","target":{"@type":"EntryPoint","urlTemplate":"https:\/\/graef-gnu.com\/?s={search_term_string}"},"query-input":"required name=search_term_string"}],"inLanguage":"tr"}]}},"_links":{"self":[{"href":"https:\/\/graef-gnu.com\/tr\/wp-json\/wp\/v2\/product\/147224","targetHints":{"allow":["GET"]}}],"collection":[{"href":"https:\/\/graef-gnu.com\/tr\/wp-json\/wp\/v2\/product"}],"about":[{"href":"https:\/\/graef-gnu.com\/tr\/wp-json\/wp\/v2\/types\/product"}],"wp:featuredmedia":[{"embeddable":true,"href":"https:\/\/graef-gnu.com\/tr\/wp-json\/wp\/v2\/media\/147101"}],"wp:attachment":[{"href":"https:\/\/graef-gnu.com\/tr\/wp-json\/wp\/v2\/media?parent=147224"}],"wp:term":[{"taxonomy":"product_cat","embeddable":true,"href":"https:\/\/graef-gnu.com\/tr\/wp-json\/wp\/v2\/product_cat?post=147224"},{"taxonomy":"product_tag","embeddable":true,"href":"https:\/\/graef-gnu.com\/tr\/wp-json\/wp\/v2\/product_tag?post=147224"}],"curies":[{"name":"wp","href":"https:\/\/api.w.org\/{rel}","templated":true}]}}