{"id":147341,"date":"2021-02-11T11:04:25","date_gmt":"2021-10-06T12:41:36","guid":{"rendered":"https:\/\/www.graef-gnu.com\/produkt\/gnu-trapez-otomatik-duzeltme\/"},"modified":"2021-10-06T14:42:23","modified_gmt":"2021-10-06T12:42:23","slug":"gnu-trapez-otomatik-duezeltme","status":"publish","type":"product","link":"https:\/\/graef-gnu.com\/tr\/produkt\/gnu-trapez-otomatik-duezeltme\/","title":{"rendered":"GNU Trapez Otomatik D\u00fczeltme"},"content":{"rendered":"<p>GNU Trapez Autofix, uygun \u015fekilde kullan\u0131ld\u0131\u011f\u0131nda a\u015f\u0131nmaya son derece dayan\u0131kl\u0131d\u0131r. \u00d6zel olarak koordine edilen geri y\u00fckleme ve \u00e7\u0131karma kuvveti, y\u00fcksek makine h\u0131zlar\u0131nda temiz k\u0131r\u0131\u015fma ve ard\u0131ndan katlama elde etmeye yard\u0131mc\u0131 olur. Autofix&#8217;in bu kendinden yap\u0131\u015fkanl\u0131 versiyonu, maksimum s\u00fcrekli y\u00fcklere dayanacak ve h\u0131zl\u0131 ve kolay uygulama ve s\u00f6kme gibi talepleri m\u00fcmk\u00fcn k\u0131lmak i\u00e7in \u00f6zel bir \u00fcretim s\u00fcrecinde geli\u015ftirilmi\u015ftir. GNU Trapez, g\u0131da i\u00e7in katlan\u0131r kutular\u0131n \u00fcretimi i\u00e7in g\u00fcvenli olarak onaylanm\u0131\u015ft\u0131r.<\/p>\n","protected":false},"excerpt":{"rendered":"<p>GNU Trapez Autofix, uygun \u015fekilde kullan\u0131ld\u0131\u011f\u0131nda a\u015f\u0131nmaya son derece dayan\u0131kl\u0131d\u0131r. \u00d6zel olarak koordine edilen geri y\u00fckleme ve \u00e7\u0131karma kuvveti, y\u00fcksek makine h\u0131zlar\u0131nda temiz k\u0131r\u0131\u015fma ve ard\u0131ndan katlama elde etmeye yard\u0131mc\u0131 olur.<\/p>\n","protected":false},"featured_media":147096,"template":"","meta":{"_acf_changed":false},"product_cat":[7575],"product_tag":[],"class_list":{"0":"post-147341","1":"product","2":"type-product","3":"status-publish","4":"has-post-thumbnail","6":"product_group-profiller","7":"product_cat-firlatma-malzemeleri","8":"pa_ablaengung-1-mde","9":"pa_hoehe-90-mm-x-60-mm-tr","10":"pa_profilbreite-12-mm-tr-2","12":"first","13":"instock","14":"purchasable","15":"product-type-simple"},"acf":[],"yoast_head":"<!-- This site is optimized with the Yoast SEO plugin v22.6 - https:\/\/yoast.com\/wordpress\/plugins\/seo\/ -->\n<title>GNU Trapez Otomatik D\u00fczeltme - August Graef GNU<\/title>\n<meta name=\"description\" content=\"GNU Trapez Autofix: kendinden yap\u0131\u015fkanl\u0131 \u2705 maksimum s\u00fcrekli y\u00fcklere dayan\u0131r \u2705 g\u0131da i\u00e7in katlan\u0131r kutular\u0131n \u00fcretimi i\u00e7in uygundur \u2705 buradan bilgi al\u0131n!\" \/>\n<meta name=\"robots\" content=\"index, follow, max-snippet:-1, max-image-preview:large, max-video-preview:-1\" \/>\n<link rel=\"canonical\" href=\"https:\/\/graef-gnu.com\/produkt\/gnu-trapez-autofix\/\" \/>\n<meta property=\"og:locale\" content=\"tr_TR\" \/>\n<meta property=\"og:type\" content=\"article\" \/>\n<meta property=\"og:title\" content=\"GNU Trapez Otomatik D\u00fczeltme - August Graef GNU\" \/>\n<meta property=\"og:description\" content=\"GNU Trapez Autofix: kendinden yap\u0131\u015fkanl\u0131 \u2705 maksimum s\u00fcrekli y\u00fcklere dayan\u0131r \u2705 g\u0131da i\u00e7in katlan\u0131r kutular\u0131n \u00fcretimi i\u00e7in uygundur \u2705 buradan bilgi al\u0131n!\" \/>\n<meta property=\"og:url\" content=\"https:\/\/graef-gnu.com\/produkt\/gnu-trapez-autofix\/\" \/>\n<meta property=\"og:site_name\" content=\"August Graef GNU\" \/>\n<meta property=\"article:modified_time\" content=\"2021-10-06T12:42:23+00:00\" \/>\n<meta property=\"og:image\" content=\"https:\/\/graef-gnu.com\/wp-content\/uploads\/gnu_trapez_autofix-3.jpg\" \/>\n\t<meta property=\"og:image:width\" content=\"890\" \/>\n\t<meta property=\"og:image:height\" content=\"300\" \/>\n\t<meta property=\"og:image:type\" content=\"image\/jpeg\" \/>\n<meta name=\"twitter:card\" content=\"summary_large_image\" \/>\n<meta name=\"twitter:label1\" content=\"Tahmini okuma s\u00fcresi\" \/>\n\t<meta name=\"twitter:data1\" content=\"1 dakika\" \/>\n<script type=\"application\/ld+json\" class=\"yoast-schema-graph\">{\"@context\":\"https:\/\/schema.org\",\"@graph\":[{\"@type\":\"WebPage\",\"@id\":\"https:\/\/graef-gnu.com\/produkt\/gnu-trapez-autofix\/\",\"url\":\"https:\/\/graef-gnu.com\/produkt\/gnu-trapez-autofix\/\",\"name\":\"GNU Trapez Otomatik D\u00fczeltme - August Graef GNU\",\"isPartOf\":{\"@id\":\"https:\/\/graef-gnu.com\/#website\"},\"primaryImageOfPage\":{\"@id\":\"https:\/\/graef-gnu.com\/produkt\/gnu-trapez-autofix\/#primaryimage\"},\"image\":{\"@id\":\"https:\/\/graef-gnu.com\/produkt\/gnu-trapez-autofix\/#primaryimage\"},\"thumbnailUrl\":\"https:\/\/graef-gnu.com\/wp-content\/uploads\/gnu_trapez_autofix-3.jpg\",\"datePublished\":\"2021-10-06T12:41:36+00:00\",\"dateModified\":\"2021-10-06T12:42:23+00:00\",\"description\":\"GNU Trapez Autofix: kendinden yap\u0131\u015fkanl\u0131 \u2705 maksimum s\u00fcrekli y\u00fcklere dayan\u0131r \u2705 g\u0131da i\u00e7in katlan\u0131r kutular\u0131n \u00fcretimi i\u00e7in uygundur \u2705 buradan bilgi al\u0131n!\",\"breadcrumb\":{\"@id\":\"https:\/\/graef-gnu.com\/produkt\/gnu-trapez-autofix\/#breadcrumb\"},\"inLanguage\":\"tr\",\"potentialAction\":[{\"@type\":\"ReadAction\",\"target\":[\"https:\/\/graef-gnu.com\/produkt\/gnu-trapez-autofix\/\"]}]},{\"@type\":\"ImageObject\",\"inLanguage\":\"tr\",\"@id\":\"https:\/\/graef-gnu.com\/produkt\/gnu-trapez-autofix\/#primaryimage\",\"url\":\"https:\/\/graef-gnu.com\/wp-content\/uploads\/gnu_trapez_autofix-3.jpg\",\"contentUrl\":\"https:\/\/graef-gnu.com\/wp-content\/uploads\/gnu_trapez_autofix-3.jpg\",\"width\":890,\"height\":300},{\"@type\":\"BreadcrumbList\",\"@id\":\"https:\/\/graef-gnu.com\/produkt\/gnu-trapez-autofix\/#breadcrumb\",\"itemListElement\":[{\"@type\":\"ListItem\",\"position\":1,\"name\":\"Startseite\",\"item\":\"https:\/\/graef-gnu.com\/tr\/\"},{\"@type\":\"ListItem\",\"position\":2,\"name\":\"\u00dcr\u00fcne Genel Bak\u0131\u015f\",\"item\":\"https:\/\/graef-gnu.com\/tr\/ueruene-genel-bakis\/\"},{\"@type\":\"ListItem\",\"position\":3,\"name\":\"GNU Trapez Otomatik D\u00fczeltme\"}]},{\"@type\":\"WebSite\",\"@id\":\"https:\/\/graef-gnu.com\/#website\",\"url\":\"https:\/\/graef-gnu.com\/\",\"name\":\"August Graef GNU\",\"description\":\"\",\"potentialAction\":[{\"@type\":\"SearchAction\",\"target\":{\"@type\":\"EntryPoint\",\"urlTemplate\":\"https:\/\/graef-gnu.com\/?s={search_term_string}\"},\"query-input\":\"required name=search_term_string\"}],\"inLanguage\":\"tr\"}]}<\/script>\n<!-- \/ Yoast SEO plugin. -->","yoast_head_json":{"title":"GNU Trapez Otomatik D\u00fczeltme - August Graef GNU","description":"GNU Trapez Autofix: kendinden yap\u0131\u015fkanl\u0131 \u2705 maksimum s\u00fcrekli y\u00fcklere dayan\u0131r \u2705 g\u0131da i\u00e7in katlan\u0131r kutular\u0131n \u00fcretimi i\u00e7in uygundur \u2705 buradan bilgi al\u0131n!","robots":{"index":"index","follow":"follow","max-snippet":"max-snippet:-1","max-image-preview":"max-image-preview:large","max-video-preview":"max-video-preview:-1"},"canonical":"https:\/\/graef-gnu.com\/produkt\/gnu-trapez-autofix\/","og_locale":"tr_TR","og_type":"article","og_title":"GNU Trapez Otomatik D\u00fczeltme - August Graef GNU","og_description":"GNU Trapez Autofix: kendinden yap\u0131\u015fkanl\u0131 \u2705 maksimum s\u00fcrekli y\u00fcklere dayan\u0131r \u2705 g\u0131da i\u00e7in katlan\u0131r kutular\u0131n \u00fcretimi i\u00e7in uygundur \u2705 buradan bilgi al\u0131n!","og_url":"https:\/\/graef-gnu.com\/produkt\/gnu-trapez-autofix\/","og_site_name":"August Graef GNU","article_modified_time":"2021-10-06T12:42:23+00:00","og_image":[{"width":890,"height":300,"url":"https:\/\/graef-gnu.com\/wp-content\/uploads\/gnu_trapez_autofix-3.jpg","type":"image\/jpeg"}],"twitter_card":"summary_large_image","twitter_misc":{"Tahmini okuma s\u00fcresi":"1 dakika"},"schema":{"@context":"https:\/\/schema.org","@graph":[{"@type":"WebPage","@id":"https:\/\/graef-gnu.com\/produkt\/gnu-trapez-autofix\/","url":"https:\/\/graef-gnu.com\/produkt\/gnu-trapez-autofix\/","name":"GNU Trapez Otomatik D\u00fczeltme - August Graef GNU","isPartOf":{"@id":"https:\/\/graef-gnu.com\/#website"},"primaryImageOfPage":{"@id":"https:\/\/graef-gnu.com\/produkt\/gnu-trapez-autofix\/#primaryimage"},"image":{"@id":"https:\/\/graef-gnu.com\/produkt\/gnu-trapez-autofix\/#primaryimage"},"thumbnailUrl":"https:\/\/graef-gnu.com\/wp-content\/uploads\/gnu_trapez_autofix-3.jpg","datePublished":"2021-10-06T12:41:36+00:00","dateModified":"2021-10-06T12:42:23+00:00","description":"GNU Trapez Autofix: kendinden yap\u0131\u015fkanl\u0131 \u2705 maksimum s\u00fcrekli y\u00fcklere dayan\u0131r \u2705 g\u0131da i\u00e7in katlan\u0131r kutular\u0131n \u00fcretimi i\u00e7in uygundur \u2705 buradan bilgi al\u0131n!","breadcrumb":{"@id":"https:\/\/graef-gnu.com\/produkt\/gnu-trapez-autofix\/#breadcrumb"},"inLanguage":"tr","potentialAction":[{"@type":"ReadAction","target":["https:\/\/graef-gnu.com\/produkt\/gnu-trapez-autofix\/"]}]},{"@type":"ImageObject","inLanguage":"tr","@id":"https:\/\/graef-gnu.com\/produkt\/gnu-trapez-autofix\/#primaryimage","url":"https:\/\/graef-gnu.com\/wp-content\/uploads\/gnu_trapez_autofix-3.jpg","contentUrl":"https:\/\/graef-gnu.com\/wp-content\/uploads\/gnu_trapez_autofix-3.jpg","width":890,"height":300},{"@type":"BreadcrumbList","@id":"https:\/\/graef-gnu.com\/produkt\/gnu-trapez-autofix\/#breadcrumb","itemListElement":[{"@type":"ListItem","position":1,"name":"Startseite","item":"https:\/\/graef-gnu.com\/tr\/"},{"@type":"ListItem","position":2,"name":"\u00dcr\u00fcne Genel Bak\u0131\u015f","item":"https:\/\/graef-gnu.com\/tr\/ueruene-genel-bakis\/"},{"@type":"ListItem","position":3,"name":"GNU Trapez Otomatik D\u00fczeltme"}]},{"@type":"WebSite","@id":"https:\/\/graef-gnu.com\/#website","url":"https:\/\/graef-gnu.com\/","name":"August Graef GNU","description":"","potentialAction":[{"@type":"SearchAction","target":{"@type":"EntryPoint","urlTemplate":"https:\/\/graef-gnu.com\/?s={search_term_string}"},"query-input":"required name=search_term_string"}],"inLanguage":"tr"}]}},"_links":{"self":[{"href":"https:\/\/graef-gnu.com\/tr\/wp-json\/wp\/v2\/product\/147341","targetHints":{"allow":["GET"]}}],"collection":[{"href":"https:\/\/graef-gnu.com\/tr\/wp-json\/wp\/v2\/product"}],"about":[{"href":"https:\/\/graef-gnu.com\/tr\/wp-json\/wp\/v2\/types\/product"}],"wp:featuredmedia":[{"embeddable":true,"href":"https:\/\/graef-gnu.com\/tr\/wp-json\/wp\/v2\/media\/147096"}],"wp:attachment":[{"href":"https:\/\/graef-gnu.com\/tr\/wp-json\/wp\/v2\/media?parent=147341"}],"wp:term":[{"taxonomy":"product_cat","embeddable":true,"href":"https:\/\/graef-gnu.com\/tr\/wp-json\/wp\/v2\/product_cat?post=147341"},{"taxonomy":"product_tag","embeddable":true,"href":"https:\/\/graef-gnu.com\/tr\/wp-json\/wp\/v2\/product_tag?post=147341"}],"curies":[{"name":"wp","href":"https:\/\/api.w.org\/{rel}","templated":true}]}}