{"id":147399,"date":"2021-02-11T11:04:28","date_gmt":"2021-10-06T12:44:21","guid":{"rendered":"https:\/\/www.graef-gnu.com\/produkt\/gnu-b2\/"},"modified":"2024-05-28T09:46:28","modified_gmt":"2024-05-28T07:46:28","slug":"gnu-b2-2","status":"publish","type":"product","link":"https:\/\/graef-gnu.com\/tr\/produkt\/gnu-b2-2\/","title":{"rendered":"GNU B2"},"content":{"rendered":"<p>GNU B2, katlamaya ek olarak s\u0131k\u0131\u015ft\u0131rma yoluyla daha sonra katlamay\u0131 kolayla\u015ft\u0131rmaya ve haz\u0131rlamaya yard\u0131mc\u0131 olur. GNU B2, g\u0131da i\u00e7in katlan\u0131r kutular\u0131n \u00fcretimi i\u00e7in g\u00fcvenli olarak onaylanm\u0131\u015ft\u0131r.<\/p>\n","protected":false},"excerpt":{"rendered":"<p>GNU B2, katlamaya ek olarak s\u0131k\u0131\u015ft\u0131rma yoluyla daha sonra katlamay\u0131 kolayla\u015ft\u0131rmaya ve haz\u0131rlamaya yard\u0131mc\u0131 olur.<\/p>\n","protected":false},"featured_media":147413,"template":"","meta":{"_acf_changed":false},"product_cat":[7575],"product_tag":[],"class_list":{"0":"post-147399","1":"product","2":"type-product","3":"status-publish","4":"has-post-thumbnail","6":"product_group-profiller","7":"product_cat-firlatma-malzemeleri","8":"pa_ablaengung-rol","9":"pa_hoehe-6-mm-5-mm-tr","10":"pa_hoehe-64-mm-tr","11":"pa_hoehe-70-mm-tr","12":"pa_hoehe-75-mm-tr","13":"pa_profilbreite-12-mm-tr","15":"first","16":"instock","17":"purchasable","18":"product-type-variable"},"acf":[],"yoast_head":"<!-- This site is optimized with the Yoast SEO plugin v22.6 - https:\/\/yoast.com\/wordpress\/plugins\/seo\/ -->\n<title>GNU B2 - August Graef GNU<\/title>\n<meta name=\"description\" content=\"NU B2, katlamaya ek olarak s\u0131k\u0131\u015ft\u0131rma yoluyla daha sonra katlamay\u0131 kolayla\u015ft\u0131rmaya ve haz\u0131rlamaya yard\u0131mc\u0131 olur - Daha fazlas\u0131n\u0131 buradan \u00f6\u011frenin!\" \/>\n<meta name=\"robots\" content=\"index, follow, max-snippet:-1, max-image-preview:large, max-video-preview:-1\" \/>\n<link rel=\"canonical\" href=\"https:\/\/graef-gnu.com\/tr\/produkt\/gnu-b2-2\/\" \/>\n<meta property=\"og:locale\" content=\"tr_TR\" \/>\n<meta property=\"og:type\" content=\"article\" \/>\n<meta property=\"og:title\" content=\"GNU B2 - August Graef GNU\" \/>\n<meta property=\"og:description\" content=\"NU B2, katlamaya ek olarak s\u0131k\u0131\u015ft\u0131rma yoluyla daha sonra katlamay\u0131 kolayla\u015ft\u0131rmaya ve haz\u0131rlamaya yard\u0131mc\u0131 olur - Daha fazlas\u0131n\u0131 buradan \u00f6\u011frenin!\" \/>\n<meta property=\"og:url\" content=\"https:\/\/graef-gnu.com\/tr\/produkt\/gnu-b2-2\/\" \/>\n<meta property=\"og:site_name\" content=\"August Graef GNU\" \/>\n<meta property=\"article:modified_time\" content=\"2024-05-28T07:46:28+00:00\" \/>\n<meta property=\"og:image\" content=\"https:\/\/graef-gnu.com\/wp-content\/uploads\/gnu_b2.jpg\" \/>\n\t<meta property=\"og:image:width\" content=\"890\" \/>\n\t<meta property=\"og:image:height\" content=\"300\" \/>\n\t<meta property=\"og:image:type\" content=\"image\/jpeg\" \/>\n<meta name=\"twitter:card\" content=\"summary_large_image\" \/>\n<script type=\"application\/ld+json\" class=\"yoast-schema-graph\">{\"@context\":\"https:\/\/schema.org\",\"@graph\":[{\"@type\":\"WebPage\",\"@id\":\"https:\/\/graef-gnu.com\/tr\/produkt\/gnu-b2-2\/\",\"url\":\"https:\/\/graef-gnu.com\/tr\/produkt\/gnu-b2-2\/\",\"name\":\"GNU B2 - August Graef GNU\",\"isPartOf\":{\"@id\":\"https:\/\/graef-gnu.com\/#website\"},\"primaryImageOfPage\":{\"@id\":\"https:\/\/graef-gnu.com\/tr\/produkt\/gnu-b2-2\/#primaryimage\"},\"image\":{\"@id\":\"https:\/\/graef-gnu.com\/tr\/produkt\/gnu-b2-2\/#primaryimage\"},\"thumbnailUrl\":\"https:\/\/graef-gnu.com\/wp-content\/uploads\/gnu_b2.jpg\",\"datePublished\":\"2021-10-06T12:44:21+00:00\",\"dateModified\":\"2024-05-28T07:46:28+00:00\",\"description\":\"NU B2, katlamaya ek olarak s\u0131k\u0131\u015ft\u0131rma yoluyla daha sonra katlamay\u0131 kolayla\u015ft\u0131rmaya ve haz\u0131rlamaya yard\u0131mc\u0131 olur - Daha fazlas\u0131n\u0131 buradan \u00f6\u011frenin!\",\"breadcrumb\":{\"@id\":\"https:\/\/graef-gnu.com\/tr\/produkt\/gnu-b2-2\/#breadcrumb\"},\"inLanguage\":\"tr\",\"potentialAction\":[{\"@type\":\"ReadAction\",\"target\":[\"https:\/\/graef-gnu.com\/tr\/produkt\/gnu-b2-2\/\"]}]},{\"@type\":\"ImageObject\",\"inLanguage\":\"tr\",\"@id\":\"https:\/\/graef-gnu.com\/tr\/produkt\/gnu-b2-2\/#primaryimage\",\"url\":\"https:\/\/graef-gnu.com\/wp-content\/uploads\/gnu_b2.jpg\",\"contentUrl\":\"https:\/\/graef-gnu.com\/wp-content\/uploads\/gnu_b2.jpg\",\"width\":890,\"height\":300},{\"@type\":\"BreadcrumbList\",\"@id\":\"https:\/\/graef-gnu.com\/tr\/produkt\/gnu-b2-2\/#breadcrumb\",\"itemListElement\":[{\"@type\":\"ListItem\",\"position\":1,\"name\":\"Startseite\",\"item\":\"https:\/\/graef-gnu.com\/tr\/\"},{\"@type\":\"ListItem\",\"position\":2,\"name\":\"\u00dcr\u00fcne Genel Bak\u0131\u015f\",\"item\":\"https:\/\/graef-gnu.com\/tr\/ueruene-genel-bakis\/\"},{\"@type\":\"ListItem\",\"position\":3,\"name\":\"GNU B2\"}]},{\"@type\":\"WebSite\",\"@id\":\"https:\/\/graef-gnu.com\/#website\",\"url\":\"https:\/\/graef-gnu.com\/\",\"name\":\"August Graef GNU\",\"description\":\"\",\"potentialAction\":[{\"@type\":\"SearchAction\",\"target\":{\"@type\":\"EntryPoint\",\"urlTemplate\":\"https:\/\/graef-gnu.com\/?s={search_term_string}\"},\"query-input\":\"required name=search_term_string\"}],\"inLanguage\":\"tr\"}]}<\/script>\n<!-- \/ Yoast SEO plugin. -->","yoast_head_json":{"title":"GNU B2 - August Graef GNU","description":"NU B2, katlamaya ek olarak s\u0131k\u0131\u015ft\u0131rma yoluyla daha sonra katlamay\u0131 kolayla\u015ft\u0131rmaya ve haz\u0131rlamaya yard\u0131mc\u0131 olur - Daha fazlas\u0131n\u0131 buradan \u00f6\u011frenin!","robots":{"index":"index","follow":"follow","max-snippet":"max-snippet:-1","max-image-preview":"max-image-preview:large","max-video-preview":"max-video-preview:-1"},"canonical":"https:\/\/graef-gnu.com\/tr\/produkt\/gnu-b2-2\/","og_locale":"tr_TR","og_type":"article","og_title":"GNU B2 - August Graef GNU","og_description":"NU B2, katlamaya ek olarak s\u0131k\u0131\u015ft\u0131rma yoluyla daha sonra katlamay\u0131 kolayla\u015ft\u0131rmaya ve haz\u0131rlamaya yard\u0131mc\u0131 olur - Daha fazlas\u0131n\u0131 buradan \u00f6\u011frenin!","og_url":"https:\/\/graef-gnu.com\/tr\/produkt\/gnu-b2-2\/","og_site_name":"August Graef GNU","article_modified_time":"2024-05-28T07:46:28+00:00","og_image":[{"width":890,"height":300,"url":"https:\/\/graef-gnu.com\/wp-content\/uploads\/gnu_b2.jpg","type":"image\/jpeg"}],"twitter_card":"summary_large_image","schema":{"@context":"https:\/\/schema.org","@graph":[{"@type":"WebPage","@id":"https:\/\/graef-gnu.com\/tr\/produkt\/gnu-b2-2\/","url":"https:\/\/graef-gnu.com\/tr\/produkt\/gnu-b2-2\/","name":"GNU B2 - August Graef GNU","isPartOf":{"@id":"https:\/\/graef-gnu.com\/#website"},"primaryImageOfPage":{"@id":"https:\/\/graef-gnu.com\/tr\/produkt\/gnu-b2-2\/#primaryimage"},"image":{"@id":"https:\/\/graef-gnu.com\/tr\/produkt\/gnu-b2-2\/#primaryimage"},"thumbnailUrl":"https:\/\/graef-gnu.com\/wp-content\/uploads\/gnu_b2.jpg","datePublished":"2021-10-06T12:44:21+00:00","dateModified":"2024-05-28T07:46:28+00:00","description":"NU B2, katlamaya ek olarak s\u0131k\u0131\u015ft\u0131rma yoluyla daha sonra katlamay\u0131 kolayla\u015ft\u0131rmaya ve haz\u0131rlamaya yard\u0131mc\u0131 olur - Daha fazlas\u0131n\u0131 buradan \u00f6\u011frenin!","breadcrumb":{"@id":"https:\/\/graef-gnu.com\/tr\/produkt\/gnu-b2-2\/#breadcrumb"},"inLanguage":"tr","potentialAction":[{"@type":"ReadAction","target":["https:\/\/graef-gnu.com\/tr\/produkt\/gnu-b2-2\/"]}]},{"@type":"ImageObject","inLanguage":"tr","@id":"https:\/\/graef-gnu.com\/tr\/produkt\/gnu-b2-2\/#primaryimage","url":"https:\/\/graef-gnu.com\/wp-content\/uploads\/gnu_b2.jpg","contentUrl":"https:\/\/graef-gnu.com\/wp-content\/uploads\/gnu_b2.jpg","width":890,"height":300},{"@type":"BreadcrumbList","@id":"https:\/\/graef-gnu.com\/tr\/produkt\/gnu-b2-2\/#breadcrumb","itemListElement":[{"@type":"ListItem","position":1,"name":"Startseite","item":"https:\/\/graef-gnu.com\/tr\/"},{"@type":"ListItem","position":2,"name":"\u00dcr\u00fcne Genel Bak\u0131\u015f","item":"https:\/\/graef-gnu.com\/tr\/ueruene-genel-bakis\/"},{"@type":"ListItem","position":3,"name":"GNU B2"}]},{"@type":"WebSite","@id":"https:\/\/graef-gnu.com\/#website","url":"https:\/\/graef-gnu.com\/","name":"August Graef GNU","description":"","potentialAction":[{"@type":"SearchAction","target":{"@type":"EntryPoint","urlTemplate":"https:\/\/graef-gnu.com\/?s={search_term_string}"},"query-input":"required name=search_term_string"}],"inLanguage":"tr"}]}},"_links":{"self":[{"href":"https:\/\/graef-gnu.com\/tr\/wp-json\/wp\/v2\/product\/147399","targetHints":{"allow":["GET"]}}],"collection":[{"href":"https:\/\/graef-gnu.com\/tr\/wp-json\/wp\/v2\/product"}],"about":[{"href":"https:\/\/graef-gnu.com\/tr\/wp-json\/wp\/v2\/types\/product"}],"wp:featuredmedia":[{"embeddable":true,"href":"https:\/\/graef-gnu.com\/tr\/wp-json\/wp\/v2\/media\/147413"}],"wp:attachment":[{"href":"https:\/\/graef-gnu.com\/tr\/wp-json\/wp\/v2\/media?parent=147399"}],"wp:term":[{"taxonomy":"product_cat","embeddable":true,"href":"https:\/\/graef-gnu.com\/tr\/wp-json\/wp\/v2\/product_cat?post=147399"},{"taxonomy":"product_tag","embeddable":true,"href":"https:\/\/graef-gnu.com\/tr\/wp-json\/wp\/v2\/product_tag?post=147399"}],"curies":[{"name":"wp","href":"https:\/\/api.w.org\/{rel}","templated":true}]}}