{"id":147420,"date":"2021-02-11T11:04:28","date_gmt":"2021-10-06T12:44:25","guid":{"rendered":"https:\/\/www.graef-gnu.com\/produkt\/gnu-cushioncrease\/"},"modified":"2021-10-06T14:44:25","modified_gmt":"2021-10-06T12:44:25","slug":"gnu-yastik-kirismasi","status":"publish","type":"product","link":"https:\/\/graef-gnu.com\/tr\/produkt\/gnu-yastik-kirismasi\/","title":{"rendered":"GNU CushionCrease"},"content":{"rendered":"<p>Kapsaml\u0131 s\u0131k\u0131\u015ft\u0131rmas\u0131 sayesinde bu profil, k\u0131r\u0131\u015fmay\u0131 ve m\u00fcteakip katlamay\u0131 kolayla\u015ft\u0131rmaya ve bunlar\u0131 en uygun \u015fekilde haz\u0131rlamaya yard\u0131mc\u0131 olur. Bu kapsaml\u0131 s\u0131k\u0131\u015ft\u0131rma ve \u00f6zel \u015fekli sayesinde bu \u00fcr\u00fcn ayn\u0131 zamanda \u00e7oklu dalgalar i\u00e7in de uygundur. GNU CushionCrease, g\u0131da i\u00e7in karton kutu \u00fcretimi i\u00e7in g\u00fcvenli olarak onaylanm\u0131\u015ft\u0131r.<\/p>\n","protected":false},"excerpt":{"rendered":"<p>Kapsaml\u0131 s\u0131k\u0131\u015ft\u0131rmas\u0131 sayesinde bu profil, k\u0131r\u0131\u015fmay\u0131 ve m\u00fcteakip katlamay\u0131 kolayla\u015ft\u0131rmaya ve bunlar\u0131 en uygun \u015fekilde haz\u0131rlamaya yard\u0131mc\u0131 olur. Bu kapsaml\u0131 s\u0131k\u0131\u015ft\u0131rma ve \u00f6zel \u015fekli sayesinde bu \u00fcr\u00fcn ayn\u0131 zamanda \u00e7oklu dalgalar i\u00e7in de uygundur.<\/p>\n","protected":false},"featured_media":147452,"template":"","meta":{"_acf_changed":false},"product_cat":[7575],"product_tag":[],"class_list":{"0":"post-147420","1":"product","2":"type-product","3":"status-publish","4":"has-post-thumbnail","6":"product_group-profiller","7":"product_cat-firlatma-malzemeleri","8":"pa_ablaengung-rol","9":"pa_hoehe-10-0-mm-tr","10":"pa_hoehe-11-mm-tr-2","11":"pa_hoehe-45-mm-tr-2","12":"pa_hoehe-57-mm-tr","13":"pa_hoehe-5-0-mm-tr","14":"pa_hoehe-5-5-mm-tr","15":"pa_hoehe-6-mm-5-mm-tr","16":"pa_hoehe-60-mm-tr-2","17":"pa_hoehe-635-mm-tr","18":"pa_hoehe-6-99-mm-tr","19":"pa_hoehe-70-mm-tr","20":"pa_hoehe-75-mm-tr","21":"pa_hoehe-8-mm-7-mm-tr","22":"pa_hoehe-80-mm-tr-2","23":"pa_hoehe-85-mm-tr","24":"pa_hoehe-90-mm-tr","25":"pa_hoehe-94-mm-tr","26":"pa_hoehe-95-mm-tr","27":"pa_hoehe-965-mm-tr","28":"pa_hoehe-97-mm-tr","30":"first","31":"instock","32":"purchasable","33":"product-type-variable"},"acf":[],"yoast_head":"<!-- This site is optimized with the Yoast SEO plugin v22.6 - https:\/\/yoast.com\/wordpress\/plugins\/seo\/ -->\n<title>GNU CushionCrease - August Graef GNU<\/title>\n<meta name=\"description\" content=\"GNU CushionCrease profili: \u00e7oklu dalgalar i\u00e7in kapsaml\u0131 s\u0131k\u0131\u015ft\u0131rma ve \u00f6zel \u015fekil \u2705 Buradan bilgi al\u0131n ve \u00e7evrimi\u00e7i olarak sorgulay\u0131n!\" \/>\n<meta name=\"robots\" content=\"index, follow, max-snippet:-1, max-image-preview:large, max-video-preview:-1\" \/>\n<link rel=\"canonical\" href=\"https:\/\/graef-gnu.com\/produkt\/gnu-cushioncrease\/\" \/>\n<meta property=\"og:locale\" content=\"tr_TR\" \/>\n<meta property=\"og:type\" content=\"article\" \/>\n<meta property=\"og:title\" content=\"GNU CushionCrease - August Graef GNU\" \/>\n<meta property=\"og:description\" content=\"GNU CushionCrease profili: \u00e7oklu dalgalar i\u00e7in kapsaml\u0131 s\u0131k\u0131\u015ft\u0131rma ve \u00f6zel \u015fekil \u2705 Buradan bilgi al\u0131n ve \u00e7evrimi\u00e7i olarak sorgulay\u0131n!\" \/>\n<meta property=\"og:url\" content=\"https:\/\/graef-gnu.com\/produkt\/gnu-cushioncrease\/\" \/>\n<meta property=\"og:site_name\" content=\"August Graef GNU\" \/>\n<meta property=\"og:image\" content=\"https:\/\/graef-gnu.com\/wp-content\/uploads\/gnu_cushion_crease-2.jpg\" \/>\n\t<meta property=\"og:image:width\" content=\"890\" \/>\n\t<meta property=\"og:image:height\" content=\"300\" \/>\n\t<meta property=\"og:image:type\" content=\"image\/jpeg\" \/>\n<meta name=\"twitter:card\" content=\"summary_large_image\" \/>\n<script type=\"application\/ld+json\" class=\"yoast-schema-graph\">{\"@context\":\"https:\/\/schema.org\",\"@graph\":[{\"@type\":\"WebPage\",\"@id\":\"https:\/\/graef-gnu.com\/produkt\/gnu-cushioncrease\/\",\"url\":\"https:\/\/graef-gnu.com\/produkt\/gnu-cushioncrease\/\",\"name\":\"GNU CushionCrease - August Graef GNU\",\"isPartOf\":{\"@id\":\"https:\/\/graef-gnu.com\/#website\"},\"primaryImageOfPage\":{\"@id\":\"https:\/\/graef-gnu.com\/produkt\/gnu-cushioncrease\/#primaryimage\"},\"image\":{\"@id\":\"https:\/\/graef-gnu.com\/produkt\/gnu-cushioncrease\/#primaryimage\"},\"thumbnailUrl\":\"https:\/\/graef-gnu.com\/wp-content\/uploads\/gnu_cushion_crease-2.jpg\",\"datePublished\":\"2021-10-06T12:44:25+00:00\",\"dateModified\":\"2021-10-06T12:44:25+00:00\",\"description\":\"GNU CushionCrease profili: \u00e7oklu dalgalar i\u00e7in kapsaml\u0131 s\u0131k\u0131\u015ft\u0131rma ve \u00f6zel \u015fekil \u2705 Buradan bilgi al\u0131n ve \u00e7evrimi\u00e7i olarak sorgulay\u0131n!\",\"breadcrumb\":{\"@id\":\"https:\/\/graef-gnu.com\/produkt\/gnu-cushioncrease\/#breadcrumb\"},\"inLanguage\":\"tr\",\"potentialAction\":[{\"@type\":\"ReadAction\",\"target\":[\"https:\/\/graef-gnu.com\/produkt\/gnu-cushioncrease\/\"]}]},{\"@type\":\"ImageObject\",\"inLanguage\":\"tr\",\"@id\":\"https:\/\/graef-gnu.com\/produkt\/gnu-cushioncrease\/#primaryimage\",\"url\":\"https:\/\/graef-gnu.com\/wp-content\/uploads\/gnu_cushion_crease-2.jpg\",\"contentUrl\":\"https:\/\/graef-gnu.com\/wp-content\/uploads\/gnu_cushion_crease-2.jpg\",\"width\":890,\"height\":300},{\"@type\":\"BreadcrumbList\",\"@id\":\"https:\/\/graef-gnu.com\/produkt\/gnu-cushioncrease\/#breadcrumb\",\"itemListElement\":[{\"@type\":\"ListItem\",\"position\":1,\"name\":\"Startseite\",\"item\":\"https:\/\/graef-gnu.com\/tr\/\"},{\"@type\":\"ListItem\",\"position\":2,\"name\":\"\u00dcr\u00fcne Genel Bak\u0131\u015f\",\"item\":\"https:\/\/graef-gnu.com\/tr\/ueruene-genel-bakis\/\"},{\"@type\":\"ListItem\",\"position\":3,\"name\":\"GNU CushionCrease\"}]},{\"@type\":\"WebSite\",\"@id\":\"https:\/\/graef-gnu.com\/#website\",\"url\":\"https:\/\/graef-gnu.com\/\",\"name\":\"August Graef GNU\",\"description\":\"\",\"potentialAction\":[{\"@type\":\"SearchAction\",\"target\":{\"@type\":\"EntryPoint\",\"urlTemplate\":\"https:\/\/graef-gnu.com\/?s={search_term_string}\"},\"query-input\":\"required name=search_term_string\"}],\"inLanguage\":\"tr\"}]}<\/script>\n<!-- \/ Yoast SEO plugin. -->","yoast_head_json":{"title":"GNU CushionCrease - August Graef GNU","description":"GNU CushionCrease profili: \u00e7oklu dalgalar i\u00e7in kapsaml\u0131 s\u0131k\u0131\u015ft\u0131rma ve \u00f6zel \u015fekil \u2705 Buradan bilgi al\u0131n ve \u00e7evrimi\u00e7i olarak sorgulay\u0131n!","robots":{"index":"index","follow":"follow","max-snippet":"max-snippet:-1","max-image-preview":"max-image-preview:large","max-video-preview":"max-video-preview:-1"},"canonical":"https:\/\/graef-gnu.com\/produkt\/gnu-cushioncrease\/","og_locale":"tr_TR","og_type":"article","og_title":"GNU CushionCrease - August Graef GNU","og_description":"GNU CushionCrease profili: \u00e7oklu dalgalar i\u00e7in kapsaml\u0131 s\u0131k\u0131\u015ft\u0131rma ve \u00f6zel \u015fekil \u2705 Buradan bilgi al\u0131n ve \u00e7evrimi\u00e7i olarak sorgulay\u0131n!","og_url":"https:\/\/graef-gnu.com\/produkt\/gnu-cushioncrease\/","og_site_name":"August Graef GNU","og_image":[{"width":890,"height":300,"url":"https:\/\/graef-gnu.com\/wp-content\/uploads\/gnu_cushion_crease-2.jpg","type":"image\/jpeg"}],"twitter_card":"summary_large_image","schema":{"@context":"https:\/\/schema.org","@graph":[{"@type":"WebPage","@id":"https:\/\/graef-gnu.com\/produkt\/gnu-cushioncrease\/","url":"https:\/\/graef-gnu.com\/produkt\/gnu-cushioncrease\/","name":"GNU CushionCrease - August Graef GNU","isPartOf":{"@id":"https:\/\/graef-gnu.com\/#website"},"primaryImageOfPage":{"@id":"https:\/\/graef-gnu.com\/produkt\/gnu-cushioncrease\/#primaryimage"},"image":{"@id":"https:\/\/graef-gnu.com\/produkt\/gnu-cushioncrease\/#primaryimage"},"thumbnailUrl":"https:\/\/graef-gnu.com\/wp-content\/uploads\/gnu_cushion_crease-2.jpg","datePublished":"2021-10-06T12:44:25+00:00","dateModified":"2021-10-06T12:44:25+00:00","description":"GNU CushionCrease profili: \u00e7oklu dalgalar i\u00e7in kapsaml\u0131 s\u0131k\u0131\u015ft\u0131rma ve \u00f6zel \u015fekil \u2705 Buradan bilgi al\u0131n ve \u00e7evrimi\u00e7i olarak sorgulay\u0131n!","breadcrumb":{"@id":"https:\/\/graef-gnu.com\/produkt\/gnu-cushioncrease\/#breadcrumb"},"inLanguage":"tr","potentialAction":[{"@type":"ReadAction","target":["https:\/\/graef-gnu.com\/produkt\/gnu-cushioncrease\/"]}]},{"@type":"ImageObject","inLanguage":"tr","@id":"https:\/\/graef-gnu.com\/produkt\/gnu-cushioncrease\/#primaryimage","url":"https:\/\/graef-gnu.com\/wp-content\/uploads\/gnu_cushion_crease-2.jpg","contentUrl":"https:\/\/graef-gnu.com\/wp-content\/uploads\/gnu_cushion_crease-2.jpg","width":890,"height":300},{"@type":"BreadcrumbList","@id":"https:\/\/graef-gnu.com\/produkt\/gnu-cushioncrease\/#breadcrumb","itemListElement":[{"@type":"ListItem","position":1,"name":"Startseite","item":"https:\/\/graef-gnu.com\/tr\/"},{"@type":"ListItem","position":2,"name":"\u00dcr\u00fcne Genel Bak\u0131\u015f","item":"https:\/\/graef-gnu.com\/tr\/ueruene-genel-bakis\/"},{"@type":"ListItem","position":3,"name":"GNU CushionCrease"}]},{"@type":"WebSite","@id":"https:\/\/graef-gnu.com\/#website","url":"https:\/\/graef-gnu.com\/","name":"August Graef GNU","description":"","potentialAction":[{"@type":"SearchAction","target":{"@type":"EntryPoint","urlTemplate":"https:\/\/graef-gnu.com\/?s={search_term_string}"},"query-input":"required name=search_term_string"}],"inLanguage":"tr"}]}},"_links":{"self":[{"href":"https:\/\/graef-gnu.com\/tr\/wp-json\/wp\/v2\/product\/147420","targetHints":{"allow":["GET"]}}],"collection":[{"href":"https:\/\/graef-gnu.com\/tr\/wp-json\/wp\/v2\/product"}],"about":[{"href":"https:\/\/graef-gnu.com\/tr\/wp-json\/wp\/v2\/types\/product"}],"wp:featuredmedia":[{"embeddable":true,"href":"https:\/\/graef-gnu.com\/tr\/wp-json\/wp\/v2\/media\/147452"}],"wp:attachment":[{"href":"https:\/\/graef-gnu.com\/tr\/wp-json\/wp\/v2\/media?parent=147420"}],"wp:term":[{"taxonomy":"product_cat","embeddable":true,"href":"https:\/\/graef-gnu.com\/tr\/wp-json\/wp\/v2\/product_cat?post=147420"},{"taxonomy":"product_tag","embeddable":true,"href":"https:\/\/graef-gnu.com\/tr\/wp-json\/wp\/v2\/product_tag?post=147420"}],"curies":[{"name":"wp","href":"https:\/\/api.w.org\/{rel}","templated":true}]}}