{"id":147520,"date":"2021-04-22T13:46:30","date_gmt":"2021-10-06T12:44:34","guid":{"rendered":"https:\/\/www.graef-gnu.com\/produkt\/gnu-c3-otomatik-duzeltme\/"},"modified":"2021-10-06T14:44:34","modified_gmt":"2021-10-06T12:44:34","slug":"gnu-c3-otomatik-duezeltme","status":"publish","type":"product","link":"https:\/\/graef-gnu.com\/tr\/produkt\/gnu-c3-otomatik-duezeltme\/","title":{"rendered":"GNU C3 Otomatik D\u00fczeltme"},"content":{"rendered":"<p>C3 profilinin ara par\u00e7alar\u0131, PENTRA katlama cihaz\u0131n\u0131n katlama hatt\u0131nda kullan\u0131lmas\u0131n\u0131 kolayla\u015ft\u0131r\u0131r ve birlikte kullan\u0131ld\u0131\u011f\u0131nda m\u00fckemmel katlama sonu\u00e7lar\u0131 sa\u011flar.<br \/>\nGNU C3, g\u0131da i\u00e7in katlan\u0131r kutular\u0131n \u00fcretimi i\u00e7in g\u00fcvenli olarak onaylanm\u0131\u015ft\u0131r. Autofix&#8217;in bu kendinden yap\u0131\u015fkanl\u0131 versiyonu \u00f6zel bir \u00fcretim s\u00fcrecinde geli\u015ftirilmi\u015ftir.<br \/>\nmaksimum s\u00fcrekli y\u00fcklere dayanmak ve h\u0131zl\u0131 ve kolay uygulama ve s\u00f6kme gibi taleplere olanak sa\u011flamak.<\/p>\n","protected":false},"excerpt":{"rendered":"<p>C3 profilinin ara par\u00e7alar\u0131, PENTRA katlama cihaz\u0131n\u0131n katlama hatt\u0131nda kullan\u0131lmas\u0131n\u0131 kolayla\u015ft\u0131r\u0131r ve birlikte kullan\u0131ld\u0131\u011f\u0131nda m\u00fckemmel katlama sonu\u00e7lar\u0131 sa\u011flar.<\/p>\n","protected":false},"featured_media":147526,"template":"","meta":{"_acf_changed":false},"product_cat":[7575],"product_tag":[],"class_list":{"0":"post-147520","1":"product","2":"type-product","3":"status-publish","4":"has-post-thumbnail","6":"product_cat-firlatma-malzemeleri","7":"pa_ablaengung-1-mde","8":"pa_ablaengung-rol","9":"pa_hoehe-70-mm-tr","10":"pa_hoehe-73-mm-tr","11":"pa_profilbreite-12-mm-tr","13":"first","14":"instock","15":"purchasable","16":"product-type-variable"},"acf":[],"yoast_head":"<!-- This site is optimized with the Yoast SEO plugin v22.6 - https:\/\/yoast.com\/wordpress\/plugins\/seo\/ -->\n<title>GNU C3 Otomatik D\u00fczeltme - August Graef GNU<\/title>\n<meta name=\"description\" content=\"Spacer C3 profili, PENTRA katlama cihaz\u0131n\u0131 katlama hatt\u0131nda kullanmay\u0131 kolayla\u015ft\u0131r\u0131r ve birlikte kullan\u0131ld\u0131\u011f\u0131nda m\u00fckemmel katlama sonu\u00e7lar\u0131 sa\u011flar. Buradan bilgi al\u0131n!\" \/>\n<meta name=\"robots\" content=\"index, follow, max-snippet:-1, max-image-preview:large, max-video-preview:-1\" \/>\n<link rel=\"canonical\" href=\"https:\/\/graef-gnu.com\/produkt\/gnu-c3-autofix\/\" \/>\n<meta property=\"og:locale\" content=\"tr_TR\" \/>\n<meta property=\"og:type\" content=\"article\" \/>\n<meta property=\"og:title\" content=\"GNU C3 Otomatik D\u00fczeltme - August Graef GNU\" \/>\n<meta property=\"og:description\" content=\"Spacer C3 profili, PENTRA katlama cihaz\u0131n\u0131 katlama hatt\u0131nda kullanmay\u0131 kolayla\u015ft\u0131r\u0131r ve birlikte kullan\u0131ld\u0131\u011f\u0131nda m\u00fckemmel katlama sonu\u00e7lar\u0131 sa\u011flar. Buradan bilgi al\u0131n!\" \/>\n<meta property=\"og:url\" content=\"https:\/\/graef-gnu.com\/produkt\/gnu-c3-autofix\/\" \/>\n<meta property=\"og:site_name\" content=\"August Graef GNU\" \/>\n<meta property=\"og:image\" content=\"https:\/\/graef-gnu.com\/wp-content\/uploads\/gnu_c3_autofix.jpg\" \/>\n\t<meta property=\"og:image:width\" content=\"890\" \/>\n\t<meta property=\"og:image:height\" content=\"300\" \/>\n\t<meta property=\"og:image:type\" content=\"image\/jpeg\" \/>\n<meta name=\"twitter:card\" content=\"summary_large_image\" \/>\n<script type=\"application\/ld+json\" class=\"yoast-schema-graph\">{\"@context\":\"https:\/\/schema.org\",\"@graph\":[{\"@type\":\"WebPage\",\"@id\":\"https:\/\/graef-gnu.com\/produkt\/gnu-c3-autofix\/\",\"url\":\"https:\/\/graef-gnu.com\/produkt\/gnu-c3-autofix\/\",\"name\":\"GNU C3 Otomatik D\u00fczeltme - August Graef GNU\",\"isPartOf\":{\"@id\":\"https:\/\/graef-gnu.com\/#website\"},\"primaryImageOfPage\":{\"@id\":\"https:\/\/graef-gnu.com\/produkt\/gnu-c3-autofix\/#primaryimage\"},\"image\":{\"@id\":\"https:\/\/graef-gnu.com\/produkt\/gnu-c3-autofix\/#primaryimage\"},\"thumbnailUrl\":\"https:\/\/graef-gnu.com\/wp-content\/uploads\/gnu_c3_autofix.jpg\",\"datePublished\":\"2021-10-06T12:44:34+00:00\",\"dateModified\":\"2021-10-06T12:44:34+00:00\",\"description\":\"Spacer C3 profili, PENTRA katlama cihaz\u0131n\u0131 katlama hatt\u0131nda kullanmay\u0131 kolayla\u015ft\u0131r\u0131r ve birlikte kullan\u0131ld\u0131\u011f\u0131nda m\u00fckemmel katlama sonu\u00e7lar\u0131 sa\u011flar. Buradan bilgi al\u0131n!\",\"breadcrumb\":{\"@id\":\"https:\/\/graef-gnu.com\/produkt\/gnu-c3-autofix\/#breadcrumb\"},\"inLanguage\":\"tr\",\"potentialAction\":[{\"@type\":\"ReadAction\",\"target\":[\"https:\/\/graef-gnu.com\/produkt\/gnu-c3-autofix\/\"]}]},{\"@type\":\"ImageObject\",\"inLanguage\":\"tr\",\"@id\":\"https:\/\/graef-gnu.com\/produkt\/gnu-c3-autofix\/#primaryimage\",\"url\":\"https:\/\/graef-gnu.com\/wp-content\/uploads\/gnu_c3_autofix.jpg\",\"contentUrl\":\"https:\/\/graef-gnu.com\/wp-content\/uploads\/gnu_c3_autofix.jpg\",\"width\":890,\"height\":300},{\"@type\":\"BreadcrumbList\",\"@id\":\"https:\/\/graef-gnu.com\/produkt\/gnu-c3-autofix\/#breadcrumb\",\"itemListElement\":[{\"@type\":\"ListItem\",\"position\":1,\"name\":\"Startseite\",\"item\":\"https:\/\/graef-gnu.com\/tr\/\"},{\"@type\":\"ListItem\",\"position\":2,\"name\":\"\u00dcr\u00fcne Genel Bak\u0131\u015f\",\"item\":\"https:\/\/graef-gnu.com\/tr\/ueruene-genel-bakis\/\"},{\"@type\":\"ListItem\",\"position\":3,\"name\":\"GNU C3 Otomatik D\u00fczeltme\"}]},{\"@type\":\"WebSite\",\"@id\":\"https:\/\/graef-gnu.com\/#website\",\"url\":\"https:\/\/graef-gnu.com\/\",\"name\":\"August Graef GNU\",\"description\":\"\",\"potentialAction\":[{\"@type\":\"SearchAction\",\"target\":{\"@type\":\"EntryPoint\",\"urlTemplate\":\"https:\/\/graef-gnu.com\/?s={search_term_string}\"},\"query-input\":\"required name=search_term_string\"}],\"inLanguage\":\"tr\"}]}<\/script>\n<!-- \/ Yoast SEO plugin. -->","yoast_head_json":{"title":"GNU C3 Otomatik D\u00fczeltme - August Graef GNU","description":"Spacer C3 profili, PENTRA katlama cihaz\u0131n\u0131 katlama hatt\u0131nda kullanmay\u0131 kolayla\u015ft\u0131r\u0131r ve birlikte kullan\u0131ld\u0131\u011f\u0131nda m\u00fckemmel katlama sonu\u00e7lar\u0131 sa\u011flar. Buradan bilgi al\u0131n!","robots":{"index":"index","follow":"follow","max-snippet":"max-snippet:-1","max-image-preview":"max-image-preview:large","max-video-preview":"max-video-preview:-1"},"canonical":"https:\/\/graef-gnu.com\/produkt\/gnu-c3-autofix\/","og_locale":"tr_TR","og_type":"article","og_title":"GNU C3 Otomatik D\u00fczeltme - August Graef GNU","og_description":"Spacer C3 profili, PENTRA katlama cihaz\u0131n\u0131 katlama hatt\u0131nda kullanmay\u0131 kolayla\u015ft\u0131r\u0131r ve birlikte kullan\u0131ld\u0131\u011f\u0131nda m\u00fckemmel katlama sonu\u00e7lar\u0131 sa\u011flar. Buradan bilgi al\u0131n!","og_url":"https:\/\/graef-gnu.com\/produkt\/gnu-c3-autofix\/","og_site_name":"August Graef GNU","og_image":[{"width":890,"height":300,"url":"https:\/\/graef-gnu.com\/wp-content\/uploads\/gnu_c3_autofix.jpg","type":"image\/jpeg"}],"twitter_card":"summary_large_image","schema":{"@context":"https:\/\/schema.org","@graph":[{"@type":"WebPage","@id":"https:\/\/graef-gnu.com\/produkt\/gnu-c3-autofix\/","url":"https:\/\/graef-gnu.com\/produkt\/gnu-c3-autofix\/","name":"GNU C3 Otomatik D\u00fczeltme - August Graef GNU","isPartOf":{"@id":"https:\/\/graef-gnu.com\/#website"},"primaryImageOfPage":{"@id":"https:\/\/graef-gnu.com\/produkt\/gnu-c3-autofix\/#primaryimage"},"image":{"@id":"https:\/\/graef-gnu.com\/produkt\/gnu-c3-autofix\/#primaryimage"},"thumbnailUrl":"https:\/\/graef-gnu.com\/wp-content\/uploads\/gnu_c3_autofix.jpg","datePublished":"2021-10-06T12:44:34+00:00","dateModified":"2021-10-06T12:44:34+00:00","description":"Spacer C3 profili, PENTRA katlama cihaz\u0131n\u0131 katlama hatt\u0131nda kullanmay\u0131 kolayla\u015ft\u0131r\u0131r ve birlikte kullan\u0131ld\u0131\u011f\u0131nda m\u00fckemmel katlama sonu\u00e7lar\u0131 sa\u011flar. Buradan bilgi al\u0131n!","breadcrumb":{"@id":"https:\/\/graef-gnu.com\/produkt\/gnu-c3-autofix\/#breadcrumb"},"inLanguage":"tr","potentialAction":[{"@type":"ReadAction","target":["https:\/\/graef-gnu.com\/produkt\/gnu-c3-autofix\/"]}]},{"@type":"ImageObject","inLanguage":"tr","@id":"https:\/\/graef-gnu.com\/produkt\/gnu-c3-autofix\/#primaryimage","url":"https:\/\/graef-gnu.com\/wp-content\/uploads\/gnu_c3_autofix.jpg","contentUrl":"https:\/\/graef-gnu.com\/wp-content\/uploads\/gnu_c3_autofix.jpg","width":890,"height":300},{"@type":"BreadcrumbList","@id":"https:\/\/graef-gnu.com\/produkt\/gnu-c3-autofix\/#breadcrumb","itemListElement":[{"@type":"ListItem","position":1,"name":"Startseite","item":"https:\/\/graef-gnu.com\/tr\/"},{"@type":"ListItem","position":2,"name":"\u00dcr\u00fcne Genel Bak\u0131\u015f","item":"https:\/\/graef-gnu.com\/tr\/ueruene-genel-bakis\/"},{"@type":"ListItem","position":3,"name":"GNU C3 Otomatik D\u00fczeltme"}]},{"@type":"WebSite","@id":"https:\/\/graef-gnu.com\/#website","url":"https:\/\/graef-gnu.com\/","name":"August Graef GNU","description":"","potentialAction":[{"@type":"SearchAction","target":{"@type":"EntryPoint","urlTemplate":"https:\/\/graef-gnu.com\/?s={search_term_string}"},"query-input":"required name=search_term_string"}],"inLanguage":"tr"}]}},"_links":{"self":[{"href":"https:\/\/graef-gnu.com\/tr\/wp-json\/wp\/v2\/product\/147520","targetHints":{"allow":["GET"]}}],"collection":[{"href":"https:\/\/graef-gnu.com\/tr\/wp-json\/wp\/v2\/product"}],"about":[{"href":"https:\/\/graef-gnu.com\/tr\/wp-json\/wp\/v2\/types\/product"}],"wp:featuredmedia":[{"embeddable":true,"href":"https:\/\/graef-gnu.com\/tr\/wp-json\/wp\/v2\/media\/147526"}],"wp:attachment":[{"href":"https:\/\/graef-gnu.com\/tr\/wp-json\/wp\/v2\/media?parent=147520"}],"wp:term":[{"taxonomy":"product_cat","embeddable":true,"href":"https:\/\/graef-gnu.com\/tr\/wp-json\/wp\/v2\/product_cat?post=147520"},{"taxonomy":"product_tag","embeddable":true,"href":"https:\/\/graef-gnu.com\/tr\/wp-json\/wp\/v2\/product_tag?post=147520"}],"curies":[{"name":"wp","href":"https:\/\/api.w.org\/{rel}","templated":true}]}}