{"id":147760,"date":"2021-02-11T11:07:47","date_gmt":"2021-10-06T12:49:01","guid":{"rendered":"https:\/\/www.graef-gnu.com\/produkt\/creasetec-coklu-r\/"},"modified":"2021-10-06T14:59:13","modified_gmt":"2021-10-06T12:59:13","slug":"creasetec-multi-r","status":"publish","type":"product","link":"https:\/\/graef-gnu.com\/tr\/produkt\/creasetec-multi-r\/","title":{"rendered":"Creasetec<sup>&reg;<\/sup>-\u00c7oklu R"},"content":{"rendered":"<p>Creasetec<sup>&reg;<\/sup>-Multi R, z\u0131mbalanacak malzemeye a\u00e7\u0131lmas\u0131 i\u00e7in daha fazla alan sa\u011flayan ve \u00fcst katman\u0131n k\u0131r\u0131lmas\u0131n\u0131 \u00f6nleyen delikli bir k\u0131rma kafa hatt\u0131d\u0131r. Klas\u00f6r yap\u0131\u015ft\u0131r\u0131c\u0131s\u0131nda i\u015flemek i\u00e7in idealdir. Ayr\u0131ca t\u00fcm \u00e7aplarda b\u00fck\u00fclm\u00fc\u015f olarak mevcuttur.<\/p>\n","protected":false},"excerpt":{"rendered":"<p>Creasetec<sup>&reg;<\/sup>-Multi R, z\u0131mbalanacak malzemeye a\u00e7\u0131lmas\u0131 i\u00e7in daha fazla alan sa\u011flayan ve \u00fcst katman\u0131n k\u0131r\u0131lmas\u0131n\u0131 \u00f6nleyen delikli bir k\u0131rma kafa hatt\u0131d\u0131r. Klas\u00f6r yap\u0131\u015ft\u0131r\u0131c\u0131s\u0131nda i\u015flemek i\u00e7in idealdir.<\/p>\n","protected":false},"featured_media":147798,"template":"","meta":{"_acf_changed":false},"product_cat":[7574],"product_tag":[],"class_list":{"0":"post-147760","1":"product","2":"type-product","3":"status-publish","4":"has-post-thumbnail","6":"product_group-oluklar","7":"product_cat-doener-kalip-kesme","8":"pa_ablaengung-yuezuekte","9":"pa_hoehe-210-mm-tr","10":"pa_hoehe-216-mm-tr","11":"pa_hoehe-217-mm-tr","12":"pa_hoehe-220-mm-tr","13":"pa_hoehe-221-mm-tr","14":"pa_hoehe-222-mm-tr","15":"pa_hoehe-224-mm-tr","16":"pa_hoehe-225-mm-tr","17":"pa_hoehe-226-mm-tr","18":"pa_hoehe-228-mm-tr","19":"pa_hoehe-230-mm-tr","20":"pa_hoehe-232-mm-tr","21":"pa_hoehe-233-mm-tr","22":"pa_hoehe-236-mm-tr","23":"pa_hoehe-238-mm-tr","24":"pa_hoehe-23-4-mm-tr","25":"pa_hoehe-240-mm-tr","26":"pa_hoehe-241-mm-tr","27":"pa_hoehe-254-mm-tr","28":"pa_nuten-oluklar-ile","29":"pa_nuten-yok","30":"pa_staerke-breite-4-8-nokta","31":"pa_wicklung-durchmesser-177-mm-tr","32":"pa_wicklung-durchmesser-270-mm-tr","33":"pa_wicklung-durchmesser-366-mm-tr","34":"pa_wicklung-durchmesser-487-mm-tr","35":"pa_wicklung-durchmesser-aci-480-mm","36":"pa_wicklung-durchmesser-acw-560-mm-tr","37":"pa_wicklung-durchmesser-cw-560-mm-tr","39":"first","40":"instock","41":"purchasable","42":"product-type-variable"},"acf":[],"yoast_head":"<!-- This site is optimized with the Yoast SEO plugin v22.6 - https:\/\/yoast.com\/wordpress\/plugins\/seo\/ -->\n<title>Creasetec&reg;-\u00c7oklu R - August Graef GNU<\/title>\n<meta name=\"description\" content=\"Delinecek malzemeye a\u00e7\u0131lmak i\u00e7in daha fazla alan sa\u011flayan ve \u00fcst katman\u0131n a\u00e7\u0131lmas\u0131n\u0131 \u00f6nleyen delikli k\u0131rma kafa \u00e7izgisi \u2705 Her \u00e7apta kavisli \u015fekillerde mevcuttur \u2705\" \/>\n<meta name=\"robots\" content=\"index, follow, max-snippet:-1, max-image-preview:large, max-video-preview:-1\" \/>\n<link rel=\"canonical\" href=\"https:\/\/graef-gnu.com\/tr\/produkt\/creasetec-multi-r\/\" \/>\n<meta property=\"og:locale\" content=\"tr_TR\" \/>\n<meta property=\"og:type\" content=\"article\" \/>\n<meta property=\"og:title\" content=\"Creasetec&reg;-\u00c7oklu R - August Graef GNU\" \/>\n<meta property=\"og:description\" content=\"Delinecek malzemeye a\u00e7\u0131lmak i\u00e7in daha fazla alan sa\u011flayan ve \u00fcst katman\u0131n a\u00e7\u0131lmas\u0131n\u0131 \u00f6nleyen delikli k\u0131rma kafa \u00e7izgisi \u2705 Her \u00e7apta kavisli \u015fekillerde mevcuttur \u2705\" \/>\n<meta property=\"og:url\" content=\"https:\/\/graef-gnu.com\/tr\/produkt\/creasetec-multi-r\/\" \/>\n<meta property=\"og:site_name\" content=\"August Graef GNU\" \/>\n<meta property=\"article:modified_time\" content=\"2021-10-06T12:59:13+00:00\" \/>\n<meta property=\"og:image\" content=\"https:\/\/graef-gnu.com\/wp-content\/uploads\/gnu-creastec-multi-4-8-pt-large.png\" \/>\n\t<meta property=\"og:image:width\" content=\"890\" \/>\n\t<meta property=\"og:image:height\" content=\"300\" \/>\n\t<meta property=\"og:image:type\" content=\"image\/png\" \/>\n<meta name=\"twitter:card\" content=\"summary_large_image\" \/>\n<script type=\"application\/ld+json\" class=\"yoast-schema-graph\">{\"@context\":\"https:\/\/schema.org\",\"@graph\":[{\"@type\":\"WebPage\",\"@id\":\"https:\/\/graef-gnu.com\/tr\/produkt\/creasetec-multi-r\/\",\"url\":\"https:\/\/graef-gnu.com\/tr\/produkt\/creasetec-multi-r\/\",\"name\":\"Creasetec&reg;-\u00c7oklu R - August Graef GNU\",\"isPartOf\":{\"@id\":\"https:\/\/graef-gnu.com\/#website\"},\"primaryImageOfPage\":{\"@id\":\"https:\/\/graef-gnu.com\/tr\/produkt\/creasetec-multi-r\/#primaryimage\"},\"image\":{\"@id\":\"https:\/\/graef-gnu.com\/tr\/produkt\/creasetec-multi-r\/#primaryimage\"},\"thumbnailUrl\":\"https:\/\/graef-gnu.com\/wp-content\/uploads\/gnu-creastec-multi-4-8-pt-large.png\",\"datePublished\":\"2021-10-06T12:49:01+00:00\",\"dateModified\":\"2021-10-06T12:59:13+00:00\",\"description\":\"Delinecek malzemeye a\u00e7\u0131lmak i\u00e7in daha fazla alan sa\u011flayan ve \u00fcst katman\u0131n a\u00e7\u0131lmas\u0131n\u0131 \u00f6nleyen delikli k\u0131rma kafa \u00e7izgisi \u2705 Her \u00e7apta kavisli \u015fekillerde mevcuttur \u2705\",\"breadcrumb\":{\"@id\":\"https:\/\/graef-gnu.com\/tr\/produkt\/creasetec-multi-r\/#breadcrumb\"},\"inLanguage\":\"tr\",\"potentialAction\":[{\"@type\":\"ReadAction\",\"target\":[\"https:\/\/graef-gnu.com\/tr\/produkt\/creasetec-multi-r\/\"]}]},{\"@type\":\"ImageObject\",\"inLanguage\":\"tr\",\"@id\":\"https:\/\/graef-gnu.com\/tr\/produkt\/creasetec-multi-r\/#primaryimage\",\"url\":\"https:\/\/graef-gnu.com\/wp-content\/uploads\/gnu-creastec-multi-4-8-pt-large.png\",\"contentUrl\":\"https:\/\/graef-gnu.com\/wp-content\/uploads\/gnu-creastec-multi-4-8-pt-large.png\",\"width\":890,\"height\":300},{\"@type\":\"BreadcrumbList\",\"@id\":\"https:\/\/graef-gnu.com\/tr\/produkt\/creasetec-multi-r\/#breadcrumb\",\"itemListElement\":[{\"@type\":\"ListItem\",\"position\":1,\"name\":\"Startseite\",\"item\":\"https:\/\/graef-gnu.com\/tr\/\"},{\"@type\":\"ListItem\",\"position\":2,\"name\":\"\u00dcr\u00fcne Genel Bak\u0131\u015f\",\"item\":\"https:\/\/graef-gnu.com\/tr\/ueruene-genel-bakis\/\"},{\"@type\":\"ListItem\",\"position\":3,\"name\":\"Creasetec&reg;-\u00c7oklu R\"}]},{\"@type\":\"WebSite\",\"@id\":\"https:\/\/graef-gnu.com\/#website\",\"url\":\"https:\/\/graef-gnu.com\/\",\"name\":\"August Graef GNU\",\"description\":\"\",\"potentialAction\":[{\"@type\":\"SearchAction\",\"target\":{\"@type\":\"EntryPoint\",\"urlTemplate\":\"https:\/\/graef-gnu.com\/?s={search_term_string}\"},\"query-input\":\"required name=search_term_string\"}],\"inLanguage\":\"tr\"}]}<\/script>\n<!-- \/ Yoast SEO plugin. -->","yoast_head_json":{"title":"Creasetec&reg;-\u00c7oklu R - August Graef GNU","description":"Delinecek malzemeye a\u00e7\u0131lmak i\u00e7in daha fazla alan sa\u011flayan ve \u00fcst katman\u0131n a\u00e7\u0131lmas\u0131n\u0131 \u00f6nleyen delikli k\u0131rma kafa \u00e7izgisi \u2705 Her \u00e7apta kavisli \u015fekillerde mevcuttur \u2705","robots":{"index":"index","follow":"follow","max-snippet":"max-snippet:-1","max-image-preview":"max-image-preview:large","max-video-preview":"max-video-preview:-1"},"canonical":"https:\/\/graef-gnu.com\/tr\/produkt\/creasetec-multi-r\/","og_locale":"tr_TR","og_type":"article","og_title":"Creasetec&reg;-\u00c7oklu R - August Graef GNU","og_description":"Delinecek malzemeye a\u00e7\u0131lmak i\u00e7in daha fazla alan sa\u011flayan ve \u00fcst katman\u0131n a\u00e7\u0131lmas\u0131n\u0131 \u00f6nleyen delikli k\u0131rma kafa \u00e7izgisi \u2705 Her \u00e7apta kavisli \u015fekillerde mevcuttur \u2705","og_url":"https:\/\/graef-gnu.com\/tr\/produkt\/creasetec-multi-r\/","og_site_name":"August Graef GNU","article_modified_time":"2021-10-06T12:59:13+00:00","og_image":[{"width":890,"height":300,"url":"https:\/\/graef-gnu.com\/wp-content\/uploads\/gnu-creastec-multi-4-8-pt-large.png","type":"image\/png"}],"twitter_card":"summary_large_image","schema":{"@context":"https:\/\/schema.org","@graph":[{"@type":"WebPage","@id":"https:\/\/graef-gnu.com\/tr\/produkt\/creasetec-multi-r\/","url":"https:\/\/graef-gnu.com\/tr\/produkt\/creasetec-multi-r\/","name":"Creasetec&reg;-\u00c7oklu R - August Graef GNU","isPartOf":{"@id":"https:\/\/graef-gnu.com\/#website"},"primaryImageOfPage":{"@id":"https:\/\/graef-gnu.com\/tr\/produkt\/creasetec-multi-r\/#primaryimage"},"image":{"@id":"https:\/\/graef-gnu.com\/tr\/produkt\/creasetec-multi-r\/#primaryimage"},"thumbnailUrl":"https:\/\/graef-gnu.com\/wp-content\/uploads\/gnu-creastec-multi-4-8-pt-large.png","datePublished":"2021-10-06T12:49:01+00:00","dateModified":"2021-10-06T12:59:13+00:00","description":"Delinecek malzemeye a\u00e7\u0131lmak i\u00e7in daha fazla alan sa\u011flayan ve \u00fcst katman\u0131n a\u00e7\u0131lmas\u0131n\u0131 \u00f6nleyen delikli k\u0131rma kafa \u00e7izgisi \u2705 Her \u00e7apta kavisli \u015fekillerde mevcuttur \u2705","breadcrumb":{"@id":"https:\/\/graef-gnu.com\/tr\/produkt\/creasetec-multi-r\/#breadcrumb"},"inLanguage":"tr","potentialAction":[{"@type":"ReadAction","target":["https:\/\/graef-gnu.com\/tr\/produkt\/creasetec-multi-r\/"]}]},{"@type":"ImageObject","inLanguage":"tr","@id":"https:\/\/graef-gnu.com\/tr\/produkt\/creasetec-multi-r\/#primaryimage","url":"https:\/\/graef-gnu.com\/wp-content\/uploads\/gnu-creastec-multi-4-8-pt-large.png","contentUrl":"https:\/\/graef-gnu.com\/wp-content\/uploads\/gnu-creastec-multi-4-8-pt-large.png","width":890,"height":300},{"@type":"BreadcrumbList","@id":"https:\/\/graef-gnu.com\/tr\/produkt\/creasetec-multi-r\/#breadcrumb","itemListElement":[{"@type":"ListItem","position":1,"name":"Startseite","item":"https:\/\/graef-gnu.com\/tr\/"},{"@type":"ListItem","position":2,"name":"\u00dcr\u00fcne Genel Bak\u0131\u015f","item":"https:\/\/graef-gnu.com\/tr\/ueruene-genel-bakis\/"},{"@type":"ListItem","position":3,"name":"Creasetec&reg;-\u00c7oklu R"}]},{"@type":"WebSite","@id":"https:\/\/graef-gnu.com\/#website","url":"https:\/\/graef-gnu.com\/","name":"August Graef GNU","description":"","potentialAction":[{"@type":"SearchAction","target":{"@type":"EntryPoint","urlTemplate":"https:\/\/graef-gnu.com\/?s={search_term_string}"},"query-input":"required name=search_term_string"}],"inLanguage":"tr"}]}},"_links":{"self":[{"href":"https:\/\/graef-gnu.com\/tr\/wp-json\/wp\/v2\/product\/147760","targetHints":{"allow":["GET"]}}],"collection":[{"href":"https:\/\/graef-gnu.com\/tr\/wp-json\/wp\/v2\/product"}],"about":[{"href":"https:\/\/graef-gnu.com\/tr\/wp-json\/wp\/v2\/types\/product"}],"wp:featuredmedia":[{"embeddable":true,"href":"https:\/\/graef-gnu.com\/tr\/wp-json\/wp\/v2\/media\/147798"}],"wp:attachment":[{"href":"https:\/\/graef-gnu.com\/tr\/wp-json\/wp\/v2\/media?parent=147760"}],"wp:term":[{"taxonomy":"product_cat","embeddable":true,"href":"https:\/\/graef-gnu.com\/tr\/wp-json\/wp\/v2\/product_cat?post=147760"},{"taxonomy":"product_tag","embeddable":true,"href":"https:\/\/graef-gnu.com\/tr\/wp-json\/wp\/v2\/product_tag?post=147760"}],"curies":[{"name":"wp","href":"https:\/\/api.w.org\/{rel}","templated":true}]}}