{"id":152381,"date":"2021-02-11T11:00:50","date_gmt":"2021-10-06T13:22:57","guid":{"rendered":"https:\/\/www.graef-gnu.com\/produkt\/gnu-excalibur\/"},"modified":"2021-10-06T15:30:00","modified_gmt":"2021-10-06T13:30:00","slug":"gnu-excalibur","status":"publish","type":"product","link":"https:\/\/graef-gnu.com\/tr\/produkt\/gnu-excalibur\/","title":{"rendered":"GNU Excalibur"},"content":{"rendered":"<p>Ad\u0131n\u0131 efsanevi Kral Arthur&#8217;un k\u0131l\u0131c\u0131ndan alan GNU Excalibur, aslen Frans\u0131z pazar\u0131 i\u00e7in geli\u015ftirildi. E\u011fim her iki taraftan ta\u015flanm\u0131\u015ft\u0131r ve merkezi bir kesim ile sonu\u00e7lan\u0131r. Hafif dalgal\u0131 bir kesim olu\u015fturur ve bu nedenle kesilmeleri \u00f6nleyebilir.<\/p>\n","protected":false},"excerpt":{"rendered":"<p>Ad\u0131n\u0131 efsanevi Kral Arthur&#8217;un k\u0131l\u0131c\u0131ndan alan GNU Excalibur, aslen Frans\u0131z pazar\u0131 i\u00e7in geli\u015ftirildi. E\u011fim her iki taraftan ta\u015flanm\u0131\u015ft\u0131r ve merkezi bir kesim ile sonu\u00e7lan\u0131r.<\/p>\n","protected":false},"featured_media":149132,"template":"","meta":{"_acf_changed":false},"product_cat":[7574],"product_tag":[],"class_list":{"0":"post-152381","1":"product","2":"type-product","3":"status-publish","4":"has-post-thumbnail","6":"product_group-kesmek-tr","7":"product_cat-doener-kalip-kesme","8":"pa_ablaengung-yuezuekte","9":"pa_hoehe-238-mm-tr","10":"pa_hoehe-254-mm-tr","11":"pa_hoehe-30-0-mm-tr","12":"pa_nuten-oluklar-ile","13":"pa_nuten-yok","14":"pa_staerke-breite-142-mm-tr","15":"pa_wicklung-durchmesser-487-mm-tr","16":"pa_wicklung-durchmesser-cw-560-mm-tr","17":"pa_zaehne-12-tpi-tr","19":"first","20":"instock","21":"purchasable","22":"product-type-variable"},"acf":[],"yoast_head":"<!-- This site is optimized with the Yoast SEO plugin v22.6 - https:\/\/yoast.com\/wordpress\/plugins\/seo\/ -->\n<title>GNU Excalibur - August Graef GNU<\/title>\n<meta name=\"description\" content=\"Her iki tarafa e\u011fim verin ve merkezi bir kesim deseni elde edin \u2705 Hafif dalgal\u0131 bir kesim olu\u015fturur ve kesilmeleri \u00f6nleyebilir Buradan bilgi al\u0131n!\" \/>\n<meta name=\"robots\" content=\"index, follow, max-snippet:-1, max-image-preview:large, max-video-preview:-1\" \/>\n<link rel=\"canonical\" href=\"https:\/\/graef-gnu.com\/produkt\/gnu-excalibur\/\" \/>\n<meta property=\"og:locale\" content=\"tr_TR\" \/>\n<meta property=\"og:type\" content=\"article\" \/>\n<meta property=\"og:title\" content=\"GNU Excalibur - August Graef GNU\" \/>\n<meta property=\"og:description\" content=\"Her iki tarafa e\u011fim verin ve merkezi bir kesim deseni elde edin \u2705 Hafif dalgal\u0131 bir kesim olu\u015fturur ve kesilmeleri \u00f6nleyebilir Buradan bilgi al\u0131n!\" \/>\n<meta property=\"og:url\" content=\"https:\/\/graef-gnu.com\/produkt\/gnu-excalibur\/\" \/>\n<meta property=\"og:site_name\" content=\"August Graef GNU\" \/>\n<meta property=\"article:modified_time\" content=\"2021-10-06T13:30:00+00:00\" \/>\n<meta property=\"og:image\" content=\"https:\/\/graef-gnu.com\/wp-content\/uploads\/gnu-excalibur.png\" \/>\n\t<meta property=\"og:image:width\" content=\"890\" \/>\n\t<meta property=\"og:image:height\" content=\"300\" \/>\n\t<meta property=\"og:image:type\" content=\"image\/png\" \/>\n<meta name=\"twitter:card\" content=\"summary_large_image\" \/>\n<script type=\"application\/ld+json\" class=\"yoast-schema-graph\">{\"@context\":\"https:\/\/schema.org\",\"@graph\":[{\"@type\":\"WebPage\",\"@id\":\"https:\/\/graef-gnu.com\/produkt\/gnu-excalibur\/\",\"url\":\"https:\/\/graef-gnu.com\/produkt\/gnu-excalibur\/\",\"name\":\"GNU Excalibur - August Graef GNU\",\"isPartOf\":{\"@id\":\"https:\/\/graef-gnu.com\/#website\"},\"primaryImageOfPage\":{\"@id\":\"https:\/\/graef-gnu.com\/produkt\/gnu-excalibur\/#primaryimage\"},\"image\":{\"@id\":\"https:\/\/graef-gnu.com\/produkt\/gnu-excalibur\/#primaryimage\"},\"thumbnailUrl\":\"https:\/\/graef-gnu.com\/wp-content\/uploads\/gnu-excalibur.png\",\"datePublished\":\"2021-10-06T13:22:57+00:00\",\"dateModified\":\"2021-10-06T13:30:00+00:00\",\"description\":\"Her iki tarafa e\u011fim verin ve merkezi bir kesim deseni elde edin \u2705 Hafif dalgal\u0131 bir kesim olu\u015fturur ve kesilmeleri \u00f6nleyebilir Buradan bilgi al\u0131n!\",\"breadcrumb\":{\"@id\":\"https:\/\/graef-gnu.com\/produkt\/gnu-excalibur\/#breadcrumb\"},\"inLanguage\":\"tr\",\"potentialAction\":[{\"@type\":\"ReadAction\",\"target\":[\"https:\/\/graef-gnu.com\/produkt\/gnu-excalibur\/\"]}]},{\"@type\":\"ImageObject\",\"inLanguage\":\"tr\",\"@id\":\"https:\/\/graef-gnu.com\/produkt\/gnu-excalibur\/#primaryimage\",\"url\":\"https:\/\/graef-gnu.com\/wp-content\/uploads\/gnu-excalibur.png\",\"contentUrl\":\"https:\/\/graef-gnu.com\/wp-content\/uploads\/gnu-excalibur.png\",\"width\":890,\"height\":300},{\"@type\":\"BreadcrumbList\",\"@id\":\"https:\/\/graef-gnu.com\/produkt\/gnu-excalibur\/#breadcrumb\",\"itemListElement\":[{\"@type\":\"ListItem\",\"position\":1,\"name\":\"Startseite\",\"item\":\"https:\/\/graef-gnu.com\/tr\/\"},{\"@type\":\"ListItem\",\"position\":2,\"name\":\"\u00dcr\u00fcne Genel Bak\u0131\u015f\",\"item\":\"https:\/\/graef-gnu.com\/tr\/ueruene-genel-bakis\/\"},{\"@type\":\"ListItem\",\"position\":3,\"name\":\"GNU Excalibur\"}]},{\"@type\":\"WebSite\",\"@id\":\"https:\/\/graef-gnu.com\/#website\",\"url\":\"https:\/\/graef-gnu.com\/\",\"name\":\"August Graef GNU\",\"description\":\"\",\"potentialAction\":[{\"@type\":\"SearchAction\",\"target\":{\"@type\":\"EntryPoint\",\"urlTemplate\":\"https:\/\/graef-gnu.com\/?s={search_term_string}\"},\"query-input\":\"required name=search_term_string\"}],\"inLanguage\":\"tr\"}]}<\/script>\n<!-- \/ Yoast SEO plugin. -->","yoast_head_json":{"title":"GNU Excalibur - August Graef GNU","description":"Her iki tarafa e\u011fim verin ve merkezi bir kesim deseni elde edin \u2705 Hafif dalgal\u0131 bir kesim olu\u015fturur ve kesilmeleri \u00f6nleyebilir Buradan bilgi al\u0131n!","robots":{"index":"index","follow":"follow","max-snippet":"max-snippet:-1","max-image-preview":"max-image-preview:large","max-video-preview":"max-video-preview:-1"},"canonical":"https:\/\/graef-gnu.com\/produkt\/gnu-excalibur\/","og_locale":"tr_TR","og_type":"article","og_title":"GNU Excalibur - August Graef GNU","og_description":"Her iki tarafa e\u011fim verin ve merkezi bir kesim deseni elde edin \u2705 Hafif dalgal\u0131 bir kesim olu\u015fturur ve kesilmeleri \u00f6nleyebilir Buradan bilgi al\u0131n!","og_url":"https:\/\/graef-gnu.com\/produkt\/gnu-excalibur\/","og_site_name":"August Graef GNU","article_modified_time":"2021-10-06T13:30:00+00:00","og_image":[{"width":890,"height":300,"url":"https:\/\/graef-gnu.com\/wp-content\/uploads\/gnu-excalibur.png","type":"image\/png"}],"twitter_card":"summary_large_image","schema":{"@context":"https:\/\/schema.org","@graph":[{"@type":"WebPage","@id":"https:\/\/graef-gnu.com\/produkt\/gnu-excalibur\/","url":"https:\/\/graef-gnu.com\/produkt\/gnu-excalibur\/","name":"GNU Excalibur - August Graef GNU","isPartOf":{"@id":"https:\/\/graef-gnu.com\/#website"},"primaryImageOfPage":{"@id":"https:\/\/graef-gnu.com\/produkt\/gnu-excalibur\/#primaryimage"},"image":{"@id":"https:\/\/graef-gnu.com\/produkt\/gnu-excalibur\/#primaryimage"},"thumbnailUrl":"https:\/\/graef-gnu.com\/wp-content\/uploads\/gnu-excalibur.png","datePublished":"2021-10-06T13:22:57+00:00","dateModified":"2021-10-06T13:30:00+00:00","description":"Her iki tarafa e\u011fim verin ve merkezi bir kesim deseni elde edin \u2705 Hafif dalgal\u0131 bir kesim olu\u015fturur ve kesilmeleri \u00f6nleyebilir Buradan bilgi al\u0131n!","breadcrumb":{"@id":"https:\/\/graef-gnu.com\/produkt\/gnu-excalibur\/#breadcrumb"},"inLanguage":"tr","potentialAction":[{"@type":"ReadAction","target":["https:\/\/graef-gnu.com\/produkt\/gnu-excalibur\/"]}]},{"@type":"ImageObject","inLanguage":"tr","@id":"https:\/\/graef-gnu.com\/produkt\/gnu-excalibur\/#primaryimage","url":"https:\/\/graef-gnu.com\/wp-content\/uploads\/gnu-excalibur.png","contentUrl":"https:\/\/graef-gnu.com\/wp-content\/uploads\/gnu-excalibur.png","width":890,"height":300},{"@type":"BreadcrumbList","@id":"https:\/\/graef-gnu.com\/produkt\/gnu-excalibur\/#breadcrumb","itemListElement":[{"@type":"ListItem","position":1,"name":"Startseite","item":"https:\/\/graef-gnu.com\/tr\/"},{"@type":"ListItem","position":2,"name":"\u00dcr\u00fcne Genel Bak\u0131\u015f","item":"https:\/\/graef-gnu.com\/tr\/ueruene-genel-bakis\/"},{"@type":"ListItem","position":3,"name":"GNU Excalibur"}]},{"@type":"WebSite","@id":"https:\/\/graef-gnu.com\/#website","url":"https:\/\/graef-gnu.com\/","name":"August Graef GNU","description":"","potentialAction":[{"@type":"SearchAction","target":{"@type":"EntryPoint","urlTemplate":"https:\/\/graef-gnu.com\/?s={search_term_string}"},"query-input":"required name=search_term_string"}],"inLanguage":"tr"}]}},"_links":{"self":[{"href":"https:\/\/graef-gnu.com\/tr\/wp-json\/wp\/v2\/product\/152381","targetHints":{"allow":["GET"]}}],"collection":[{"href":"https:\/\/graef-gnu.com\/tr\/wp-json\/wp\/v2\/product"}],"about":[{"href":"https:\/\/graef-gnu.com\/tr\/wp-json\/wp\/v2\/types\/product"}],"wp:featuredmedia":[{"embeddable":true,"href":"https:\/\/graef-gnu.com\/tr\/wp-json\/wp\/v2\/media\/149132"}],"wp:attachment":[{"href":"https:\/\/graef-gnu.com\/tr\/wp-json\/wp\/v2\/media?parent=152381"}],"wp:term":[{"taxonomy":"product_cat","embeddable":true,"href":"https:\/\/graef-gnu.com\/tr\/wp-json\/wp\/v2\/product_cat?post=152381"},{"taxonomy":"product_tag","embeddable":true,"href":"https:\/\/graef-gnu.com\/tr\/wp-json\/wp\/v2\/product_tag?post=152381"}],"curies":[{"name":"wp","href":"https:\/\/api.w.org\/{rel}","templated":true}]}}