{"id":152406,"date":"2021-02-11T11:00:54","date_gmt":"2021-10-06T13:23:05","guid":{"rendered":"https:\/\/www.graef-gnu.com\/produkt\/gnu-mh-tarafi\/"},"modified":"2021-10-06T15:27:20","modified_gmt":"2021-10-06T13:27:20","slug":"gnu-mh-tarafi","status":"publish","type":"product","link":"https:\/\/graef-gnu.com\/tr\/produkt\/gnu-mh-tarafi\/","title":{"rendered":"GNU MH taraf\u0131"},"content":{"rendered":"<p>\u00d6zellikle g\u00fc\u00e7l\u00fc malzemeler i\u00e7in \u00e7ok dayan\u0131kl\u0131, sertle\u015ftirilmi\u015f, keskin kesme \u00e7izgisi. Kesim de ortadad\u0131r ancak kesikleri \u00f6nlemek i\u00e7in dalgal\u0131 bir kesim sonucu \u00fcretir.<\/p>\n","protected":false},"excerpt":{"rendered":"<p>\u00d6zellikle g\u00fc\u00e7l\u00fc malzemeler i\u00e7in \u00e7ok dayan\u0131kl\u0131, sertle\u015ftirilmi\u015f, keskin kesme \u00e7izgisi. Kesim de ortadad\u0131r ancak kesikleri \u00f6nlemek i\u00e7in dalgal\u0131 bir kesim sonucu \u00fcretir.<\/p>\n","protected":false},"featured_media":149876,"template":"","meta":{"_acf_changed":false},"product_cat":[7574],"product_tag":[],"class_list":{"0":"post-152406","1":"product","2":"type-product","3":"status-publish","4":"has-post-thumbnail","6":"product_group-kesmek-tr","7":"product_cat-doener-kalip-kesme","8":"pa_ablaengung-1-mde","9":"pa_ablaengung-yuezuekte","10":"pa_hoehe-246-mm-tr","11":"pa_hoehe-254-mm-tr","12":"pa_hoehe-260-mm-tr","13":"pa_hoehe-261-mm-tr","14":"pa_nuten-oluklar-ile","15":"pa_nuten-yok","16":"pa_staerke-breite-142-mm-tr","17":"pa_wicklung-durchmesser-487-mm-tr","18":"pa_wicklung-durchmesser-cw-560-mm-tr","19":"pa_wicklung-durchmesser-yok","20":"pa_zaehne-8-tpi-tr","22":"first","23":"instock","24":"purchasable","25":"product-type-variable"},"acf":[],"yoast_head":"<!-- This site is optimized with the Yoast SEO plugin v22.6 - https:\/\/yoast.com\/wordpress\/plugins\/seo\/ -->\n<title>GNU MH taraf\u0131 - August Graef GNU<\/title>\n<meta name=\"description\" content=\"\u00d6zellikle g\u00fc\u00e7l\u00fc malzemeler i\u00e7in \u2705 Merkezi kesim ve kesikleri \u00f6nlemek i\u00e7in dalgal\u0131 kesim sonu\u00e7lar\u0131 sa\u011flar \u2705 Buradan bilgi al\u0131n!\" \/>\n<meta name=\"robots\" content=\"index, follow, max-snippet:-1, max-image-preview:large, max-video-preview:-1\" \/>\n<link rel=\"canonical\" href=\"https:\/\/graef-gnu.com\/produkt\/gnu-mh-side\/\" \/>\n<meta property=\"og:locale\" content=\"tr_TR\" \/>\n<meta property=\"og:type\" content=\"article\" \/>\n<meta property=\"og:title\" content=\"GNU MH taraf\u0131 - August Graef GNU\" \/>\n<meta property=\"og:description\" content=\"\u00d6zellikle g\u00fc\u00e7l\u00fc malzemeler i\u00e7in \u2705 Merkezi kesim ve kesikleri \u00f6nlemek i\u00e7in dalgal\u0131 kesim sonu\u00e7lar\u0131 sa\u011flar \u2705 Buradan bilgi al\u0131n!\" \/>\n<meta property=\"og:url\" content=\"https:\/\/graef-gnu.com\/produkt\/gnu-mh-side\/\" \/>\n<meta property=\"og:site_name\" content=\"August Graef GNU\" \/>\n<meta property=\"article:modified_time\" content=\"2021-10-06T13:27:20+00:00\" \/>\n<meta property=\"og:image\" content=\"https:\/\/graef-gnu.com\/wp-content\/uploads\/gnu-shop-mh-side.jpg\" \/>\n\t<meta property=\"og:image:width\" content=\"890\" \/>\n\t<meta property=\"og:image:height\" content=\"300\" \/>\n\t<meta property=\"og:image:type\" content=\"image\/jpeg\" \/>\n<meta name=\"twitter:card\" content=\"summary_large_image\" \/>\n<script type=\"application\/ld+json\" class=\"yoast-schema-graph\">{\"@context\":\"https:\/\/schema.org\",\"@graph\":[{\"@type\":\"WebPage\",\"@id\":\"https:\/\/graef-gnu.com\/produkt\/gnu-mh-side\/\",\"url\":\"https:\/\/graef-gnu.com\/produkt\/gnu-mh-side\/\",\"name\":\"GNU MH taraf\u0131 - August Graef GNU\",\"isPartOf\":{\"@id\":\"https:\/\/graef-gnu.com\/#website\"},\"primaryImageOfPage\":{\"@id\":\"https:\/\/graef-gnu.com\/produkt\/gnu-mh-side\/#primaryimage\"},\"image\":{\"@id\":\"https:\/\/graef-gnu.com\/produkt\/gnu-mh-side\/#primaryimage\"},\"thumbnailUrl\":\"https:\/\/graef-gnu.com\/wp-content\/uploads\/gnu-shop-mh-side.jpg\",\"datePublished\":\"2021-10-06T13:23:05+00:00\",\"dateModified\":\"2021-10-06T13:27:20+00:00\",\"description\":\"\u00d6zellikle g\u00fc\u00e7l\u00fc malzemeler i\u00e7in \u2705 Merkezi kesim ve kesikleri \u00f6nlemek i\u00e7in dalgal\u0131 kesim sonu\u00e7lar\u0131 sa\u011flar \u2705 Buradan bilgi al\u0131n!\",\"breadcrumb\":{\"@id\":\"https:\/\/graef-gnu.com\/produkt\/gnu-mh-side\/#breadcrumb\"},\"inLanguage\":\"tr\",\"potentialAction\":[{\"@type\":\"ReadAction\",\"target\":[\"https:\/\/graef-gnu.com\/produkt\/gnu-mh-side\/\"]}]},{\"@type\":\"ImageObject\",\"inLanguage\":\"tr\",\"@id\":\"https:\/\/graef-gnu.com\/produkt\/gnu-mh-side\/#primaryimage\",\"url\":\"https:\/\/graef-gnu.com\/wp-content\/uploads\/gnu-shop-mh-side.jpg\",\"contentUrl\":\"https:\/\/graef-gnu.com\/wp-content\/uploads\/gnu-shop-mh-side.jpg\",\"width\":890,\"height\":300},{\"@type\":\"BreadcrumbList\",\"@id\":\"https:\/\/graef-gnu.com\/produkt\/gnu-mh-side\/#breadcrumb\",\"itemListElement\":[{\"@type\":\"ListItem\",\"position\":1,\"name\":\"Startseite\",\"item\":\"https:\/\/graef-gnu.com\/tr\/\"},{\"@type\":\"ListItem\",\"position\":2,\"name\":\"\u00dcr\u00fcne Genel Bak\u0131\u015f\",\"item\":\"https:\/\/graef-gnu.com\/tr\/ueruene-genel-bakis\/\"},{\"@type\":\"ListItem\",\"position\":3,\"name\":\"GNU MH taraf\u0131\"}]},{\"@type\":\"WebSite\",\"@id\":\"https:\/\/graef-gnu.com\/#website\",\"url\":\"https:\/\/graef-gnu.com\/\",\"name\":\"August Graef GNU\",\"description\":\"\",\"potentialAction\":[{\"@type\":\"SearchAction\",\"target\":{\"@type\":\"EntryPoint\",\"urlTemplate\":\"https:\/\/graef-gnu.com\/?s={search_term_string}\"},\"query-input\":\"required name=search_term_string\"}],\"inLanguage\":\"tr\"}]}<\/script>\n<!-- \/ Yoast SEO plugin. -->","yoast_head_json":{"title":"GNU MH taraf\u0131 - August Graef GNU","description":"\u00d6zellikle g\u00fc\u00e7l\u00fc malzemeler i\u00e7in \u2705 Merkezi kesim ve kesikleri \u00f6nlemek i\u00e7in dalgal\u0131 kesim sonu\u00e7lar\u0131 sa\u011flar \u2705 Buradan bilgi al\u0131n!","robots":{"index":"index","follow":"follow","max-snippet":"max-snippet:-1","max-image-preview":"max-image-preview:large","max-video-preview":"max-video-preview:-1"},"canonical":"https:\/\/graef-gnu.com\/produkt\/gnu-mh-side\/","og_locale":"tr_TR","og_type":"article","og_title":"GNU MH taraf\u0131 - August Graef GNU","og_description":"\u00d6zellikle g\u00fc\u00e7l\u00fc malzemeler i\u00e7in \u2705 Merkezi kesim ve kesikleri \u00f6nlemek i\u00e7in dalgal\u0131 kesim sonu\u00e7lar\u0131 sa\u011flar \u2705 Buradan bilgi al\u0131n!","og_url":"https:\/\/graef-gnu.com\/produkt\/gnu-mh-side\/","og_site_name":"August Graef GNU","article_modified_time":"2021-10-06T13:27:20+00:00","og_image":[{"width":890,"height":300,"url":"https:\/\/graef-gnu.com\/wp-content\/uploads\/gnu-shop-mh-side.jpg","type":"image\/jpeg"}],"twitter_card":"summary_large_image","schema":{"@context":"https:\/\/schema.org","@graph":[{"@type":"WebPage","@id":"https:\/\/graef-gnu.com\/produkt\/gnu-mh-side\/","url":"https:\/\/graef-gnu.com\/produkt\/gnu-mh-side\/","name":"GNU MH taraf\u0131 - August Graef GNU","isPartOf":{"@id":"https:\/\/graef-gnu.com\/#website"},"primaryImageOfPage":{"@id":"https:\/\/graef-gnu.com\/produkt\/gnu-mh-side\/#primaryimage"},"image":{"@id":"https:\/\/graef-gnu.com\/produkt\/gnu-mh-side\/#primaryimage"},"thumbnailUrl":"https:\/\/graef-gnu.com\/wp-content\/uploads\/gnu-shop-mh-side.jpg","datePublished":"2021-10-06T13:23:05+00:00","dateModified":"2021-10-06T13:27:20+00:00","description":"\u00d6zellikle g\u00fc\u00e7l\u00fc malzemeler i\u00e7in \u2705 Merkezi kesim ve kesikleri \u00f6nlemek i\u00e7in dalgal\u0131 kesim sonu\u00e7lar\u0131 sa\u011flar \u2705 Buradan bilgi al\u0131n!","breadcrumb":{"@id":"https:\/\/graef-gnu.com\/produkt\/gnu-mh-side\/#breadcrumb"},"inLanguage":"tr","potentialAction":[{"@type":"ReadAction","target":["https:\/\/graef-gnu.com\/produkt\/gnu-mh-side\/"]}]},{"@type":"ImageObject","inLanguage":"tr","@id":"https:\/\/graef-gnu.com\/produkt\/gnu-mh-side\/#primaryimage","url":"https:\/\/graef-gnu.com\/wp-content\/uploads\/gnu-shop-mh-side.jpg","contentUrl":"https:\/\/graef-gnu.com\/wp-content\/uploads\/gnu-shop-mh-side.jpg","width":890,"height":300},{"@type":"BreadcrumbList","@id":"https:\/\/graef-gnu.com\/produkt\/gnu-mh-side\/#breadcrumb","itemListElement":[{"@type":"ListItem","position":1,"name":"Startseite","item":"https:\/\/graef-gnu.com\/tr\/"},{"@type":"ListItem","position":2,"name":"\u00dcr\u00fcne Genel Bak\u0131\u015f","item":"https:\/\/graef-gnu.com\/tr\/ueruene-genel-bakis\/"},{"@type":"ListItem","position":3,"name":"GNU MH taraf\u0131"}]},{"@type":"WebSite","@id":"https:\/\/graef-gnu.com\/#website","url":"https:\/\/graef-gnu.com\/","name":"August Graef GNU","description":"","potentialAction":[{"@type":"SearchAction","target":{"@type":"EntryPoint","urlTemplate":"https:\/\/graef-gnu.com\/?s={search_term_string}"},"query-input":"required name=search_term_string"}],"inLanguage":"tr"}]}},"_links":{"self":[{"href":"https:\/\/graef-gnu.com\/tr\/wp-json\/wp\/v2\/product\/152406","targetHints":{"allow":["GET"]}}],"collection":[{"href":"https:\/\/graef-gnu.com\/tr\/wp-json\/wp\/v2\/product"}],"about":[{"href":"https:\/\/graef-gnu.com\/tr\/wp-json\/wp\/v2\/types\/product"}],"wp:featuredmedia":[{"embeddable":true,"href":"https:\/\/graef-gnu.com\/tr\/wp-json\/wp\/v2\/media\/149876"}],"wp:attachment":[{"href":"https:\/\/graef-gnu.com\/tr\/wp-json\/wp\/v2\/media?parent=152406"}],"wp:term":[{"taxonomy":"product_cat","embeddable":true,"href":"https:\/\/graef-gnu.com\/tr\/wp-json\/wp\/v2\/product_cat?post=152406"},{"taxonomy":"product_tag","embeddable":true,"href":"https:\/\/graef-gnu.com\/tr\/wp-json\/wp\/v2\/product_tag?post=152406"}],"curies":[{"name":"wp","href":"https:\/\/api.w.org\/{rel}","templated":true}]}}