{"id":152460,"date":"2021-02-11T11:01:02","date_gmt":"2021-10-06T13:23:14","guid":{"rendered":"https:\/\/www.graef-gnu.com\/produkt\/creasetec-r\/"},"modified":"2021-10-06T15:30:29","modified_gmt":"2021-10-06T13:30:29","slug":"creasetec-r","status":"publish","type":"product","link":"https:\/\/graef-gnu.com\/tr\/produkt\/creasetec-r\/","title":{"rendered":"Creasetec<sup>&reg;<\/sup> R"},"content":{"rendered":"<p>Creasetec<sup>&reg;<\/sup> R katlama hatlar\u0131 en y\u00fcksek hassasiyette, optimum yar\u0131\u00e7apta ve tam merkezde yuvarlat\u0131lm\u0131\u015ft\u0131r. Ayr\u0131ca t\u00fcm \u00e7aplarda b\u00fck\u00fclm\u00fc\u015f olarak mevcuttur.<\/p>\n","protected":false},"excerpt":{"rendered":"<p>Creasetec<sup>&reg;<\/sup> R katlama hatlar\u0131 en y\u00fcksek hassasiyette, optimum yar\u0131\u00e7apta ve tam merkezde yuvarlat\u0131lm\u0131\u015ft\u0131r. Ayr\u0131ca t\u00fcm \u00e7aplarda b\u00fck\u00fclm\u00fc\u015f olarak mevcuttur.<\/p>\n","protected":false},"featured_media":149165,"template":"","meta":{"_acf_changed":false},"product_cat":[7574],"product_tag":[],"class_list":{"0":"post-152460","1":"product","2":"type-product","3":"status-publish","4":"has-post-thumbnail","6":"product_group-oluklar","7":"product_cat-doener-kalip-kesme","8":"pa_ablaengung-1-mde","9":"pa_ablaengung-yuezuekte","10":"pa_haerte-1100n-tr","11":"pa_haerte-h2ekstra","12":"pa_hoehe-120-mm-tr","13":"pa_hoehe-13-4-mm-tr","14":"pa_hoehe-170-mm-tr","15":"pa_hoehe-175-mm-tr","16":"pa_hoehe-180-mm-tr","17":"pa_hoehe-185-mm-tr","18":"pa_hoehe-190-mm-tr","19":"pa_hoehe-195-mm-tr","20":"pa_hoehe-203-mm-tr","21":"pa_hoehe-205-mm-tr","22":"pa_hoehe-206-mm-tr","23":"pa_hoehe-207-mm-tr","24":"pa_hoehe-208-mm-tr","25":"pa_hoehe-20-0-mm-tr","26":"pa_hoehe-210-mm-tr","27":"pa_hoehe-212-mm-tr","28":"pa_hoehe-213-mm-tr","29":"pa_hoehe-214-mm-tr","30":"pa_hoehe-215-mm-tr","31":"pa_hoehe-216-mm-tr","32":"pa_hoehe-217-mm-tr","33":"pa_hoehe-218-mm-tr","34":"pa_hoehe-2185-mm-tr","35":"pa_hoehe-219-mm-tr","36":"pa_hoehe-220-mm-tr","37":"pa_hoehe-221-mm-tr","38":"pa_hoehe-222-mm-tr","39":"pa_hoehe-223-mm-tr","40":"pa_hoehe-224-mm-tr","41":"pa_hoehe-2245-mm-tr","42":"pa_hoehe-225-mm-tr","43":"pa_hoehe-226-mm-tr","44":"pa_hoehe-227-mm-tr","45":"pa_hoehe-2275-mm-tr","46":"pa_hoehe-228-mm-tr","47":"pa_hoehe-2285-mm-tr","48":"pa_hoehe-2286-mm-tr","49":"pa_hoehe-229-mm-tr","50":"pa_hoehe-230-mm-tr","51":"pa_hoehe-231-mm-tr","52":"pa_hoehe-2315-mm-tr","53":"pa_hoehe-232-mm-tr","54":"pa_hoehe-2325-mm-tr","55":"pa_hoehe-233-mm-tr","56":"pa_hoehe-235-mm-tr","57":"pa_hoehe-2355-mm-tr","58":"pa_hoehe-236-mm-tr","59":"pa_hoehe-237-mm-tr","60":"pa_hoehe-238-mm-tr","61":"pa_hoehe-2385-mm-tr","62":"pa_hoehe-239-mm-tr","63":"pa_hoehe-23-4-mm-tr","64":"pa_hoehe-240-mm-tr","65":"pa_hoehe-241-mm-tr","66":"pa_hoehe-242-mm-tr","67":"pa_hoehe-243-mm-tr","68":"pa_hoehe-244-mm-tr","69":"pa_hoehe-246-mm-tr","70":"pa_hoehe-254-mm-tr","71":"pa_hoehe-258-mm-tr","72":"pa_hoehe-260-mm-tr","73":"pa_hoehe-262-mm-tr","74":"pa_hoehe-263-mm-tr","75":"pa_hoehe-266-mm-tr","76":"pa_hoehe-268-mm-tr","77":"pa_hoehe-270-mm-tr","78":"pa_hoehe-272-mm-tr","79":"pa_hoehe-274-mm-tr","80":"pa_hoehe-275-mm-tr","81":"pa_hoehe-277-mm-tr","82":"pa_hoehe-280-mm-tr","83":"pa_hoehe-288-mm-tr","84":"pa_hoehe-290-mm-tr","85":"pa_hoehe-30-0-mm-tr","86":"pa_nuten-oluklar-ile","87":"pa_nuten-yok","88":"pa_staerke-breite-142-mm-tr","89":"pa_wicklung-durchmesser-177-mm-tr","90":"pa_wicklung-durchmesser-270-mm-tr","91":"pa_wicklung-durchmesser-366-mm-tr","92":"pa_wicklung-durchmesser-487-mm-tr","93":"pa_wicklung-durchmesser-acw-560-mm-tr","94":"pa_wicklung-durchmesser-cw-560-mm-tr","95":"pa_wicklung-durchmesser-yok","97":"first","98":"instock","99":"purchasable","100":"product-type-variable"},"acf":[],"yoast_head":"<!-- This site is optimized with the Yoast SEO plugin v22.6 - https:\/\/yoast.com\/wordpress\/plugins\/seo\/ -->\n<title>Creasetec&reg; R - August Graef GNU<\/title>\n<meta name=\"description\" content=\"Creasetec&reg; R katlama hatlar\u0131 en y\u00fcksek hassasiyetle yuvarlat\u0131lm\u0131\u015ft\u0131r \u2705 Optimum yar\u0131\u00e7ap ve tam merkezli T\u00fcm \u00e7aplarda kavisli mevcuttur \u2705 Buradan bilgi al\u0131n!\" \/>\n<meta name=\"robots\" content=\"index, follow, max-snippet:-1, max-image-preview:large, max-video-preview:-1\" \/>\n<link rel=\"canonical\" href=\"https:\/\/graef-gnu.com\/produkt\/creasetec-r\/\" \/>\n<meta property=\"og:locale\" content=\"tr_TR\" \/>\n<meta property=\"og:type\" content=\"article\" \/>\n<meta property=\"og:title\" content=\"Creasetec&reg; R - August Graef GNU\" \/>\n<meta property=\"og:description\" content=\"Creasetec&reg; R katlama hatlar\u0131 en y\u00fcksek hassasiyetle yuvarlat\u0131lm\u0131\u015ft\u0131r \u2705 Optimum yar\u0131\u00e7ap ve tam merkezli T\u00fcm \u00e7aplarda kavisli mevcuttur \u2705 Buradan bilgi al\u0131n!\" \/>\n<meta property=\"og:url\" content=\"https:\/\/graef-gnu.com\/produkt\/creasetec-r\/\" \/>\n<meta property=\"og:site_name\" content=\"August Graef GNU\" \/>\n<meta property=\"article:modified_time\" content=\"2021-10-06T13:30:29+00:00\" \/>\n<meta property=\"og:image\" content=\"https:\/\/graef-gnu.com\/wp-content\/uploads\/gnu-creastec.jpg\" \/>\n\t<meta property=\"og:image:width\" content=\"890\" \/>\n\t<meta property=\"og:image:height\" content=\"300\" \/>\n\t<meta property=\"og:image:type\" content=\"image\/jpeg\" \/>\n<meta name=\"twitter:card\" content=\"summary_large_image\" \/>\n<script type=\"application\/ld+json\" class=\"yoast-schema-graph\">{\"@context\":\"https:\/\/schema.org\",\"@graph\":[{\"@type\":\"WebPage\",\"@id\":\"https:\/\/graef-gnu.com\/produkt\/creasetec-r\/\",\"url\":\"https:\/\/graef-gnu.com\/produkt\/creasetec-r\/\",\"name\":\"Creasetec&reg; R - August Graef GNU\",\"isPartOf\":{\"@id\":\"https:\/\/graef-gnu.com\/#website\"},\"primaryImageOfPage\":{\"@id\":\"https:\/\/graef-gnu.com\/produkt\/creasetec-r\/#primaryimage\"},\"image\":{\"@id\":\"https:\/\/graef-gnu.com\/produkt\/creasetec-r\/#primaryimage\"},\"thumbnailUrl\":\"https:\/\/graef-gnu.com\/wp-content\/uploads\/gnu-creastec.jpg\",\"datePublished\":\"2021-10-06T13:23:14+00:00\",\"dateModified\":\"2021-10-06T13:30:29+00:00\",\"description\":\"Creasetec&reg; R katlama hatlar\u0131 en y\u00fcksek hassasiyetle yuvarlat\u0131lm\u0131\u015ft\u0131r \u2705 Optimum yar\u0131\u00e7ap ve tam merkezli T\u00fcm \u00e7aplarda kavisli mevcuttur \u2705 Buradan bilgi al\u0131n!\",\"breadcrumb\":{\"@id\":\"https:\/\/graef-gnu.com\/produkt\/creasetec-r\/#breadcrumb\"},\"inLanguage\":\"tr\",\"potentialAction\":[{\"@type\":\"ReadAction\",\"target\":[\"https:\/\/graef-gnu.com\/produkt\/creasetec-r\/\"]}]},{\"@type\":\"ImageObject\",\"inLanguage\":\"tr\",\"@id\":\"https:\/\/graef-gnu.com\/produkt\/creasetec-r\/#primaryimage\",\"url\":\"https:\/\/graef-gnu.com\/wp-content\/uploads\/gnu-creastec.jpg\",\"contentUrl\":\"https:\/\/graef-gnu.com\/wp-content\/uploads\/gnu-creastec.jpg\",\"width\":890,\"height\":300},{\"@type\":\"BreadcrumbList\",\"@id\":\"https:\/\/graef-gnu.com\/produkt\/creasetec-r\/#breadcrumb\",\"itemListElement\":[{\"@type\":\"ListItem\",\"position\":1,\"name\":\"Startseite\",\"item\":\"https:\/\/graef-gnu.com\/tr\/\"},{\"@type\":\"ListItem\",\"position\":2,\"name\":\"\u00dcr\u00fcne Genel Bak\u0131\u015f\",\"item\":\"https:\/\/graef-gnu.com\/tr\/ueruene-genel-bakis\/\"},{\"@type\":\"ListItem\",\"position\":3,\"name\":\"Creasetec&reg; R\"}]},{\"@type\":\"WebSite\",\"@id\":\"https:\/\/graef-gnu.com\/#website\",\"url\":\"https:\/\/graef-gnu.com\/\",\"name\":\"August Graef GNU\",\"description\":\"\",\"potentialAction\":[{\"@type\":\"SearchAction\",\"target\":{\"@type\":\"EntryPoint\",\"urlTemplate\":\"https:\/\/graef-gnu.com\/?s={search_term_string}\"},\"query-input\":\"required name=search_term_string\"}],\"inLanguage\":\"tr\"}]}<\/script>\n<!-- \/ Yoast SEO plugin. -->","yoast_head_json":{"title":"Creasetec&reg; R - August Graef GNU","description":"Creasetec&reg; R katlama hatlar\u0131 en y\u00fcksek hassasiyetle yuvarlat\u0131lm\u0131\u015ft\u0131r \u2705 Optimum yar\u0131\u00e7ap ve tam merkezli T\u00fcm \u00e7aplarda kavisli mevcuttur \u2705 Buradan bilgi al\u0131n!","robots":{"index":"index","follow":"follow","max-snippet":"max-snippet:-1","max-image-preview":"max-image-preview:large","max-video-preview":"max-video-preview:-1"},"canonical":"https:\/\/graef-gnu.com\/produkt\/creasetec-r\/","og_locale":"tr_TR","og_type":"article","og_title":"Creasetec&reg; R - August Graef GNU","og_description":"Creasetec&reg; R katlama hatlar\u0131 en y\u00fcksek hassasiyetle yuvarlat\u0131lm\u0131\u015ft\u0131r \u2705 Optimum yar\u0131\u00e7ap ve tam merkezli T\u00fcm \u00e7aplarda kavisli mevcuttur \u2705 Buradan bilgi al\u0131n!","og_url":"https:\/\/graef-gnu.com\/produkt\/creasetec-r\/","og_site_name":"August Graef GNU","article_modified_time":"2021-10-06T13:30:29+00:00","og_image":[{"width":890,"height":300,"url":"https:\/\/graef-gnu.com\/wp-content\/uploads\/gnu-creastec.jpg","type":"image\/jpeg"}],"twitter_card":"summary_large_image","schema":{"@context":"https:\/\/schema.org","@graph":[{"@type":"WebPage","@id":"https:\/\/graef-gnu.com\/produkt\/creasetec-r\/","url":"https:\/\/graef-gnu.com\/produkt\/creasetec-r\/","name":"Creasetec&reg; R - August Graef GNU","isPartOf":{"@id":"https:\/\/graef-gnu.com\/#website"},"primaryImageOfPage":{"@id":"https:\/\/graef-gnu.com\/produkt\/creasetec-r\/#primaryimage"},"image":{"@id":"https:\/\/graef-gnu.com\/produkt\/creasetec-r\/#primaryimage"},"thumbnailUrl":"https:\/\/graef-gnu.com\/wp-content\/uploads\/gnu-creastec.jpg","datePublished":"2021-10-06T13:23:14+00:00","dateModified":"2021-10-06T13:30:29+00:00","description":"Creasetec&reg; R katlama hatlar\u0131 en y\u00fcksek hassasiyetle yuvarlat\u0131lm\u0131\u015ft\u0131r \u2705 Optimum yar\u0131\u00e7ap ve tam merkezli T\u00fcm \u00e7aplarda kavisli mevcuttur \u2705 Buradan bilgi al\u0131n!","breadcrumb":{"@id":"https:\/\/graef-gnu.com\/produkt\/creasetec-r\/#breadcrumb"},"inLanguage":"tr","potentialAction":[{"@type":"ReadAction","target":["https:\/\/graef-gnu.com\/produkt\/creasetec-r\/"]}]},{"@type":"ImageObject","inLanguage":"tr","@id":"https:\/\/graef-gnu.com\/produkt\/creasetec-r\/#primaryimage","url":"https:\/\/graef-gnu.com\/wp-content\/uploads\/gnu-creastec.jpg","contentUrl":"https:\/\/graef-gnu.com\/wp-content\/uploads\/gnu-creastec.jpg","width":890,"height":300},{"@type":"BreadcrumbList","@id":"https:\/\/graef-gnu.com\/produkt\/creasetec-r\/#breadcrumb","itemListElement":[{"@type":"ListItem","position":1,"name":"Startseite","item":"https:\/\/graef-gnu.com\/tr\/"},{"@type":"ListItem","position":2,"name":"\u00dcr\u00fcne Genel Bak\u0131\u015f","item":"https:\/\/graef-gnu.com\/tr\/ueruene-genel-bakis\/"},{"@type":"ListItem","position":3,"name":"Creasetec&reg; R"}]},{"@type":"WebSite","@id":"https:\/\/graef-gnu.com\/#website","url":"https:\/\/graef-gnu.com\/","name":"August Graef GNU","description":"","potentialAction":[{"@type":"SearchAction","target":{"@type":"EntryPoint","urlTemplate":"https:\/\/graef-gnu.com\/?s={search_term_string}"},"query-input":"required name=search_term_string"}],"inLanguage":"tr"}]}},"_links":{"self":[{"href":"https:\/\/graef-gnu.com\/tr\/wp-json\/wp\/v2\/product\/152460","targetHints":{"allow":["GET"]}}],"collection":[{"href":"https:\/\/graef-gnu.com\/tr\/wp-json\/wp\/v2\/product"}],"about":[{"href":"https:\/\/graef-gnu.com\/tr\/wp-json\/wp\/v2\/types\/product"}],"wp:featuredmedia":[{"embeddable":true,"href":"https:\/\/graef-gnu.com\/tr\/wp-json\/wp\/v2\/media\/149165"}],"wp:attachment":[{"href":"https:\/\/graef-gnu.com\/tr\/wp-json\/wp\/v2\/media?parent=152460"}],"wp:term":[{"taxonomy":"product_cat","embeddable":true,"href":"https:\/\/graef-gnu.com\/tr\/wp-json\/wp\/v2\/product_cat?post=152460"},{"taxonomy":"product_tag","embeddable":true,"href":"https:\/\/graef-gnu.com\/tr\/wp-json\/wp\/v2\/product_tag?post=152460"}],"curies":[{"name":"wp","href":"https:\/\/api.w.org\/{rel}","templated":true}]}}