{"id":153292,"date":"2021-02-11T11:01:54","date_gmt":"2021-10-06T13:25:30","guid":{"rendered":"https:\/\/www.graef-gnu.com\/produkt\/creasetec-lazer-r\/"},"modified":"2021-10-06T15:30:56","modified_gmt":"2021-10-06T13:30:56","slug":"creasetec-lazer-r","status":"publish","type":"product","link":"https:\/\/graef-gnu.com\/tr\/produkt\/creasetec-lazer-r\/","title":{"rendered":"Creasetec<sup>&reg;<\/sup> lazer R"},"content":{"rendered":"<p>Creasetec<sup>&reg;<\/sup>-Laser R, dar tabanl\u0131 ve geni\u015f ba\u015fl\u0131 &#8211; d\u00fcz, yuvarlak, trufold ile dolu ve oluklu mukavvay\u0131 k\u0131rmak i\u00e7in. Ayr\u0131ca bkz. Creasetec<sup>&reg;<\/sup>-Multi. Ayr\u0131ca \u00f6zel y\u00fcksekliklerde mevcuttur. Ayr\u0131ca t\u00fcm \u00e7aplarda b\u00fck\u00fclm\u00fc\u015f olarak mevcuttur.<\/p>\n","protected":false},"excerpt":{"rendered":"<p>Creasetec<sup>&reg;<\/sup>-Laser R, dar tabanl\u0131 ve geni\u015f ba\u015fl\u0131 &#8211; d\u00fcz, yuvarlak, trufold ile dolu ve oluklu mukavvay\u0131 k\u0131rmak i\u00e7in.<\/p>\n","protected":false},"featured_media":149171,"template":"","meta":{"_acf_changed":false},"product_cat":[7574],"product_tag":[],"class_list":{"0":"post-153292","1":"product","2":"type-product","3":"status-publish","4":"has-post-thumbnail","6":"product_group-oluklar","7":"product_cat-doener-kalip-kesme","8":"pa_ablaengung-1-mde","9":"pa_ablaengung-yuezuekte","10":"pa_hoehe-190-mm-tr","11":"pa_hoehe-190-mm-tr-2","12":"pa_hoehe-202-mm-tr-2","13":"pa_hoehe-203-mm-tr","14":"pa_hoehe-203-mm-tr-2","15":"pa_hoehe-204-mm-tr","16":"pa_hoehe-204-mm-tr-2","17":"pa_hoehe-205-mm-tr","18":"pa_hoehe-206-mm-tr","19":"pa_hoehe-207-mm-tr","20":"pa_hoehe-207-mm-tr-2","21":"pa_hoehe-208-mm-tr","22":"pa_hoehe-208-mm-tr-2","23":"pa_hoehe-20-0-mm-tr","24":"pa_hoehe-20-0-mm-tr-2","25":"pa_hoehe-210-mm-tr-2","26":"pa_hoehe-210-mm-tr","27":"pa_hoehe-212-mm-tr-2","28":"pa_hoehe-212-mm-tr","29":"pa_hoehe-213-mm-tr","30":"pa_hoehe-213-mm-tr-2","31":"pa_hoehe-214-mm-tr","32":"pa_hoehe-214-mm-tr-2","33":"pa_hoehe-215-mm-tr","34":"pa_hoehe-215-mm-tr-2","35":"pa_hoehe-216-mm-tr","36":"pa_hoehe-216-mm-tr-2","37":"pa_hoehe-217-mm-tr","38":"pa_hoehe-217-mm-tr-2","39":"pa_hoehe-218-mm-tr","40":"pa_hoehe-218-mm-tr-2","41":"pa_hoehe-219-mm-tr","42":"pa_hoehe-219-mm-tr-2","43":"pa_hoehe-220-mm-tr-2","44":"pa_hoehe-220-mm-tr","45":"pa_hoehe-221-mm-tr-2","46":"pa_hoehe-221-mm-tr","47":"pa_hoehe-222-mm-tr","48":"pa_hoehe-222-mm-tr-2","49":"pa_hoehe-223-mm-tr","50":"pa_hoehe-224-mm-tr","51":"pa_hoehe-224-mm-tr-2","52":"pa_hoehe-225-mm-tr","53":"pa_hoehe-226-mm-tr","54":"pa_hoehe-226-mm-tr-2","55":"pa_hoehe-227-mm-tr-2","56":"pa_hoehe-227-mm-tr","57":"pa_hoehe-228-mm-tr-2","58":"pa_hoehe-228-mm-tr","59":"pa_hoehe-2286-mm-tr","60":"pa_hoehe-229-mm-tr","61":"pa_hoehe-229-mm-tr-2","62":"pa_hoehe-22-61-mm-tr-2","63":"pa_hoehe-22-61-mm-tr","64":"pa_hoehe-230-mm-tr-2","65":"pa_hoehe-230-mm-tr","66":"pa_hoehe-231-mm-tr-2","67":"pa_hoehe-231-mm-tr","68":"pa_hoehe-232-mm-tr-2","69":"pa_hoehe-232-mm-tr","70":"pa_hoehe-2325-mm-tr","71":"pa_hoehe-233-mm-tr","72":"pa_hoehe-233-mm-tr-2","73":"pa_hoehe-235-mm-tr","74":"pa_hoehe-235mm-tr","75":"pa_hoehe-236-mm-tr-2","76":"pa_hoehe-236-mm-tr","77":"pa_hoehe-237-mm-tr","78":"pa_hoehe-238-mm-tr","79":"pa_hoehe-238-mm-tr-2","80":"pa_hoehe-239-mm-tr","81":"pa_hoehe-23-4-mm-tr","82":"pa_hoehe-23-4-mm-tr-2","83":"pa_hoehe-240-mm-tr","84":"pa_hoehe-240-mm-tr-2","85":"pa_hoehe-241-mm-tr-2","86":"pa_hoehe-242-mm-tr","87":"pa_hoehe-242-mm-tr-2","88":"pa_hoehe-243-mm-tr","89":"pa_hoehe-244-mm-tr-2","90":"pa_hoehe-245-mm-tr-2","91":"pa_hoehe-245-mm-tr","92":"pa_hoehe-246-mm-tr","93":"pa_hoehe-248-mm-tr-2","94":"pa_hoehe-248-mm-tr","95":"pa_hoehe-250-mm-tr-2","96":"pa_hoehe-250-mm-tr","97":"pa_hoehe-254-mm-tr-2","98":"pa_hoehe-254-mm-tr","99":"pa_hoehe-255-mm-tr","100":"pa_hoehe-256-mm-tr","101":"pa_hoehe-258-mm-tr","102":"pa_hoehe-258-mm-tr-2","103":"pa_hoehe-260-mm-tr","104":"pa_hoehe-260-mm-tr-2","105":"pa_hoehe-263-mm-tr","106":"pa_hoehe-264-mm-tr-2","107":"pa_hoehe-264-mm-tr","108":"pa_hoehe-265-mm-tr","109":"pa_hoehe-266-mm-tr","110":"pa_hoehe-267-mm-tr","111":"pa_hoehe-270-mm-tr","112":"pa_hoehe-272-mm-tr","113":"pa_hoehe-272-mm-tr-2","114":"pa_hoehe-274-mm-tr","115":"pa_hoehe-277-mm-tr","116":"pa_hoehe-30-0-mm-tr-2","117":"pa_hoehe-30-0-mm-tr","118":"pa_koepf-duez-kafa","119":"pa_koepf-yuvarlak-kafa","120":"pa_nuten-oluklar-ile","121":"pa_nuten-yok","122":"pa_staerke-breite-3-8-nokta","123":"pa_staerke-breite-4-8-nokta","124":"pa_wicklung-durchmesser-177-mm-tr","125":"pa_wicklung-durchmesser-270-mm-tr","126":"pa_wicklung-durchmesser-366-mm-tr","127":"pa_wicklung-durchmesser-487-mm-tr","128":"pa_wicklung-durchmesser-acw-560-mm-tr","129":"pa_wicklung-durchmesser-cw-560-mm-tr","130":"pa_wicklung-durchmesser-yok","132":"first","133":"instock","134":"purchasable","135":"product-type-variable"},"acf":[],"yoast_head":"<!-- This site is optimized with the Yoast SEO plugin v22.6 - https:\/\/yoast.com\/wordpress\/plugins\/seo\/ -->\n<title>Creasetec&reg; lazer R - August Graef GNU<\/title>\n<meta name=\"description\" content=\"Masif mukavva ve oluklu mukavvay\u0131 k\u0131rmak i\u00e7in Creasetec&reg;-Laser R\u2705 Dar tabanl\u0131 ve geni\u015f ba\u015fl\u0131 - d\u00fcz, yuvarlak, Trufold\u2705 \u00d6zel y\u00fckseklikler mevcuttur\u2705 Buradan bilgi al\u0131n!\" \/>\n<meta name=\"robots\" content=\"index, follow, max-snippet:-1, max-image-preview:large, max-video-preview:-1\" \/>\n<link rel=\"canonical\" href=\"https:\/\/graef-gnu.com\/produkt\/creasetec-laser-r\/\" \/>\n<meta property=\"og:locale\" content=\"tr_TR\" \/>\n<meta property=\"og:type\" content=\"article\" \/>\n<meta property=\"og:title\" content=\"Creasetec&reg; lazer R - August Graef GNU\" \/>\n<meta property=\"og:description\" content=\"Masif mukavva ve oluklu mukavvay\u0131 k\u0131rmak i\u00e7in Creasetec&reg;-Laser R\u2705 Dar tabanl\u0131 ve geni\u015f ba\u015fl\u0131 - d\u00fcz, yuvarlak, Trufold\u2705 \u00d6zel y\u00fckseklikler mevcuttur\u2705 Buradan bilgi al\u0131n!\" \/>\n<meta property=\"og:url\" content=\"https:\/\/graef-gnu.com\/produkt\/creasetec-laser-r\/\" \/>\n<meta property=\"og:site_name\" content=\"August Graef GNU\" \/>\n<meta property=\"article:modified_time\" content=\"2021-10-06T13:30:56+00:00\" \/>\n<meta property=\"og:image\" content=\"https:\/\/graef-gnu.com\/wp-content\/uploads\/gnu-creastec-laser-3_6-flat.jpg\" \/>\n\t<meta property=\"og:image:width\" content=\"890\" \/>\n\t<meta property=\"og:image:height\" content=\"300\" \/>\n\t<meta property=\"og:image:type\" content=\"image\/jpeg\" \/>\n<meta name=\"twitter:card\" content=\"summary_large_image\" \/>\n<script type=\"application\/ld+json\" class=\"yoast-schema-graph\">{\"@context\":\"https:\/\/schema.org\",\"@graph\":[{\"@type\":\"WebPage\",\"@id\":\"https:\/\/graef-gnu.com\/produkt\/creasetec-laser-r\/\",\"url\":\"https:\/\/graef-gnu.com\/produkt\/creasetec-laser-r\/\",\"name\":\"Creasetec&reg; lazer R - August Graef GNU\",\"isPartOf\":{\"@id\":\"https:\/\/graef-gnu.com\/#website\"},\"primaryImageOfPage\":{\"@id\":\"https:\/\/graef-gnu.com\/produkt\/creasetec-laser-r\/#primaryimage\"},\"image\":{\"@id\":\"https:\/\/graef-gnu.com\/produkt\/creasetec-laser-r\/#primaryimage\"},\"thumbnailUrl\":\"https:\/\/graef-gnu.com\/wp-content\/uploads\/gnu-creastec-laser-3_6-flat.jpg\",\"datePublished\":\"2021-10-06T13:25:30+00:00\",\"dateModified\":\"2021-10-06T13:30:56+00:00\",\"description\":\"Masif mukavva ve oluklu mukavvay\u0131 k\u0131rmak i\u00e7in Creasetec&reg;-Laser R\u2705 Dar tabanl\u0131 ve geni\u015f ba\u015fl\u0131 - d\u00fcz, yuvarlak, Trufold\u2705 \u00d6zel y\u00fckseklikler mevcuttur\u2705 Buradan bilgi al\u0131n!\",\"breadcrumb\":{\"@id\":\"https:\/\/graef-gnu.com\/produkt\/creasetec-laser-r\/#breadcrumb\"},\"inLanguage\":\"tr\",\"potentialAction\":[{\"@type\":\"ReadAction\",\"target\":[\"https:\/\/graef-gnu.com\/produkt\/creasetec-laser-r\/\"]}]},{\"@type\":\"ImageObject\",\"inLanguage\":\"tr\",\"@id\":\"https:\/\/graef-gnu.com\/produkt\/creasetec-laser-r\/#primaryimage\",\"url\":\"https:\/\/graef-gnu.com\/wp-content\/uploads\/gnu-creastec-laser-3_6-flat.jpg\",\"contentUrl\":\"https:\/\/graef-gnu.com\/wp-content\/uploads\/gnu-creastec-laser-3_6-flat.jpg\",\"width\":890,\"height\":300},{\"@type\":\"BreadcrumbList\",\"@id\":\"https:\/\/graef-gnu.com\/produkt\/creasetec-laser-r\/#breadcrumb\",\"itemListElement\":[{\"@type\":\"ListItem\",\"position\":1,\"name\":\"Startseite\",\"item\":\"https:\/\/graef-gnu.com\/tr\/\"},{\"@type\":\"ListItem\",\"position\":2,\"name\":\"\u00dcr\u00fcne Genel Bak\u0131\u015f\",\"item\":\"https:\/\/graef-gnu.com\/tr\/ueruene-genel-bakis\/\"},{\"@type\":\"ListItem\",\"position\":3,\"name\":\"Creasetec&reg; lazer R\"}]},{\"@type\":\"WebSite\",\"@id\":\"https:\/\/graef-gnu.com\/#website\",\"url\":\"https:\/\/graef-gnu.com\/\",\"name\":\"August Graef GNU\",\"description\":\"\",\"potentialAction\":[{\"@type\":\"SearchAction\",\"target\":{\"@type\":\"EntryPoint\",\"urlTemplate\":\"https:\/\/graef-gnu.com\/?s={search_term_string}\"},\"query-input\":\"required name=search_term_string\"}],\"inLanguage\":\"tr\"}]}<\/script>\n<!-- \/ Yoast SEO plugin. -->","yoast_head_json":{"title":"Creasetec&reg; lazer R - August Graef GNU","description":"Masif mukavva ve oluklu mukavvay\u0131 k\u0131rmak i\u00e7in Creasetec&reg;-Laser R\u2705 Dar tabanl\u0131 ve geni\u015f ba\u015fl\u0131 - d\u00fcz, yuvarlak, Trufold\u2705 \u00d6zel y\u00fckseklikler mevcuttur\u2705 Buradan bilgi al\u0131n!","robots":{"index":"index","follow":"follow","max-snippet":"max-snippet:-1","max-image-preview":"max-image-preview:large","max-video-preview":"max-video-preview:-1"},"canonical":"https:\/\/graef-gnu.com\/produkt\/creasetec-laser-r\/","og_locale":"tr_TR","og_type":"article","og_title":"Creasetec&reg; lazer R - August Graef GNU","og_description":"Masif mukavva ve oluklu mukavvay\u0131 k\u0131rmak i\u00e7in Creasetec&reg;-Laser R\u2705 Dar tabanl\u0131 ve geni\u015f ba\u015fl\u0131 - d\u00fcz, yuvarlak, Trufold\u2705 \u00d6zel y\u00fckseklikler mevcuttur\u2705 Buradan bilgi al\u0131n!","og_url":"https:\/\/graef-gnu.com\/produkt\/creasetec-laser-r\/","og_site_name":"August Graef GNU","article_modified_time":"2021-10-06T13:30:56+00:00","og_image":[{"width":890,"height":300,"url":"https:\/\/graef-gnu.com\/wp-content\/uploads\/gnu-creastec-laser-3_6-flat.jpg","type":"image\/jpeg"}],"twitter_card":"summary_large_image","schema":{"@context":"https:\/\/schema.org","@graph":[{"@type":"WebPage","@id":"https:\/\/graef-gnu.com\/produkt\/creasetec-laser-r\/","url":"https:\/\/graef-gnu.com\/produkt\/creasetec-laser-r\/","name":"Creasetec&reg; lazer R - August Graef GNU","isPartOf":{"@id":"https:\/\/graef-gnu.com\/#website"},"primaryImageOfPage":{"@id":"https:\/\/graef-gnu.com\/produkt\/creasetec-laser-r\/#primaryimage"},"image":{"@id":"https:\/\/graef-gnu.com\/produkt\/creasetec-laser-r\/#primaryimage"},"thumbnailUrl":"https:\/\/graef-gnu.com\/wp-content\/uploads\/gnu-creastec-laser-3_6-flat.jpg","datePublished":"2021-10-06T13:25:30+00:00","dateModified":"2021-10-06T13:30:56+00:00","description":"Masif mukavva ve oluklu mukavvay\u0131 k\u0131rmak i\u00e7in Creasetec&reg;-Laser R\u2705 Dar tabanl\u0131 ve geni\u015f ba\u015fl\u0131 - d\u00fcz, yuvarlak, Trufold\u2705 \u00d6zel y\u00fckseklikler mevcuttur\u2705 Buradan bilgi al\u0131n!","breadcrumb":{"@id":"https:\/\/graef-gnu.com\/produkt\/creasetec-laser-r\/#breadcrumb"},"inLanguage":"tr","potentialAction":[{"@type":"ReadAction","target":["https:\/\/graef-gnu.com\/produkt\/creasetec-laser-r\/"]}]},{"@type":"ImageObject","inLanguage":"tr","@id":"https:\/\/graef-gnu.com\/produkt\/creasetec-laser-r\/#primaryimage","url":"https:\/\/graef-gnu.com\/wp-content\/uploads\/gnu-creastec-laser-3_6-flat.jpg","contentUrl":"https:\/\/graef-gnu.com\/wp-content\/uploads\/gnu-creastec-laser-3_6-flat.jpg","width":890,"height":300},{"@type":"BreadcrumbList","@id":"https:\/\/graef-gnu.com\/produkt\/creasetec-laser-r\/#breadcrumb","itemListElement":[{"@type":"ListItem","position":1,"name":"Startseite","item":"https:\/\/graef-gnu.com\/tr\/"},{"@type":"ListItem","position":2,"name":"\u00dcr\u00fcne Genel Bak\u0131\u015f","item":"https:\/\/graef-gnu.com\/tr\/ueruene-genel-bakis\/"},{"@type":"ListItem","position":3,"name":"Creasetec&reg; lazer R"}]},{"@type":"WebSite","@id":"https:\/\/graef-gnu.com\/#website","url":"https:\/\/graef-gnu.com\/","name":"August Graef GNU","description":"","potentialAction":[{"@type":"SearchAction","target":{"@type":"EntryPoint","urlTemplate":"https:\/\/graef-gnu.com\/?s={search_term_string}"},"query-input":"required name=search_term_string"}],"inLanguage":"tr"}]}},"_links":{"self":[{"href":"https:\/\/graef-gnu.com\/tr\/wp-json\/wp\/v2\/product\/153292","targetHints":{"allow":["GET"]}}],"collection":[{"href":"https:\/\/graef-gnu.com\/tr\/wp-json\/wp\/v2\/product"}],"about":[{"href":"https:\/\/graef-gnu.com\/tr\/wp-json\/wp\/v2\/types\/product"}],"wp:featuredmedia":[{"embeddable":true,"href":"https:\/\/graef-gnu.com\/tr\/wp-json\/wp\/v2\/media\/149171"}],"wp:attachment":[{"href":"https:\/\/graef-gnu.com\/tr\/wp-json\/wp\/v2\/media?parent=153292"}],"wp:term":[{"taxonomy":"product_cat","embeddable":true,"href":"https:\/\/graef-gnu.com\/tr\/wp-json\/wp\/v2\/product_cat?post=153292"},{"taxonomy":"product_tag","embeddable":true,"href":"https:\/\/graef-gnu.com\/tr\/wp-json\/wp\/v2\/product_tag?post=153292"}],"curies":[{"name":"wp","href":"https:\/\/api.w.org\/{rel}","templated":true}]}}