{"id":156594,"date":"2021-02-11T10:59:34","date_gmt":"2021-10-06T13:32:20","guid":{"rendered":"https:\/\/www.graef-gnu.com\/produkt\/gnu-tirtikli-r\/"},"modified":"2021-10-06T15:35:05","modified_gmt":"2021-10-06T13:35:05","slug":"gnu-tirtikli-r","status":"publish","type":"product","link":"https:\/\/graef-gnu.com\/tr\/produkt\/gnu-tirtikli-r\/","title":{"rendered":"GNU T\u0131rt\u0131kl\u0131 R"},"content":{"rendered":"<p>T\u0131rt\u0131kl\u0131 R, d\u00f6ner delme i\u00e7in standart kesme hatt\u0131d\u0131r. Kesme kenar\u0131na kadar sertle\u015ftirilmi\u015ftir ve \u00e7ift tarafl\u0131 ve tek tarafl\u0131 versiyonlar\u0131 mevcuttur. 10, 12 ve 20 tpi olarak mevcuttur.<\/p>\n","protected":false},"excerpt":{"rendered":"<p>T\u0131rt\u0131kl\u0131 R, d\u00f6ner delme i\u00e7in standart kesme hatt\u0131d\u0131r. Kesme kenar\u0131na kadar sertle\u015ftirilmi\u015ftir ve \u00e7ift tarafl\u0131 ve tek tarafl\u0131 versiyonlar\u0131 mevcuttur. 10, 12 ve 20 tpi olarak mevcuttur.<\/p>\n","protected":false},"featured_media":149180,"template":"","meta":{"_acf_changed":false},"product_cat":[7574],"product_tag":[],"class_list":{"0":"post-156594","1":"product","2":"type-product","3":"status-publish","4":"has-post-thumbnail","6":"product_group-kesmek-tr","7":"product_cat-doener-kalip-kesme","8":"pa_ablaengung-1-mde","9":"pa_ablaengung-yuezuekte","10":"pa_hoehe-20-0-mm-tr","11":"pa_hoehe-216-mm-tr","12":"pa_hoehe-218-mm-tr","13":"pa_hoehe-224-mm-tr","14":"pa_hoehe-230-mm-tr","15":"pa_hoehe-238-mm-tr","16":"pa_hoehe-23-4-mm-tr","17":"pa_hoehe-240-mm-tr","18":"pa_hoehe-244-mm-tr","19":"pa_hoehe-246-mm-tr","20":"pa_hoehe-2464-mm-tr","21":"pa_hoehe-248-mm-tr","22":"pa_hoehe-250-mm-tr","23":"pa_hoehe-251-mm-tr","24":"pa_hoehe-2514-mm-tr","25":"pa_hoehe-2515-mm-tr","26":"pa_hoehe-254-mm-tr","27":"pa_hoehe-256-mm-tr-2","28":"pa_hoehe-256-mm-tr","29":"pa_hoehe-258-mm-tr-2","30":"pa_hoehe-258-mm-tr","31":"pa_hoehe-259-mm-tr","32":"pa_hoehe-260-mm-tr","33":"pa_hoehe-261-mm-tr","34":"pa_hoehe-2616-mm-tr","35":"pa_hoehe-262-mm-tr","36":"pa_hoehe-264-mm-tr","37":"pa_hoehe-266-mm-tr","38":"pa_hoehe-270-mm-tr","39":"pa_hoehe-271-mm-tr","40":"pa_hoehe-274-mm-tr","41":"pa_hoehe-286-mm-tr","42":"pa_hoehe-288-mm-tr","43":"pa_hoehe-293-mm-tr","44":"pa_hoehe-294-mm-tr","45":"pa_hoehe-3016-mm-tr","46":"pa_hoehe-305-mm-tr","47":"pa_hoehe-30-0-mm-tr","48":"pa_hoehe-3125-mm-tr","49":"pa_hoehe-326-mm-tr","50":"pa_hoehe-336-mm-tr","51":"pa_hoehe-355-mm-tr","52":"pa_hoehe-390-mm-tr","53":"pa_nuten-oluklar-ile","54":"pa_nuten-yok","55":"pa_staerke-breite-142-mm-tr","56":"pa_staerke-breite-20-mm-tr","57":"pa_wicklung-durchmesser-177-mm-tr","58":"pa_wicklung-durchmesser-270-mm-tr","59":"pa_wicklung-durchmesser-366-mm-tr","60":"pa_wicklung-durchmesser-487-mm-tr","61":"pa_wicklung-durchmesser-acw-560-mm-tr","62":"pa_wicklung-durchmesser-cw-560-mm-tr","63":"pa_wicklung-durchmesser-yok","64":"pa_zaehne-10-tpi-tr","65":"pa_zaehne-12-tpi-tr","66":"pa_zaehne-20-tpi-tr","68":"first","69":"instock","70":"purchasable","71":"product-type-variable"},"acf":[],"yoast_head":"<!-- This site is optimized with the Yoast SEO plugin v22.6 - https:\/\/yoast.com\/wordpress\/plugins\/seo\/ -->\n<title>GNU T\u0131rt\u0131kl\u0131 R - August Graef GNU<\/title>\n<meta name=\"description\" content=\"D\u00f6ner delme i\u00e7in standart kesme hatt\u0131 \u25ba sertle\u015ftirilmi\u015f kenar &amp; \u00e7ift tarafl\u0131 ve tek tarafl\u0131 tasar\u0131mda mevcuttur\u2705 10, 12 ve 20 tpi\u2705 buradan bilgi al\u0131n!\" \/>\n<meta name=\"robots\" content=\"index, follow, max-snippet:-1, max-image-preview:large, max-video-preview:-1\" \/>\n<link rel=\"canonical\" href=\"https:\/\/graef-gnu.com\/produkt\/gnu-serrated-r\/\" \/>\n<meta property=\"og:locale\" content=\"tr_TR\" \/>\n<meta property=\"og:type\" content=\"article\" \/>\n<meta property=\"og:title\" content=\"GNU T\u0131rt\u0131kl\u0131 R - August Graef GNU\" \/>\n<meta property=\"og:description\" content=\"D\u00f6ner delme i\u00e7in standart kesme hatt\u0131 \u25ba sertle\u015ftirilmi\u015f kenar &amp; \u00e7ift tarafl\u0131 ve tek tarafl\u0131 tasar\u0131mda mevcuttur\u2705 10, 12 ve 20 tpi\u2705 buradan bilgi al\u0131n!\" \/>\n<meta property=\"og:url\" content=\"https:\/\/graef-gnu.com\/produkt\/gnu-serrated-r\/\" \/>\n<meta property=\"og:site_name\" content=\"August Graef GNU\" \/>\n<meta property=\"article:modified_time\" content=\"2021-10-06T13:35:05+00:00\" \/>\n<meta property=\"og:image\" content=\"https:\/\/graef-gnu.com\/wp-content\/uploads\/gnu-doppelseit-ig-gezahnt-12tpi.jpg\" \/>\n\t<meta property=\"og:image:width\" content=\"890\" \/>\n\t<meta property=\"og:image:height\" content=\"300\" \/>\n\t<meta property=\"og:image:type\" content=\"image\/jpeg\" \/>\n<meta name=\"twitter:card\" content=\"summary_large_image\" \/>\n<script type=\"application\/ld+json\" class=\"yoast-schema-graph\">{\"@context\":\"https:\/\/schema.org\",\"@graph\":[{\"@type\":\"WebPage\",\"@id\":\"https:\/\/graef-gnu.com\/produkt\/gnu-serrated-r\/\",\"url\":\"https:\/\/graef-gnu.com\/produkt\/gnu-serrated-r\/\",\"name\":\"GNU T\u0131rt\u0131kl\u0131 R - August Graef GNU\",\"isPartOf\":{\"@id\":\"https:\/\/graef-gnu.com\/#website\"},\"primaryImageOfPage\":{\"@id\":\"https:\/\/graef-gnu.com\/produkt\/gnu-serrated-r\/#primaryimage\"},\"image\":{\"@id\":\"https:\/\/graef-gnu.com\/produkt\/gnu-serrated-r\/#primaryimage\"},\"thumbnailUrl\":\"https:\/\/graef-gnu.com\/wp-content\/uploads\/gnu-doppelseit-ig-gezahnt-12tpi.jpg\",\"datePublished\":\"2021-10-06T13:32:20+00:00\",\"dateModified\":\"2021-10-06T13:35:05+00:00\",\"description\":\"D\u00f6ner delme i\u00e7in standart kesme hatt\u0131 \u25ba sertle\u015ftirilmi\u015f kenar & \u00e7ift tarafl\u0131 ve tek tarafl\u0131 tasar\u0131mda mevcuttur\u2705 10, 12 ve 20 tpi\u2705 buradan bilgi al\u0131n!\",\"breadcrumb\":{\"@id\":\"https:\/\/graef-gnu.com\/produkt\/gnu-serrated-r\/#breadcrumb\"},\"inLanguage\":\"tr\",\"potentialAction\":[{\"@type\":\"ReadAction\",\"target\":[\"https:\/\/graef-gnu.com\/produkt\/gnu-serrated-r\/\"]}]},{\"@type\":\"ImageObject\",\"inLanguage\":\"tr\",\"@id\":\"https:\/\/graef-gnu.com\/produkt\/gnu-serrated-r\/#primaryimage\",\"url\":\"https:\/\/graef-gnu.com\/wp-content\/uploads\/gnu-doppelseit-ig-gezahnt-12tpi.jpg\",\"contentUrl\":\"https:\/\/graef-gnu.com\/wp-content\/uploads\/gnu-doppelseit-ig-gezahnt-12tpi.jpg\",\"width\":890,\"height\":300},{\"@type\":\"BreadcrumbList\",\"@id\":\"https:\/\/graef-gnu.com\/produkt\/gnu-serrated-r\/#breadcrumb\",\"itemListElement\":[{\"@type\":\"ListItem\",\"position\":1,\"name\":\"Startseite\",\"item\":\"https:\/\/graef-gnu.com\/tr\/\"},{\"@type\":\"ListItem\",\"position\":2,\"name\":\"\u00dcr\u00fcne Genel Bak\u0131\u015f\",\"item\":\"https:\/\/graef-gnu.com\/tr\/ueruene-genel-bakis\/\"},{\"@type\":\"ListItem\",\"position\":3,\"name\":\"GNU T\u0131rt\u0131kl\u0131 R\"}]},{\"@type\":\"WebSite\",\"@id\":\"https:\/\/graef-gnu.com\/#website\",\"url\":\"https:\/\/graef-gnu.com\/\",\"name\":\"August Graef GNU\",\"description\":\"\",\"potentialAction\":[{\"@type\":\"SearchAction\",\"target\":{\"@type\":\"EntryPoint\",\"urlTemplate\":\"https:\/\/graef-gnu.com\/?s={search_term_string}\"},\"query-input\":\"required name=search_term_string\"}],\"inLanguage\":\"tr\"}]}<\/script>\n<!-- \/ Yoast SEO plugin. -->","yoast_head_json":{"title":"GNU T\u0131rt\u0131kl\u0131 R - August Graef GNU","description":"D\u00f6ner delme i\u00e7in standart kesme hatt\u0131 \u25ba sertle\u015ftirilmi\u015f kenar & \u00e7ift tarafl\u0131 ve tek tarafl\u0131 tasar\u0131mda mevcuttur\u2705 10, 12 ve 20 tpi\u2705 buradan bilgi al\u0131n!","robots":{"index":"index","follow":"follow","max-snippet":"max-snippet:-1","max-image-preview":"max-image-preview:large","max-video-preview":"max-video-preview:-1"},"canonical":"https:\/\/graef-gnu.com\/produkt\/gnu-serrated-r\/","og_locale":"tr_TR","og_type":"article","og_title":"GNU T\u0131rt\u0131kl\u0131 R - August Graef GNU","og_description":"D\u00f6ner delme i\u00e7in standart kesme hatt\u0131 \u25ba sertle\u015ftirilmi\u015f kenar & \u00e7ift tarafl\u0131 ve tek tarafl\u0131 tasar\u0131mda mevcuttur\u2705 10, 12 ve 20 tpi\u2705 buradan bilgi al\u0131n!","og_url":"https:\/\/graef-gnu.com\/produkt\/gnu-serrated-r\/","og_site_name":"August Graef GNU","article_modified_time":"2021-10-06T13:35:05+00:00","og_image":[{"width":890,"height":300,"url":"https:\/\/graef-gnu.com\/wp-content\/uploads\/gnu-doppelseit-ig-gezahnt-12tpi.jpg","type":"image\/jpeg"}],"twitter_card":"summary_large_image","schema":{"@context":"https:\/\/schema.org","@graph":[{"@type":"WebPage","@id":"https:\/\/graef-gnu.com\/produkt\/gnu-serrated-r\/","url":"https:\/\/graef-gnu.com\/produkt\/gnu-serrated-r\/","name":"GNU T\u0131rt\u0131kl\u0131 R - August Graef GNU","isPartOf":{"@id":"https:\/\/graef-gnu.com\/#website"},"primaryImageOfPage":{"@id":"https:\/\/graef-gnu.com\/produkt\/gnu-serrated-r\/#primaryimage"},"image":{"@id":"https:\/\/graef-gnu.com\/produkt\/gnu-serrated-r\/#primaryimage"},"thumbnailUrl":"https:\/\/graef-gnu.com\/wp-content\/uploads\/gnu-doppelseit-ig-gezahnt-12tpi.jpg","datePublished":"2021-10-06T13:32:20+00:00","dateModified":"2021-10-06T13:35:05+00:00","description":"D\u00f6ner delme i\u00e7in standart kesme hatt\u0131 \u25ba sertle\u015ftirilmi\u015f kenar & \u00e7ift tarafl\u0131 ve tek tarafl\u0131 tasar\u0131mda mevcuttur\u2705 10, 12 ve 20 tpi\u2705 buradan bilgi al\u0131n!","breadcrumb":{"@id":"https:\/\/graef-gnu.com\/produkt\/gnu-serrated-r\/#breadcrumb"},"inLanguage":"tr","potentialAction":[{"@type":"ReadAction","target":["https:\/\/graef-gnu.com\/produkt\/gnu-serrated-r\/"]}]},{"@type":"ImageObject","inLanguage":"tr","@id":"https:\/\/graef-gnu.com\/produkt\/gnu-serrated-r\/#primaryimage","url":"https:\/\/graef-gnu.com\/wp-content\/uploads\/gnu-doppelseit-ig-gezahnt-12tpi.jpg","contentUrl":"https:\/\/graef-gnu.com\/wp-content\/uploads\/gnu-doppelseit-ig-gezahnt-12tpi.jpg","width":890,"height":300},{"@type":"BreadcrumbList","@id":"https:\/\/graef-gnu.com\/produkt\/gnu-serrated-r\/#breadcrumb","itemListElement":[{"@type":"ListItem","position":1,"name":"Startseite","item":"https:\/\/graef-gnu.com\/tr\/"},{"@type":"ListItem","position":2,"name":"\u00dcr\u00fcne Genel Bak\u0131\u015f","item":"https:\/\/graef-gnu.com\/tr\/ueruene-genel-bakis\/"},{"@type":"ListItem","position":3,"name":"GNU T\u0131rt\u0131kl\u0131 R"}]},{"@type":"WebSite","@id":"https:\/\/graef-gnu.com\/#website","url":"https:\/\/graef-gnu.com\/","name":"August Graef GNU","description":"","potentialAction":[{"@type":"SearchAction","target":{"@type":"EntryPoint","urlTemplate":"https:\/\/graef-gnu.com\/?s={search_term_string}"},"query-input":"required name=search_term_string"}],"inLanguage":"tr"}]}},"_links":{"self":[{"href":"https:\/\/graef-gnu.com\/tr\/wp-json\/wp\/v2\/product\/156594","targetHints":{"allow":["GET"]}}],"collection":[{"href":"https:\/\/graef-gnu.com\/tr\/wp-json\/wp\/v2\/product"}],"about":[{"href":"https:\/\/graef-gnu.com\/tr\/wp-json\/wp\/v2\/types\/product"}],"wp:featuredmedia":[{"embeddable":true,"href":"https:\/\/graef-gnu.com\/tr\/wp-json\/wp\/v2\/media\/149180"}],"wp:attachment":[{"href":"https:\/\/graef-gnu.com\/tr\/wp-json\/wp\/v2\/media?parent=156594"}],"wp:term":[{"taxonomy":"product_cat","embeddable":true,"href":"https:\/\/graef-gnu.com\/tr\/wp-json\/wp\/v2\/product_cat?post=156594"},{"taxonomy":"product_tag","embeddable":true,"href":"https:\/\/graef-gnu.com\/tr\/wp-json\/wp\/v2\/product_tag?post=156594"}],"curies":[{"name":"wp","href":"https:\/\/api.w.org\/{rel}","templated":true}]}}