{"id":156747,"date":"2021-02-11T11:00:56","date_gmt":"2021-10-06T13:32:40","guid":{"rendered":"https:\/\/www.graef-gnu.com\/produkt\/gnu-guec-kesimi\/"},"modified":"2021-10-06T15:35:10","modified_gmt":"2021-10-06T13:35:10","slug":"gnu-powercut","status":"publish","type":"product","link":"https:\/\/graef-gnu.com\/tr\/produkt\/gnu-powercut\/","title":{"rendered":"GNU G\u00fc\u00e7 Kesimi"},"content":{"rendered":"<p>Kenarlar\u0131n k\u0131r\u0131lmas\u0131n\u0131 \u00f6nlemek i\u00e7in \u00f6zellikle a\u011f\u0131r malzemeler i\u00e7in b\u0131\u00e7akla sertle\u015ftirilmi\u015f hat. B\u0131\u00e7ak, di\u015fin taban\u0131 ile di\u015fin ucu aras\u0131nda \u00f6nemli bir farka sahiptir. Bu nedenle hat \u00e7ok keskindir ve nemli oluklu mukavvay\u0131 bile kolayca delebilir.<\/p>\n","protected":false},"excerpt":{"rendered":"<p>Kenarlar\u0131n k\u0131r\u0131lmas\u0131n\u0131 \u00f6nlemek i\u00e7in \u00f6zellikle a\u011f\u0131r malzemeler i\u00e7in b\u0131\u00e7akla sertle\u015ftirilmi\u015f hat. B\u0131\u00e7ak, di\u015fin taban\u0131 ile di\u015fin ucu aras\u0131nda \u00f6nemli bir farka sahiptir.<\/p>\n","protected":false},"featured_media":149153,"template":"","meta":{"_acf_changed":false},"product_cat":[7574],"product_tag":[],"class_list":{"0":"post-156747","1":"product","2":"type-product","3":"status-publish","4":"has-post-thumbnail","6":"product_group-kesmek-tr","7":"product_cat-doener-kalip-kesme","8":"pa_ablaengung-yuezuekte","9":"pa_hoehe-246-mm-tr","10":"pa_hoehe-254-mm-tr","11":"pa_hoehe-258-mm-tr","12":"pa_hoehe-2616-mm-tr","13":"pa_hoehe-264-mm-tr","14":"pa_nuten-oluklar-ile","15":"pa_nuten-yok","16":"pa_staerke-breite-142-mm-tr","17":"pa_wicklung-durchmesser-366-mm-tr","18":"pa_wicklung-durchmesser-487-mm-tr","19":"pa_wicklung-durchmesser-cw-560-mm-tr","20":"pa_zaehne-8-tpi-tr","22":"first","23":"instock","24":"purchasable","25":"product-type-variable"},"acf":[],"yoast_head":"<!-- This site is optimized with the Yoast SEO plugin v22.6 - https:\/\/yoast.com\/wordpress\/plugins\/seo\/ -->\n<title>GNU G\u00fc\u00e7 Kesimi - August Graef GNU<\/title>\n<meta name=\"description\" content=\"\u00c7ok keskin ve ayn\u0131 zamanda nemli oluklu mukavvay\u0131 kolayca delebilir \u2705 Kenarlar\u0131n k\u0131r\u0131lmas\u0131n\u0131 \u00f6nlemek i\u00e7in \u00f6zellikle a\u011f\u0131r malzemeler i\u00e7in uygundur Daha fazlas\u0131n\u0131 buradan \u00f6\u011frenin!\" \/>\n<meta name=\"robots\" content=\"index, follow, max-snippet:-1, max-image-preview:large, max-video-preview:-1\" \/>\n<link rel=\"canonical\" href=\"https:\/\/graef-gnu.com\/produkt\/gnu-powercut\/\" \/>\n<meta property=\"og:locale\" content=\"tr_TR\" \/>\n<meta property=\"og:type\" content=\"article\" \/>\n<meta property=\"og:title\" content=\"GNU G\u00fc\u00e7 Kesimi - August Graef GNU\" \/>\n<meta property=\"og:description\" content=\"\u00c7ok keskin ve ayn\u0131 zamanda nemli oluklu mukavvay\u0131 kolayca delebilir \u2705 Kenarlar\u0131n k\u0131r\u0131lmas\u0131n\u0131 \u00f6nlemek i\u00e7in \u00f6zellikle a\u011f\u0131r malzemeler i\u00e7in uygundur Daha fazlas\u0131n\u0131 buradan \u00f6\u011frenin!\" \/>\n<meta property=\"og:url\" content=\"https:\/\/graef-gnu.com\/produkt\/gnu-powercut\/\" \/>\n<meta property=\"og:site_name\" content=\"August Graef GNU\" \/>\n<meta property=\"article:modified_time\" content=\"2021-10-06T13:35:10+00:00\" \/>\n<meta property=\"og:image\" content=\"https:\/\/graef-gnu.com\/wp-content\/uploads\/gnu-powercut_.jpg\" \/>\n\t<meta property=\"og:image:width\" content=\"890\" \/>\n\t<meta property=\"og:image:height\" content=\"300\" \/>\n\t<meta property=\"og:image:type\" content=\"image\/jpeg\" \/>\n<meta name=\"twitter:card\" content=\"summary_large_image\" \/>\n<script type=\"application\/ld+json\" class=\"yoast-schema-graph\">{\"@context\":\"https:\/\/schema.org\",\"@graph\":[{\"@type\":\"WebPage\",\"@id\":\"https:\/\/graef-gnu.com\/produkt\/gnu-powercut\/\",\"url\":\"https:\/\/graef-gnu.com\/produkt\/gnu-powercut\/\",\"name\":\"GNU G\u00fc\u00e7 Kesimi - August Graef GNU\",\"isPartOf\":{\"@id\":\"https:\/\/graef-gnu.com\/#website\"},\"primaryImageOfPage\":{\"@id\":\"https:\/\/graef-gnu.com\/produkt\/gnu-powercut\/#primaryimage\"},\"image\":{\"@id\":\"https:\/\/graef-gnu.com\/produkt\/gnu-powercut\/#primaryimage\"},\"thumbnailUrl\":\"https:\/\/graef-gnu.com\/wp-content\/uploads\/gnu-powercut_.jpg\",\"datePublished\":\"2021-10-06T13:32:40+00:00\",\"dateModified\":\"2021-10-06T13:35:10+00:00\",\"description\":\"\u00c7ok keskin ve ayn\u0131 zamanda nemli oluklu mukavvay\u0131 kolayca delebilir \u2705 Kenarlar\u0131n k\u0131r\u0131lmas\u0131n\u0131 \u00f6nlemek i\u00e7in \u00f6zellikle a\u011f\u0131r malzemeler i\u00e7in uygundur Daha fazlas\u0131n\u0131 buradan \u00f6\u011frenin!\",\"breadcrumb\":{\"@id\":\"https:\/\/graef-gnu.com\/produkt\/gnu-powercut\/#breadcrumb\"},\"inLanguage\":\"tr\",\"potentialAction\":[{\"@type\":\"ReadAction\",\"target\":[\"https:\/\/graef-gnu.com\/produkt\/gnu-powercut\/\"]}]},{\"@type\":\"ImageObject\",\"inLanguage\":\"tr\",\"@id\":\"https:\/\/graef-gnu.com\/produkt\/gnu-powercut\/#primaryimage\",\"url\":\"https:\/\/graef-gnu.com\/wp-content\/uploads\/gnu-powercut_.jpg\",\"contentUrl\":\"https:\/\/graef-gnu.com\/wp-content\/uploads\/gnu-powercut_.jpg\",\"width\":890,\"height\":300},{\"@type\":\"BreadcrumbList\",\"@id\":\"https:\/\/graef-gnu.com\/produkt\/gnu-powercut\/#breadcrumb\",\"itemListElement\":[{\"@type\":\"ListItem\",\"position\":1,\"name\":\"Startseite\",\"item\":\"https:\/\/graef-gnu.com\/tr\/\"},{\"@type\":\"ListItem\",\"position\":2,\"name\":\"\u00dcr\u00fcne Genel Bak\u0131\u015f\",\"item\":\"https:\/\/graef-gnu.com\/tr\/ueruene-genel-bakis\/\"},{\"@type\":\"ListItem\",\"position\":3,\"name\":\"GNU G\u00fc\u00e7 Kesimi\"}]},{\"@type\":\"WebSite\",\"@id\":\"https:\/\/graef-gnu.com\/#website\",\"url\":\"https:\/\/graef-gnu.com\/\",\"name\":\"August Graef GNU\",\"description\":\"\",\"potentialAction\":[{\"@type\":\"SearchAction\",\"target\":{\"@type\":\"EntryPoint\",\"urlTemplate\":\"https:\/\/graef-gnu.com\/?s={search_term_string}\"},\"query-input\":\"required name=search_term_string\"}],\"inLanguage\":\"tr\"}]}<\/script>\n<!-- \/ Yoast SEO plugin. -->","yoast_head_json":{"title":"GNU G\u00fc\u00e7 Kesimi - August Graef GNU","description":"\u00c7ok keskin ve ayn\u0131 zamanda nemli oluklu mukavvay\u0131 kolayca delebilir \u2705 Kenarlar\u0131n k\u0131r\u0131lmas\u0131n\u0131 \u00f6nlemek i\u00e7in \u00f6zellikle a\u011f\u0131r malzemeler i\u00e7in uygundur Daha fazlas\u0131n\u0131 buradan \u00f6\u011frenin!","robots":{"index":"index","follow":"follow","max-snippet":"max-snippet:-1","max-image-preview":"max-image-preview:large","max-video-preview":"max-video-preview:-1"},"canonical":"https:\/\/graef-gnu.com\/produkt\/gnu-powercut\/","og_locale":"tr_TR","og_type":"article","og_title":"GNU G\u00fc\u00e7 Kesimi - August Graef GNU","og_description":"\u00c7ok keskin ve ayn\u0131 zamanda nemli oluklu mukavvay\u0131 kolayca delebilir \u2705 Kenarlar\u0131n k\u0131r\u0131lmas\u0131n\u0131 \u00f6nlemek i\u00e7in \u00f6zellikle a\u011f\u0131r malzemeler i\u00e7in uygundur Daha fazlas\u0131n\u0131 buradan \u00f6\u011frenin!","og_url":"https:\/\/graef-gnu.com\/produkt\/gnu-powercut\/","og_site_name":"August Graef GNU","article_modified_time":"2021-10-06T13:35:10+00:00","og_image":[{"width":890,"height":300,"url":"https:\/\/graef-gnu.com\/wp-content\/uploads\/gnu-powercut_.jpg","type":"image\/jpeg"}],"twitter_card":"summary_large_image","schema":{"@context":"https:\/\/schema.org","@graph":[{"@type":"WebPage","@id":"https:\/\/graef-gnu.com\/produkt\/gnu-powercut\/","url":"https:\/\/graef-gnu.com\/produkt\/gnu-powercut\/","name":"GNU G\u00fc\u00e7 Kesimi - August Graef GNU","isPartOf":{"@id":"https:\/\/graef-gnu.com\/#website"},"primaryImageOfPage":{"@id":"https:\/\/graef-gnu.com\/produkt\/gnu-powercut\/#primaryimage"},"image":{"@id":"https:\/\/graef-gnu.com\/produkt\/gnu-powercut\/#primaryimage"},"thumbnailUrl":"https:\/\/graef-gnu.com\/wp-content\/uploads\/gnu-powercut_.jpg","datePublished":"2021-10-06T13:32:40+00:00","dateModified":"2021-10-06T13:35:10+00:00","description":"\u00c7ok keskin ve ayn\u0131 zamanda nemli oluklu mukavvay\u0131 kolayca delebilir \u2705 Kenarlar\u0131n k\u0131r\u0131lmas\u0131n\u0131 \u00f6nlemek i\u00e7in \u00f6zellikle a\u011f\u0131r malzemeler i\u00e7in uygundur Daha fazlas\u0131n\u0131 buradan \u00f6\u011frenin!","breadcrumb":{"@id":"https:\/\/graef-gnu.com\/produkt\/gnu-powercut\/#breadcrumb"},"inLanguage":"tr","potentialAction":[{"@type":"ReadAction","target":["https:\/\/graef-gnu.com\/produkt\/gnu-powercut\/"]}]},{"@type":"ImageObject","inLanguage":"tr","@id":"https:\/\/graef-gnu.com\/produkt\/gnu-powercut\/#primaryimage","url":"https:\/\/graef-gnu.com\/wp-content\/uploads\/gnu-powercut_.jpg","contentUrl":"https:\/\/graef-gnu.com\/wp-content\/uploads\/gnu-powercut_.jpg","width":890,"height":300},{"@type":"BreadcrumbList","@id":"https:\/\/graef-gnu.com\/produkt\/gnu-powercut\/#breadcrumb","itemListElement":[{"@type":"ListItem","position":1,"name":"Startseite","item":"https:\/\/graef-gnu.com\/tr\/"},{"@type":"ListItem","position":2,"name":"\u00dcr\u00fcne Genel Bak\u0131\u015f","item":"https:\/\/graef-gnu.com\/tr\/ueruene-genel-bakis\/"},{"@type":"ListItem","position":3,"name":"GNU G\u00fc\u00e7 Kesimi"}]},{"@type":"WebSite","@id":"https:\/\/graef-gnu.com\/#website","url":"https:\/\/graef-gnu.com\/","name":"August Graef GNU","description":"","potentialAction":[{"@type":"SearchAction","target":{"@type":"EntryPoint","urlTemplate":"https:\/\/graef-gnu.com\/?s={search_term_string}"},"query-input":"required name=search_term_string"}],"inLanguage":"tr"}]}},"_links":{"self":[{"href":"https:\/\/graef-gnu.com\/tr\/wp-json\/wp\/v2\/product\/156747","targetHints":{"allow":["GET"]}}],"collection":[{"href":"https:\/\/graef-gnu.com\/tr\/wp-json\/wp\/v2\/product"}],"about":[{"href":"https:\/\/graef-gnu.com\/tr\/wp-json\/wp\/v2\/types\/product"}],"wp:featuredmedia":[{"embeddable":true,"href":"https:\/\/graef-gnu.com\/tr\/wp-json\/wp\/v2\/media\/149153"}],"wp:attachment":[{"href":"https:\/\/graef-gnu.com\/tr\/wp-json\/wp\/v2\/media?parent=156747"}],"wp:term":[{"taxonomy":"product_cat","embeddable":true,"href":"https:\/\/graef-gnu.com\/tr\/wp-json\/wp\/v2\/product_cat?post=156747"},{"taxonomy":"product_tag","embeddable":true,"href":"https:\/\/graef-gnu.com\/tr\/wp-json\/wp\/v2\/product_tag?post=156747"}],"curies":[{"name":"wp","href":"https:\/\/api.w.org\/{rel}","templated":true}]}}