{"id":159698,"date":"2021-02-11T11:06:57","date_gmt":"2021-10-06T13:40:04","guid":{"rendered":"https:\/\/www.graef-gnu.com\/produkt\/kanal-oluklari\/"},"modified":"2021-12-20T17:30:26","modified_gmt":"2021-12-20T16:30:26","slug":"kanal-oluklari","status":"publish","type":"product","link":"https:\/\/graef-gnu.com\/tr\/produkt\/kanal-oluklari\/","title":{"rendered":"Kanal oluklar\u0131"},"content":{"rendered":"<p>Metal bazl\u0131 prefabrik kanal oluklar\u0131.<\/p>\n","protected":false},"excerpt":{"rendered":"<p>Metal bazl\u0131 prefabrik kanal oluklar\u0131.<\/p>\n","protected":false},"featured_media":151009,"template":"","meta":{"_acf_changed":false},"product_cat":[7576],"product_tag":[],"class_list":{"0":"post-159698","1":"product","2":"type-product","3":"status-publish","4":"has-post-thumbnail","6":"product_cat-kirisik-pansuman-ve-karsi-pansuman-malzemesi","7":"pa_hoehe-038-mm-tr","8":"pa_hoehe-043-mm-tr","9":"pa_hoehe-045-mm-tr","10":"pa_hoehe-048-mm-tr","11":"pa_hoehe-053-mm-tr","12":"pa_hoehe-056-mm-tr","13":"pa_hoehe-058-mm-tr","14":"pa_hoehe-063-mm-tr","15":"pa_hoehe-068-mm-tr","16":"pa_hoehe-079-mm-tr","17":"pa_hoehe-10-mm-tr-3","18":"pa_hoehe-13-mm-tr-3","19":"pa_hoehe-16-mm-tr-2","20":"pa_hoehe-20-mm-tr-2","21":"pa_kanalbreite-038-mm-tr","22":"pa_kanalbreite-08-mm-tr","23":"pa_kanalbreite-10-mm-tr","24":"pa_kanalbreite-13-mm-tr","25":"pa_kanalbreite-14-mm-tr","26":"pa_kanalbreite-15-mm-tr","27":"pa_kanalbreite-17-mm-tr","28":"pa_kanalbreite-19-mm-tr","29":"pa_kanalbreite-21-mm-tr","30":"pa_kanalbreite-23-mm-tr","31":"pa_kanalbreite-27-mm-tr","32":"pa_kanalbreite-30-mm-tr","33":"pa_kanalbreite-38-mm-tr","34":"pa_kanalbreite-5-0-mm-tr","35":"pa_kanalbreite-63-mm-tr","36":"pa_karton-rolle-krt-tr","38":"first","39":"instock","40":"purchasable","41":"product-type-variable"},"acf":[],"yoast_head":"<!-- This site is optimized with the Yoast SEO plugin v22.6 - https:\/\/yoast.com\/wordpress\/plugins\/seo\/ -->\n<title>Kanal oluklar\u0131 - August Graef GNU<\/title>\n<meta name=\"robots\" content=\"index, follow, max-snippet:-1, max-image-preview:large, max-video-preview:-1\" \/>\n<link rel=\"canonical\" href=\"https:\/\/graef-gnu.com\/?post_type=product&p=68182\" \/>\n<meta property=\"og:locale\" content=\"tr_TR\" \/>\n<meta property=\"og:type\" content=\"article\" \/>\n<meta property=\"og:title\" content=\"Kanal oluklar\u0131 - August Graef GNU\" \/>\n<meta property=\"og:description\" content=\"Metal bazl\u0131 prefabrik kanal oluklar\u0131.\" \/>\n<meta property=\"og:url\" content=\"https:\/\/graef-gnu.com\/?post_type=product&amp;p=68182\" \/>\n<meta property=\"og:site_name\" content=\"August Graef GNU\" \/>\n<meta property=\"article:modified_time\" content=\"2021-12-20T16:30:26+00:00\" \/>\n<meta property=\"og:image\" content=\"https:\/\/graef-gnu.com\/wp-content\/uploads\/gnu_channel_fertignuten.png\" \/>\n\t<meta property=\"og:image:width\" content=\"890\" \/>\n\t<meta property=\"og:image:height\" content=\"300\" \/>\n\t<meta property=\"og:image:type\" content=\"image\/png\" \/>\n<meta name=\"twitter:card\" content=\"summary_large_image\" \/>\n<script type=\"application\/ld+json\" class=\"yoast-schema-graph\">{\"@context\":\"https:\/\/schema.org\",\"@graph\":[{\"@type\":\"WebPage\",\"@id\":\"https:\/\/graef-gnu.com\/?post_type=product&p=68182\",\"url\":\"https:\/\/graef-gnu.com\/?post_type=product&p=68182\",\"name\":\"Kanal oluklar\u0131 - August Graef GNU\",\"isPartOf\":{\"@id\":\"https:\/\/graef-gnu.com\/#website\"},\"primaryImageOfPage\":{\"@id\":\"https:\/\/graef-gnu.com\/?post_type=product&p=68182#primaryimage\"},\"image\":{\"@id\":\"https:\/\/graef-gnu.com\/?post_type=product&p=68182#primaryimage\"},\"thumbnailUrl\":\"https:\/\/graef-gnu.com\/wp-content\/uploads\/gnu_channel_fertignuten.png\",\"datePublished\":\"2021-10-06T13:40:04+00:00\",\"dateModified\":\"2021-12-20T16:30:26+00:00\",\"breadcrumb\":{\"@id\":\"https:\/\/graef-gnu.com\/?post_type=product&p=68182#breadcrumb\"},\"inLanguage\":\"tr\",\"potentialAction\":[{\"@type\":\"ReadAction\",\"target\":[\"https:\/\/graef-gnu.com\/?post_type=product&p=68182\"]}]},{\"@type\":\"ImageObject\",\"inLanguage\":\"tr\",\"@id\":\"https:\/\/graef-gnu.com\/?post_type=product&p=68182#primaryimage\",\"url\":\"https:\/\/graef-gnu.com\/wp-content\/uploads\/gnu_channel_fertignuten.png\",\"contentUrl\":\"https:\/\/graef-gnu.com\/wp-content\/uploads\/gnu_channel_fertignuten.png\",\"width\":890,\"height\":300},{\"@type\":\"BreadcrumbList\",\"@id\":\"https:\/\/graef-gnu.com\/?post_type=product&p=68182#breadcrumb\",\"itemListElement\":[{\"@type\":\"ListItem\",\"position\":1,\"name\":\"Startseite\",\"item\":\"https:\/\/graef-gnu.com\/tr\/\"},{\"@type\":\"ListItem\",\"position\":2,\"name\":\"\u00dcr\u00fcne Genel Bak\u0131\u015f\",\"item\":\"https:\/\/graef-gnu.com\/tr\/ueruene-genel-bakis\/\"},{\"@type\":\"ListItem\",\"position\":3,\"name\":\"Kanal oluklar\u0131\"}]},{\"@type\":\"WebSite\",\"@id\":\"https:\/\/graef-gnu.com\/#website\",\"url\":\"https:\/\/graef-gnu.com\/\",\"name\":\"August Graef GNU\",\"description\":\"\",\"potentialAction\":[{\"@type\":\"SearchAction\",\"target\":{\"@type\":\"EntryPoint\",\"urlTemplate\":\"https:\/\/graef-gnu.com\/?s={search_term_string}\"},\"query-input\":\"required name=search_term_string\"}],\"inLanguage\":\"tr\"}]}<\/script>\n<!-- \/ Yoast SEO plugin. -->","yoast_head_json":{"title":"Kanal oluklar\u0131 - August Graef GNU","robots":{"index":"index","follow":"follow","max-snippet":"max-snippet:-1","max-image-preview":"max-image-preview:large","max-video-preview":"max-video-preview:-1"},"canonical":"https:\/\/graef-gnu.com\/?post_type=product&p=68182","og_locale":"tr_TR","og_type":"article","og_title":"Kanal oluklar\u0131 - August Graef GNU","og_description":"Metal bazl\u0131 prefabrik kanal oluklar\u0131.","og_url":"https:\/\/graef-gnu.com\/?post_type=product&p=68182","og_site_name":"August Graef GNU","article_modified_time":"2021-12-20T16:30:26+00:00","og_image":[{"width":890,"height":300,"url":"https:\/\/graef-gnu.com\/wp-content\/uploads\/gnu_channel_fertignuten.png","type":"image\/png"}],"twitter_card":"summary_large_image","schema":{"@context":"https:\/\/schema.org","@graph":[{"@type":"WebPage","@id":"https:\/\/graef-gnu.com\/?post_type=product&p=68182","url":"https:\/\/graef-gnu.com\/?post_type=product&p=68182","name":"Kanal oluklar\u0131 - August Graef GNU","isPartOf":{"@id":"https:\/\/graef-gnu.com\/#website"},"primaryImageOfPage":{"@id":"https:\/\/graef-gnu.com\/?post_type=product&p=68182#primaryimage"},"image":{"@id":"https:\/\/graef-gnu.com\/?post_type=product&p=68182#primaryimage"},"thumbnailUrl":"https:\/\/graef-gnu.com\/wp-content\/uploads\/gnu_channel_fertignuten.png","datePublished":"2021-10-06T13:40:04+00:00","dateModified":"2021-12-20T16:30:26+00:00","breadcrumb":{"@id":"https:\/\/graef-gnu.com\/?post_type=product&p=68182#breadcrumb"},"inLanguage":"tr","potentialAction":[{"@type":"ReadAction","target":["https:\/\/graef-gnu.com\/?post_type=product&p=68182"]}]},{"@type":"ImageObject","inLanguage":"tr","@id":"https:\/\/graef-gnu.com\/?post_type=product&p=68182#primaryimage","url":"https:\/\/graef-gnu.com\/wp-content\/uploads\/gnu_channel_fertignuten.png","contentUrl":"https:\/\/graef-gnu.com\/wp-content\/uploads\/gnu_channel_fertignuten.png","width":890,"height":300},{"@type":"BreadcrumbList","@id":"https:\/\/graef-gnu.com\/?post_type=product&p=68182#breadcrumb","itemListElement":[{"@type":"ListItem","position":1,"name":"Startseite","item":"https:\/\/graef-gnu.com\/tr\/"},{"@type":"ListItem","position":2,"name":"\u00dcr\u00fcne Genel Bak\u0131\u015f","item":"https:\/\/graef-gnu.com\/tr\/ueruene-genel-bakis\/"},{"@type":"ListItem","position":3,"name":"Kanal oluklar\u0131"}]},{"@type":"WebSite","@id":"https:\/\/graef-gnu.com\/#website","url":"https:\/\/graef-gnu.com\/","name":"August Graef GNU","description":"","potentialAction":[{"@type":"SearchAction","target":{"@type":"EntryPoint","urlTemplate":"https:\/\/graef-gnu.com\/?s={search_term_string}"},"query-input":"required name=search_term_string"}],"inLanguage":"tr"}]}},"_links":{"self":[{"href":"https:\/\/graef-gnu.com\/tr\/wp-json\/wp\/v2\/product\/159698","targetHints":{"allow":["GET"]}}],"collection":[{"href":"https:\/\/graef-gnu.com\/tr\/wp-json\/wp\/v2\/product"}],"about":[{"href":"https:\/\/graef-gnu.com\/tr\/wp-json\/wp\/v2\/types\/product"}],"wp:featuredmedia":[{"embeddable":true,"href":"https:\/\/graef-gnu.com\/tr\/wp-json\/wp\/v2\/media\/151009"}],"wp:attachment":[{"href":"https:\/\/graef-gnu.com\/tr\/wp-json\/wp\/v2\/media?parent=159698"}],"wp:term":[{"taxonomy":"product_cat","embeddable":true,"href":"https:\/\/graef-gnu.com\/tr\/wp-json\/wp\/v2\/product_cat?post=159698"},{"taxonomy":"product_tag","embeddable":true,"href":"https:\/\/graef-gnu.com\/tr\/wp-json\/wp\/v2\/product_tag?post=159698"}],"curies":[{"name":"wp","href":"https:\/\/api.w.org\/{rel}","templated":true}]}}