{"id":159799,"date":"2021-02-11T11:07:03","date_gmt":"2021-10-06T13:40:21","guid":{"rendered":"https:\/\/www.graef-gnu.com\/produkt\/gnu-pentramaxplus-otomatik-duezeltme\/"},"modified":"2021-10-06T15:44:05","modified_gmt":"2021-10-06T13:44:05","slug":"gnu-pentramaxplus-otomatik-duezeltme","status":"publish","type":"product","link":"https:\/\/graef-gnu.com\/tr\/produkt\/gnu-pentramaxplus-otomatik-duezeltme\/","title":{"rendered":"GNU PentraMaxPlus Otomatik D\u00fczeltme"},"content":{"rendered":"<p>GNU PentraMax Plus, \u00e7ift tarafl\u0131 cam elyaf takviyeli y\u00fczeye sahip sert ka\u011f\u0131t panolard\u0131r.<br \/>\nBu \u00f6zellikle kal\u0131n fiberglas y\u00fczey, \u00e7ok say\u0131da kopya ile delme i\u015flemlerine olanak tan\u0131r ve freze b\u0131\u00e7a\u011f\u0131n\u0131n y\u0131pranmas\u0131n\u0131 \u00f6nlemeye yard\u0131mc\u0131 olur.<\/p>\n<p>\u0130nce koordineli kendinden yap\u0131\u015fkanl\u0131.<\/p>\n<p>&nbsp;<\/p>\n","protected":false},"excerpt":{"rendered":"<p>GNU PentraMax Plus, \u00e7ift tarafl\u0131 cam elyaf takviyeli y\u00fczeye sahip sert ka\u011f\u0131t panolard\u0131r. \u0130nce koordineli kendinden yap\u0131\u015fkanl\u0131.<\/p>\n","protected":false},"featured_media":151033,"template":"","meta":{"_acf_changed":false},"product_cat":[7576],"product_tag":[],"class_list":{"0":"post-159799","1":"product","2":"type-product","3":"status-publish","4":"has-post-thumbnail","6":"product_group-pentramax-tr","7":"product_cat-kirisik-pansuman-ve-karsi-pansuman-malzemesi","8":"pa_dimension-1-15-m-tr","9":"pa_hoehe-04-mm-tr","10":"pa_hoehe-05-mm-tr","11":"pa_hoehe-06-mm-tr","12":"pa_hoehe-065-mm-tr","13":"pa_hoehe-07-mm-tr","14":"pa_hoehe-08-mm-tr","15":"pa_hoehe-09-mm-tr","16":"pa_hoehe-10-mm-tr-3","18":"first","19":"instock","20":"purchasable","21":"product-type-variable"},"acf":[],"yoast_head":"<!-- This site is optimized with the Yoast SEO plugin v22.6 - https:\/\/yoast.com\/wordpress\/plugins\/seo\/ -->\n<title>GNU PentraMaxPlus Otomatik D\u00fczeltme - August Graef GNU<\/title>\n<meta name=\"description\" content=\"\u00c7ift tarafl\u0131 cam elyaf\u0131 ile g\u00fc\u00e7lendirilmi\u015f y\u00fczeye sahip sert kartonlar \u2705 \u0130yi koordine edilmi\u015f kendinden yap\u0131\u015fkanl\u0131 \u2705 Daha fazlas\u0131n\u0131 buradan \u00f6\u011frenin!\" \/>\n<meta name=\"robots\" content=\"index, follow, max-snippet:-1, max-image-preview:large, max-video-preview:-1\" \/>\n<link rel=\"canonical\" href=\"https:\/\/graef-gnu.com\/produkt\/gnu-pentramaxplus-autofix\/\" \/>\n<meta property=\"og:locale\" content=\"tr_TR\" \/>\n<meta property=\"og:type\" content=\"article\" \/>\n<meta property=\"og:title\" content=\"GNU PentraMaxPlus Otomatik D\u00fczeltme - August Graef GNU\" \/>\n<meta property=\"og:description\" content=\"\u00c7ift tarafl\u0131 cam elyaf\u0131 ile g\u00fc\u00e7lendirilmi\u015f y\u00fczeye sahip sert kartonlar \u2705 \u0130yi koordine edilmi\u015f kendinden yap\u0131\u015fkanl\u0131 \u2705 Daha fazlas\u0131n\u0131 buradan \u00f6\u011frenin!\" \/>\n<meta property=\"og:url\" content=\"https:\/\/graef-gnu.com\/produkt\/gnu-pentramaxplus-autofix\/\" \/>\n<meta property=\"og:site_name\" content=\"August Graef GNU\" \/>\n<meta property=\"article:modified_time\" content=\"2021-10-06T13:44:05+00:00\" \/>\n<meta property=\"og:image\" content=\"https:\/\/graef-gnu.com\/wp-content\/uploads\/gnu_pentra_max_plus_autofix-1.jpg\" \/>\n\t<meta property=\"og:image:width\" content=\"890\" \/>\n\t<meta property=\"og:image:height\" content=\"300\" \/>\n\t<meta property=\"og:image:type\" content=\"image\/jpeg\" \/>\n<meta name=\"twitter:card\" content=\"summary_large_image\" \/>\n<script type=\"application\/ld+json\" class=\"yoast-schema-graph\">{\"@context\":\"https:\/\/schema.org\",\"@graph\":[{\"@type\":\"WebPage\",\"@id\":\"https:\/\/graef-gnu.com\/produkt\/gnu-pentramaxplus-autofix\/\",\"url\":\"https:\/\/graef-gnu.com\/produkt\/gnu-pentramaxplus-autofix\/\",\"name\":\"GNU PentraMaxPlus Otomatik D\u00fczeltme - August Graef GNU\",\"isPartOf\":{\"@id\":\"https:\/\/graef-gnu.com\/#website\"},\"primaryImageOfPage\":{\"@id\":\"https:\/\/graef-gnu.com\/produkt\/gnu-pentramaxplus-autofix\/#primaryimage\"},\"image\":{\"@id\":\"https:\/\/graef-gnu.com\/produkt\/gnu-pentramaxplus-autofix\/#primaryimage\"},\"thumbnailUrl\":\"https:\/\/graef-gnu.com\/wp-content\/uploads\/gnu_pentra_max_plus_autofix-1.jpg\",\"datePublished\":\"2021-10-06T13:40:21+00:00\",\"dateModified\":\"2021-10-06T13:44:05+00:00\",\"description\":\"\u00c7ift tarafl\u0131 cam elyaf\u0131 ile g\u00fc\u00e7lendirilmi\u015f y\u00fczeye sahip sert kartonlar \u2705 \u0130yi koordine edilmi\u015f kendinden yap\u0131\u015fkanl\u0131 \u2705 Daha fazlas\u0131n\u0131 buradan \u00f6\u011frenin!\",\"breadcrumb\":{\"@id\":\"https:\/\/graef-gnu.com\/produkt\/gnu-pentramaxplus-autofix\/#breadcrumb\"},\"inLanguage\":\"tr\",\"potentialAction\":[{\"@type\":\"ReadAction\",\"target\":[\"https:\/\/graef-gnu.com\/produkt\/gnu-pentramaxplus-autofix\/\"]}]},{\"@type\":\"ImageObject\",\"inLanguage\":\"tr\",\"@id\":\"https:\/\/graef-gnu.com\/produkt\/gnu-pentramaxplus-autofix\/#primaryimage\",\"url\":\"https:\/\/graef-gnu.com\/wp-content\/uploads\/gnu_pentra_max_plus_autofix-1.jpg\",\"contentUrl\":\"https:\/\/graef-gnu.com\/wp-content\/uploads\/gnu_pentra_max_plus_autofix-1.jpg\",\"width\":890,\"height\":300},{\"@type\":\"BreadcrumbList\",\"@id\":\"https:\/\/graef-gnu.com\/produkt\/gnu-pentramaxplus-autofix\/#breadcrumb\",\"itemListElement\":[{\"@type\":\"ListItem\",\"position\":1,\"name\":\"Startseite\",\"item\":\"https:\/\/graef-gnu.com\/tr\/\"},{\"@type\":\"ListItem\",\"position\":2,\"name\":\"\u00dcr\u00fcne Genel Bak\u0131\u015f\",\"item\":\"https:\/\/graef-gnu.com\/tr\/ueruene-genel-bakis\/\"},{\"@type\":\"ListItem\",\"position\":3,\"name\":\"GNU PentraMaxPlus Otomatik D\u00fczeltme\"}]},{\"@type\":\"WebSite\",\"@id\":\"https:\/\/graef-gnu.com\/#website\",\"url\":\"https:\/\/graef-gnu.com\/\",\"name\":\"August Graef GNU\",\"description\":\"\",\"potentialAction\":[{\"@type\":\"SearchAction\",\"target\":{\"@type\":\"EntryPoint\",\"urlTemplate\":\"https:\/\/graef-gnu.com\/?s={search_term_string}\"},\"query-input\":\"required name=search_term_string\"}],\"inLanguage\":\"tr\"}]}<\/script>\n<!-- \/ Yoast SEO plugin. -->","yoast_head_json":{"title":"GNU PentraMaxPlus Otomatik D\u00fczeltme - August Graef GNU","description":"\u00c7ift tarafl\u0131 cam elyaf\u0131 ile g\u00fc\u00e7lendirilmi\u015f y\u00fczeye sahip sert kartonlar \u2705 \u0130yi koordine edilmi\u015f kendinden yap\u0131\u015fkanl\u0131 \u2705 Daha fazlas\u0131n\u0131 buradan \u00f6\u011frenin!","robots":{"index":"index","follow":"follow","max-snippet":"max-snippet:-1","max-image-preview":"max-image-preview:large","max-video-preview":"max-video-preview:-1"},"canonical":"https:\/\/graef-gnu.com\/produkt\/gnu-pentramaxplus-autofix\/","og_locale":"tr_TR","og_type":"article","og_title":"GNU PentraMaxPlus Otomatik D\u00fczeltme - August Graef GNU","og_description":"\u00c7ift tarafl\u0131 cam elyaf\u0131 ile g\u00fc\u00e7lendirilmi\u015f y\u00fczeye sahip sert kartonlar \u2705 \u0130yi koordine edilmi\u015f kendinden yap\u0131\u015fkanl\u0131 \u2705 Daha fazlas\u0131n\u0131 buradan \u00f6\u011frenin!","og_url":"https:\/\/graef-gnu.com\/produkt\/gnu-pentramaxplus-autofix\/","og_site_name":"August Graef GNU","article_modified_time":"2021-10-06T13:44:05+00:00","og_image":[{"width":890,"height":300,"url":"https:\/\/graef-gnu.com\/wp-content\/uploads\/gnu_pentra_max_plus_autofix-1.jpg","type":"image\/jpeg"}],"twitter_card":"summary_large_image","schema":{"@context":"https:\/\/schema.org","@graph":[{"@type":"WebPage","@id":"https:\/\/graef-gnu.com\/produkt\/gnu-pentramaxplus-autofix\/","url":"https:\/\/graef-gnu.com\/produkt\/gnu-pentramaxplus-autofix\/","name":"GNU PentraMaxPlus Otomatik D\u00fczeltme - August Graef GNU","isPartOf":{"@id":"https:\/\/graef-gnu.com\/#website"},"primaryImageOfPage":{"@id":"https:\/\/graef-gnu.com\/produkt\/gnu-pentramaxplus-autofix\/#primaryimage"},"image":{"@id":"https:\/\/graef-gnu.com\/produkt\/gnu-pentramaxplus-autofix\/#primaryimage"},"thumbnailUrl":"https:\/\/graef-gnu.com\/wp-content\/uploads\/gnu_pentra_max_plus_autofix-1.jpg","datePublished":"2021-10-06T13:40:21+00:00","dateModified":"2021-10-06T13:44:05+00:00","description":"\u00c7ift tarafl\u0131 cam elyaf\u0131 ile g\u00fc\u00e7lendirilmi\u015f y\u00fczeye sahip sert kartonlar \u2705 \u0130yi koordine edilmi\u015f kendinden yap\u0131\u015fkanl\u0131 \u2705 Daha fazlas\u0131n\u0131 buradan \u00f6\u011frenin!","breadcrumb":{"@id":"https:\/\/graef-gnu.com\/produkt\/gnu-pentramaxplus-autofix\/#breadcrumb"},"inLanguage":"tr","potentialAction":[{"@type":"ReadAction","target":["https:\/\/graef-gnu.com\/produkt\/gnu-pentramaxplus-autofix\/"]}]},{"@type":"ImageObject","inLanguage":"tr","@id":"https:\/\/graef-gnu.com\/produkt\/gnu-pentramaxplus-autofix\/#primaryimage","url":"https:\/\/graef-gnu.com\/wp-content\/uploads\/gnu_pentra_max_plus_autofix-1.jpg","contentUrl":"https:\/\/graef-gnu.com\/wp-content\/uploads\/gnu_pentra_max_plus_autofix-1.jpg","width":890,"height":300},{"@type":"BreadcrumbList","@id":"https:\/\/graef-gnu.com\/produkt\/gnu-pentramaxplus-autofix\/#breadcrumb","itemListElement":[{"@type":"ListItem","position":1,"name":"Startseite","item":"https:\/\/graef-gnu.com\/tr\/"},{"@type":"ListItem","position":2,"name":"\u00dcr\u00fcne Genel Bak\u0131\u015f","item":"https:\/\/graef-gnu.com\/tr\/ueruene-genel-bakis\/"},{"@type":"ListItem","position":3,"name":"GNU PentraMaxPlus Otomatik D\u00fczeltme"}]},{"@type":"WebSite","@id":"https:\/\/graef-gnu.com\/#website","url":"https:\/\/graef-gnu.com\/","name":"August Graef GNU","description":"","potentialAction":[{"@type":"SearchAction","target":{"@type":"EntryPoint","urlTemplate":"https:\/\/graef-gnu.com\/?s={search_term_string}"},"query-input":"required name=search_term_string"}],"inLanguage":"tr"}]}},"_links":{"self":[{"href":"https:\/\/graef-gnu.com\/tr\/wp-json\/wp\/v2\/product\/159799","targetHints":{"allow":["GET"]}}],"collection":[{"href":"https:\/\/graef-gnu.com\/tr\/wp-json\/wp\/v2\/product"}],"about":[{"href":"https:\/\/graef-gnu.com\/tr\/wp-json\/wp\/v2\/types\/product"}],"wp:featuredmedia":[{"embeddable":true,"href":"https:\/\/graef-gnu.com\/tr\/wp-json\/wp\/v2\/media\/151033"}],"wp:attachment":[{"href":"https:\/\/graef-gnu.com\/tr\/wp-json\/wp\/v2\/media?parent=159799"}],"wp:term":[{"taxonomy":"product_cat","embeddable":true,"href":"https:\/\/graef-gnu.com\/tr\/wp-json\/wp\/v2\/product_cat?post=159799"},{"taxonomy":"product_tag","embeddable":true,"href":"https:\/\/graef-gnu.com\/tr\/wp-json\/wp\/v2\/product_tag?post=159799"}],"curies":[{"name":"wp","href":"https:\/\/api.w.org\/{rel}","templated":true}]}}