{"id":159825,"date":"2021-02-11T11:04:33","date_gmt":"2021-10-06T13:40:25","guid":{"rendered":"https:\/\/www.graef-gnu.com\/produkt\/gnu-corkeject-ceyrek-tur\/"},"modified":"2021-10-06T15:41:22","modified_gmt":"2021-10-06T13:41:22","slug":"gnu-corkeject-ceyrek-tur","status":"publish","type":"product","link":"https:\/\/graef-gnu.com\/tr\/produkt\/gnu-corkeject-ceyrek-tur\/","title":{"rendered":"GNU CorkEject \u00e7eyrek tur"},"content":{"rendered":"<p>GNU CorkEject bir mantar kau\u00e7uk profilidir. Bu profil, mantar h\u00fccrelerinin elastik zarlar\u0131 ile kau\u00e7u\u011fun esnekli\u011finin ustaca bir kombinasyonuna sahiptir. Bu benzersiz ba\u011flant\u0131, m\u00fckemmel geri y\u00fckleme kuvveti ve iyi a\u015f\u0131nma direncini garanti eder. \u00d6zel olarak koordine edilmi\u015f geri y\u00fckleme ve \u00e7\u0131karma kuvveti, tabakan\u0131n b\u0131\u00e7aktan temiz bir \u015fekilde s\u0131yr\u0131lmas\u0131n\u0131 sa\u011flar ve y\u00fcksek kaliteli malzeme ve \u00f6zel \u015fekil sayesinde m\u00fcmk\u00fcn olur.<br \/>\nUygun \u015fekilde kullan\u0131ld\u0131\u011f\u0131nda, malzeme a\u015f\u0131nmaya kar\u015f\u0131 son derece dayan\u0131kl\u0131d\u0131r.<\/p>\n","protected":false},"excerpt":{"rendered":"<p>GNU CorkEject bir mantar kau\u00e7uk profilidir. Bu profil, mantar h\u00fccrelerinin elastik zarlar\u0131 ile kau\u00e7u\u011fun esnekli\u011finin ustaca bir kombinasyonuna sahiptir.<\/p>\n","protected":false},"featured_media":149051,"template":"","meta":{"_acf_changed":false},"product_cat":[7575],"product_tag":[],"class_list":{"0":"post-159825","1":"product","2":"type-product","3":"status-publish","4":"has-post-thumbnail","6":"product_group-profiller","7":"product_cat-firlatma-malzemeleri","8":"pa_ablaengung-1-mde-tr","9":"pa_abstandhalter-quetschfase-ara-parcalari-olmadan","10":"pa_abstandhalter-quetschfase-ara-parcasi-ile","11":"pa_abstandhalter-quetschfase-yok","12":"pa_hoehe-10-mm-tr","13":"pa_hoehe-12-mm-tr","14":"pa_hoehe-7-mm-tr","15":"pa_hoehe-8-mm-tr","16":"pa_profilbreite-10-mm-tr","17":"pa_profilbreite-12-mm-tr","18":"pa_profilbreite-13-mm-tr","19":"pa_profilbreite-5-mm-tr","20":"pa_profilbreite-7-mm-tr","21":"pa_profilbreite-8-mm-tr","22":"pa_shore-haerte-65-sahil-a","24":"first","25":"instock","26":"purchasable","27":"product-type-variable"},"acf":[],"yoast_head":"<!-- This site is optimized with the Yoast SEO plugin v22.6 - https:\/\/yoast.com\/wordpress\/plugins\/seo\/ -->\n<title>GNU CorkEject \u00e7eyrek tur - August Graef GNU<\/title>\n<meta name=\"description\" content=\"M\u00fckemmel geri y\u00fckleme kuvveti ve iyi a\u015f\u0131nma direnci \u2705 \u00d6zellikle koordineli geri y\u00fckleme ve \u00e7\u0131karma kuvveti \u2705 Daha fazlas\u0131n\u0131 buradan \u00f6\u011frenin!\" \/>\n<meta name=\"robots\" content=\"index, follow, max-snippet:-1, max-image-preview:large, max-video-preview:-1\" \/>\n<link rel=\"canonical\" href=\"https:\/\/graef-gnu.com\/produkt\/gnu-corkeject-viertelrund\/\" \/>\n<meta property=\"og:locale\" content=\"tr_TR\" \/>\n<meta property=\"og:type\" content=\"article\" \/>\n<meta property=\"og:title\" content=\"GNU CorkEject \u00e7eyrek tur - August Graef GNU\" \/>\n<meta property=\"og:description\" content=\"M\u00fckemmel geri y\u00fckleme kuvveti ve iyi a\u015f\u0131nma direnci \u2705 \u00d6zellikle koordineli geri y\u00fckleme ve \u00e7\u0131karma kuvveti \u2705 Daha fazlas\u0131n\u0131 buradan \u00f6\u011frenin!\" \/>\n<meta property=\"og:url\" content=\"https:\/\/graef-gnu.com\/produkt\/gnu-corkeject-viertelrund\/\" \/>\n<meta property=\"og:site_name\" content=\"August Graef GNU\" \/>\n<meta property=\"article:modified_time\" content=\"2021-10-06T13:41:22+00:00\" \/>\n<meta property=\"og:image\" content=\"https:\/\/graef-gnu.com\/wp-content\/uploads\/gnu_corkeject.jpg\" \/>\n\t<meta property=\"og:image:width\" content=\"890\" \/>\n\t<meta property=\"og:image:height\" content=\"300\" \/>\n\t<meta property=\"og:image:type\" content=\"image\/jpeg\" \/>\n<meta name=\"twitter:card\" content=\"summary_large_image\" \/>\n<script type=\"application\/ld+json\" class=\"yoast-schema-graph\">{\"@context\":\"https:\/\/schema.org\",\"@graph\":[{\"@type\":\"WebPage\",\"@id\":\"https:\/\/graef-gnu.com\/produkt\/gnu-corkeject-viertelrund\/\",\"url\":\"https:\/\/graef-gnu.com\/produkt\/gnu-corkeject-viertelrund\/\",\"name\":\"GNU CorkEject \u00e7eyrek tur - August Graef GNU\",\"isPartOf\":{\"@id\":\"https:\/\/graef-gnu.com\/#website\"},\"primaryImageOfPage\":{\"@id\":\"https:\/\/graef-gnu.com\/produkt\/gnu-corkeject-viertelrund\/#primaryimage\"},\"image\":{\"@id\":\"https:\/\/graef-gnu.com\/produkt\/gnu-corkeject-viertelrund\/#primaryimage\"},\"thumbnailUrl\":\"https:\/\/graef-gnu.com\/wp-content\/uploads\/gnu_corkeject.jpg\",\"datePublished\":\"2021-10-06T13:40:25+00:00\",\"dateModified\":\"2021-10-06T13:41:22+00:00\",\"description\":\"M\u00fckemmel geri y\u00fckleme kuvveti ve iyi a\u015f\u0131nma direnci \u2705 \u00d6zellikle koordineli geri y\u00fckleme ve \u00e7\u0131karma kuvveti \u2705 Daha fazlas\u0131n\u0131 buradan \u00f6\u011frenin!\",\"breadcrumb\":{\"@id\":\"https:\/\/graef-gnu.com\/produkt\/gnu-corkeject-viertelrund\/#breadcrumb\"},\"inLanguage\":\"tr\",\"potentialAction\":[{\"@type\":\"ReadAction\",\"target\":[\"https:\/\/graef-gnu.com\/produkt\/gnu-corkeject-viertelrund\/\"]}]},{\"@type\":\"ImageObject\",\"inLanguage\":\"tr\",\"@id\":\"https:\/\/graef-gnu.com\/produkt\/gnu-corkeject-viertelrund\/#primaryimage\",\"url\":\"https:\/\/graef-gnu.com\/wp-content\/uploads\/gnu_corkeject.jpg\",\"contentUrl\":\"https:\/\/graef-gnu.com\/wp-content\/uploads\/gnu_corkeject.jpg\",\"width\":890,\"height\":300},{\"@type\":\"BreadcrumbList\",\"@id\":\"https:\/\/graef-gnu.com\/produkt\/gnu-corkeject-viertelrund\/#breadcrumb\",\"itemListElement\":[{\"@type\":\"ListItem\",\"position\":1,\"name\":\"Startseite\",\"item\":\"https:\/\/graef-gnu.com\/tr\/\"},{\"@type\":\"ListItem\",\"position\":2,\"name\":\"\u00dcr\u00fcne Genel Bak\u0131\u015f\",\"item\":\"https:\/\/graef-gnu.com\/tr\/ueruene-genel-bakis\/\"},{\"@type\":\"ListItem\",\"position\":3,\"name\":\"GNU CorkEject \u00e7eyrek tur\"}]},{\"@type\":\"WebSite\",\"@id\":\"https:\/\/graef-gnu.com\/#website\",\"url\":\"https:\/\/graef-gnu.com\/\",\"name\":\"August Graef GNU\",\"description\":\"\",\"potentialAction\":[{\"@type\":\"SearchAction\",\"target\":{\"@type\":\"EntryPoint\",\"urlTemplate\":\"https:\/\/graef-gnu.com\/?s={search_term_string}\"},\"query-input\":\"required name=search_term_string\"}],\"inLanguage\":\"tr\"}]}<\/script>\n<!-- \/ Yoast SEO plugin. -->","yoast_head_json":{"title":"GNU CorkEject \u00e7eyrek tur - August Graef GNU","description":"M\u00fckemmel geri y\u00fckleme kuvveti ve iyi a\u015f\u0131nma direnci \u2705 \u00d6zellikle koordineli geri y\u00fckleme ve \u00e7\u0131karma kuvveti \u2705 Daha fazlas\u0131n\u0131 buradan \u00f6\u011frenin!","robots":{"index":"index","follow":"follow","max-snippet":"max-snippet:-1","max-image-preview":"max-image-preview:large","max-video-preview":"max-video-preview:-1"},"canonical":"https:\/\/graef-gnu.com\/produkt\/gnu-corkeject-viertelrund\/","og_locale":"tr_TR","og_type":"article","og_title":"GNU CorkEject \u00e7eyrek tur - August Graef GNU","og_description":"M\u00fckemmel geri y\u00fckleme kuvveti ve iyi a\u015f\u0131nma direnci \u2705 \u00d6zellikle koordineli geri y\u00fckleme ve \u00e7\u0131karma kuvveti \u2705 Daha fazlas\u0131n\u0131 buradan \u00f6\u011frenin!","og_url":"https:\/\/graef-gnu.com\/produkt\/gnu-corkeject-viertelrund\/","og_site_name":"August Graef GNU","article_modified_time":"2021-10-06T13:41:22+00:00","og_image":[{"width":890,"height":300,"url":"https:\/\/graef-gnu.com\/wp-content\/uploads\/gnu_corkeject.jpg","type":"image\/jpeg"}],"twitter_card":"summary_large_image","schema":{"@context":"https:\/\/schema.org","@graph":[{"@type":"WebPage","@id":"https:\/\/graef-gnu.com\/produkt\/gnu-corkeject-viertelrund\/","url":"https:\/\/graef-gnu.com\/produkt\/gnu-corkeject-viertelrund\/","name":"GNU CorkEject \u00e7eyrek tur - August Graef GNU","isPartOf":{"@id":"https:\/\/graef-gnu.com\/#website"},"primaryImageOfPage":{"@id":"https:\/\/graef-gnu.com\/produkt\/gnu-corkeject-viertelrund\/#primaryimage"},"image":{"@id":"https:\/\/graef-gnu.com\/produkt\/gnu-corkeject-viertelrund\/#primaryimage"},"thumbnailUrl":"https:\/\/graef-gnu.com\/wp-content\/uploads\/gnu_corkeject.jpg","datePublished":"2021-10-06T13:40:25+00:00","dateModified":"2021-10-06T13:41:22+00:00","description":"M\u00fckemmel geri y\u00fckleme kuvveti ve iyi a\u015f\u0131nma direnci \u2705 \u00d6zellikle koordineli geri y\u00fckleme ve \u00e7\u0131karma kuvveti \u2705 Daha fazlas\u0131n\u0131 buradan \u00f6\u011frenin!","breadcrumb":{"@id":"https:\/\/graef-gnu.com\/produkt\/gnu-corkeject-viertelrund\/#breadcrumb"},"inLanguage":"tr","potentialAction":[{"@type":"ReadAction","target":["https:\/\/graef-gnu.com\/produkt\/gnu-corkeject-viertelrund\/"]}]},{"@type":"ImageObject","inLanguage":"tr","@id":"https:\/\/graef-gnu.com\/produkt\/gnu-corkeject-viertelrund\/#primaryimage","url":"https:\/\/graef-gnu.com\/wp-content\/uploads\/gnu_corkeject.jpg","contentUrl":"https:\/\/graef-gnu.com\/wp-content\/uploads\/gnu_corkeject.jpg","width":890,"height":300},{"@type":"BreadcrumbList","@id":"https:\/\/graef-gnu.com\/produkt\/gnu-corkeject-viertelrund\/#breadcrumb","itemListElement":[{"@type":"ListItem","position":1,"name":"Startseite","item":"https:\/\/graef-gnu.com\/tr\/"},{"@type":"ListItem","position":2,"name":"\u00dcr\u00fcne Genel Bak\u0131\u015f","item":"https:\/\/graef-gnu.com\/tr\/ueruene-genel-bakis\/"},{"@type":"ListItem","position":3,"name":"GNU CorkEject \u00e7eyrek tur"}]},{"@type":"WebSite","@id":"https:\/\/graef-gnu.com\/#website","url":"https:\/\/graef-gnu.com\/","name":"August Graef GNU","description":"","potentialAction":[{"@type":"SearchAction","target":{"@type":"EntryPoint","urlTemplate":"https:\/\/graef-gnu.com\/?s={search_term_string}"},"query-input":"required name=search_term_string"}],"inLanguage":"tr"}]}},"_links":{"self":[{"href":"https:\/\/graef-gnu.com\/tr\/wp-json\/wp\/v2\/product\/159825","targetHints":{"allow":["GET"]}}],"collection":[{"href":"https:\/\/graef-gnu.com\/tr\/wp-json\/wp\/v2\/product"}],"about":[{"href":"https:\/\/graef-gnu.com\/tr\/wp-json\/wp\/v2\/types\/product"}],"wp:featuredmedia":[{"embeddable":true,"href":"https:\/\/graef-gnu.com\/tr\/wp-json\/wp\/v2\/media\/149051"}],"wp:attachment":[{"href":"https:\/\/graef-gnu.com\/tr\/wp-json\/wp\/v2\/media?parent=159825"}],"wp:term":[{"taxonomy":"product_cat","embeddable":true,"href":"https:\/\/graef-gnu.com\/tr\/wp-json\/wp\/v2\/product_cat?post=159825"},{"taxonomy":"product_tag","embeddable":true,"href":"https:\/\/graef-gnu.com\/tr\/wp-json\/wp\/v2\/product_tag?post=159825"}],"curies":[{"name":"wp","href":"https:\/\/api.w.org\/{rel}","templated":true}]}}