{"id":159828,"date":"2021-02-11T11:04:37","date_gmt":"2021-10-06T13:40:25","guid":{"rendered":"https:\/\/www.graef-gnu.com\/produkt\/gnu-corkeject-a1\/"},"modified":"2021-10-06T15:43:22","modified_gmt":"2021-10-06T13:43:22","slug":"gnu-corkeject-a1","status":"publish","type":"product","link":"https:\/\/graef-gnu.com\/tr\/produkt\/gnu-corkeject-a1\/","title":{"rendered":"GNU CorkEject A1"},"content":{"rendered":"<p>GNU CorkEject A1, bir mantar kau\u00e7uk profilidir. Bu profil, mantar h\u00fccrelerinin elastik zarlar\u0131 ile kau\u00e7u\u011fun esnekli\u011finin ustaca bir kombinasyonuna sahiptir. Bu benzersiz ba\u011flant\u0131, m\u00fckemmel geri y\u00fckleme kuvveti ve iyi a\u015f\u0131nma direncini garanti eder. GNU CorkEject A1&#8217;in k\u0131st\u0131rma kenar\u0131 nedeniyle, kal\u0131p kesim levhas\u0131, kesilen y\u00fczeylerdeki rengi koruyan ve \u00fcst astarlar\u0131n patlamas\u0131n\u0131 \u00f6nleyen daha geni\u015f bir temas y\u00fczeyine sahiptir.<br \/>\nBu, temiz ve hassas kesim kenarlar\u0131 olu\u015fturur.<\/p>\n","protected":false},"excerpt":{"rendered":"<p>GNU CorkEject A1, bir mantar kau\u00e7uk profilidir. Bu profil, mantar h\u00fccrelerinin elastik zarlar\u0131 ile kau\u00e7u\u011fun esnekli\u011finin ustaca bir kombinasyonuna sahiptir.<\/p>\n","protected":false},"featured_media":150748,"template":"","meta":{"_acf_changed":false},"product_cat":[7575],"product_tag":[],"class_list":{"0":"post-159828","1":"product","2":"type-product","3":"status-publish","4":"has-post-thumbnail","6":"product_group-profiller","7":"product_cat-firlatma-malzemeleri","8":"pa_ablaengung-1-mde-tr","9":"pa_abstandhalter-quetschfase-tutam-egimli","10":"pa_hoehe-10-mm-tr","11":"pa_hoehe-85-mm-tr","12":"pa_profilbreite-10-mm-tr","13":"pa_profilbreite-105-mm-tr","14":"pa_shore-haerte-65-sahil-a","16":"first","17":"instock","18":"purchasable","19":"product-type-variable"},"acf":[],"yoast_head":"<!-- This site is optimized with the Yoast SEO plugin v22.6 - https:\/\/yoast.com\/wordpress\/plugins\/seo\/ -->\n<title>GNU CorkEject A1 - August Graef GNU<\/title>\n<meta name=\"description\" content=\"Mantar kau\u00e7uktan yap\u0131lm\u0131\u015f profil - m\u00fckemmel geri y\u00fckleme kuvveti ve iyi a\u015f\u0131nma direnci garantilidir \u2705 Daha fazlas\u0131n\u0131 buradan \u00f6\u011frenin!\" \/>\n<meta name=\"robots\" content=\"index, follow, max-snippet:-1, max-image-preview:large, max-video-preview:-1\" \/>\n<link rel=\"canonical\" href=\"https:\/\/graef-gnu.com\/produkt\/gnu-corkeject-a1\/\" \/>\n<meta property=\"og:locale\" content=\"tr_TR\" \/>\n<meta property=\"og:type\" content=\"article\" \/>\n<meta property=\"og:title\" content=\"GNU CorkEject A1 - August Graef GNU\" \/>\n<meta property=\"og:description\" content=\"Mantar kau\u00e7uktan yap\u0131lm\u0131\u015f profil - m\u00fckemmel geri y\u00fckleme kuvveti ve iyi a\u015f\u0131nma direnci garantilidir \u2705 Daha fazlas\u0131n\u0131 buradan \u00f6\u011frenin!\" \/>\n<meta property=\"og:url\" content=\"https:\/\/graef-gnu.com\/produkt\/gnu-corkeject-a1\/\" \/>\n<meta property=\"og:site_name\" content=\"August Graef GNU\" \/>\n<meta property=\"article:modified_time\" content=\"2021-10-06T13:43:22+00:00\" \/>\n<meta property=\"og:image\" content=\"https:\/\/graef-gnu.com\/wp-content\/uploads\/gnu_corkeject_A1.jpg\" \/>\n\t<meta property=\"og:image:width\" content=\"890\" \/>\n\t<meta property=\"og:image:height\" content=\"300\" \/>\n\t<meta property=\"og:image:type\" content=\"image\/jpeg\" \/>\n<meta name=\"twitter:card\" content=\"summary_large_image\" \/>\n<script type=\"application\/ld+json\" class=\"yoast-schema-graph\">{\"@context\":\"https:\/\/schema.org\",\"@graph\":[{\"@type\":\"WebPage\",\"@id\":\"https:\/\/graef-gnu.com\/produkt\/gnu-corkeject-a1\/\",\"url\":\"https:\/\/graef-gnu.com\/produkt\/gnu-corkeject-a1\/\",\"name\":\"GNU CorkEject A1 - August Graef GNU\",\"isPartOf\":{\"@id\":\"https:\/\/graef-gnu.com\/#website\"},\"primaryImageOfPage\":{\"@id\":\"https:\/\/graef-gnu.com\/produkt\/gnu-corkeject-a1\/#primaryimage\"},\"image\":{\"@id\":\"https:\/\/graef-gnu.com\/produkt\/gnu-corkeject-a1\/#primaryimage\"},\"thumbnailUrl\":\"https:\/\/graef-gnu.com\/wp-content\/uploads\/gnu_corkeject_A1.jpg\",\"datePublished\":\"2021-10-06T13:40:25+00:00\",\"dateModified\":\"2021-10-06T13:43:22+00:00\",\"description\":\"Mantar kau\u00e7uktan yap\u0131lm\u0131\u015f profil - m\u00fckemmel geri y\u00fckleme kuvveti ve iyi a\u015f\u0131nma direnci garantilidir \u2705 Daha fazlas\u0131n\u0131 buradan \u00f6\u011frenin!\",\"breadcrumb\":{\"@id\":\"https:\/\/graef-gnu.com\/produkt\/gnu-corkeject-a1\/#breadcrumb\"},\"inLanguage\":\"tr\",\"potentialAction\":[{\"@type\":\"ReadAction\",\"target\":[\"https:\/\/graef-gnu.com\/produkt\/gnu-corkeject-a1\/\"]}]},{\"@type\":\"ImageObject\",\"inLanguage\":\"tr\",\"@id\":\"https:\/\/graef-gnu.com\/produkt\/gnu-corkeject-a1\/#primaryimage\",\"url\":\"https:\/\/graef-gnu.com\/wp-content\/uploads\/gnu_corkeject_A1.jpg\",\"contentUrl\":\"https:\/\/graef-gnu.com\/wp-content\/uploads\/gnu_corkeject_A1.jpg\",\"width\":890,\"height\":300},{\"@type\":\"BreadcrumbList\",\"@id\":\"https:\/\/graef-gnu.com\/produkt\/gnu-corkeject-a1\/#breadcrumb\",\"itemListElement\":[{\"@type\":\"ListItem\",\"position\":1,\"name\":\"Startseite\",\"item\":\"https:\/\/graef-gnu.com\/tr\/\"},{\"@type\":\"ListItem\",\"position\":2,\"name\":\"\u00dcr\u00fcne Genel Bak\u0131\u015f\",\"item\":\"https:\/\/graef-gnu.com\/tr\/ueruene-genel-bakis\/\"},{\"@type\":\"ListItem\",\"position\":3,\"name\":\"GNU CorkEject A1\"}]},{\"@type\":\"WebSite\",\"@id\":\"https:\/\/graef-gnu.com\/#website\",\"url\":\"https:\/\/graef-gnu.com\/\",\"name\":\"August Graef GNU\",\"description\":\"\",\"potentialAction\":[{\"@type\":\"SearchAction\",\"target\":{\"@type\":\"EntryPoint\",\"urlTemplate\":\"https:\/\/graef-gnu.com\/?s={search_term_string}\"},\"query-input\":\"required name=search_term_string\"}],\"inLanguage\":\"tr\"}]}<\/script>\n<!-- \/ Yoast SEO plugin. -->","yoast_head_json":{"title":"GNU CorkEject A1 - August Graef GNU","description":"Mantar kau\u00e7uktan yap\u0131lm\u0131\u015f profil - m\u00fckemmel geri y\u00fckleme kuvveti ve iyi a\u015f\u0131nma direnci garantilidir \u2705 Daha fazlas\u0131n\u0131 buradan \u00f6\u011frenin!","robots":{"index":"index","follow":"follow","max-snippet":"max-snippet:-1","max-image-preview":"max-image-preview:large","max-video-preview":"max-video-preview:-1"},"canonical":"https:\/\/graef-gnu.com\/produkt\/gnu-corkeject-a1\/","og_locale":"tr_TR","og_type":"article","og_title":"GNU CorkEject A1 - August Graef GNU","og_description":"Mantar kau\u00e7uktan yap\u0131lm\u0131\u015f profil - m\u00fckemmel geri y\u00fckleme kuvveti ve iyi a\u015f\u0131nma direnci garantilidir \u2705 Daha fazlas\u0131n\u0131 buradan \u00f6\u011frenin!","og_url":"https:\/\/graef-gnu.com\/produkt\/gnu-corkeject-a1\/","og_site_name":"August Graef GNU","article_modified_time":"2021-10-06T13:43:22+00:00","og_image":[{"width":890,"height":300,"url":"https:\/\/graef-gnu.com\/wp-content\/uploads\/gnu_corkeject_A1.jpg","type":"image\/jpeg"}],"twitter_card":"summary_large_image","schema":{"@context":"https:\/\/schema.org","@graph":[{"@type":"WebPage","@id":"https:\/\/graef-gnu.com\/produkt\/gnu-corkeject-a1\/","url":"https:\/\/graef-gnu.com\/produkt\/gnu-corkeject-a1\/","name":"GNU CorkEject A1 - August Graef GNU","isPartOf":{"@id":"https:\/\/graef-gnu.com\/#website"},"primaryImageOfPage":{"@id":"https:\/\/graef-gnu.com\/produkt\/gnu-corkeject-a1\/#primaryimage"},"image":{"@id":"https:\/\/graef-gnu.com\/produkt\/gnu-corkeject-a1\/#primaryimage"},"thumbnailUrl":"https:\/\/graef-gnu.com\/wp-content\/uploads\/gnu_corkeject_A1.jpg","datePublished":"2021-10-06T13:40:25+00:00","dateModified":"2021-10-06T13:43:22+00:00","description":"Mantar kau\u00e7uktan yap\u0131lm\u0131\u015f profil - m\u00fckemmel geri y\u00fckleme kuvveti ve iyi a\u015f\u0131nma direnci garantilidir \u2705 Daha fazlas\u0131n\u0131 buradan \u00f6\u011frenin!","breadcrumb":{"@id":"https:\/\/graef-gnu.com\/produkt\/gnu-corkeject-a1\/#breadcrumb"},"inLanguage":"tr","potentialAction":[{"@type":"ReadAction","target":["https:\/\/graef-gnu.com\/produkt\/gnu-corkeject-a1\/"]}]},{"@type":"ImageObject","inLanguage":"tr","@id":"https:\/\/graef-gnu.com\/produkt\/gnu-corkeject-a1\/#primaryimage","url":"https:\/\/graef-gnu.com\/wp-content\/uploads\/gnu_corkeject_A1.jpg","contentUrl":"https:\/\/graef-gnu.com\/wp-content\/uploads\/gnu_corkeject_A1.jpg","width":890,"height":300},{"@type":"BreadcrumbList","@id":"https:\/\/graef-gnu.com\/produkt\/gnu-corkeject-a1\/#breadcrumb","itemListElement":[{"@type":"ListItem","position":1,"name":"Startseite","item":"https:\/\/graef-gnu.com\/tr\/"},{"@type":"ListItem","position":2,"name":"\u00dcr\u00fcne Genel Bak\u0131\u015f","item":"https:\/\/graef-gnu.com\/tr\/ueruene-genel-bakis\/"},{"@type":"ListItem","position":3,"name":"GNU CorkEject A1"}]},{"@type":"WebSite","@id":"https:\/\/graef-gnu.com\/#website","url":"https:\/\/graef-gnu.com\/","name":"August Graef GNU","description":"","potentialAction":[{"@type":"SearchAction","target":{"@type":"EntryPoint","urlTemplate":"https:\/\/graef-gnu.com\/?s={search_term_string}"},"query-input":"required name=search_term_string"}],"inLanguage":"tr"}]}},"_links":{"self":[{"href":"https:\/\/graef-gnu.com\/tr\/wp-json\/wp\/v2\/product\/159828","targetHints":{"allow":["GET"]}}],"collection":[{"href":"https:\/\/graef-gnu.com\/tr\/wp-json\/wp\/v2\/product"}],"about":[{"href":"https:\/\/graef-gnu.com\/tr\/wp-json\/wp\/v2\/types\/product"}],"wp:featuredmedia":[{"embeddable":true,"href":"https:\/\/graef-gnu.com\/tr\/wp-json\/wp\/v2\/media\/150748"}],"wp:attachment":[{"href":"https:\/\/graef-gnu.com\/tr\/wp-json\/wp\/v2\/media?parent=159828"}],"wp:term":[{"taxonomy":"product_cat","embeddable":true,"href":"https:\/\/graef-gnu.com\/tr\/wp-json\/wp\/v2\/product_cat?post=159828"},{"taxonomy":"product_tag","embeddable":true,"href":"https:\/\/graef-gnu.com\/tr\/wp-json\/wp\/v2\/product_tag?post=159828"}],"curies":[{"name":"wp","href":"https:\/\/api.w.org\/{rel}","templated":true}]}}