{"id":160135,"date":"2021-02-11T11:07:00","date_gmt":"2021-10-06T13:41:22","guid":{"rendered":"https:\/\/www.graef-gnu.com\/produkt\/kanal-merkez-disi\/"},"modified":"2021-12-20T17:30:44","modified_gmt":"2021-12-20T16:30:44","slug":"merkez-disi","status":"publish","type":"product","link":"https:\/\/graef-gnu.com\/tr\/produkt\/merkez-disi\/","title":{"rendered":"Kanal Merkez D\u0131\u015f\u0131"},"content":{"rendered":"<p>Metal tabanl\u0131 merkez d\u0131\u015f\u0131 prefabrike oluklar olmas\u0131 durumunda, kanal merkez d\u0131\u015f\u0131d\u0131r. Bu haz\u0131r oluklar, birbirine yak\u0131n k\u0131r\u0131\u015f\u0131kl\u0131klar i\u00e7in kullan\u0131l\u0131r, bu sayede 4 mm veya daha fazla iki katlama mesafesi, k\u0131r\u0131\u015f\u0131k merkezinden k\u0131r\u0131\u015f\u0131k merkezine iste\u011fe g\u00f6re de\u011fi\u015ftirilebilir. (Normal bitmi\u015f kanal oluklar\u0131 sadece 10 mm mesafeden kullan\u0131labilir.)<\/p>\n","protected":false},"excerpt":{"rendered":"<p>Metal tabanl\u0131 merkez d\u0131\u015f\u0131 prefabrike oluklar olmas\u0131 durumunda, kanal merkez d\u0131\u015f\u0131d\u0131r.<\/p>\n","protected":false},"featured_media":151015,"template":"","meta":{"_acf_changed":false},"product_cat":[7576],"product_tag":[],"class_list":{"0":"post-160135","1":"product","2":"type-product","3":"status-publish","4":"has-post-thumbnail","6":"product_cat-kirisik-pansuman-ve-karsi-pansuman-malzemesi","7":"pa_hoehe-038-mm-tr","8":"pa_hoehe-043-mm-tr","9":"pa_hoehe-045-mm-tr","10":"pa_hoehe-048-mm-tr","11":"pa_kanalbreite-08-mm-tr","12":"pa_kanalbreite-10-mm-tr","13":"pa_kanalbreite-13-mm-tr","14":"pa_kanalbreite-14-mm-tr","15":"pa_kanalbreite-15-mm-tr","16":"pa_karton-rolle-krt-tr","18":"first","19":"instock","20":"purchasable","21":"product-type-variable"},"acf":[],"yoast_head":"<!-- This site is optimized with the Yoast SEO plugin v22.6 - https:\/\/yoast.com\/wordpress\/plugins\/seo\/ -->\n<title>Kanal Merkez D\u0131\u015f\u0131 - August Graef GNU<\/title>\n<meta name=\"robots\" content=\"index, follow, max-snippet:-1, max-image-preview:large, max-video-preview:-1\" \/>\n<link rel=\"canonical\" href=\"https:\/\/graef-gnu.com\/?post_type=product&p=68213\" \/>\n<meta property=\"og:locale\" content=\"tr_TR\" \/>\n<meta property=\"og:type\" content=\"article\" \/>\n<meta property=\"og:title\" content=\"Kanal Merkez D\u0131\u015f\u0131 - August Graef GNU\" \/>\n<meta property=\"og:description\" content=\"Metal tabanl\u0131 merkez d\u0131\u015f\u0131 prefabrike oluklar olmas\u0131 durumunda, kanal merkez d\u0131\u015f\u0131d\u0131r.\" \/>\n<meta property=\"og:url\" content=\"https:\/\/graef-gnu.com\/?post_type=product&amp;p=68213\" \/>\n<meta property=\"og:site_name\" content=\"August Graef GNU\" \/>\n<meta property=\"article:modified_time\" content=\"2021-12-20T16:30:44+00:00\" \/>\n<meta property=\"og:image\" content=\"https:\/\/graef-gnu.com\/wp-content\/uploads\/gnu_channel_off-center.png\" \/>\n\t<meta property=\"og:image:width\" content=\"890\" \/>\n\t<meta property=\"og:image:height\" content=\"300\" \/>\n\t<meta property=\"og:image:type\" content=\"image\/png\" \/>\n<meta name=\"twitter:card\" content=\"summary_large_image\" \/>\n<script type=\"application\/ld+json\" class=\"yoast-schema-graph\">{\"@context\":\"https:\/\/schema.org\",\"@graph\":[{\"@type\":\"WebPage\",\"@id\":\"https:\/\/graef-gnu.com\/?post_type=product&p=68213\",\"url\":\"https:\/\/graef-gnu.com\/?post_type=product&p=68213\",\"name\":\"Kanal Merkez D\u0131\u015f\u0131 - August Graef GNU\",\"isPartOf\":{\"@id\":\"https:\/\/graef-gnu.com\/#website\"},\"primaryImageOfPage\":{\"@id\":\"https:\/\/graef-gnu.com\/?post_type=product&p=68213#primaryimage\"},\"image\":{\"@id\":\"https:\/\/graef-gnu.com\/?post_type=product&p=68213#primaryimage\"},\"thumbnailUrl\":\"https:\/\/graef-gnu.com\/wp-content\/uploads\/gnu_channel_off-center.png\",\"datePublished\":\"2021-10-06T13:41:22+00:00\",\"dateModified\":\"2021-12-20T16:30:44+00:00\",\"breadcrumb\":{\"@id\":\"https:\/\/graef-gnu.com\/?post_type=product&p=68213#breadcrumb\"},\"inLanguage\":\"tr\",\"potentialAction\":[{\"@type\":\"ReadAction\",\"target\":[\"https:\/\/graef-gnu.com\/?post_type=product&p=68213\"]}]},{\"@type\":\"ImageObject\",\"inLanguage\":\"tr\",\"@id\":\"https:\/\/graef-gnu.com\/?post_type=product&p=68213#primaryimage\",\"url\":\"https:\/\/graef-gnu.com\/wp-content\/uploads\/gnu_channel_off-center.png\",\"contentUrl\":\"https:\/\/graef-gnu.com\/wp-content\/uploads\/gnu_channel_off-center.png\",\"width\":890,\"height\":300},{\"@type\":\"BreadcrumbList\",\"@id\":\"https:\/\/graef-gnu.com\/?post_type=product&p=68213#breadcrumb\",\"itemListElement\":[{\"@type\":\"ListItem\",\"position\":1,\"name\":\"Startseite\",\"item\":\"https:\/\/graef-gnu.com\/tr\/\"},{\"@type\":\"ListItem\",\"position\":2,\"name\":\"\u00dcr\u00fcne Genel Bak\u0131\u015f\",\"item\":\"https:\/\/graef-gnu.com\/tr\/ueruene-genel-bakis\/\"},{\"@type\":\"ListItem\",\"position\":3,\"name\":\"Kanal Merkez D\u0131\u015f\u0131\"}]},{\"@type\":\"WebSite\",\"@id\":\"https:\/\/graef-gnu.com\/#website\",\"url\":\"https:\/\/graef-gnu.com\/\",\"name\":\"August Graef GNU\",\"description\":\"\",\"potentialAction\":[{\"@type\":\"SearchAction\",\"target\":{\"@type\":\"EntryPoint\",\"urlTemplate\":\"https:\/\/graef-gnu.com\/?s={search_term_string}\"},\"query-input\":\"required name=search_term_string\"}],\"inLanguage\":\"tr\"}]}<\/script>\n<!-- \/ Yoast SEO plugin. -->","yoast_head_json":{"title":"Kanal Merkez D\u0131\u015f\u0131 - August Graef GNU","robots":{"index":"index","follow":"follow","max-snippet":"max-snippet:-1","max-image-preview":"max-image-preview:large","max-video-preview":"max-video-preview:-1"},"canonical":"https:\/\/graef-gnu.com\/?post_type=product&p=68213","og_locale":"tr_TR","og_type":"article","og_title":"Kanal Merkez D\u0131\u015f\u0131 - August Graef GNU","og_description":"Metal tabanl\u0131 merkez d\u0131\u015f\u0131 prefabrike oluklar olmas\u0131 durumunda, kanal merkez d\u0131\u015f\u0131d\u0131r.","og_url":"https:\/\/graef-gnu.com\/?post_type=product&p=68213","og_site_name":"August Graef GNU","article_modified_time":"2021-12-20T16:30:44+00:00","og_image":[{"width":890,"height":300,"url":"https:\/\/graef-gnu.com\/wp-content\/uploads\/gnu_channel_off-center.png","type":"image\/png"}],"twitter_card":"summary_large_image","schema":{"@context":"https:\/\/schema.org","@graph":[{"@type":"WebPage","@id":"https:\/\/graef-gnu.com\/?post_type=product&p=68213","url":"https:\/\/graef-gnu.com\/?post_type=product&p=68213","name":"Kanal Merkez D\u0131\u015f\u0131 - August Graef GNU","isPartOf":{"@id":"https:\/\/graef-gnu.com\/#website"},"primaryImageOfPage":{"@id":"https:\/\/graef-gnu.com\/?post_type=product&p=68213#primaryimage"},"image":{"@id":"https:\/\/graef-gnu.com\/?post_type=product&p=68213#primaryimage"},"thumbnailUrl":"https:\/\/graef-gnu.com\/wp-content\/uploads\/gnu_channel_off-center.png","datePublished":"2021-10-06T13:41:22+00:00","dateModified":"2021-12-20T16:30:44+00:00","breadcrumb":{"@id":"https:\/\/graef-gnu.com\/?post_type=product&p=68213#breadcrumb"},"inLanguage":"tr","potentialAction":[{"@type":"ReadAction","target":["https:\/\/graef-gnu.com\/?post_type=product&p=68213"]}]},{"@type":"ImageObject","inLanguage":"tr","@id":"https:\/\/graef-gnu.com\/?post_type=product&p=68213#primaryimage","url":"https:\/\/graef-gnu.com\/wp-content\/uploads\/gnu_channel_off-center.png","contentUrl":"https:\/\/graef-gnu.com\/wp-content\/uploads\/gnu_channel_off-center.png","width":890,"height":300},{"@type":"BreadcrumbList","@id":"https:\/\/graef-gnu.com\/?post_type=product&p=68213#breadcrumb","itemListElement":[{"@type":"ListItem","position":1,"name":"Startseite","item":"https:\/\/graef-gnu.com\/tr\/"},{"@type":"ListItem","position":2,"name":"\u00dcr\u00fcne Genel Bak\u0131\u015f","item":"https:\/\/graef-gnu.com\/tr\/ueruene-genel-bakis\/"},{"@type":"ListItem","position":3,"name":"Kanal Merkez D\u0131\u015f\u0131"}]},{"@type":"WebSite","@id":"https:\/\/graef-gnu.com\/#website","url":"https:\/\/graef-gnu.com\/","name":"August Graef GNU","description":"","potentialAction":[{"@type":"SearchAction","target":{"@type":"EntryPoint","urlTemplate":"https:\/\/graef-gnu.com\/?s={search_term_string}"},"query-input":"required name=search_term_string"}],"inLanguage":"tr"}]}},"_links":{"self":[{"href":"https:\/\/graef-gnu.com\/tr\/wp-json\/wp\/v2\/product\/160135","targetHints":{"allow":["GET"]}}],"collection":[{"href":"https:\/\/graef-gnu.com\/tr\/wp-json\/wp\/v2\/product"}],"about":[{"href":"https:\/\/graef-gnu.com\/tr\/wp-json\/wp\/v2\/types\/product"}],"wp:featuredmedia":[{"embeddable":true,"href":"https:\/\/graef-gnu.com\/tr\/wp-json\/wp\/v2\/media\/151015"}],"wp:attachment":[{"href":"https:\/\/graef-gnu.com\/tr\/wp-json\/wp\/v2\/media?parent=160135"}],"wp:term":[{"taxonomy":"product_cat","embeddable":true,"href":"https:\/\/graef-gnu.com\/tr\/wp-json\/wp\/v2\/product_cat?post=160135"},{"taxonomy":"product_tag","embeddable":true,"href":"https:\/\/graef-gnu.com\/tr\/wp-json\/wp\/v2\/product_tag?post=160135"}],"curies":[{"name":"wp","href":"https:\/\/api.w.org\/{rel}","templated":true}]}}