{"id":161355,"date":"2021-02-11T11:06:38","date_gmt":"2021-10-06T13:49:33","guid":{"rendered":"https:\/\/www.graef-gnu.com\/produkt\/pentra-arti-s\/"},"modified":"2021-12-20T17:39:08","modified_gmt":"2021-12-20T16:39:08","slug":"pentra-arti-s","status":"publish","type":"product","link":"https:\/\/graef-gnu.com\/tr\/produkt\/pentra-arti-s\/","title":{"rendered":"Pentra Art\u0131 S"},"content":{"rendered":"<p>Ka\u011f\u0131t, karton ve oluklu mukavvay\u0131 k\u0131v\u0131rmak i\u00e7in film bazl\u0131 pres kartondan yap\u0131lm\u0131\u015f premium versiyon. 6 mm yerine sadece 3 mm bask\u0131 tahtas\u0131 geni\u015fli\u011fine sahip dar versiyon.<\/p>\n<p><strong>A\u015fa\u011f\u0131daki avantajlarla: <\/strong><\/p>\n<ul>\n<li>B\u0131\u00e7akla zahmetsizce yeniden \u00e7al\u0131\u015farak pansuman\u0131n ayarlanmas\u0131.<\/li>\n<li>Son derece y\u00fcksek yap\u0131\u015ft\u0131rma kuvvetine sahip bas\u0131nca duyarl\u0131 yap\u0131\u015ft\u0131r\u0131c\u0131 sayesinde z\u0131mba plakas\u0131 \u00fczerinde gezinme olmaz.<\/li>\n<li>E\u011fimli kenarlar kartonun s\u0131k\u0131\u015fmas\u0131n\u0131 \u00f6nler.<\/li>\n<li>\u00c7ok \u00e7e\u015fitli ebatlar sayesinde her karton veya oluklu mukavva kal\u0131nl\u0131\u011f\u0131 i\u00e7in en uygun katlama \u00e7\u00f6z\u00fcm\u00fc.<\/li>\n<\/ul>\n<p><strong>Kutu i\u00e7eri\u011fi: 94 x 75 cm = 70,5 m<\/strong><\/p>\n","protected":false},"excerpt":{"rendered":"<p>Ka\u011f\u0131t, karton ve oluklu mukavvay\u0131 k\u0131v\u0131rmak i\u00e7in film bazl\u0131 pres kartondan yap\u0131lm\u0131\u015f premium versiyon. 6 mm yerine sadece 3 mm bask\u0131 tahtas\u0131 geni\u015fli\u011fine sahip dar versiyon.<\/p>\n<p>&nbsp;<\/p>\n","protected":false},"featured_media":150850,"template":"","meta":{"_acf_changed":false},"product_cat":[7576],"product_tag":[],"class_list":{"0":"post-161355","1":"product","2":"type-product","3":"status-publish","4":"has-post-thumbnail","6":"product_group-pentra-tr","7":"product_cat-kirisik-pansuman-ve-karsi-pansuman-malzemesi","8":"pa_hoehe-03-mm-tr","9":"pa_hoehe-04-mm-tr","10":"pa_hoehe-05-mm-tr","11":"pa_hoehe-06-mm-tr","12":"pa_hoehe-07-mm-tr","13":"pa_hoehe-08-mm-tr","14":"pa_hoehe-10-mm-tr-3","15":"pa_kanalbreite-06-mm-tr","16":"pa_kanalbreite-07-mm-tr","17":"pa_kanalbreite-08-mm-tr","18":"pa_kanalbreite-10-mm-tr","19":"pa_kanalbreite-11-mm-tr","20":"pa_kanalbreite-12-mm-tr","21":"pa_kanalbreite-13-mm-tr","22":"pa_kanalbreite-14-mm-tr","23":"pa_kanalbreite-15-mm-tr","24":"pa_kanalbreite-16-mm-tr","25":"pa_kanalbreite-17-mm-tr","26":"pa_kanalbreite-19-mm-tr","27":"pa_kanalbreite-21-mm-tr","28":"pa_kanalbreite-23-mm-tr","29":"pa_kanalbreite-25-mm-tr","30":"pa_kanalbreite-27-mm-tr","31":"pa_kanalbreite-30-mm-tr","32":"pa_karton-rolle-krt-tr","34":"first","35":"instock","36":"purchasable","37":"product-type-variable"},"acf":[],"yoast_head":"<!-- This site is optimized with the Yoast SEO plugin v22.6 - https:\/\/yoast.com\/wordpress\/plugins\/seo\/ -->\n<title>Pentra Art\u0131 S - August Graef GNU<\/title>\n<meta name=\"robots\" content=\"index, follow, max-snippet:-1, max-image-preview:large, max-video-preview:-1\" \/>\n<link rel=\"canonical\" href=\"https:\/\/graef-gnu.com\/produkt\/pentra-plus-s\/\" \/>\n<meta property=\"og:locale\" content=\"tr_TR\" \/>\n<meta property=\"og:type\" content=\"article\" \/>\n<meta property=\"og:title\" content=\"Pentra Art\u0131 S - August Graef GNU\" \/>\n<meta property=\"og:description\" content=\"Ka\u011f\u0131t, karton ve oluklu mukavvay\u0131 k\u0131v\u0131rmak i\u00e7in film bazl\u0131 pres kartondan yap\u0131lm\u0131\u015f premium versiyon. 6 mm yerine sadece 3 mm bask\u0131 tahtas\u0131 geni\u015fli\u011fine sahip dar versiyon.  &nbsp;\" \/>\n<meta property=\"og:url\" content=\"https:\/\/graef-gnu.com\/produkt\/pentra-plus-s\/\" \/>\n<meta property=\"og:site_name\" content=\"August Graef GNU\" \/>\n<meta property=\"article:modified_time\" content=\"2021-12-20T16:39:08+00:00\" \/>\n<meta property=\"og:image\" content=\"https:\/\/graef-gnu.com\/wp-content\/uploads\/gnu_pentra_plus_s-1.jpg\" \/>\n\t<meta property=\"og:image:width\" content=\"890\" \/>\n\t<meta property=\"og:image:height\" content=\"300\" \/>\n\t<meta property=\"og:image:type\" content=\"image\/jpeg\" \/>\n<meta name=\"twitter:card\" content=\"summary_large_image\" \/>\n<meta name=\"twitter:label1\" content=\"Tahmini okuma s\u00fcresi\" \/>\n\t<meta name=\"twitter:data1\" content=\"1 dakika\" \/>\n<script type=\"application\/ld+json\" class=\"yoast-schema-graph\">{\"@context\":\"https:\/\/schema.org\",\"@graph\":[{\"@type\":\"WebPage\",\"@id\":\"https:\/\/graef-gnu.com\/produkt\/pentra-plus-s\/\",\"url\":\"https:\/\/graef-gnu.com\/produkt\/pentra-plus-s\/\",\"name\":\"Pentra Art\u0131 S - August Graef GNU\",\"isPartOf\":{\"@id\":\"https:\/\/graef-gnu.com\/#website\"},\"primaryImageOfPage\":{\"@id\":\"https:\/\/graef-gnu.com\/produkt\/pentra-plus-s\/#primaryimage\"},\"image\":{\"@id\":\"https:\/\/graef-gnu.com\/produkt\/pentra-plus-s\/#primaryimage\"},\"thumbnailUrl\":\"https:\/\/graef-gnu.com\/wp-content\/uploads\/gnu_pentra_plus_s-1.jpg\",\"datePublished\":\"2021-10-06T13:49:33+00:00\",\"dateModified\":\"2021-12-20T16:39:08+00:00\",\"breadcrumb\":{\"@id\":\"https:\/\/graef-gnu.com\/produkt\/pentra-plus-s\/#breadcrumb\"},\"inLanguage\":\"tr\",\"potentialAction\":[{\"@type\":\"ReadAction\",\"target\":[\"https:\/\/graef-gnu.com\/produkt\/pentra-plus-s\/\"]}]},{\"@type\":\"ImageObject\",\"inLanguage\":\"tr\",\"@id\":\"https:\/\/graef-gnu.com\/produkt\/pentra-plus-s\/#primaryimage\",\"url\":\"https:\/\/graef-gnu.com\/wp-content\/uploads\/gnu_pentra_plus_s-1.jpg\",\"contentUrl\":\"https:\/\/graef-gnu.com\/wp-content\/uploads\/gnu_pentra_plus_s-1.jpg\",\"width\":890,\"height\":300},{\"@type\":\"BreadcrumbList\",\"@id\":\"https:\/\/graef-gnu.com\/produkt\/pentra-plus-s\/#breadcrumb\",\"itemListElement\":[{\"@type\":\"ListItem\",\"position\":1,\"name\":\"Startseite\",\"item\":\"https:\/\/graef-gnu.com\/tr\/\"},{\"@type\":\"ListItem\",\"position\":2,\"name\":\"\u00dcr\u00fcne Genel Bak\u0131\u015f\",\"item\":\"https:\/\/graef-gnu.com\/tr\/ueruene-genel-bakis\/\"},{\"@type\":\"ListItem\",\"position\":3,\"name\":\"Pentra Art\u0131 S\"}]},{\"@type\":\"WebSite\",\"@id\":\"https:\/\/graef-gnu.com\/#website\",\"url\":\"https:\/\/graef-gnu.com\/\",\"name\":\"August Graef GNU\",\"description\":\"\",\"potentialAction\":[{\"@type\":\"SearchAction\",\"target\":{\"@type\":\"EntryPoint\",\"urlTemplate\":\"https:\/\/graef-gnu.com\/?s={search_term_string}\"},\"query-input\":\"required name=search_term_string\"}],\"inLanguage\":\"tr\"}]}<\/script>\n<!-- \/ Yoast SEO plugin. -->","yoast_head_json":{"title":"Pentra Art\u0131 S - August Graef GNU","robots":{"index":"index","follow":"follow","max-snippet":"max-snippet:-1","max-image-preview":"max-image-preview:large","max-video-preview":"max-video-preview:-1"},"canonical":"https:\/\/graef-gnu.com\/produkt\/pentra-plus-s\/","og_locale":"tr_TR","og_type":"article","og_title":"Pentra Art\u0131 S - August Graef GNU","og_description":"Ka\u011f\u0131t, karton ve oluklu mukavvay\u0131 k\u0131v\u0131rmak i\u00e7in film bazl\u0131 pres kartondan yap\u0131lm\u0131\u015f premium versiyon. 6 mm yerine sadece 3 mm bask\u0131 tahtas\u0131 geni\u015fli\u011fine sahip dar versiyon.  &nbsp;","og_url":"https:\/\/graef-gnu.com\/produkt\/pentra-plus-s\/","og_site_name":"August Graef GNU","article_modified_time":"2021-12-20T16:39:08+00:00","og_image":[{"width":890,"height":300,"url":"https:\/\/graef-gnu.com\/wp-content\/uploads\/gnu_pentra_plus_s-1.jpg","type":"image\/jpeg"}],"twitter_card":"summary_large_image","twitter_misc":{"Tahmini okuma s\u00fcresi":"1 dakika"},"schema":{"@context":"https:\/\/schema.org","@graph":[{"@type":"WebPage","@id":"https:\/\/graef-gnu.com\/produkt\/pentra-plus-s\/","url":"https:\/\/graef-gnu.com\/produkt\/pentra-plus-s\/","name":"Pentra Art\u0131 S - August Graef GNU","isPartOf":{"@id":"https:\/\/graef-gnu.com\/#website"},"primaryImageOfPage":{"@id":"https:\/\/graef-gnu.com\/produkt\/pentra-plus-s\/#primaryimage"},"image":{"@id":"https:\/\/graef-gnu.com\/produkt\/pentra-plus-s\/#primaryimage"},"thumbnailUrl":"https:\/\/graef-gnu.com\/wp-content\/uploads\/gnu_pentra_plus_s-1.jpg","datePublished":"2021-10-06T13:49:33+00:00","dateModified":"2021-12-20T16:39:08+00:00","breadcrumb":{"@id":"https:\/\/graef-gnu.com\/produkt\/pentra-plus-s\/#breadcrumb"},"inLanguage":"tr","potentialAction":[{"@type":"ReadAction","target":["https:\/\/graef-gnu.com\/produkt\/pentra-plus-s\/"]}]},{"@type":"ImageObject","inLanguage":"tr","@id":"https:\/\/graef-gnu.com\/produkt\/pentra-plus-s\/#primaryimage","url":"https:\/\/graef-gnu.com\/wp-content\/uploads\/gnu_pentra_plus_s-1.jpg","contentUrl":"https:\/\/graef-gnu.com\/wp-content\/uploads\/gnu_pentra_plus_s-1.jpg","width":890,"height":300},{"@type":"BreadcrumbList","@id":"https:\/\/graef-gnu.com\/produkt\/pentra-plus-s\/#breadcrumb","itemListElement":[{"@type":"ListItem","position":1,"name":"Startseite","item":"https:\/\/graef-gnu.com\/tr\/"},{"@type":"ListItem","position":2,"name":"\u00dcr\u00fcne Genel Bak\u0131\u015f","item":"https:\/\/graef-gnu.com\/tr\/ueruene-genel-bakis\/"},{"@type":"ListItem","position":3,"name":"Pentra Art\u0131 S"}]},{"@type":"WebSite","@id":"https:\/\/graef-gnu.com\/#website","url":"https:\/\/graef-gnu.com\/","name":"August Graef GNU","description":"","potentialAction":[{"@type":"SearchAction","target":{"@type":"EntryPoint","urlTemplate":"https:\/\/graef-gnu.com\/?s={search_term_string}"},"query-input":"required name=search_term_string"}],"inLanguage":"tr"}]}},"_links":{"self":[{"href":"https:\/\/graef-gnu.com\/tr\/wp-json\/wp\/v2\/product\/161355","targetHints":{"allow":["GET"]}}],"collection":[{"href":"https:\/\/graef-gnu.com\/tr\/wp-json\/wp\/v2\/product"}],"about":[{"href":"https:\/\/graef-gnu.com\/tr\/wp-json\/wp\/v2\/types\/product"}],"wp:featuredmedia":[{"embeddable":true,"href":"https:\/\/graef-gnu.com\/tr\/wp-json\/wp\/v2\/media\/150850"}],"wp:attachment":[{"href":"https:\/\/graef-gnu.com\/tr\/wp-json\/wp\/v2\/media?parent=161355"}],"wp:term":[{"taxonomy":"product_cat","embeddable":true,"href":"https:\/\/graef-gnu.com\/tr\/wp-json\/wp\/v2\/product_cat?post=161355"},{"taxonomy":"product_tag","embeddable":true,"href":"https:\/\/graef-gnu.com\/tr\/wp-json\/wp\/v2\/product_tag?post=161355"}],"curies":[{"name":"wp","href":"https:\/\/api.w.org\/{rel}","templated":true}]}}