{"id":161689,"date":"2021-02-11T11:07:27","date_gmt":"2021-10-06T13:55:48","guid":{"rendered":"https:\/\/www.graef-gnu.com\/produkt\/cizim-filmi\/"},"modified":"2021-12-20T17:41:31","modified_gmt":"2021-12-20T16:41:31","slug":"cizim-folyosu","status":"publish","type":"product","link":"https:\/\/graef-gnu.com\/tr\/produkt\/cizim-folyosu\/","title":{"rendered":"\u00c7izim filmi"},"content":{"rendered":"","protected":false},"excerpt":{"rendered":"","protected":false},"featured_media":148994,"template":"","meta":{"_acf_changed":false},"product_cat":[7578],"product_tag":[],"class_list":{"0":"post-161689","1":"product","2":"type-product","3":"status-publish","4":"has-post-thumbnail","6":"product_group-plotter-aksesuarlari","7":"product_cat-techizat","8":"pa_ablaengung-50-m-tr","9":"pa_folienbreite-1220-mm-tr","10":"pa_folienbreite-1370-mm-tr","11":"pa_folienbreite-1520-mm-tr","12":"pa_folienbreite-610-mm-tr","13":"pa_folienbreite-900-mm-tr","14":"pa_hoehe-007-mm-tr","15":"pa_hoehe-0075-mm-tr","16":"pa_hoehe-0095-mm-tr","17":"pa_hoehe-0-140-mm-tr","19":"first","20":"instock","21":"purchasable","22":"product-type-variable"},"acf":[],"yoast_head":"<!-- This site is optimized with the Yoast SEO plugin v22.6 - https:\/\/yoast.com\/wordpress\/plugins\/seo\/ -->\n<title>\u00c7izim filmi - August Graef GNU<\/title>\n<meta name=\"robots\" content=\"index, follow, max-snippet:-1, max-image-preview:large, max-video-preview:-1\" \/>\n<link rel=\"canonical\" href=\"https:\/\/graef-gnu.com\/produkt\/zeichenfolie\/\" \/>\n<meta property=\"og:locale\" content=\"tr_TR\" \/>\n<meta property=\"og:type\" content=\"article\" \/>\n<meta property=\"og:title\" content=\"\u00c7izim filmi - August Graef GNU\" \/>\n<meta property=\"og:url\" content=\"https:\/\/graef-gnu.com\/produkt\/zeichenfolie\/\" \/>\n<meta property=\"og:site_name\" content=\"August Graef GNU\" \/>\n<meta property=\"article:modified_time\" content=\"2021-12-20T16:41:31+00:00\" \/>\n<meta property=\"og:image\" content=\"https:\/\/graef-gnu.com\/wp-content\/uploads\/gnu_plotterzubehoer.jpg\" \/>\n\t<meta property=\"og:image:width\" content=\"890\" \/>\n\t<meta property=\"og:image:height\" content=\"300\" \/>\n\t<meta property=\"og:image:type\" content=\"image\/jpeg\" \/>\n<meta name=\"twitter:card\" content=\"summary_large_image\" \/>\n<script type=\"application\/ld+json\" class=\"yoast-schema-graph\">{\"@context\":\"https:\/\/schema.org\",\"@graph\":[{\"@type\":\"WebPage\",\"@id\":\"https:\/\/graef-gnu.com\/produkt\/zeichenfolie\/\",\"url\":\"https:\/\/graef-gnu.com\/produkt\/zeichenfolie\/\",\"name\":\"\u00c7izim filmi - August Graef GNU\",\"isPartOf\":{\"@id\":\"https:\/\/graef-gnu.com\/#website\"},\"primaryImageOfPage\":{\"@id\":\"https:\/\/graef-gnu.com\/produkt\/zeichenfolie\/#primaryimage\"},\"image\":{\"@id\":\"https:\/\/graef-gnu.com\/produkt\/zeichenfolie\/#primaryimage\"},\"thumbnailUrl\":\"https:\/\/graef-gnu.com\/wp-content\/uploads\/gnu_plotterzubehoer.jpg\",\"datePublished\":\"2021-10-06T13:55:48+00:00\",\"dateModified\":\"2021-12-20T16:41:31+00:00\",\"breadcrumb\":{\"@id\":\"https:\/\/graef-gnu.com\/produkt\/zeichenfolie\/#breadcrumb\"},\"inLanguage\":\"tr\",\"potentialAction\":[{\"@type\":\"ReadAction\",\"target\":[\"https:\/\/graef-gnu.com\/produkt\/zeichenfolie\/\"]}]},{\"@type\":\"ImageObject\",\"inLanguage\":\"tr\",\"@id\":\"https:\/\/graef-gnu.com\/produkt\/zeichenfolie\/#primaryimage\",\"url\":\"https:\/\/graef-gnu.com\/wp-content\/uploads\/gnu_plotterzubehoer.jpg\",\"contentUrl\":\"https:\/\/graef-gnu.com\/wp-content\/uploads\/gnu_plotterzubehoer.jpg\",\"width\":890,\"height\":300},{\"@type\":\"BreadcrumbList\",\"@id\":\"https:\/\/graef-gnu.com\/produkt\/zeichenfolie\/#breadcrumb\",\"itemListElement\":[{\"@type\":\"ListItem\",\"position\":1,\"name\":\"Startseite\",\"item\":\"https:\/\/graef-gnu.com\/tr\/\"},{\"@type\":\"ListItem\",\"position\":2,\"name\":\"\u00dcr\u00fcne Genel Bak\u0131\u015f\",\"item\":\"https:\/\/graef-gnu.com\/tr\/ueruene-genel-bakis\/\"},{\"@type\":\"ListItem\",\"position\":3,\"name\":\"\u00c7izim filmi\"}]},{\"@type\":\"WebSite\",\"@id\":\"https:\/\/graef-gnu.com\/#website\",\"url\":\"https:\/\/graef-gnu.com\/\",\"name\":\"August Graef GNU\",\"description\":\"\",\"potentialAction\":[{\"@type\":\"SearchAction\",\"target\":{\"@type\":\"EntryPoint\",\"urlTemplate\":\"https:\/\/graef-gnu.com\/?s={search_term_string}\"},\"query-input\":\"required name=search_term_string\"}],\"inLanguage\":\"tr\"}]}<\/script>\n<!-- \/ Yoast SEO plugin. -->","yoast_head_json":{"title":"\u00c7izim filmi - August Graef GNU","robots":{"index":"index","follow":"follow","max-snippet":"max-snippet:-1","max-image-preview":"max-image-preview:large","max-video-preview":"max-video-preview:-1"},"canonical":"https:\/\/graef-gnu.com\/produkt\/zeichenfolie\/","og_locale":"tr_TR","og_type":"article","og_title":"\u00c7izim filmi - August Graef GNU","og_url":"https:\/\/graef-gnu.com\/produkt\/zeichenfolie\/","og_site_name":"August Graef GNU","article_modified_time":"2021-12-20T16:41:31+00:00","og_image":[{"width":890,"height":300,"url":"https:\/\/graef-gnu.com\/wp-content\/uploads\/gnu_plotterzubehoer.jpg","type":"image\/jpeg"}],"twitter_card":"summary_large_image","schema":{"@context":"https:\/\/schema.org","@graph":[{"@type":"WebPage","@id":"https:\/\/graef-gnu.com\/produkt\/zeichenfolie\/","url":"https:\/\/graef-gnu.com\/produkt\/zeichenfolie\/","name":"\u00c7izim filmi - August Graef GNU","isPartOf":{"@id":"https:\/\/graef-gnu.com\/#website"},"primaryImageOfPage":{"@id":"https:\/\/graef-gnu.com\/produkt\/zeichenfolie\/#primaryimage"},"image":{"@id":"https:\/\/graef-gnu.com\/produkt\/zeichenfolie\/#primaryimage"},"thumbnailUrl":"https:\/\/graef-gnu.com\/wp-content\/uploads\/gnu_plotterzubehoer.jpg","datePublished":"2021-10-06T13:55:48+00:00","dateModified":"2021-12-20T16:41:31+00:00","breadcrumb":{"@id":"https:\/\/graef-gnu.com\/produkt\/zeichenfolie\/#breadcrumb"},"inLanguage":"tr","potentialAction":[{"@type":"ReadAction","target":["https:\/\/graef-gnu.com\/produkt\/zeichenfolie\/"]}]},{"@type":"ImageObject","inLanguage":"tr","@id":"https:\/\/graef-gnu.com\/produkt\/zeichenfolie\/#primaryimage","url":"https:\/\/graef-gnu.com\/wp-content\/uploads\/gnu_plotterzubehoer.jpg","contentUrl":"https:\/\/graef-gnu.com\/wp-content\/uploads\/gnu_plotterzubehoer.jpg","width":890,"height":300},{"@type":"BreadcrumbList","@id":"https:\/\/graef-gnu.com\/produkt\/zeichenfolie\/#breadcrumb","itemListElement":[{"@type":"ListItem","position":1,"name":"Startseite","item":"https:\/\/graef-gnu.com\/tr\/"},{"@type":"ListItem","position":2,"name":"\u00dcr\u00fcne Genel Bak\u0131\u015f","item":"https:\/\/graef-gnu.com\/tr\/ueruene-genel-bakis\/"},{"@type":"ListItem","position":3,"name":"\u00c7izim filmi"}]},{"@type":"WebSite","@id":"https:\/\/graef-gnu.com\/#website","url":"https:\/\/graef-gnu.com\/","name":"August Graef GNU","description":"","potentialAction":[{"@type":"SearchAction","target":{"@type":"EntryPoint","urlTemplate":"https:\/\/graef-gnu.com\/?s={search_term_string}"},"query-input":"required name=search_term_string"}],"inLanguage":"tr"}]}},"_links":{"self":[{"href":"https:\/\/graef-gnu.com\/tr\/wp-json\/wp\/v2\/product\/161689","targetHints":{"allow":["GET"]}}],"collection":[{"href":"https:\/\/graef-gnu.com\/tr\/wp-json\/wp\/v2\/product"}],"about":[{"href":"https:\/\/graef-gnu.com\/tr\/wp-json\/wp\/v2\/types\/product"}],"wp:featuredmedia":[{"embeddable":true,"href":"https:\/\/graef-gnu.com\/tr\/wp-json\/wp\/v2\/media\/148994"}],"wp:attachment":[{"href":"https:\/\/graef-gnu.com\/tr\/wp-json\/wp\/v2\/media?parent=161689"}],"wp:term":[{"taxonomy":"product_cat","embeddable":true,"href":"https:\/\/graef-gnu.com\/tr\/wp-json\/wp\/v2\/product_cat?post=161689"},{"taxonomy":"product_tag","embeddable":true,"href":"https:\/\/graef-gnu.com\/tr\/wp-json\/wp\/v2\/product_tag?post=161689"}],"curies":[{"name":"wp","href":"https:\/\/api.w.org\/{rel}","templated":true}]}}