{"id":162163,"date":"2021-02-11T10:57:30","date_gmt":"2021-10-06T13:59:28","guid":{"rendered":"https:\/\/www.graef-gnu.com\/produkt\/duroflex-plus\/"},"modified":"2021-10-06T16:08:48","modified_gmt":"2021-10-06T14:08:48","slug":"duroflex-arti","status":"publish","type":"product","link":"https:\/\/graef-gnu.com\/tr\/produkt\/duroflex-arti\/","title":{"rendered":"Duroflex<sup>&reg;<\/sup>-Plus"},"content":{"rendered":"<p>Duroflex<sup>&reg;<\/sup> gibi, yaln\u0131zca ek olarak ya daha y\u00fcksek kesme kenar\u0131 HRC60 sertle\u015ftirmeli varyant 1 olarak veya \u00e7\u0131plak sertle\u015ftirilmi\u015f, pulsuz varyant 2 olarak mevcuttur.<\/p>\n","protected":false},"excerpt":{"rendered":"<p>Duroflex<sup>&reg;<\/sup> gibi, yaln\u0131zca ek olarak ya daha y\u00fcksek kesme kenar\u0131 HRC60 sertle\u015ftirmeli varyant 1 olarak veya \u00e7\u0131plak sertle\u015ftirilmi\u015f, pulsuz varyant 2 olarak mevcuttur.<\/p>\n","protected":false},"featured_media":149873,"template":"","meta":{"_acf_changed":false},"product_cat":[7573],"product_tag":[],"class_list":{"0":"post-162163","1":"product","2":"type-product","3":"status-publish","4":"has-post-thumbnail","6":"product_group-kesmek-tr","7":"product_cat-duez-yatakli-kalip-kesme","8":"pa_ablaengung-1-mde","9":"pa_ablaengung-yuezuekte","10":"pa_hoehe-2346-mm-tr","11":"pa_hoehe-235-mm-tr","12":"pa_hoehe-238-mm-tr","13":"pa_hoehe-23-4-mm-tr","14":"pa_schliff-cift-tarafli","15":"pa_schliff-doert-kesim","16":"pa_schliff-tek-tarafli","17":"pa_staerke-breite-105-mm-tr","18":"pa_wicklung-durchmesser-acw-560-mm-tr","19":"pa_wicklung-durchmesser-cw-480-mm-tr","20":"pa_wicklung-durchmesser-cw-560-mm-tr","21":"pa_wicklung-durchmesser-yok","23":"first","24":"instock","25":"purchasable","26":"product-type-variable"},"acf":[],"yoast_head":"<!-- This site is optimized with the Yoast SEO plugin v22.6 - https:\/\/yoast.com\/wordpress\/plugins\/seo\/ -->\n<title>Duroflex&reg;-Plus - August Graef GNU<\/title>\n<meta name=\"description\" content=\"Duroflex&reg;-Plus: daha y\u00fcksek kesme kenar\u0131 HRC60 sertle\u015ftirmeli varyant 1 olarak veya \u00e7\u0131plak sertle\u015ftirilmi\u015f, pulsuz varyant 2 olarak da mevcuttur. Burada sorgulay\u0131n!\" \/>\n<meta name=\"robots\" content=\"index, follow, max-snippet:-1, max-image-preview:large, max-video-preview:-1\" \/>\n<link rel=\"canonical\" href=\"https:\/\/graef-gnu.com\/produkt\/duroflex-plus\/\" \/>\n<meta property=\"og:locale\" content=\"tr_TR\" \/>\n<meta property=\"og:type\" content=\"article\" \/>\n<meta property=\"og:title\" content=\"Duroflex&reg;-Plus - August Graef GNU\" \/>\n<meta property=\"og:description\" content=\"Duroflex&reg;-Plus: daha y\u00fcksek kesme kenar\u0131 HRC60 sertle\u015ftirmeli varyant 1 olarak veya \u00e7\u0131plak sertle\u015ftirilmi\u015f, pulsuz varyant 2 olarak da mevcuttur. Burada sorgulay\u0131n!\" \/>\n<meta property=\"og:url\" content=\"https:\/\/graef-gnu.com\/produkt\/duroflex-plus\/\" \/>\n<meta property=\"og:site_name\" content=\"August Graef GNU\" \/>\n<meta property=\"article:modified_time\" content=\"2021-10-06T14:08:48+00:00\" \/>\n<meta property=\"og:image\" content=\"https:\/\/graef-gnu.com\/wp-content\/uploads\/gnu-shop-duroflex-doppelseitig.jpg\" \/>\n\t<meta property=\"og:image:width\" content=\"890\" \/>\n\t<meta property=\"og:image:height\" content=\"300\" \/>\n\t<meta property=\"og:image:type\" content=\"image\/jpeg\" \/>\n<meta name=\"twitter:card\" content=\"summary_large_image\" \/>\n<script type=\"application\/ld+json\" class=\"yoast-schema-graph\">{\"@context\":\"https:\/\/schema.org\",\"@graph\":[{\"@type\":\"WebPage\",\"@id\":\"https:\/\/graef-gnu.com\/produkt\/duroflex-plus\/\",\"url\":\"https:\/\/graef-gnu.com\/produkt\/duroflex-plus\/\",\"name\":\"Duroflex&reg;-Plus - August Graef GNU\",\"isPartOf\":{\"@id\":\"https:\/\/graef-gnu.com\/#website\"},\"primaryImageOfPage\":{\"@id\":\"https:\/\/graef-gnu.com\/produkt\/duroflex-plus\/#primaryimage\"},\"image\":{\"@id\":\"https:\/\/graef-gnu.com\/produkt\/duroflex-plus\/#primaryimage\"},\"thumbnailUrl\":\"https:\/\/graef-gnu.com\/wp-content\/uploads\/gnu-shop-duroflex-doppelseitig.jpg\",\"datePublished\":\"2021-10-06T13:59:28+00:00\",\"dateModified\":\"2021-10-06T14:08:48+00:00\",\"description\":\"Duroflex&reg;-Plus: daha y\u00fcksek kesme kenar\u0131 HRC60 sertle\u015ftirmeli varyant 1 olarak veya \u00e7\u0131plak sertle\u015ftirilmi\u015f, pulsuz varyant 2 olarak da mevcuttur. Burada sorgulay\u0131n!\",\"breadcrumb\":{\"@id\":\"https:\/\/graef-gnu.com\/produkt\/duroflex-plus\/#breadcrumb\"},\"inLanguage\":\"tr\",\"potentialAction\":[{\"@type\":\"ReadAction\",\"target\":[\"https:\/\/graef-gnu.com\/produkt\/duroflex-plus\/\"]}]},{\"@type\":\"ImageObject\",\"inLanguage\":\"tr\",\"@id\":\"https:\/\/graef-gnu.com\/produkt\/duroflex-plus\/#primaryimage\",\"url\":\"https:\/\/graef-gnu.com\/wp-content\/uploads\/gnu-shop-duroflex-doppelseitig.jpg\",\"contentUrl\":\"https:\/\/graef-gnu.com\/wp-content\/uploads\/gnu-shop-duroflex-doppelseitig.jpg\",\"width\":890,\"height\":300},{\"@type\":\"BreadcrumbList\",\"@id\":\"https:\/\/graef-gnu.com\/produkt\/duroflex-plus\/#breadcrumb\",\"itemListElement\":[{\"@type\":\"ListItem\",\"position\":1,\"name\":\"Startseite\",\"item\":\"https:\/\/graef-gnu.com\/tr\/\"},{\"@type\":\"ListItem\",\"position\":2,\"name\":\"\u00dcr\u00fcne Genel Bak\u0131\u015f\",\"item\":\"https:\/\/graef-gnu.com\/tr\/ueruene-genel-bakis\/\"},{\"@type\":\"ListItem\",\"position\":3,\"name\":\"Duroflex&reg;-Plus\"}]},{\"@type\":\"WebSite\",\"@id\":\"https:\/\/graef-gnu.com\/#website\",\"url\":\"https:\/\/graef-gnu.com\/\",\"name\":\"August Graef GNU\",\"description\":\"\",\"potentialAction\":[{\"@type\":\"SearchAction\",\"target\":{\"@type\":\"EntryPoint\",\"urlTemplate\":\"https:\/\/graef-gnu.com\/?s={search_term_string}\"},\"query-input\":\"required name=search_term_string\"}],\"inLanguage\":\"tr\"}]}<\/script>\n<!-- \/ Yoast SEO plugin. -->","yoast_head_json":{"title":"Duroflex&reg;-Plus - August Graef GNU","description":"Duroflex&reg;-Plus: daha y\u00fcksek kesme kenar\u0131 HRC60 sertle\u015ftirmeli varyant 1 olarak veya \u00e7\u0131plak sertle\u015ftirilmi\u015f, pulsuz varyant 2 olarak da mevcuttur. Burada sorgulay\u0131n!","robots":{"index":"index","follow":"follow","max-snippet":"max-snippet:-1","max-image-preview":"max-image-preview:large","max-video-preview":"max-video-preview:-1"},"canonical":"https:\/\/graef-gnu.com\/produkt\/duroflex-plus\/","og_locale":"tr_TR","og_type":"article","og_title":"Duroflex&reg;-Plus - August Graef GNU","og_description":"Duroflex&reg;-Plus: daha y\u00fcksek kesme kenar\u0131 HRC60 sertle\u015ftirmeli varyant 1 olarak veya \u00e7\u0131plak sertle\u015ftirilmi\u015f, pulsuz varyant 2 olarak da mevcuttur. Burada sorgulay\u0131n!","og_url":"https:\/\/graef-gnu.com\/produkt\/duroflex-plus\/","og_site_name":"August Graef GNU","article_modified_time":"2021-10-06T14:08:48+00:00","og_image":[{"width":890,"height":300,"url":"https:\/\/graef-gnu.com\/wp-content\/uploads\/gnu-shop-duroflex-doppelseitig.jpg","type":"image\/jpeg"}],"twitter_card":"summary_large_image","schema":{"@context":"https:\/\/schema.org","@graph":[{"@type":"WebPage","@id":"https:\/\/graef-gnu.com\/produkt\/duroflex-plus\/","url":"https:\/\/graef-gnu.com\/produkt\/duroflex-plus\/","name":"Duroflex&reg;-Plus - August Graef GNU","isPartOf":{"@id":"https:\/\/graef-gnu.com\/#website"},"primaryImageOfPage":{"@id":"https:\/\/graef-gnu.com\/produkt\/duroflex-plus\/#primaryimage"},"image":{"@id":"https:\/\/graef-gnu.com\/produkt\/duroflex-plus\/#primaryimage"},"thumbnailUrl":"https:\/\/graef-gnu.com\/wp-content\/uploads\/gnu-shop-duroflex-doppelseitig.jpg","datePublished":"2021-10-06T13:59:28+00:00","dateModified":"2021-10-06T14:08:48+00:00","description":"Duroflex&reg;-Plus: daha y\u00fcksek kesme kenar\u0131 HRC60 sertle\u015ftirmeli varyant 1 olarak veya \u00e7\u0131plak sertle\u015ftirilmi\u015f, pulsuz varyant 2 olarak da mevcuttur. Burada sorgulay\u0131n!","breadcrumb":{"@id":"https:\/\/graef-gnu.com\/produkt\/duroflex-plus\/#breadcrumb"},"inLanguage":"tr","potentialAction":[{"@type":"ReadAction","target":["https:\/\/graef-gnu.com\/produkt\/duroflex-plus\/"]}]},{"@type":"ImageObject","inLanguage":"tr","@id":"https:\/\/graef-gnu.com\/produkt\/duroflex-plus\/#primaryimage","url":"https:\/\/graef-gnu.com\/wp-content\/uploads\/gnu-shop-duroflex-doppelseitig.jpg","contentUrl":"https:\/\/graef-gnu.com\/wp-content\/uploads\/gnu-shop-duroflex-doppelseitig.jpg","width":890,"height":300},{"@type":"BreadcrumbList","@id":"https:\/\/graef-gnu.com\/produkt\/duroflex-plus\/#breadcrumb","itemListElement":[{"@type":"ListItem","position":1,"name":"Startseite","item":"https:\/\/graef-gnu.com\/tr\/"},{"@type":"ListItem","position":2,"name":"\u00dcr\u00fcne Genel Bak\u0131\u015f","item":"https:\/\/graef-gnu.com\/tr\/ueruene-genel-bakis\/"},{"@type":"ListItem","position":3,"name":"Duroflex&reg;-Plus"}]},{"@type":"WebSite","@id":"https:\/\/graef-gnu.com\/#website","url":"https:\/\/graef-gnu.com\/","name":"August Graef GNU","description":"","potentialAction":[{"@type":"SearchAction","target":{"@type":"EntryPoint","urlTemplate":"https:\/\/graef-gnu.com\/?s={search_term_string}"},"query-input":"required name=search_term_string"}],"inLanguage":"tr"}]}},"_links":{"self":[{"href":"https:\/\/graef-gnu.com\/tr\/wp-json\/wp\/v2\/product\/162163","targetHints":{"allow":["GET"]}}],"collection":[{"href":"https:\/\/graef-gnu.com\/tr\/wp-json\/wp\/v2\/product"}],"about":[{"href":"https:\/\/graef-gnu.com\/tr\/wp-json\/wp\/v2\/types\/product"}],"wp:featuredmedia":[{"embeddable":true,"href":"https:\/\/graef-gnu.com\/tr\/wp-json\/wp\/v2\/media\/149873"}],"wp:attachment":[{"href":"https:\/\/graef-gnu.com\/tr\/wp-json\/wp\/v2\/media?parent=162163"}],"wp:term":[{"taxonomy":"product_cat","embeddable":true,"href":"https:\/\/graef-gnu.com\/tr\/wp-json\/wp\/v2\/product_cat?post=162163"},{"taxonomy":"product_tag","embeddable":true,"href":"https:\/\/graef-gnu.com\/tr\/wp-json\/wp\/v2\/product_tag?post=162163"}],"curies":[{"name":"wp","href":"https:\/\/api.w.org\/{rel}","templated":true}]}}