{"id":162312,"date":"2021-02-11T10:57:32","date_gmt":"2021-10-06T13:59:41","guid":{"rendered":"https:\/\/www.graef-gnu.com\/produkt\/duroflex-supercut\/"},"modified":"2021-10-06T16:01:20","modified_gmt":"2021-10-06T14:01:20","slug":"duroflex-supercut","status":"publish","type":"product","link":"https:\/\/graef-gnu.com\/tr\/produkt\/duroflex-supercut\/","title":{"rendered":"Duroflex<sup>&reg;<\/sup>-Supercut"},"content":{"rendered":"<p>Sertle\u015ftirilmi\u015f kesme kenar\u0131 ve tiftiksiz delme ve kendinden yap\u0131\u015fkanl\u0131 filmler i\u00e7in minimum y\u00fckseklik toleranslar\u0131na sahip mikro ince \u00f6\u011f\u00fctme \u00f6zelli\u011fine sahip art\u0131 olmayan ultra kesme hatt\u0131.<\/p>\n","protected":false},"excerpt":{"rendered":"<p>Tiftiksiz delme ve kendinden yap\u0131\u015fkanl\u0131 filmler i\u00e7in minimum y\u00fckseklik toleranslar\u0131na sahip sertle\u015ftirilmi\u015f kesme ve mikro ince \u00f6\u011f\u00fctme \u00f6zelli\u011fine sahip art\u0131 olmayan ultra kesme hatt\u0131.<\/p>\n","protected":false},"featured_media":149873,"template":"","meta":{"_acf_changed":false},"product_cat":[7573],"product_tag":[],"class_list":{"0":"post-162312","1":"product","2":"type-product","3":"status-publish","4":"has-post-thumbnail","6":"product_group-kesmek-tr","7":"product_cat-duez-yatakli-kalip-kesme","8":"pa_ablaengung-1-mde","9":"pa_ablaengung-yuezuekte","10":"pa_hoehe-12-mm-tr","11":"pa_hoehe-2256-mm-tr","12":"pa_hoehe-228-mm-tr","13":"pa_hoehe-231-mm-tr","14":"pa_hoehe-2312-mm-tr","15":"pa_hoehe-233-mm-tr","16":"pa_hoehe-2332-mm-tr","17":"pa_hoehe-235-mm-tr","18":"pa_hoehe-2356-mm-tr","19":"pa_hoehe-236-mm-tr","20":"pa_hoehe-2365-mm-tr","21":"pa_hoehe-237-mm-tr","22":"pa_hoehe-238-mm-tr","23":"pa_hoehe-23-4-mm-tr","24":"pa_hoehe-266-mm-tr","25":"pa_hoehe-30-mm-tr","26":"pa_hoehe-30-0-mm-tr","27":"pa_hoehe-32-mm-tr","28":"pa_hoehe-40-mm-tr","29":"pa_hoehe-50-mm-tr","30":"pa_hoehe-60-mm-tr","31":"pa_hoehe-7-mm-tr","32":"pa_hoehe-8-mm-tr","33":"pa_schliff-bir-kullanilmis-pah","34":"pa_schliff-cift-tarafli","35":"pa_schliff-doert-kesim","36":"pa_schliff-tek-tarafli","37":"pa_staerke-breite-04-mm-tr","38":"pa_staerke-breite-045-mm-tr","39":"pa_staerke-breite-05-mm-tr","40":"pa_staerke-breite-07-mm-tr","41":"pa_staerke-breite-105-mm-tr","42":"pa_wicklung-durchmesser-aci-480-mm","43":"pa_wicklung-durchmesser-acw-560-mm-tr","44":"pa_wicklung-durchmesser-cw-480-mm-tr","45":"pa_wicklung-durchmesser-cw-560-mm-tr","46":"pa_wicklung-durchmesser-yok","48":"first","49":"instock","50":"purchasable","51":"product-type-variable"},"acf":[],"yoast_head":"<!-- This site is optimized with the Yoast SEO plugin v22.6 - https:\/\/yoast.com\/wordpress\/plugins\/seo\/ -->\n<title>Duroflex&reg;-Supercut - August Graef GNU<\/title>\n<meta name=\"description\" content=\"Sertle\u015ftirilmi\u015f keskin u\u00e7lu ve tiftiksiz delme ve kendinden yap\u0131\u015fkanl\u0131 filmler i\u00e7in minimum y\u00fckseklik toleransl\u0131 mikro ince \u00f6\u011f\u00fctme \u00f6zelli\u011fine sahip art\u0131 olmayan ultra kesme hatt\u0131 - buradan bilgi al\u0131n!\" \/>\n<meta name=\"robots\" content=\"index, follow, max-snippet:-1, max-image-preview:large, max-video-preview:-1\" \/>\n<link rel=\"canonical\" href=\"https:\/\/graef-gnu.com\/produkt\/duroflex-supercut\/\" \/>\n<meta property=\"og:locale\" content=\"tr_TR\" \/>\n<meta property=\"og:type\" content=\"article\" \/>\n<meta property=\"og:title\" content=\"Duroflex&reg;-Supercut - August Graef GNU\" \/>\n<meta property=\"og:description\" content=\"Sertle\u015ftirilmi\u015f keskin u\u00e7lu ve tiftiksiz delme ve kendinden yap\u0131\u015fkanl\u0131 filmler i\u00e7in minimum y\u00fckseklik toleransl\u0131 mikro ince \u00f6\u011f\u00fctme \u00f6zelli\u011fine sahip art\u0131 olmayan ultra kesme hatt\u0131 - buradan bilgi al\u0131n!\" \/>\n<meta property=\"og:url\" content=\"https:\/\/graef-gnu.com\/produkt\/duroflex-supercut\/\" \/>\n<meta property=\"og:site_name\" content=\"August Graef GNU\" \/>\n<meta property=\"article:modified_time\" content=\"2021-10-06T14:01:20+00:00\" \/>\n<meta property=\"og:image\" content=\"https:\/\/graef-gnu.com\/wp-content\/uploads\/gnu-shop-duroflex-doppelseitig.jpg\" \/>\n\t<meta property=\"og:image:width\" content=\"890\" \/>\n\t<meta property=\"og:image:height\" content=\"300\" \/>\n\t<meta property=\"og:image:type\" content=\"image\/jpeg\" \/>\n<meta name=\"twitter:card\" content=\"summary_large_image\" \/>\n<script type=\"application\/ld+json\" class=\"yoast-schema-graph\">{\"@context\":\"https:\/\/schema.org\",\"@graph\":[{\"@type\":\"WebPage\",\"@id\":\"https:\/\/graef-gnu.com\/produkt\/duroflex-supercut\/\",\"url\":\"https:\/\/graef-gnu.com\/produkt\/duroflex-supercut\/\",\"name\":\"Duroflex&reg;-Supercut - August Graef GNU\",\"isPartOf\":{\"@id\":\"https:\/\/graef-gnu.com\/#website\"},\"primaryImageOfPage\":{\"@id\":\"https:\/\/graef-gnu.com\/produkt\/duroflex-supercut\/#primaryimage\"},\"image\":{\"@id\":\"https:\/\/graef-gnu.com\/produkt\/duroflex-supercut\/#primaryimage\"},\"thumbnailUrl\":\"https:\/\/graef-gnu.com\/wp-content\/uploads\/gnu-shop-duroflex-doppelseitig.jpg\",\"datePublished\":\"2021-10-06T13:59:41+00:00\",\"dateModified\":\"2021-10-06T14:01:20+00:00\",\"description\":\"Sertle\u015ftirilmi\u015f keskin u\u00e7lu ve tiftiksiz delme ve kendinden yap\u0131\u015fkanl\u0131 filmler i\u00e7in minimum y\u00fckseklik toleransl\u0131 mikro ince \u00f6\u011f\u00fctme \u00f6zelli\u011fine sahip art\u0131 olmayan ultra kesme hatt\u0131 - buradan bilgi al\u0131n!\",\"breadcrumb\":{\"@id\":\"https:\/\/graef-gnu.com\/produkt\/duroflex-supercut\/#breadcrumb\"},\"inLanguage\":\"tr\",\"potentialAction\":[{\"@type\":\"ReadAction\",\"target\":[\"https:\/\/graef-gnu.com\/produkt\/duroflex-supercut\/\"]}]},{\"@type\":\"ImageObject\",\"inLanguage\":\"tr\",\"@id\":\"https:\/\/graef-gnu.com\/produkt\/duroflex-supercut\/#primaryimage\",\"url\":\"https:\/\/graef-gnu.com\/wp-content\/uploads\/gnu-shop-duroflex-doppelseitig.jpg\",\"contentUrl\":\"https:\/\/graef-gnu.com\/wp-content\/uploads\/gnu-shop-duroflex-doppelseitig.jpg\",\"width\":890,\"height\":300},{\"@type\":\"BreadcrumbList\",\"@id\":\"https:\/\/graef-gnu.com\/produkt\/duroflex-supercut\/#breadcrumb\",\"itemListElement\":[{\"@type\":\"ListItem\",\"position\":1,\"name\":\"Startseite\",\"item\":\"https:\/\/graef-gnu.com\/tr\/\"},{\"@type\":\"ListItem\",\"position\":2,\"name\":\"\u00dcr\u00fcne Genel Bak\u0131\u015f\",\"item\":\"https:\/\/graef-gnu.com\/tr\/ueruene-genel-bakis\/\"},{\"@type\":\"ListItem\",\"position\":3,\"name\":\"Duroflex&reg;-Supercut\"}]},{\"@type\":\"WebSite\",\"@id\":\"https:\/\/graef-gnu.com\/#website\",\"url\":\"https:\/\/graef-gnu.com\/\",\"name\":\"August Graef GNU\",\"description\":\"\",\"potentialAction\":[{\"@type\":\"SearchAction\",\"target\":{\"@type\":\"EntryPoint\",\"urlTemplate\":\"https:\/\/graef-gnu.com\/?s={search_term_string}\"},\"query-input\":\"required name=search_term_string\"}],\"inLanguage\":\"tr\"}]}<\/script>\n<!-- \/ Yoast SEO plugin. -->","yoast_head_json":{"title":"Duroflex&reg;-Supercut - August Graef GNU","description":"Sertle\u015ftirilmi\u015f keskin u\u00e7lu ve tiftiksiz delme ve kendinden yap\u0131\u015fkanl\u0131 filmler i\u00e7in minimum y\u00fckseklik toleransl\u0131 mikro ince \u00f6\u011f\u00fctme \u00f6zelli\u011fine sahip art\u0131 olmayan ultra kesme hatt\u0131 - buradan bilgi al\u0131n!","robots":{"index":"index","follow":"follow","max-snippet":"max-snippet:-1","max-image-preview":"max-image-preview:large","max-video-preview":"max-video-preview:-1"},"canonical":"https:\/\/graef-gnu.com\/produkt\/duroflex-supercut\/","og_locale":"tr_TR","og_type":"article","og_title":"Duroflex&reg;-Supercut - August Graef GNU","og_description":"Sertle\u015ftirilmi\u015f keskin u\u00e7lu ve tiftiksiz delme ve kendinden yap\u0131\u015fkanl\u0131 filmler i\u00e7in minimum y\u00fckseklik toleransl\u0131 mikro ince \u00f6\u011f\u00fctme \u00f6zelli\u011fine sahip art\u0131 olmayan ultra kesme hatt\u0131 - buradan bilgi al\u0131n!","og_url":"https:\/\/graef-gnu.com\/produkt\/duroflex-supercut\/","og_site_name":"August Graef GNU","article_modified_time":"2021-10-06T14:01:20+00:00","og_image":[{"width":890,"height":300,"url":"https:\/\/graef-gnu.com\/wp-content\/uploads\/gnu-shop-duroflex-doppelseitig.jpg","type":"image\/jpeg"}],"twitter_card":"summary_large_image","schema":{"@context":"https:\/\/schema.org","@graph":[{"@type":"WebPage","@id":"https:\/\/graef-gnu.com\/produkt\/duroflex-supercut\/","url":"https:\/\/graef-gnu.com\/produkt\/duroflex-supercut\/","name":"Duroflex&reg;-Supercut - August Graef GNU","isPartOf":{"@id":"https:\/\/graef-gnu.com\/#website"},"primaryImageOfPage":{"@id":"https:\/\/graef-gnu.com\/produkt\/duroflex-supercut\/#primaryimage"},"image":{"@id":"https:\/\/graef-gnu.com\/produkt\/duroflex-supercut\/#primaryimage"},"thumbnailUrl":"https:\/\/graef-gnu.com\/wp-content\/uploads\/gnu-shop-duroflex-doppelseitig.jpg","datePublished":"2021-10-06T13:59:41+00:00","dateModified":"2021-10-06T14:01:20+00:00","description":"Sertle\u015ftirilmi\u015f keskin u\u00e7lu ve tiftiksiz delme ve kendinden yap\u0131\u015fkanl\u0131 filmler i\u00e7in minimum y\u00fckseklik toleransl\u0131 mikro ince \u00f6\u011f\u00fctme \u00f6zelli\u011fine sahip art\u0131 olmayan ultra kesme hatt\u0131 - buradan bilgi al\u0131n!","breadcrumb":{"@id":"https:\/\/graef-gnu.com\/produkt\/duroflex-supercut\/#breadcrumb"},"inLanguage":"tr","potentialAction":[{"@type":"ReadAction","target":["https:\/\/graef-gnu.com\/produkt\/duroflex-supercut\/"]}]},{"@type":"ImageObject","inLanguage":"tr","@id":"https:\/\/graef-gnu.com\/produkt\/duroflex-supercut\/#primaryimage","url":"https:\/\/graef-gnu.com\/wp-content\/uploads\/gnu-shop-duroflex-doppelseitig.jpg","contentUrl":"https:\/\/graef-gnu.com\/wp-content\/uploads\/gnu-shop-duroflex-doppelseitig.jpg","width":890,"height":300},{"@type":"BreadcrumbList","@id":"https:\/\/graef-gnu.com\/produkt\/duroflex-supercut\/#breadcrumb","itemListElement":[{"@type":"ListItem","position":1,"name":"Startseite","item":"https:\/\/graef-gnu.com\/tr\/"},{"@type":"ListItem","position":2,"name":"\u00dcr\u00fcne Genel Bak\u0131\u015f","item":"https:\/\/graef-gnu.com\/tr\/ueruene-genel-bakis\/"},{"@type":"ListItem","position":3,"name":"Duroflex&reg;-Supercut"}]},{"@type":"WebSite","@id":"https:\/\/graef-gnu.com\/#website","url":"https:\/\/graef-gnu.com\/","name":"August Graef GNU","description":"","potentialAction":[{"@type":"SearchAction","target":{"@type":"EntryPoint","urlTemplate":"https:\/\/graef-gnu.com\/?s={search_term_string}"},"query-input":"required name=search_term_string"}],"inLanguage":"tr"}]}},"_links":{"self":[{"href":"https:\/\/graef-gnu.com\/tr\/wp-json\/wp\/v2\/product\/162312","targetHints":{"allow":["GET"]}}],"collection":[{"href":"https:\/\/graef-gnu.com\/tr\/wp-json\/wp\/v2\/product"}],"about":[{"href":"https:\/\/graef-gnu.com\/tr\/wp-json\/wp\/v2\/types\/product"}],"wp:featuredmedia":[{"embeddable":true,"href":"https:\/\/graef-gnu.com\/tr\/wp-json\/wp\/v2\/media\/149873"}],"wp:attachment":[{"href":"https:\/\/graef-gnu.com\/tr\/wp-json\/wp\/v2\/media?parent=162312"}],"wp:term":[{"taxonomy":"product_cat","embeddable":true,"href":"https:\/\/graef-gnu.com\/tr\/wp-json\/wp\/v2\/product_cat?post=162312"},{"taxonomy":"product_tag","embeddable":true,"href":"https:\/\/graef-gnu.com\/tr\/wp-json\/wp\/v2\/product_tag?post=162312"}],"curies":[{"name":"wp","href":"https:\/\/api.w.org\/{rel}","templated":true}]}}