{"id":163281,"date":"2021-02-11T10:58:15","date_gmt":"2021-10-06T14:01:30","guid":{"rendered":"https:\/\/www.graef-gnu.com\/produkt\/creasetec-mikro\/"},"modified":"2021-10-06T16:02:37","modified_gmt":"2021-10-06T14:02:37","slug":"creasetec-micro","status":"publish","type":"product","link":"https:\/\/graef-gnu.com\/tr\/produkt\/creasetec-micro\/","title":{"rendered":"Creasetec<sup>&reg;<\/sup>-Mikro"},"content":{"rendered":"<p>Creasetec<sup>&reg;<\/sup>-Micro, z\u0131mbalanacak malzemeye a\u00e7\u0131lmas\u0131 i\u00e7in daha fazla alan sa\u011flayan ve \u00fcst katman\u0131n k\u0131r\u0131lmas\u0131n\u0131 \u00f6nleyen delikli bir katlama hatt\u0131d\u0131r. Klas\u00f6r yap\u0131\u015ft\u0131r\u0131c\u0131s\u0131nda i\u015flemek i\u00e7in idealdir.<\/p>\n","protected":false},"excerpt":{"rendered":"<p>Creasetec<sup>&reg;<\/sup>-Micro, z\u0131mbalanacak malzemeye a\u00e7\u0131lmas\u0131 i\u00e7in daha fazla alan sa\u011flayan ve \u00fcst katman\u0131n k\u0131r\u0131lmas\u0131n\u0131 \u00f6nleyen delikli bir katlama hatt\u0131d\u0131r. Klas\u00f6r yap\u0131\u015ft\u0131r\u0131c\u0131s\u0131nda i\u015flemek i\u00e7in idealdir.<\/p>\n","protected":false},"featured_media":148048,"template":"","meta":{"_acf_changed":false},"product_cat":[7573],"product_tag":[],"class_list":{"0":"post-163281","1":"product","2":"type-product","3":"status-publish","4":"has-post-thumbnail","6":"product_group-oluklar","7":"product_cat-duez-yatakli-kalip-kesme","8":"pa_ablaengung-1-mde","9":"pa_ablaengung-yuezuekte","10":"pa_hoehe-210-mm-tr","11":"pa_hoehe-211-mm-tr","12":"pa_hoehe-212-mm-tr","13":"pa_hoehe-213-mm-tr","14":"pa_hoehe-214-mm-tr","15":"pa_hoehe-215-mm-tr","16":"pa_hoehe-216-mm-tr","17":"pa_hoehe-217-mm-tr","18":"pa_hoehe-218-mm-tr","19":"pa_hoehe-219-mm-tr","20":"pa_hoehe-220-mm-tr","21":"pa_hoehe-221-mm-tr","22":"pa_hoehe-222-mm-tr","23":"pa_hoehe-223-mm-tr","24":"pa_hoehe-224-mm-tr","25":"pa_hoehe-226-mm-tr","26":"pa_hoehe-227-mm-tr","27":"pa_hoehe-228-mm-tr","28":"pa_hoehe-229-mm-tr","29":"pa_hoehe-230-mm-tr","30":"pa_hoehe-231-mm-tr","31":"pa_hoehe-232-mm-tr","32":"pa_hoehe-233-mm-tr","33":"pa_hoehe-235-mm-tr","34":"pa_hoehe-236-mm-tr","35":"pa_hoehe-237-mm-tr","36":"pa_hoehe-238-mm-tr","37":"pa_hoehe-239-mm-tr","38":"pa_hoehe-23-4-mm-tr","39":"pa_hoehe-240-mm-tr","40":"pa_hoehe-254-mm-tr","41":"pa_staerke-breite-105-mm-tr","42":"pa_staerke-breite-142-mm-tr","43":"pa_wicklung-durchmesser-acw-560-mm-tr","44":"pa_wicklung-durchmesser-cw-560-mm-tr","45":"pa_wicklung-durchmesser-yok","47":"first","48":"instock","49":"purchasable","50":"product-type-variable"},"acf":[],"yoast_head":"<!-- This site is optimized with the Yoast SEO plugin v22.6 - https:\/\/yoast.com\/wordpress\/plugins\/seo\/ -->\n<title>Creasetec&reg;-Mikro - August Graef GNU<\/title>\n<meta name=\"description\" content=\"Creasetec&reg;-Micro: Delinecek malzemeye a\u00e7\u0131lmak i\u00e7in daha fazla alan sa\u011flayan ve \u00fcst katman\u0131n k\u0131r\u0131lmas\u0131n\u0131 \u00f6nleyen delikli katlama hatt\u0131 - buradan bilgi al\u0131n!\" \/>\n<meta name=\"robots\" content=\"index, follow, max-snippet:-1, max-image-preview:large, max-video-preview:-1\" \/>\n<link rel=\"canonical\" href=\"https:\/\/graef-gnu.com\/produkt\/creasetec-micro\/\" \/>\n<meta property=\"og:locale\" content=\"tr_TR\" \/>\n<meta property=\"og:type\" content=\"article\" \/>\n<meta property=\"og:title\" content=\"Creasetec&reg;-Mikro - August Graef GNU\" \/>\n<meta property=\"og:description\" content=\"Creasetec&reg;-Micro: Delinecek malzemeye a\u00e7\u0131lmak i\u00e7in daha fazla alan sa\u011flayan ve \u00fcst katman\u0131n k\u0131r\u0131lmas\u0131n\u0131 \u00f6nleyen delikli katlama hatt\u0131 - buradan bilgi al\u0131n!\" \/>\n<meta property=\"og:url\" content=\"https:\/\/graef-gnu.com\/produkt\/creasetec-micro\/\" \/>\n<meta property=\"og:site_name\" content=\"August Graef GNU\" \/>\n<meta property=\"article:modified_time\" content=\"2021-10-06T14:02:37+00:00\" \/>\n<meta property=\"og:image\" content=\"https:\/\/graef-gnu.com\/wp-content\/uploads\/gnu-creastec-micro.png\" \/>\n\t<meta property=\"og:image:width\" content=\"890\" \/>\n\t<meta property=\"og:image:height\" content=\"300\" \/>\n\t<meta property=\"og:image:type\" content=\"image\/png\" \/>\n<meta name=\"twitter:card\" content=\"summary_large_image\" \/>\n<script type=\"application\/ld+json\" class=\"yoast-schema-graph\">{\"@context\":\"https:\/\/schema.org\",\"@graph\":[{\"@type\":\"WebPage\",\"@id\":\"https:\/\/graef-gnu.com\/produkt\/creasetec-micro\/\",\"url\":\"https:\/\/graef-gnu.com\/produkt\/creasetec-micro\/\",\"name\":\"Creasetec&reg;-Mikro - August Graef GNU\",\"isPartOf\":{\"@id\":\"https:\/\/graef-gnu.com\/#website\"},\"primaryImageOfPage\":{\"@id\":\"https:\/\/graef-gnu.com\/produkt\/creasetec-micro\/#primaryimage\"},\"image\":{\"@id\":\"https:\/\/graef-gnu.com\/produkt\/creasetec-micro\/#primaryimage\"},\"thumbnailUrl\":\"https:\/\/graef-gnu.com\/wp-content\/uploads\/gnu-creastec-micro.png\",\"datePublished\":\"2021-10-06T14:01:30+00:00\",\"dateModified\":\"2021-10-06T14:02:37+00:00\",\"description\":\"Creasetec&reg;-Micro: Delinecek malzemeye a\u00e7\u0131lmak i\u00e7in daha fazla alan sa\u011flayan ve \u00fcst katman\u0131n k\u0131r\u0131lmas\u0131n\u0131 \u00f6nleyen delikli katlama hatt\u0131 - buradan bilgi al\u0131n!\",\"breadcrumb\":{\"@id\":\"https:\/\/graef-gnu.com\/produkt\/creasetec-micro\/#breadcrumb\"},\"inLanguage\":\"tr\",\"potentialAction\":[{\"@type\":\"ReadAction\",\"target\":[\"https:\/\/graef-gnu.com\/produkt\/creasetec-micro\/\"]}]},{\"@type\":\"ImageObject\",\"inLanguage\":\"tr\",\"@id\":\"https:\/\/graef-gnu.com\/produkt\/creasetec-micro\/#primaryimage\",\"url\":\"https:\/\/graef-gnu.com\/wp-content\/uploads\/gnu-creastec-micro.png\",\"contentUrl\":\"https:\/\/graef-gnu.com\/wp-content\/uploads\/gnu-creastec-micro.png\",\"width\":890,\"height\":300},{\"@type\":\"BreadcrumbList\",\"@id\":\"https:\/\/graef-gnu.com\/produkt\/creasetec-micro\/#breadcrumb\",\"itemListElement\":[{\"@type\":\"ListItem\",\"position\":1,\"name\":\"Startseite\",\"item\":\"https:\/\/graef-gnu.com\/tr\/\"},{\"@type\":\"ListItem\",\"position\":2,\"name\":\"\u00dcr\u00fcne Genel Bak\u0131\u015f\",\"item\":\"https:\/\/graef-gnu.com\/tr\/ueruene-genel-bakis\/\"},{\"@type\":\"ListItem\",\"position\":3,\"name\":\"Creasetec&reg;-Mikro\"}]},{\"@type\":\"WebSite\",\"@id\":\"https:\/\/graef-gnu.com\/#website\",\"url\":\"https:\/\/graef-gnu.com\/\",\"name\":\"August Graef GNU\",\"description\":\"\",\"potentialAction\":[{\"@type\":\"SearchAction\",\"target\":{\"@type\":\"EntryPoint\",\"urlTemplate\":\"https:\/\/graef-gnu.com\/?s={search_term_string}\"},\"query-input\":\"required name=search_term_string\"}],\"inLanguage\":\"tr\"}]}<\/script>\n<!-- \/ Yoast SEO plugin. -->","yoast_head_json":{"title":"Creasetec&reg;-Mikro - August Graef GNU","description":"Creasetec&reg;-Micro: Delinecek malzemeye a\u00e7\u0131lmak i\u00e7in daha fazla alan sa\u011flayan ve \u00fcst katman\u0131n k\u0131r\u0131lmas\u0131n\u0131 \u00f6nleyen delikli katlama hatt\u0131 - buradan bilgi al\u0131n!","robots":{"index":"index","follow":"follow","max-snippet":"max-snippet:-1","max-image-preview":"max-image-preview:large","max-video-preview":"max-video-preview:-1"},"canonical":"https:\/\/graef-gnu.com\/produkt\/creasetec-micro\/","og_locale":"tr_TR","og_type":"article","og_title":"Creasetec&reg;-Mikro - August Graef GNU","og_description":"Creasetec&reg;-Micro: Delinecek malzemeye a\u00e7\u0131lmak i\u00e7in daha fazla alan sa\u011flayan ve \u00fcst katman\u0131n k\u0131r\u0131lmas\u0131n\u0131 \u00f6nleyen delikli katlama hatt\u0131 - buradan bilgi al\u0131n!","og_url":"https:\/\/graef-gnu.com\/produkt\/creasetec-micro\/","og_site_name":"August Graef GNU","article_modified_time":"2021-10-06T14:02:37+00:00","og_image":[{"width":890,"height":300,"url":"https:\/\/graef-gnu.com\/wp-content\/uploads\/gnu-creastec-micro.png","type":"image\/png"}],"twitter_card":"summary_large_image","schema":{"@context":"https:\/\/schema.org","@graph":[{"@type":"WebPage","@id":"https:\/\/graef-gnu.com\/produkt\/creasetec-micro\/","url":"https:\/\/graef-gnu.com\/produkt\/creasetec-micro\/","name":"Creasetec&reg;-Mikro - August Graef GNU","isPartOf":{"@id":"https:\/\/graef-gnu.com\/#website"},"primaryImageOfPage":{"@id":"https:\/\/graef-gnu.com\/produkt\/creasetec-micro\/#primaryimage"},"image":{"@id":"https:\/\/graef-gnu.com\/produkt\/creasetec-micro\/#primaryimage"},"thumbnailUrl":"https:\/\/graef-gnu.com\/wp-content\/uploads\/gnu-creastec-micro.png","datePublished":"2021-10-06T14:01:30+00:00","dateModified":"2021-10-06T14:02:37+00:00","description":"Creasetec&reg;-Micro: Delinecek malzemeye a\u00e7\u0131lmak i\u00e7in daha fazla alan sa\u011flayan ve \u00fcst katman\u0131n k\u0131r\u0131lmas\u0131n\u0131 \u00f6nleyen delikli katlama hatt\u0131 - buradan bilgi al\u0131n!","breadcrumb":{"@id":"https:\/\/graef-gnu.com\/produkt\/creasetec-micro\/#breadcrumb"},"inLanguage":"tr","potentialAction":[{"@type":"ReadAction","target":["https:\/\/graef-gnu.com\/produkt\/creasetec-micro\/"]}]},{"@type":"ImageObject","inLanguage":"tr","@id":"https:\/\/graef-gnu.com\/produkt\/creasetec-micro\/#primaryimage","url":"https:\/\/graef-gnu.com\/wp-content\/uploads\/gnu-creastec-micro.png","contentUrl":"https:\/\/graef-gnu.com\/wp-content\/uploads\/gnu-creastec-micro.png","width":890,"height":300},{"@type":"BreadcrumbList","@id":"https:\/\/graef-gnu.com\/produkt\/creasetec-micro\/#breadcrumb","itemListElement":[{"@type":"ListItem","position":1,"name":"Startseite","item":"https:\/\/graef-gnu.com\/tr\/"},{"@type":"ListItem","position":2,"name":"\u00dcr\u00fcne Genel Bak\u0131\u015f","item":"https:\/\/graef-gnu.com\/tr\/ueruene-genel-bakis\/"},{"@type":"ListItem","position":3,"name":"Creasetec&reg;-Mikro"}]},{"@type":"WebSite","@id":"https:\/\/graef-gnu.com\/#website","url":"https:\/\/graef-gnu.com\/","name":"August Graef GNU","description":"","potentialAction":[{"@type":"SearchAction","target":{"@type":"EntryPoint","urlTemplate":"https:\/\/graef-gnu.com\/?s={search_term_string}"},"query-input":"required name=search_term_string"}],"inLanguage":"tr"}]}},"_links":{"self":[{"href":"https:\/\/graef-gnu.com\/tr\/wp-json\/wp\/v2\/product\/163281","targetHints":{"allow":["GET"]}}],"collection":[{"href":"https:\/\/graef-gnu.com\/tr\/wp-json\/wp\/v2\/product"}],"about":[{"href":"https:\/\/graef-gnu.com\/tr\/wp-json\/wp\/v2\/types\/product"}],"wp:featuredmedia":[{"embeddable":true,"href":"https:\/\/graef-gnu.com\/tr\/wp-json\/wp\/v2\/media\/148048"}],"wp:attachment":[{"href":"https:\/\/graef-gnu.com\/tr\/wp-json\/wp\/v2\/media?parent=163281"}],"wp:term":[{"taxonomy":"product_cat","embeddable":true,"href":"https:\/\/graef-gnu.com\/tr\/wp-json\/wp\/v2\/product_cat?post=163281"},{"taxonomy":"product_tag","embeddable":true,"href":"https:\/\/graef-gnu.com\/tr\/wp-json\/wp\/v2\/product_tag?post=163281"}],"curies":[{"name":"wp","href":"https:\/\/api.w.org\/{rel}","templated":true}]}}