{"id":165362,"date":"2021-03-18T16:04:42","date_gmt":"2021-10-06T14:03:59","guid":{"rendered":"https:\/\/www.graef-gnu.com\/produkt\/duroflex-supercut-hardcoat\/"},"modified":"2021-10-06T16:04:58","modified_gmt":"2021-10-06T14:04:58","slug":"duroflex-supercut-hardcoat","status":"publish","type":"product","link":"https:\/\/graef-gnu.com\/tr\/produkt\/duroflex-supercut-hardcoat\/","title":{"rendered":"Duroflex<sup>&reg;<\/sup>-Supercut-Hardcoat"},"content":{"rendered":"<p>Tiftiksiz z\u0131mbalama ve kendinden yap\u0131\u015fkanl\u0131 filmler i\u00e7in minimum y\u00fckseklik toleranslar\u0131na sahip mikro ince \u00f6\u011f\u00fctme \u00f6zelli\u011fine sahip TiN kapl\u0131, sertle\u015ftirilmi\u015f kesme hatt\u0131. Titanyum nitr\u00fcr kaplama, daha yava\u015f delme a\u015f\u0131nmas\u0131 sa\u011flar ve \u00f6zellikle uzun \u00e7al\u0131\u015fmalar i\u00e7in idealdir. B. Fast food, ila\u00e7 veya t\u00fct\u00fcn paketleme.<\/p>\n","protected":false},"excerpt":{"rendered":"<p>Tiftiksiz z\u0131mbalama ve kendinden yap\u0131\u015fkanl\u0131 filmler i\u00e7in minimum y\u00fckseklik toleranslar\u0131na sahip mikro ince \u00f6\u011f\u00fctme \u00f6zelli\u011fine sahip TiN kapl\u0131, sertle\u015ftirilmi\u015f kesme hatt\u0131.<\/p>\n","protected":false},"featured_media":150595,"template":"","meta":{"_acf_changed":false},"product_cat":[7573,7587],"product_tag":[],"class_list":{"0":"post-165362","1":"product","2":"type-product","3":"status-publish","4":"has-post-thumbnail","6":"product_group-kesmek-tr","7":"product_cat-duez-yatakli-kalip-kesme","8":"product_cat-duez-yatakli-delme","9":"pa_ablaengung-yuezuekte","10":"pa_hoehe-12-mm-tr","11":"pa_hoehe-238-mm-tr","12":"pa_hoehe-80-mm-tr-2","13":"pa_schneidenwinkel-42-tr","14":"pa_schneidenwinkel-52-tr","15":"pa_staerke-breite-05-mm-tr","16":"pa_staerke-breite-07-mm-tr","17":"pa_wicklung-durchmesser-aci-480-mm","18":"pa_wicklung-durchmesser-acw-560-mm-tr","19":"pa_wicklung-durchmesser-cw-480-mm-tr","20":"pa_wicklung-durchmesser-cw-560-mm-tr","22":"first","23":"instock","24":"purchasable","25":"product-type-variable"},"acf":[],"yoast_head":"<!-- This site is optimized with the Yoast SEO plugin v22.6 - https:\/\/yoast.com\/wordpress\/plugins\/seo\/ -->\n<title>Duroflex&reg;-Supercut-Hardcoat - August Graef GNU<\/title>\n<meta name=\"description\" content=\"Tiftiksiz z\u0131mbalama ve kendinden yap\u0131\u015fkanl\u0131 filmler i\u00e7in minimum y\u00fckseklik toleranslar\u0131na sahip mikro ince \u00f6\u011f\u00fctme \u00f6zelli\u011fine sahip TiN kapl\u0131, sertle\u015ftirilmi\u015f kesme hatt\u0131. Buradan bilgi al\u0131n!\" \/>\n<meta name=\"robots\" content=\"index, follow, max-snippet:-1, max-image-preview:large, max-video-preview:-1\" \/>\n<link rel=\"canonical\" href=\"https:\/\/graef-gnu.com\/produkt\/duroflex-supercut-hardcoat\/\" \/>\n<meta property=\"og:locale\" content=\"tr_TR\" \/>\n<meta property=\"og:type\" content=\"article\" \/>\n<meta property=\"og:title\" content=\"Duroflex&reg;-Supercut-Hardcoat - August Graef GNU\" \/>\n<meta property=\"og:description\" content=\"Tiftiksiz z\u0131mbalama ve kendinden yap\u0131\u015fkanl\u0131 filmler i\u00e7in minimum y\u00fckseklik toleranslar\u0131na sahip mikro ince \u00f6\u011f\u00fctme \u00f6zelli\u011fine sahip TiN kapl\u0131, sertle\u015ftirilmi\u015f kesme hatt\u0131. Buradan bilgi al\u0131n!\" \/>\n<meta property=\"og:url\" content=\"https:\/\/graef-gnu.com\/produkt\/duroflex-supercut-hardcoat\/\" \/>\n<meta property=\"og:site_name\" content=\"August Graef GNU\" \/>\n<meta property=\"article:modified_time\" content=\"2021-10-06T14:04:58+00:00\" \/>\n<meta property=\"og:image\" content=\"https:\/\/graef-gnu.com\/wp-content\/uploads\/gnu_duroflex-supercut-hardcoat.jpg\" \/>\n\t<meta property=\"og:image:width\" content=\"890\" \/>\n\t<meta property=\"og:image:height\" content=\"300\" \/>\n\t<meta property=\"og:image:type\" content=\"image\/jpeg\" \/>\n<meta name=\"twitter:card\" content=\"summary_large_image\" \/>\n<script type=\"application\/ld+json\" class=\"yoast-schema-graph\">{\"@context\":\"https:\/\/schema.org\",\"@graph\":[{\"@type\":\"WebPage\",\"@id\":\"https:\/\/graef-gnu.com\/produkt\/duroflex-supercut-hardcoat\/\",\"url\":\"https:\/\/graef-gnu.com\/produkt\/duroflex-supercut-hardcoat\/\",\"name\":\"Duroflex&reg;-Supercut-Hardcoat - August Graef GNU\",\"isPartOf\":{\"@id\":\"https:\/\/graef-gnu.com\/#website\"},\"primaryImageOfPage\":{\"@id\":\"https:\/\/graef-gnu.com\/produkt\/duroflex-supercut-hardcoat\/#primaryimage\"},\"image\":{\"@id\":\"https:\/\/graef-gnu.com\/produkt\/duroflex-supercut-hardcoat\/#primaryimage\"},\"thumbnailUrl\":\"https:\/\/graef-gnu.com\/wp-content\/uploads\/gnu_duroflex-supercut-hardcoat.jpg\",\"datePublished\":\"2021-10-06T14:03:59+00:00\",\"dateModified\":\"2021-10-06T14:04:58+00:00\",\"description\":\"Tiftiksiz z\u0131mbalama ve kendinden yap\u0131\u015fkanl\u0131 filmler i\u00e7in minimum y\u00fckseklik toleranslar\u0131na sahip mikro ince \u00f6\u011f\u00fctme \u00f6zelli\u011fine sahip TiN kapl\u0131, sertle\u015ftirilmi\u015f kesme hatt\u0131. Buradan bilgi al\u0131n!\",\"breadcrumb\":{\"@id\":\"https:\/\/graef-gnu.com\/produkt\/duroflex-supercut-hardcoat\/#breadcrumb\"},\"inLanguage\":\"tr\",\"potentialAction\":[{\"@type\":\"ReadAction\",\"target\":[\"https:\/\/graef-gnu.com\/produkt\/duroflex-supercut-hardcoat\/\"]}]},{\"@type\":\"ImageObject\",\"inLanguage\":\"tr\",\"@id\":\"https:\/\/graef-gnu.com\/produkt\/duroflex-supercut-hardcoat\/#primaryimage\",\"url\":\"https:\/\/graef-gnu.com\/wp-content\/uploads\/gnu_duroflex-supercut-hardcoat.jpg\",\"contentUrl\":\"https:\/\/graef-gnu.com\/wp-content\/uploads\/gnu_duroflex-supercut-hardcoat.jpg\",\"width\":890,\"height\":300},{\"@type\":\"BreadcrumbList\",\"@id\":\"https:\/\/graef-gnu.com\/produkt\/duroflex-supercut-hardcoat\/#breadcrumb\",\"itemListElement\":[{\"@type\":\"ListItem\",\"position\":1,\"name\":\"Startseite\",\"item\":\"https:\/\/graef-gnu.com\/tr\/\"},{\"@type\":\"ListItem\",\"position\":2,\"name\":\"\u00dcr\u00fcne Genel Bak\u0131\u015f\",\"item\":\"https:\/\/graef-gnu.com\/tr\/ueruene-genel-bakis\/\"},{\"@type\":\"ListItem\",\"position\":3,\"name\":\"Duroflex&reg;-Supercut-Hardcoat\"}]},{\"@type\":\"WebSite\",\"@id\":\"https:\/\/graef-gnu.com\/#website\",\"url\":\"https:\/\/graef-gnu.com\/\",\"name\":\"August Graef GNU\",\"description\":\"\",\"potentialAction\":[{\"@type\":\"SearchAction\",\"target\":{\"@type\":\"EntryPoint\",\"urlTemplate\":\"https:\/\/graef-gnu.com\/?s={search_term_string}\"},\"query-input\":\"required name=search_term_string\"}],\"inLanguage\":\"tr\"}]}<\/script>\n<!-- \/ Yoast SEO plugin. -->","yoast_head_json":{"title":"Duroflex&reg;-Supercut-Hardcoat - August Graef GNU","description":"Tiftiksiz z\u0131mbalama ve kendinden yap\u0131\u015fkanl\u0131 filmler i\u00e7in minimum y\u00fckseklik toleranslar\u0131na sahip mikro ince \u00f6\u011f\u00fctme \u00f6zelli\u011fine sahip TiN kapl\u0131, sertle\u015ftirilmi\u015f kesme hatt\u0131. Buradan bilgi al\u0131n!","robots":{"index":"index","follow":"follow","max-snippet":"max-snippet:-1","max-image-preview":"max-image-preview:large","max-video-preview":"max-video-preview:-1"},"canonical":"https:\/\/graef-gnu.com\/produkt\/duroflex-supercut-hardcoat\/","og_locale":"tr_TR","og_type":"article","og_title":"Duroflex&reg;-Supercut-Hardcoat - August Graef GNU","og_description":"Tiftiksiz z\u0131mbalama ve kendinden yap\u0131\u015fkanl\u0131 filmler i\u00e7in minimum y\u00fckseklik toleranslar\u0131na sahip mikro ince \u00f6\u011f\u00fctme \u00f6zelli\u011fine sahip TiN kapl\u0131, sertle\u015ftirilmi\u015f kesme hatt\u0131. Buradan bilgi al\u0131n!","og_url":"https:\/\/graef-gnu.com\/produkt\/duroflex-supercut-hardcoat\/","og_site_name":"August Graef GNU","article_modified_time":"2021-10-06T14:04:58+00:00","og_image":[{"width":890,"height":300,"url":"https:\/\/graef-gnu.com\/wp-content\/uploads\/gnu_duroflex-supercut-hardcoat.jpg","type":"image\/jpeg"}],"twitter_card":"summary_large_image","schema":{"@context":"https:\/\/schema.org","@graph":[{"@type":"WebPage","@id":"https:\/\/graef-gnu.com\/produkt\/duroflex-supercut-hardcoat\/","url":"https:\/\/graef-gnu.com\/produkt\/duroflex-supercut-hardcoat\/","name":"Duroflex&reg;-Supercut-Hardcoat - August Graef GNU","isPartOf":{"@id":"https:\/\/graef-gnu.com\/#website"},"primaryImageOfPage":{"@id":"https:\/\/graef-gnu.com\/produkt\/duroflex-supercut-hardcoat\/#primaryimage"},"image":{"@id":"https:\/\/graef-gnu.com\/produkt\/duroflex-supercut-hardcoat\/#primaryimage"},"thumbnailUrl":"https:\/\/graef-gnu.com\/wp-content\/uploads\/gnu_duroflex-supercut-hardcoat.jpg","datePublished":"2021-10-06T14:03:59+00:00","dateModified":"2021-10-06T14:04:58+00:00","description":"Tiftiksiz z\u0131mbalama ve kendinden yap\u0131\u015fkanl\u0131 filmler i\u00e7in minimum y\u00fckseklik toleranslar\u0131na sahip mikro ince \u00f6\u011f\u00fctme \u00f6zelli\u011fine sahip TiN kapl\u0131, sertle\u015ftirilmi\u015f kesme hatt\u0131. Buradan bilgi al\u0131n!","breadcrumb":{"@id":"https:\/\/graef-gnu.com\/produkt\/duroflex-supercut-hardcoat\/#breadcrumb"},"inLanguage":"tr","potentialAction":[{"@type":"ReadAction","target":["https:\/\/graef-gnu.com\/produkt\/duroflex-supercut-hardcoat\/"]}]},{"@type":"ImageObject","inLanguage":"tr","@id":"https:\/\/graef-gnu.com\/produkt\/duroflex-supercut-hardcoat\/#primaryimage","url":"https:\/\/graef-gnu.com\/wp-content\/uploads\/gnu_duroflex-supercut-hardcoat.jpg","contentUrl":"https:\/\/graef-gnu.com\/wp-content\/uploads\/gnu_duroflex-supercut-hardcoat.jpg","width":890,"height":300},{"@type":"BreadcrumbList","@id":"https:\/\/graef-gnu.com\/produkt\/duroflex-supercut-hardcoat\/#breadcrumb","itemListElement":[{"@type":"ListItem","position":1,"name":"Startseite","item":"https:\/\/graef-gnu.com\/tr\/"},{"@type":"ListItem","position":2,"name":"\u00dcr\u00fcne Genel Bak\u0131\u015f","item":"https:\/\/graef-gnu.com\/tr\/ueruene-genel-bakis\/"},{"@type":"ListItem","position":3,"name":"Duroflex&reg;-Supercut-Hardcoat"}]},{"@type":"WebSite","@id":"https:\/\/graef-gnu.com\/#website","url":"https:\/\/graef-gnu.com\/","name":"August Graef GNU","description":"","potentialAction":[{"@type":"SearchAction","target":{"@type":"EntryPoint","urlTemplate":"https:\/\/graef-gnu.com\/?s={search_term_string}"},"query-input":"required name=search_term_string"}],"inLanguage":"tr"}]}},"_links":{"self":[{"href":"https:\/\/graef-gnu.com\/tr\/wp-json\/wp\/v2\/product\/165362","targetHints":{"allow":["GET"]}}],"collection":[{"href":"https:\/\/graef-gnu.com\/tr\/wp-json\/wp\/v2\/product"}],"about":[{"href":"https:\/\/graef-gnu.com\/tr\/wp-json\/wp\/v2\/types\/product"}],"wp:featuredmedia":[{"embeddable":true,"href":"https:\/\/graef-gnu.com\/tr\/wp-json\/wp\/v2\/media\/150595"}],"wp:attachment":[{"href":"https:\/\/graef-gnu.com\/tr\/wp-json\/wp\/v2\/media?parent=165362"}],"wp:term":[{"taxonomy":"product_cat","embeddable":true,"href":"https:\/\/graef-gnu.com\/tr\/wp-json\/wp\/v2\/product_cat?post=165362"},{"taxonomy":"product_tag","embeddable":true,"href":"https:\/\/graef-gnu.com\/tr\/wp-json\/wp\/v2\/product_tag?post=165362"}],"curies":[{"name":"wp","href":"https:\/\/api.w.org\/{rel}","templated":true}]}}