{"id":165528,"date":"2021-04-24T11:33:39","date_gmt":"2021-10-06T14:04:10","guid":{"rendered":"https:\/\/www.graef-gnu.com\/produkt\/gnu-cushioncrease-otomatik-duzeltme\/"},"modified":"2021-10-06T16:04:52","modified_gmt":"2021-10-06T14:04:52","slug":"gnu-cushioncrease-autofix","status":"publish","type":"product","link":"https:\/\/graef-gnu.com\/tr\/produkt\/gnu-cushioncrease-autofix\/","title":{"rendered":"GNU CushionCrease Otomatik D\u00fczeltme"},"content":{"rendered":"<p>GNU CushionCrease, katlamay\u0131 ve m\u00fcteakip katlamay\u0131 kolayla\u015ft\u0131rmaya ve b\u00fcy\u00fck \u00f6l\u00e7ekli s\u0131k\u0131\u015ft\u0131rma yoluyla optimum \u015fekilde haz\u0131rlamaya yard\u0131mc\u0131 olur. Bu kapsaml\u0131 s\u0131k\u0131\u015ft\u0131rma ve \u00f6zel \u015fekli sayesinde bu \u00fcr\u00fcn ayn\u0131 zamanda \u00e7oklu dalgalar i\u00e7in de uygundur. Autofix&#8217;in bu kendinden yap\u0131\u015fkanl\u0131 versiyonu \u00f6zel bir \u00fcretim s\u00fcrecinde geli\u015ftirilmi\u015ftir.<br \/>\nmaksimum s\u00fcrekli y\u00fcklere dayanmak ve h\u0131zl\u0131 ve kolay uygulama ve s\u00f6kme gibi taleplere olanak sa\u011flamak. GNU CushionCrease, g\u0131da i\u00e7in karton kutu \u00fcretimi i\u00e7in g\u00fcvenli olarak onaylanm\u0131\u015ft\u0131r.<\/p>\n","protected":false},"excerpt":{"rendered":"<p>GNU CushionCrease, katlamay\u0131 ve m\u00fcteakip katlamay\u0131 kolayla\u015ft\u0131rmaya ve b\u00fcy\u00fck \u00f6l\u00e7ekli s\u0131k\u0131\u015ft\u0131rma yoluyla optimum \u015fekilde haz\u0131rlamaya yard\u0131mc\u0131 olur. Bu kapsaml\u0131 s\u0131k\u0131\u015ft\u0131rma ve \u00f6zel \u015fekli sayesinde bu \u00fcr\u00fcn ayn\u0131 zamanda \u00e7oklu dalgalar i\u00e7in de uygundur.<\/p>\n","protected":false},"featured_media":147103,"template":"","meta":{"_acf_changed":false},"product_cat":[7575],"product_tag":[],"class_list":{"0":"post-165528","1":"product","2":"type-product","3":"status-publish","4":"has-post-thumbnail","6":"product_group-profiller","7":"product_cat-firlatma-malzemeleri","8":"pa_ablaengung-rol","9":"pa_hoehe-10-0-mm-tr","10":"pa_hoehe-11-mm-tr-2","11":"pa_hoehe-45-mm-tr-2","12":"pa_hoehe-57-mm-tr","13":"pa_hoehe-5-0-mm-tr","14":"pa_hoehe-5-5-mm-tr","15":"pa_hoehe-6-mm-5-mm-tr","16":"pa_hoehe-60-mm-tr-2","17":"pa_hoehe-635-mm-tr","18":"pa_hoehe-6-99-mm-tr","19":"pa_hoehe-70-mm-tr","20":"pa_hoehe-75-mm-tr","21":"pa_hoehe-8-mm-7-mm-tr","22":"pa_hoehe-80-mm-tr-2","23":"pa_hoehe-85-mm-tr","24":"pa_hoehe-90-mm-tr","25":"pa_hoehe-94-mm-tr","26":"pa_hoehe-95-mm-tr","27":"pa_hoehe-965-mm-tr","28":"pa_hoehe-97-mm-tr","30":"first","31":"instock","32":"purchasable","33":"product-type-variable"},"acf":[],"yoast_head":"<!-- This site is optimized with the Yoast SEO plugin v22.6 - https:\/\/yoast.com\/wordpress\/plugins\/seo\/ -->\n<title>GNU CushionCrease Otomatik D\u00fczeltme - August Graef GNU<\/title>\n<meta name=\"description\" content=\"GNU CushionCrease Autofix \u25ba kendinden yap\u0131\u015fkanl\u0131 versiyon \u2705 Farkl\u0131 y\u00fckseklikler mevcuttur \u2705 Daha fazlas\u0131n\u0131 buradan \u00f6\u011frenin!\" \/>\n<meta name=\"robots\" content=\"index, follow, max-snippet:-1, max-image-preview:large, max-video-preview:-1\" \/>\n<link rel=\"canonical\" href=\"https:\/\/graef-gnu.com\/produkt\/gnu-cushioncrease-autofix\/\" \/>\n<meta property=\"og:locale\" content=\"tr_TR\" \/>\n<meta property=\"og:type\" content=\"article\" \/>\n<meta property=\"og:title\" content=\"GNU CushionCrease Otomatik D\u00fczeltme - August Graef GNU\" \/>\n<meta property=\"og:description\" content=\"GNU CushionCrease Autofix \u25ba kendinden yap\u0131\u015fkanl\u0131 versiyon \u2705 Farkl\u0131 y\u00fckseklikler mevcuttur \u2705 Daha fazlas\u0131n\u0131 buradan \u00f6\u011frenin!\" \/>\n<meta property=\"og:url\" content=\"https:\/\/graef-gnu.com\/produkt\/gnu-cushioncrease-autofix\/\" \/>\n<meta property=\"og:site_name\" content=\"August Graef GNU\" \/>\n<meta property=\"article:modified_time\" content=\"2021-10-06T14:04:52+00:00\" \/>\n<meta property=\"og:image\" content=\"https:\/\/graef-gnu.com\/wp-content\/uploads\/gnu_cushion_crease-1.jpg\" \/>\n\t<meta property=\"og:image:width\" content=\"890\" \/>\n\t<meta property=\"og:image:height\" content=\"300\" \/>\n\t<meta property=\"og:image:type\" content=\"image\/jpeg\" \/>\n<meta name=\"twitter:card\" content=\"summary_large_image\" \/>\n<meta name=\"twitter:label1\" content=\"Tahmini okuma s\u00fcresi\" \/>\n\t<meta name=\"twitter:data1\" content=\"1 dakika\" \/>\n<script type=\"application\/ld+json\" class=\"yoast-schema-graph\">{\"@context\":\"https:\/\/schema.org\",\"@graph\":[{\"@type\":\"WebPage\",\"@id\":\"https:\/\/graef-gnu.com\/produkt\/gnu-cushioncrease-autofix\/\",\"url\":\"https:\/\/graef-gnu.com\/produkt\/gnu-cushioncrease-autofix\/\",\"name\":\"GNU CushionCrease Otomatik D\u00fczeltme - August Graef GNU\",\"isPartOf\":{\"@id\":\"https:\/\/graef-gnu.com\/#website\"},\"primaryImageOfPage\":{\"@id\":\"https:\/\/graef-gnu.com\/produkt\/gnu-cushioncrease-autofix\/#primaryimage\"},\"image\":{\"@id\":\"https:\/\/graef-gnu.com\/produkt\/gnu-cushioncrease-autofix\/#primaryimage\"},\"thumbnailUrl\":\"https:\/\/graef-gnu.com\/wp-content\/uploads\/gnu_cushion_crease-1.jpg\",\"datePublished\":\"2021-10-06T14:04:10+00:00\",\"dateModified\":\"2021-10-06T14:04:52+00:00\",\"description\":\"GNU CushionCrease Autofix \u25ba kendinden yap\u0131\u015fkanl\u0131 versiyon \u2705 Farkl\u0131 y\u00fckseklikler mevcuttur \u2705 Daha fazlas\u0131n\u0131 buradan \u00f6\u011frenin!\",\"breadcrumb\":{\"@id\":\"https:\/\/graef-gnu.com\/produkt\/gnu-cushioncrease-autofix\/#breadcrumb\"},\"inLanguage\":\"tr\",\"potentialAction\":[{\"@type\":\"ReadAction\",\"target\":[\"https:\/\/graef-gnu.com\/produkt\/gnu-cushioncrease-autofix\/\"]}]},{\"@type\":\"ImageObject\",\"inLanguage\":\"tr\",\"@id\":\"https:\/\/graef-gnu.com\/produkt\/gnu-cushioncrease-autofix\/#primaryimage\",\"url\":\"https:\/\/graef-gnu.com\/wp-content\/uploads\/gnu_cushion_crease-1.jpg\",\"contentUrl\":\"https:\/\/graef-gnu.com\/wp-content\/uploads\/gnu_cushion_crease-1.jpg\",\"width\":890,\"height\":300},{\"@type\":\"BreadcrumbList\",\"@id\":\"https:\/\/graef-gnu.com\/produkt\/gnu-cushioncrease-autofix\/#breadcrumb\",\"itemListElement\":[{\"@type\":\"ListItem\",\"position\":1,\"name\":\"Startseite\",\"item\":\"https:\/\/graef-gnu.com\/tr\/\"},{\"@type\":\"ListItem\",\"position\":2,\"name\":\"\u00dcr\u00fcne Genel Bak\u0131\u015f\",\"item\":\"https:\/\/graef-gnu.com\/tr\/ueruene-genel-bakis\/\"},{\"@type\":\"ListItem\",\"position\":3,\"name\":\"GNU CushionCrease Otomatik D\u00fczeltme\"}]},{\"@type\":\"WebSite\",\"@id\":\"https:\/\/graef-gnu.com\/#website\",\"url\":\"https:\/\/graef-gnu.com\/\",\"name\":\"August Graef GNU\",\"description\":\"\",\"potentialAction\":[{\"@type\":\"SearchAction\",\"target\":{\"@type\":\"EntryPoint\",\"urlTemplate\":\"https:\/\/graef-gnu.com\/?s={search_term_string}\"},\"query-input\":\"required name=search_term_string\"}],\"inLanguage\":\"tr\"}]}<\/script>\n<!-- \/ Yoast SEO plugin. -->","yoast_head_json":{"title":"GNU CushionCrease Otomatik D\u00fczeltme - August Graef GNU","description":"GNU CushionCrease Autofix \u25ba kendinden yap\u0131\u015fkanl\u0131 versiyon \u2705 Farkl\u0131 y\u00fckseklikler mevcuttur \u2705 Daha fazlas\u0131n\u0131 buradan \u00f6\u011frenin!","robots":{"index":"index","follow":"follow","max-snippet":"max-snippet:-1","max-image-preview":"max-image-preview:large","max-video-preview":"max-video-preview:-1"},"canonical":"https:\/\/graef-gnu.com\/produkt\/gnu-cushioncrease-autofix\/","og_locale":"tr_TR","og_type":"article","og_title":"GNU CushionCrease Otomatik D\u00fczeltme - August Graef GNU","og_description":"GNU CushionCrease Autofix \u25ba kendinden yap\u0131\u015fkanl\u0131 versiyon \u2705 Farkl\u0131 y\u00fckseklikler mevcuttur \u2705 Daha fazlas\u0131n\u0131 buradan \u00f6\u011frenin!","og_url":"https:\/\/graef-gnu.com\/produkt\/gnu-cushioncrease-autofix\/","og_site_name":"August Graef GNU","article_modified_time":"2021-10-06T14:04:52+00:00","og_image":[{"width":890,"height":300,"url":"https:\/\/graef-gnu.com\/wp-content\/uploads\/gnu_cushion_crease-1.jpg","type":"image\/jpeg"}],"twitter_card":"summary_large_image","twitter_misc":{"Tahmini okuma s\u00fcresi":"1 dakika"},"schema":{"@context":"https:\/\/schema.org","@graph":[{"@type":"WebPage","@id":"https:\/\/graef-gnu.com\/produkt\/gnu-cushioncrease-autofix\/","url":"https:\/\/graef-gnu.com\/produkt\/gnu-cushioncrease-autofix\/","name":"GNU CushionCrease Otomatik D\u00fczeltme - August Graef GNU","isPartOf":{"@id":"https:\/\/graef-gnu.com\/#website"},"primaryImageOfPage":{"@id":"https:\/\/graef-gnu.com\/produkt\/gnu-cushioncrease-autofix\/#primaryimage"},"image":{"@id":"https:\/\/graef-gnu.com\/produkt\/gnu-cushioncrease-autofix\/#primaryimage"},"thumbnailUrl":"https:\/\/graef-gnu.com\/wp-content\/uploads\/gnu_cushion_crease-1.jpg","datePublished":"2021-10-06T14:04:10+00:00","dateModified":"2021-10-06T14:04:52+00:00","description":"GNU CushionCrease Autofix \u25ba kendinden yap\u0131\u015fkanl\u0131 versiyon \u2705 Farkl\u0131 y\u00fckseklikler mevcuttur \u2705 Daha fazlas\u0131n\u0131 buradan \u00f6\u011frenin!","breadcrumb":{"@id":"https:\/\/graef-gnu.com\/produkt\/gnu-cushioncrease-autofix\/#breadcrumb"},"inLanguage":"tr","potentialAction":[{"@type":"ReadAction","target":["https:\/\/graef-gnu.com\/produkt\/gnu-cushioncrease-autofix\/"]}]},{"@type":"ImageObject","inLanguage":"tr","@id":"https:\/\/graef-gnu.com\/produkt\/gnu-cushioncrease-autofix\/#primaryimage","url":"https:\/\/graef-gnu.com\/wp-content\/uploads\/gnu_cushion_crease-1.jpg","contentUrl":"https:\/\/graef-gnu.com\/wp-content\/uploads\/gnu_cushion_crease-1.jpg","width":890,"height":300},{"@type":"BreadcrumbList","@id":"https:\/\/graef-gnu.com\/produkt\/gnu-cushioncrease-autofix\/#breadcrumb","itemListElement":[{"@type":"ListItem","position":1,"name":"Startseite","item":"https:\/\/graef-gnu.com\/tr\/"},{"@type":"ListItem","position":2,"name":"\u00dcr\u00fcne Genel Bak\u0131\u015f","item":"https:\/\/graef-gnu.com\/tr\/ueruene-genel-bakis\/"},{"@type":"ListItem","position":3,"name":"GNU CushionCrease Otomatik D\u00fczeltme"}]},{"@type":"WebSite","@id":"https:\/\/graef-gnu.com\/#website","url":"https:\/\/graef-gnu.com\/","name":"August Graef GNU","description":"","potentialAction":[{"@type":"SearchAction","target":{"@type":"EntryPoint","urlTemplate":"https:\/\/graef-gnu.com\/?s={search_term_string}"},"query-input":"required name=search_term_string"}],"inLanguage":"tr"}]}},"_links":{"self":[{"href":"https:\/\/graef-gnu.com\/tr\/wp-json\/wp\/v2\/product\/165528","targetHints":{"allow":["GET"]}}],"collection":[{"href":"https:\/\/graef-gnu.com\/tr\/wp-json\/wp\/v2\/product"}],"about":[{"href":"https:\/\/graef-gnu.com\/tr\/wp-json\/wp\/v2\/types\/product"}],"wp:featuredmedia":[{"embeddable":true,"href":"https:\/\/graef-gnu.com\/tr\/wp-json\/wp\/v2\/media\/147103"}],"wp:attachment":[{"href":"https:\/\/graef-gnu.com\/tr\/wp-json\/wp\/v2\/media?parent=165528"}],"wp:term":[{"taxonomy":"product_cat","embeddable":true,"href":"https:\/\/graef-gnu.com\/tr\/wp-json\/wp\/v2\/product_cat?post=165528"},{"taxonomy":"product_tag","embeddable":true,"href":"https:\/\/graef-gnu.com\/tr\/wp-json\/wp\/v2\/product_tag?post=165528"}],"curies":[{"name":"wp","href":"https:\/\/api.w.org\/{rel}","templated":true}]}}