{"id":166862,"date":"2021-02-11T11:07:06","date_gmt":"2021-10-06T14:19:58","guid":{"rendered":"https:\/\/www.graef-gnu.com\/produkt\/ofset-muekemmellik-merkezi\/"},"modified":"2021-10-06T16:19:58","modified_gmt":"2021-10-06T14:19:58","slug":"ofset-muekemmel-merkezi","status":"publish","type":"product","link":"https:\/\/graef-gnu.com\/tr\/produkt\/ofset-muekemmel-merkezi\/","title":{"rendered":"Ofset M\u00fckemmellik Merkezi"},"content":{"rendered":"","protected":false},"excerpt":{"rendered":"","protected":false},"featured_media":150279,"template":"","meta":{"_acf_changed":false},"product_cat":[7577],"product_tag":[],"class_list":{"0":"post-166862","1":"product","2":"type-product","3":"status-publish","4":"has-post-thumbnail","6":"product_group-offset-tr","7":"product_cat-ofset-bantlar","8":"pa_ablaengung-her-biri-1-8-m","9":"pa_ablaengung-her-biri-3-m","10":"pa_ablaengung-her-biri-6-m","11":"pa_zaehne-12-dis","12":"pa_zaehne-16-dis","13":"pa_zaehne-3-dis","14":"pa_zaehne-5-dis","15":"pa_zaehne-6-dis","16":"pa_zaehne-8-dis","18":"first","19":"instock","20":"purchasable","21":"product-type-variable"},"acf":[],"yoast_head":"<!-- This site is optimized with the Yoast SEO plugin v22.6 - https:\/\/yoast.com\/wordpress\/plugins\/seo\/ -->\n<title>Ofset M\u00fckemmellik Merkezi - August Graef GNU<\/title>\n<meta name=\"robots\" content=\"index, follow, max-snippet:-1, max-image-preview:large, max-video-preview:-1\" \/>\n<link rel=\"canonical\" href=\"https:\/\/graef-gnu.com\/produkt\/offset-perf-center\/\" \/>\n<meta property=\"og:locale\" content=\"tr_TR\" \/>\n<meta property=\"og:type\" content=\"article\" \/>\n<meta property=\"og:title\" content=\"Ofset M\u00fckemmellik Merkezi - August Graef GNU\" \/>\n<meta property=\"og:url\" content=\"https:\/\/graef-gnu.com\/produkt\/offset-perf-center\/\" \/>\n<meta property=\"og:site_name\" content=\"August Graef GNU\" \/>\n<meta property=\"og:image\" content=\"https:\/\/graef-gnu.com\/wp-content\/uploads\/gnu-offset-band-perf-center-16z.jpg\" \/>\n\t<meta property=\"og:image:width\" content=\"889\" \/>\n\t<meta property=\"og:image:height\" content=\"300\" \/>\n\t<meta property=\"og:image:type\" content=\"image\/jpeg\" \/>\n<meta name=\"twitter:card\" content=\"summary_large_image\" \/>\n<script type=\"application\/ld+json\" class=\"yoast-schema-graph\">{\"@context\":\"https:\/\/schema.org\",\"@graph\":[{\"@type\":\"WebPage\",\"@id\":\"https:\/\/graef-gnu.com\/produkt\/offset-perf-center\/\",\"url\":\"https:\/\/graef-gnu.com\/produkt\/offset-perf-center\/\",\"name\":\"Ofset M\u00fckemmellik Merkezi - August Graef GNU\",\"isPartOf\":{\"@id\":\"https:\/\/graef-gnu.com\/#website\"},\"primaryImageOfPage\":{\"@id\":\"https:\/\/graef-gnu.com\/produkt\/offset-perf-center\/#primaryimage\"},\"image\":{\"@id\":\"https:\/\/graef-gnu.com\/produkt\/offset-perf-center\/#primaryimage\"},\"thumbnailUrl\":\"https:\/\/graef-gnu.com\/wp-content\/uploads\/gnu-offset-band-perf-center-16z.jpg\",\"datePublished\":\"2021-10-06T14:19:58+00:00\",\"dateModified\":\"2021-10-06T14:19:58+00:00\",\"breadcrumb\":{\"@id\":\"https:\/\/graef-gnu.com\/produkt\/offset-perf-center\/#breadcrumb\"},\"inLanguage\":\"tr\",\"potentialAction\":[{\"@type\":\"ReadAction\",\"target\":[\"https:\/\/graef-gnu.com\/produkt\/offset-perf-center\/\"]}]},{\"@type\":\"ImageObject\",\"inLanguage\":\"tr\",\"@id\":\"https:\/\/graef-gnu.com\/produkt\/offset-perf-center\/#primaryimage\",\"url\":\"https:\/\/graef-gnu.com\/wp-content\/uploads\/gnu-offset-band-perf-center-16z.jpg\",\"contentUrl\":\"https:\/\/graef-gnu.com\/wp-content\/uploads\/gnu-offset-band-perf-center-16z.jpg\",\"width\":889,\"height\":300},{\"@type\":\"BreadcrumbList\",\"@id\":\"https:\/\/graef-gnu.com\/produkt\/offset-perf-center\/#breadcrumb\",\"itemListElement\":[{\"@type\":\"ListItem\",\"position\":1,\"name\":\"Startseite\",\"item\":\"https:\/\/graef-gnu.com\/tr\/\"},{\"@type\":\"ListItem\",\"position\":2,\"name\":\"\u00dcr\u00fcne Genel Bak\u0131\u015f\",\"item\":\"https:\/\/graef-gnu.com\/tr\/ueruene-genel-bakis\/\"},{\"@type\":\"ListItem\",\"position\":3,\"name\":\"Ofset M\u00fckemmellik Merkezi\"}]},{\"@type\":\"WebSite\",\"@id\":\"https:\/\/graef-gnu.com\/#website\",\"url\":\"https:\/\/graef-gnu.com\/\",\"name\":\"August Graef GNU\",\"description\":\"\",\"potentialAction\":[{\"@type\":\"SearchAction\",\"target\":{\"@type\":\"EntryPoint\",\"urlTemplate\":\"https:\/\/graef-gnu.com\/?s={search_term_string}\"},\"query-input\":\"required name=search_term_string\"}],\"inLanguage\":\"tr\"}]}<\/script>\n<!-- \/ Yoast SEO plugin. -->","yoast_head_json":{"title":"Ofset M\u00fckemmellik Merkezi - August Graef GNU","robots":{"index":"index","follow":"follow","max-snippet":"max-snippet:-1","max-image-preview":"max-image-preview:large","max-video-preview":"max-video-preview:-1"},"canonical":"https:\/\/graef-gnu.com\/produkt\/offset-perf-center\/","og_locale":"tr_TR","og_type":"article","og_title":"Ofset M\u00fckemmellik Merkezi - August Graef GNU","og_url":"https:\/\/graef-gnu.com\/produkt\/offset-perf-center\/","og_site_name":"August Graef GNU","og_image":[{"width":889,"height":300,"url":"https:\/\/graef-gnu.com\/wp-content\/uploads\/gnu-offset-band-perf-center-16z.jpg","type":"image\/jpeg"}],"twitter_card":"summary_large_image","schema":{"@context":"https:\/\/schema.org","@graph":[{"@type":"WebPage","@id":"https:\/\/graef-gnu.com\/produkt\/offset-perf-center\/","url":"https:\/\/graef-gnu.com\/produkt\/offset-perf-center\/","name":"Ofset M\u00fckemmellik Merkezi - August Graef GNU","isPartOf":{"@id":"https:\/\/graef-gnu.com\/#website"},"primaryImageOfPage":{"@id":"https:\/\/graef-gnu.com\/produkt\/offset-perf-center\/#primaryimage"},"image":{"@id":"https:\/\/graef-gnu.com\/produkt\/offset-perf-center\/#primaryimage"},"thumbnailUrl":"https:\/\/graef-gnu.com\/wp-content\/uploads\/gnu-offset-band-perf-center-16z.jpg","datePublished":"2021-10-06T14:19:58+00:00","dateModified":"2021-10-06T14:19:58+00:00","breadcrumb":{"@id":"https:\/\/graef-gnu.com\/produkt\/offset-perf-center\/#breadcrumb"},"inLanguage":"tr","potentialAction":[{"@type":"ReadAction","target":["https:\/\/graef-gnu.com\/produkt\/offset-perf-center\/"]}]},{"@type":"ImageObject","inLanguage":"tr","@id":"https:\/\/graef-gnu.com\/produkt\/offset-perf-center\/#primaryimage","url":"https:\/\/graef-gnu.com\/wp-content\/uploads\/gnu-offset-band-perf-center-16z.jpg","contentUrl":"https:\/\/graef-gnu.com\/wp-content\/uploads\/gnu-offset-band-perf-center-16z.jpg","width":889,"height":300},{"@type":"BreadcrumbList","@id":"https:\/\/graef-gnu.com\/produkt\/offset-perf-center\/#breadcrumb","itemListElement":[{"@type":"ListItem","position":1,"name":"Startseite","item":"https:\/\/graef-gnu.com\/tr\/"},{"@type":"ListItem","position":2,"name":"\u00dcr\u00fcne Genel Bak\u0131\u015f","item":"https:\/\/graef-gnu.com\/tr\/ueruene-genel-bakis\/"},{"@type":"ListItem","position":3,"name":"Ofset M\u00fckemmellik Merkezi"}]},{"@type":"WebSite","@id":"https:\/\/graef-gnu.com\/#website","url":"https:\/\/graef-gnu.com\/","name":"August Graef GNU","description":"","potentialAction":[{"@type":"SearchAction","target":{"@type":"EntryPoint","urlTemplate":"https:\/\/graef-gnu.com\/?s={search_term_string}"},"query-input":"required name=search_term_string"}],"inLanguage":"tr"}]}},"_links":{"self":[{"href":"https:\/\/graef-gnu.com\/tr\/wp-json\/wp\/v2\/product\/166862","targetHints":{"allow":["GET"]}}],"collection":[{"href":"https:\/\/graef-gnu.com\/tr\/wp-json\/wp\/v2\/product"}],"about":[{"href":"https:\/\/graef-gnu.com\/tr\/wp-json\/wp\/v2\/types\/product"}],"wp:featuredmedia":[{"embeddable":true,"href":"https:\/\/graef-gnu.com\/tr\/wp-json\/wp\/v2\/media\/150279"}],"wp:attachment":[{"href":"https:\/\/graef-gnu.com\/tr\/wp-json\/wp\/v2\/media?parent=166862"}],"wp:term":[{"taxonomy":"product_cat","embeddable":true,"href":"https:\/\/graef-gnu.com\/tr\/wp-json\/wp\/v2\/product_cat?post=166862"},{"taxonomy":"product_tag","embeddable":true,"href":"https:\/\/graef-gnu.com\/tr\/wp-json\/wp\/v2\/product_tag?post=166862"}],"curies":[{"name":"wp","href":"https:\/\/api.w.org\/{rel}","templated":true}]}}