{"id":167088,"date":"2021-02-11T11:07:38","date_gmt":"2021-10-06T14:25:00","guid":{"rendered":"https:\/\/www.graef-gnu.com\/produkt\/eksiksiz-bir-taslama-diski-seti-dahil-olmak-uzere-durdurma-noktasi-taslama-makinesi-hps1\/"},"modified":"2021-10-06T16:38:23","modified_gmt":"2021-10-06T14:38:23","slug":"durma-noktasi-taslama-aygiti-hps1-tam-bir-taslama-carki-seti-dahil","status":"publish","type":"product","link":"https:\/\/graef-gnu.com\/tr\/produkt\/durma-noktasi-taslama-aygiti-hps1-tam-bir-taslama-carki-seti-dahil\/","title":{"rendered":"Eksiksiz bir ta\u015flama diski seti dahil olmak \u00fczere durdurma noktas\u0131 ta\u015flama makinesi HPS1"},"content":{"rendered":"<p>\u00c7elik \u015ferit kesimlerinde k\u0131r\u0131c\u0131 \u00e7entiklerinin hassas, dikey olarak ta\u015flanmas\u0131 i\u00e7in hafif, kullan\u0131\u015fl\u0131 alet.<\/p>\n<p>Ta\u015flama derinli\u011fi, bir derinlik kontrol\u00fc vas\u0131tas\u0131yla ayarlanabilir. \u0130\u015f mili \u00fczerindeki vidalanabilir mil \u00fczerindeki kilitleme d\u00fc\u011fmesi, kesme hatlar\u0131ndaki farkl\u0131 tutma noktas\u0131 kal\u0131nl\u0131klar\u0131 i\u00e7in ta\u015flama ta\u015flar\u0131n\u0131n h\u0131zl\u0131 ve kolay bir \u015fekilde de\u011fi\u015ftirilmesini sa\u011flar. Ta\u015flama, ejekt\u00f6r lasti\u011finin kesme hatlar\u0131n\u0131n yan\u0131na yap\u0131\u015ft\u0131r\u0131lmas\u0131ndan \u00f6nce veya sonra yap\u0131labilir.<\/p>\n<p>Temel ekipman, 0,4 &#8211; 0,5 &#8211; 0,6 &#8211; 0,7 &#8211; 0,8 &#8211; 1,0 &#8211; 1,2 mm kal\u0131nl\u0131\u011f\u0131nda 3 ta\u015flama tekerle\u011fi i\u00e7erir.<\/p>\n<p>Cihaz, g\u00fc\u00e7l\u00fc bir 400 watt pn\u00f6matik motorla donat\u0131lm\u0131\u015ft\u0131r.<\/p>\n","protected":false},"excerpt":{"rendered":"<p>\u00c7elik \u015ferit kesimlerinde k\u0131r\u0131c\u0131 \u00e7entiklerinin hassas, dikey olarak ta\u015flanmas\u0131 i\u00e7in hafif, kullan\u0131\u015fl\u0131 alet.<\/p>\n<p>&nbsp;<\/p>\n","protected":false},"featured_media":149030,"template":"","meta":{"_acf_changed":false},"product_cat":[7578],"product_tag":[],"class_list":{"0":"post-167088","1":"product","2":"type-product","3":"status-publish","4":"has-post-thumbnail","6":"product_group-kalip-aksesuarlari","7":"product_cat-techizat","9":"first","10":"outofstock","11":"purchasable","12":"product-type-simple"},"acf":[],"yoast_head":"<!-- This site is optimized with the Yoast SEO plugin v22.6 - https:\/\/yoast.com\/wordpress\/plugins\/seo\/ -->\n<title>Eksiksiz bir ta\u015flama diski seti dahil olmak \u00fczere durdurma noktas\u0131 ta\u015flama makinesi HPS1 - August Graef GNU<\/title>\n<meta name=\"robots\" content=\"index, follow, max-snippet:-1, max-image-preview:large, max-video-preview:-1\" \/>\n<link rel=\"canonical\" href=\"https:\/\/graef-gnu.com\/produkt\/haltepunktschleifgeraet-hps1-inklusive-einem-kompletten-satz-schleifscheiben\/\" \/>\n<meta property=\"og:locale\" content=\"tr_TR\" \/>\n<meta property=\"og:type\" content=\"article\" \/>\n<meta property=\"og:title\" content=\"Eksiksiz bir ta\u015flama diski seti dahil olmak \u00fczere durdurma noktas\u0131 ta\u015flama makinesi HPS1 - August Graef GNU\" \/>\n<meta property=\"og:description\" content=\"\u00c7elik \u015ferit kesimlerinde k\u0131r\u0131c\u0131 \u00e7entiklerinin hassas, dikey olarak ta\u015flanmas\u0131 i\u00e7in hafif, kullan\u0131\u015fl\u0131 alet. &nbsp;\" \/>\n<meta property=\"og:url\" content=\"https:\/\/graef-gnu.com\/produkt\/haltepunktschleifgeraet-hps1-inklusive-einem-kompletten-satz-schleifscheiben\/\" \/>\n<meta property=\"og:site_name\" content=\"August Graef GNU\" \/>\n<meta property=\"article:modified_time\" content=\"2021-10-06T14:38:23+00:00\" \/>\n<meta property=\"og:image\" content=\"https:\/\/graef-gnu.com\/wp-content\/uploads\/gnu_haltepunktschleifgeraet.jpg\" \/>\n\t<meta property=\"og:image:width\" content=\"890\" \/>\n\t<meta property=\"og:image:height\" content=\"300\" \/>\n\t<meta property=\"og:image:type\" content=\"image\/jpeg\" \/>\n<meta name=\"twitter:card\" content=\"summary_large_image\" \/>\n<meta name=\"twitter:label1\" content=\"Tahmini okuma s\u00fcresi\" \/>\n\t<meta name=\"twitter:data1\" content=\"1 dakika\" \/>\n<script type=\"application\/ld+json\" class=\"yoast-schema-graph\">{\"@context\":\"https:\/\/schema.org\",\"@graph\":[{\"@type\":\"WebPage\",\"@id\":\"https:\/\/graef-gnu.com\/produkt\/haltepunktschleifgeraet-hps1-inklusive-einem-kompletten-satz-schleifscheiben\/\",\"url\":\"https:\/\/graef-gnu.com\/produkt\/haltepunktschleifgeraet-hps1-inklusive-einem-kompletten-satz-schleifscheiben\/\",\"name\":\"Eksiksiz bir ta\u015flama diski seti dahil olmak \u00fczere durdurma noktas\u0131 ta\u015flama makinesi HPS1 - August Graef GNU\",\"isPartOf\":{\"@id\":\"https:\/\/graef-gnu.com\/#website\"},\"primaryImageOfPage\":{\"@id\":\"https:\/\/graef-gnu.com\/produkt\/haltepunktschleifgeraet-hps1-inklusive-einem-kompletten-satz-schleifscheiben\/#primaryimage\"},\"image\":{\"@id\":\"https:\/\/graef-gnu.com\/produkt\/haltepunktschleifgeraet-hps1-inklusive-einem-kompletten-satz-schleifscheiben\/#primaryimage\"},\"thumbnailUrl\":\"https:\/\/graef-gnu.com\/wp-content\/uploads\/gnu_haltepunktschleifgeraet.jpg\",\"datePublished\":\"2021-10-06T14:25:00+00:00\",\"dateModified\":\"2021-10-06T14:38:23+00:00\",\"breadcrumb\":{\"@id\":\"https:\/\/graef-gnu.com\/produkt\/haltepunktschleifgeraet-hps1-inklusive-einem-kompletten-satz-schleifscheiben\/#breadcrumb\"},\"inLanguage\":\"tr\",\"potentialAction\":[{\"@type\":\"ReadAction\",\"target\":[\"https:\/\/graef-gnu.com\/produkt\/haltepunktschleifgeraet-hps1-inklusive-einem-kompletten-satz-schleifscheiben\/\"]}]},{\"@type\":\"ImageObject\",\"inLanguage\":\"tr\",\"@id\":\"https:\/\/graef-gnu.com\/produkt\/haltepunktschleifgeraet-hps1-inklusive-einem-kompletten-satz-schleifscheiben\/#primaryimage\",\"url\":\"https:\/\/graef-gnu.com\/wp-content\/uploads\/gnu_haltepunktschleifgeraet.jpg\",\"contentUrl\":\"https:\/\/graef-gnu.com\/wp-content\/uploads\/gnu_haltepunktschleifgeraet.jpg\",\"width\":890,\"height\":300},{\"@type\":\"BreadcrumbList\",\"@id\":\"https:\/\/graef-gnu.com\/produkt\/haltepunktschleifgeraet-hps1-inklusive-einem-kompletten-satz-schleifscheiben\/#breadcrumb\",\"itemListElement\":[{\"@type\":\"ListItem\",\"position\":1,\"name\":\"Startseite\",\"item\":\"https:\/\/graef-gnu.com\/tr\/\"},{\"@type\":\"ListItem\",\"position\":2,\"name\":\"\u00dcr\u00fcne Genel Bak\u0131\u015f\",\"item\":\"https:\/\/graef-gnu.com\/tr\/ueruene-genel-bakis\/\"},{\"@type\":\"ListItem\",\"position\":3,\"name\":\"Eksiksiz bir ta\u015flama diski seti dahil olmak \u00fczere durdurma noktas\u0131 ta\u015flama makinesi HPS1\"}]},{\"@type\":\"WebSite\",\"@id\":\"https:\/\/graef-gnu.com\/#website\",\"url\":\"https:\/\/graef-gnu.com\/\",\"name\":\"August Graef GNU\",\"description\":\"\",\"potentialAction\":[{\"@type\":\"SearchAction\",\"target\":{\"@type\":\"EntryPoint\",\"urlTemplate\":\"https:\/\/graef-gnu.com\/?s={search_term_string}\"},\"query-input\":\"required name=search_term_string\"}],\"inLanguage\":\"tr\"}]}<\/script>\n<!-- \/ Yoast SEO plugin. -->","yoast_head_json":{"title":"Eksiksiz bir ta\u015flama diski seti dahil olmak \u00fczere durdurma noktas\u0131 ta\u015flama makinesi HPS1 - August Graef GNU","robots":{"index":"index","follow":"follow","max-snippet":"max-snippet:-1","max-image-preview":"max-image-preview:large","max-video-preview":"max-video-preview:-1"},"canonical":"https:\/\/graef-gnu.com\/produkt\/haltepunktschleifgeraet-hps1-inklusive-einem-kompletten-satz-schleifscheiben\/","og_locale":"tr_TR","og_type":"article","og_title":"Eksiksiz bir ta\u015flama diski seti dahil olmak \u00fczere durdurma noktas\u0131 ta\u015flama makinesi HPS1 - August Graef GNU","og_description":"\u00c7elik \u015ferit kesimlerinde k\u0131r\u0131c\u0131 \u00e7entiklerinin hassas, dikey olarak ta\u015flanmas\u0131 i\u00e7in hafif, kullan\u0131\u015fl\u0131 alet. &nbsp;","og_url":"https:\/\/graef-gnu.com\/produkt\/haltepunktschleifgeraet-hps1-inklusive-einem-kompletten-satz-schleifscheiben\/","og_site_name":"August Graef GNU","article_modified_time":"2021-10-06T14:38:23+00:00","og_image":[{"width":890,"height":300,"url":"https:\/\/graef-gnu.com\/wp-content\/uploads\/gnu_haltepunktschleifgeraet.jpg","type":"image\/jpeg"}],"twitter_card":"summary_large_image","twitter_misc":{"Tahmini okuma s\u00fcresi":"1 dakika"},"schema":{"@context":"https:\/\/schema.org","@graph":[{"@type":"WebPage","@id":"https:\/\/graef-gnu.com\/produkt\/haltepunktschleifgeraet-hps1-inklusive-einem-kompletten-satz-schleifscheiben\/","url":"https:\/\/graef-gnu.com\/produkt\/haltepunktschleifgeraet-hps1-inklusive-einem-kompletten-satz-schleifscheiben\/","name":"Eksiksiz bir ta\u015flama diski seti dahil olmak \u00fczere durdurma noktas\u0131 ta\u015flama makinesi HPS1 - August Graef GNU","isPartOf":{"@id":"https:\/\/graef-gnu.com\/#website"},"primaryImageOfPage":{"@id":"https:\/\/graef-gnu.com\/produkt\/haltepunktschleifgeraet-hps1-inklusive-einem-kompletten-satz-schleifscheiben\/#primaryimage"},"image":{"@id":"https:\/\/graef-gnu.com\/produkt\/haltepunktschleifgeraet-hps1-inklusive-einem-kompletten-satz-schleifscheiben\/#primaryimage"},"thumbnailUrl":"https:\/\/graef-gnu.com\/wp-content\/uploads\/gnu_haltepunktschleifgeraet.jpg","datePublished":"2021-10-06T14:25:00+00:00","dateModified":"2021-10-06T14:38:23+00:00","breadcrumb":{"@id":"https:\/\/graef-gnu.com\/produkt\/haltepunktschleifgeraet-hps1-inklusive-einem-kompletten-satz-schleifscheiben\/#breadcrumb"},"inLanguage":"tr","potentialAction":[{"@type":"ReadAction","target":["https:\/\/graef-gnu.com\/produkt\/haltepunktschleifgeraet-hps1-inklusive-einem-kompletten-satz-schleifscheiben\/"]}]},{"@type":"ImageObject","inLanguage":"tr","@id":"https:\/\/graef-gnu.com\/produkt\/haltepunktschleifgeraet-hps1-inklusive-einem-kompletten-satz-schleifscheiben\/#primaryimage","url":"https:\/\/graef-gnu.com\/wp-content\/uploads\/gnu_haltepunktschleifgeraet.jpg","contentUrl":"https:\/\/graef-gnu.com\/wp-content\/uploads\/gnu_haltepunktschleifgeraet.jpg","width":890,"height":300},{"@type":"BreadcrumbList","@id":"https:\/\/graef-gnu.com\/produkt\/haltepunktschleifgeraet-hps1-inklusive-einem-kompletten-satz-schleifscheiben\/#breadcrumb","itemListElement":[{"@type":"ListItem","position":1,"name":"Startseite","item":"https:\/\/graef-gnu.com\/tr\/"},{"@type":"ListItem","position":2,"name":"\u00dcr\u00fcne Genel Bak\u0131\u015f","item":"https:\/\/graef-gnu.com\/tr\/ueruene-genel-bakis\/"},{"@type":"ListItem","position":3,"name":"Eksiksiz bir ta\u015flama diski seti dahil olmak \u00fczere durdurma noktas\u0131 ta\u015flama makinesi HPS1"}]},{"@type":"WebSite","@id":"https:\/\/graef-gnu.com\/#website","url":"https:\/\/graef-gnu.com\/","name":"August Graef GNU","description":"","potentialAction":[{"@type":"SearchAction","target":{"@type":"EntryPoint","urlTemplate":"https:\/\/graef-gnu.com\/?s={search_term_string}"},"query-input":"required name=search_term_string"}],"inLanguage":"tr"}]}},"_links":{"self":[{"href":"https:\/\/graef-gnu.com\/tr\/wp-json\/wp\/v2\/product\/167088","targetHints":{"allow":["GET"]}}],"collection":[{"href":"https:\/\/graef-gnu.com\/tr\/wp-json\/wp\/v2\/product"}],"about":[{"href":"https:\/\/graef-gnu.com\/tr\/wp-json\/wp\/v2\/types\/product"}],"wp:featuredmedia":[{"embeddable":true,"href":"https:\/\/graef-gnu.com\/tr\/wp-json\/wp\/v2\/media\/149030"}],"wp:attachment":[{"href":"https:\/\/graef-gnu.com\/tr\/wp-json\/wp\/v2\/media?parent=167088"}],"wp:term":[{"taxonomy":"product_cat","embeddable":true,"href":"https:\/\/graef-gnu.com\/tr\/wp-json\/wp\/v2\/product_cat?post=167088"},{"taxonomy":"product_tag","embeddable":true,"href":"https:\/\/graef-gnu.com\/tr\/wp-json\/wp\/v2\/product_tag?post=167088"}],"curies":[{"name":"wp","href":"https:\/\/api.w.org\/{rel}","templated":true}]}}