{"id":167157,"date":"2021-02-11T10:58:20","date_gmt":"2021-10-06T14:27:34","guid":{"rendered":"https:\/\/www.graef-gnu.com\/produkt\/creasetec-multi\/"},"modified":"2021-10-06T16:29:45","modified_gmt":"2021-10-06T14:29:45","slug":"creasetec-coklu","status":"publish","type":"product","link":"https:\/\/graef-gnu.com\/tr\/produkt\/creasetec-coklu\/","title":{"rendered":"Creasetec<sup>&reg;<\/sup>-Multi"},"content":{"rendered":"<p>Creasetec<sup>&reg;<\/sup>-Multi, z\u0131mbalanacak malzemeye a\u00e7\u0131lmas\u0131 i\u00e7in daha fazla alan sa\u011flayan ve \u00fcst tabakan\u0131n k\u0131r\u0131lmas\u0131n\u0131 \u00f6nleyen delikli bir k\u0131rma kafa hatt\u0131d\u0131r. Klas\u00f6r yap\u0131\u015ft\u0131r\u0131c\u0131s\u0131nda i\u015flemek i\u00e7in idealdir.<\/p>\n","protected":false},"excerpt":{"rendered":"<p>Creasetec<sup>&reg;<\/sup>-Multi, z\u0131mbalanacak malzemeye a\u00e7\u0131lmas\u0131 i\u00e7in daha fazla alan sa\u011flayan ve \u00fcst tabakan\u0131n k\u0131r\u0131lmas\u0131n\u0131 \u00f6nleyen delikli bir k\u0131rma kafa hatt\u0131d\u0131r. Klas\u00f6r yap\u0131\u015ft\u0131r\u0131c\u0131s\u0131nda i\u015flemek i\u00e7in idealdir.<\/p>\n","protected":false},"featured_media":147798,"template":"","meta":{"_acf_changed":false},"product_cat":[7573],"product_tag":[],"class_list":{"0":"post-167157","1":"product","2":"type-product","3":"status-publish","4":"has-post-thumbnail","6":"product_group-oluklar","7":"product_cat-duez-yatakli-kalip-kesme","8":"pa_ablaengung-1-mde","9":"pa_hoehe-223-mm-tr","10":"pa_hoehe-226-mm-tr","11":"pa_hoehe-228-mm-tr","12":"pa_hoehe-230-mm-tr","13":"pa_hoehe-231-mm-tr","14":"pa_hoehe-232-mm-tr","15":"pa_hoehe-233-mm-tr","16":"pa_hoehe-236-mm-tr","17":"pa_hoehe-238-mm-tr","18":"pa_staerke-breite-3-8-nokta","19":"pa_wicklung-durchmesser-yok","21":"first","22":"instock","23":"purchasable","24":"product-type-variable"},"acf":[],"yoast_head":"<!-- This site is optimized with the Yoast SEO plugin v22.6 - https:\/\/yoast.com\/wordpress\/plugins\/seo\/ -->\n<title>Creasetec&reg;-Multi - August Graef GNU<\/title>\n<meta name=\"description\" content=\"Delikli k\u0131rma kafa hatt\u0131 Creasetec&reg;-Multi \u25ba delinecek malzemeye a\u00e7\u0131lmas\u0131 i\u00e7in daha fazla alan sa\u011flar ve \u00fcst tabakan\u0131n k\u0131r\u0131lmas\u0131n\u0131 \u00f6nler. Burada sorgulay\u0131n!\" \/>\n<meta name=\"robots\" content=\"index, follow, max-snippet:-1, max-image-preview:large, max-video-preview:-1\" \/>\n<link rel=\"canonical\" href=\"https:\/\/graef-gnu.com\/produkt\/creasetec-multi\/\" \/>\n<meta property=\"og:locale\" content=\"tr_TR\" \/>\n<meta property=\"og:type\" content=\"article\" \/>\n<meta property=\"og:title\" content=\"Creasetec&reg;-Multi - August Graef GNU\" \/>\n<meta property=\"og:description\" content=\"Delikli k\u0131rma kafa hatt\u0131 Creasetec&reg;-Multi \u25ba delinecek malzemeye a\u00e7\u0131lmas\u0131 i\u00e7in daha fazla alan sa\u011flar ve \u00fcst tabakan\u0131n k\u0131r\u0131lmas\u0131n\u0131 \u00f6nler. Burada sorgulay\u0131n!\" \/>\n<meta property=\"og:url\" content=\"https:\/\/graef-gnu.com\/produkt\/creasetec-multi\/\" \/>\n<meta property=\"og:site_name\" content=\"August Graef GNU\" \/>\n<meta property=\"article:modified_time\" content=\"2021-10-06T14:29:45+00:00\" \/>\n<meta property=\"og:image\" content=\"https:\/\/graef-gnu.com\/wp-content\/uploads\/gnu-creastec-multi-4-8-pt-large.png\" \/>\n\t<meta property=\"og:image:width\" content=\"890\" \/>\n\t<meta property=\"og:image:height\" content=\"300\" \/>\n\t<meta property=\"og:image:type\" content=\"image\/png\" \/>\n<meta name=\"twitter:card\" content=\"summary_large_image\" \/>\n<script type=\"application\/ld+json\" class=\"yoast-schema-graph\">{\"@context\":\"https:\/\/schema.org\",\"@graph\":[{\"@type\":\"WebPage\",\"@id\":\"https:\/\/graef-gnu.com\/produkt\/creasetec-multi\/\",\"url\":\"https:\/\/graef-gnu.com\/produkt\/creasetec-multi\/\",\"name\":\"Creasetec&reg;-Multi - August Graef GNU\",\"isPartOf\":{\"@id\":\"https:\/\/graef-gnu.com\/#website\"},\"primaryImageOfPage\":{\"@id\":\"https:\/\/graef-gnu.com\/produkt\/creasetec-multi\/#primaryimage\"},\"image\":{\"@id\":\"https:\/\/graef-gnu.com\/produkt\/creasetec-multi\/#primaryimage\"},\"thumbnailUrl\":\"https:\/\/graef-gnu.com\/wp-content\/uploads\/gnu-creastec-multi-4-8-pt-large.png\",\"datePublished\":\"2021-10-06T14:27:34+00:00\",\"dateModified\":\"2021-10-06T14:29:45+00:00\",\"description\":\"Delikli k\u0131rma kafa hatt\u0131 Creasetec&reg;-Multi \u25ba delinecek malzemeye a\u00e7\u0131lmas\u0131 i\u00e7in daha fazla alan sa\u011flar ve \u00fcst tabakan\u0131n k\u0131r\u0131lmas\u0131n\u0131 \u00f6nler. Burada sorgulay\u0131n!\",\"breadcrumb\":{\"@id\":\"https:\/\/graef-gnu.com\/produkt\/creasetec-multi\/#breadcrumb\"},\"inLanguage\":\"tr\",\"potentialAction\":[{\"@type\":\"ReadAction\",\"target\":[\"https:\/\/graef-gnu.com\/produkt\/creasetec-multi\/\"]}]},{\"@type\":\"ImageObject\",\"inLanguage\":\"tr\",\"@id\":\"https:\/\/graef-gnu.com\/produkt\/creasetec-multi\/#primaryimage\",\"url\":\"https:\/\/graef-gnu.com\/wp-content\/uploads\/gnu-creastec-multi-4-8-pt-large.png\",\"contentUrl\":\"https:\/\/graef-gnu.com\/wp-content\/uploads\/gnu-creastec-multi-4-8-pt-large.png\",\"width\":890,\"height\":300},{\"@type\":\"BreadcrumbList\",\"@id\":\"https:\/\/graef-gnu.com\/produkt\/creasetec-multi\/#breadcrumb\",\"itemListElement\":[{\"@type\":\"ListItem\",\"position\":1,\"name\":\"Startseite\",\"item\":\"https:\/\/graef-gnu.com\/tr\/\"},{\"@type\":\"ListItem\",\"position\":2,\"name\":\"\u00dcr\u00fcne Genel Bak\u0131\u015f\",\"item\":\"https:\/\/graef-gnu.com\/tr\/ueruene-genel-bakis\/\"},{\"@type\":\"ListItem\",\"position\":3,\"name\":\"Creasetec&reg;-Multi\"}]},{\"@type\":\"WebSite\",\"@id\":\"https:\/\/graef-gnu.com\/#website\",\"url\":\"https:\/\/graef-gnu.com\/\",\"name\":\"August Graef GNU\",\"description\":\"\",\"potentialAction\":[{\"@type\":\"SearchAction\",\"target\":{\"@type\":\"EntryPoint\",\"urlTemplate\":\"https:\/\/graef-gnu.com\/?s={search_term_string}\"},\"query-input\":\"required name=search_term_string\"}],\"inLanguage\":\"tr\"}]}<\/script>\n<!-- \/ Yoast SEO plugin. -->","yoast_head_json":{"title":"Creasetec&reg;-Multi - August Graef GNU","description":"Delikli k\u0131rma kafa hatt\u0131 Creasetec&reg;-Multi \u25ba delinecek malzemeye a\u00e7\u0131lmas\u0131 i\u00e7in daha fazla alan sa\u011flar ve \u00fcst tabakan\u0131n k\u0131r\u0131lmas\u0131n\u0131 \u00f6nler. Burada sorgulay\u0131n!","robots":{"index":"index","follow":"follow","max-snippet":"max-snippet:-1","max-image-preview":"max-image-preview:large","max-video-preview":"max-video-preview:-1"},"canonical":"https:\/\/graef-gnu.com\/produkt\/creasetec-multi\/","og_locale":"tr_TR","og_type":"article","og_title":"Creasetec&reg;-Multi - August Graef GNU","og_description":"Delikli k\u0131rma kafa hatt\u0131 Creasetec&reg;-Multi \u25ba delinecek malzemeye a\u00e7\u0131lmas\u0131 i\u00e7in daha fazla alan sa\u011flar ve \u00fcst tabakan\u0131n k\u0131r\u0131lmas\u0131n\u0131 \u00f6nler. Burada sorgulay\u0131n!","og_url":"https:\/\/graef-gnu.com\/produkt\/creasetec-multi\/","og_site_name":"August Graef GNU","article_modified_time":"2021-10-06T14:29:45+00:00","og_image":[{"width":890,"height":300,"url":"https:\/\/graef-gnu.com\/wp-content\/uploads\/gnu-creastec-multi-4-8-pt-large.png","type":"image\/png"}],"twitter_card":"summary_large_image","schema":{"@context":"https:\/\/schema.org","@graph":[{"@type":"WebPage","@id":"https:\/\/graef-gnu.com\/produkt\/creasetec-multi\/","url":"https:\/\/graef-gnu.com\/produkt\/creasetec-multi\/","name":"Creasetec&reg;-Multi - August Graef GNU","isPartOf":{"@id":"https:\/\/graef-gnu.com\/#website"},"primaryImageOfPage":{"@id":"https:\/\/graef-gnu.com\/produkt\/creasetec-multi\/#primaryimage"},"image":{"@id":"https:\/\/graef-gnu.com\/produkt\/creasetec-multi\/#primaryimage"},"thumbnailUrl":"https:\/\/graef-gnu.com\/wp-content\/uploads\/gnu-creastec-multi-4-8-pt-large.png","datePublished":"2021-10-06T14:27:34+00:00","dateModified":"2021-10-06T14:29:45+00:00","description":"Delikli k\u0131rma kafa hatt\u0131 Creasetec&reg;-Multi \u25ba delinecek malzemeye a\u00e7\u0131lmas\u0131 i\u00e7in daha fazla alan sa\u011flar ve \u00fcst tabakan\u0131n k\u0131r\u0131lmas\u0131n\u0131 \u00f6nler. Burada sorgulay\u0131n!","breadcrumb":{"@id":"https:\/\/graef-gnu.com\/produkt\/creasetec-multi\/#breadcrumb"},"inLanguage":"tr","potentialAction":[{"@type":"ReadAction","target":["https:\/\/graef-gnu.com\/produkt\/creasetec-multi\/"]}]},{"@type":"ImageObject","inLanguage":"tr","@id":"https:\/\/graef-gnu.com\/produkt\/creasetec-multi\/#primaryimage","url":"https:\/\/graef-gnu.com\/wp-content\/uploads\/gnu-creastec-multi-4-8-pt-large.png","contentUrl":"https:\/\/graef-gnu.com\/wp-content\/uploads\/gnu-creastec-multi-4-8-pt-large.png","width":890,"height":300},{"@type":"BreadcrumbList","@id":"https:\/\/graef-gnu.com\/produkt\/creasetec-multi\/#breadcrumb","itemListElement":[{"@type":"ListItem","position":1,"name":"Startseite","item":"https:\/\/graef-gnu.com\/tr\/"},{"@type":"ListItem","position":2,"name":"\u00dcr\u00fcne Genel Bak\u0131\u015f","item":"https:\/\/graef-gnu.com\/tr\/ueruene-genel-bakis\/"},{"@type":"ListItem","position":3,"name":"Creasetec&reg;-Multi"}]},{"@type":"WebSite","@id":"https:\/\/graef-gnu.com\/#website","url":"https:\/\/graef-gnu.com\/","name":"August Graef GNU","description":"","potentialAction":[{"@type":"SearchAction","target":{"@type":"EntryPoint","urlTemplate":"https:\/\/graef-gnu.com\/?s={search_term_string}"},"query-input":"required name=search_term_string"}],"inLanguage":"tr"}]}},"_links":{"self":[{"href":"https:\/\/graef-gnu.com\/tr\/wp-json\/wp\/v2\/product\/167157","targetHints":{"allow":["GET"]}}],"collection":[{"href":"https:\/\/graef-gnu.com\/tr\/wp-json\/wp\/v2\/product"}],"about":[{"href":"https:\/\/graef-gnu.com\/tr\/wp-json\/wp\/v2\/types\/product"}],"wp:featuredmedia":[{"embeddable":true,"href":"https:\/\/graef-gnu.com\/tr\/wp-json\/wp\/v2\/media\/147798"}],"wp:attachment":[{"href":"https:\/\/graef-gnu.com\/tr\/wp-json\/wp\/v2\/media?parent=167157"}],"wp:term":[{"taxonomy":"product_cat","embeddable":true,"href":"https:\/\/graef-gnu.com\/tr\/wp-json\/wp\/v2\/product_cat?post=167157"},{"taxonomy":"product_tag","embeddable":true,"href":"https:\/\/graef-gnu.com\/tr\/wp-json\/wp\/v2\/product_tag?post=167157"}],"curies":[{"name":"wp","href":"https:\/\/api.w.org\/{rel}","templated":true}]}}