{"id":167184,"date":"2021-02-11T11:07:30","date_gmt":"2021-10-06T14:29:35","guid":{"rendered":"https:\/\/www.graef-gnu.com\/produkt\/gnu-super-duzeltme\/"},"modified":"2021-10-06T16:31:19","modified_gmt":"2021-10-06T14:31:19","slug":"gnu-super-eki","status":"publish","type":"product","link":"https:\/\/graef-gnu.com\/tr\/produkt\/gnu-super-eki\/","title":{"rendered":"GNU S\u00fcper D\u00fczeltme"},"content":{"rendered":"<p>GNU SuperFix, kal\u0131p yap\u0131m\u0131 i\u00e7in \u00f6zel olarak geli\u015ftirilmi\u015f \u00e7ok y\u00f6nl\u00fc ve g\u00fcvenilir bir s\u00fcper yap\u0131\u015ft\u0131r\u0131c\u0131d\u0131r.<\/p>\n<p><a href=\"https:\/\/graef-gnu.com\/wp-content\/uploads\/GNU-super-fix_sicherheitsdatenblatt_de.pdf\" target=\"_blank\" rel=\"noopener\">G\u00fcvenlik veri sayfas\u0131n\u0131 indirin<\/a><\/p>\n","protected":false},"excerpt":{"rendered":"<p>GNU SuperFix, kal\u0131p yap\u0131m\u0131 i\u00e7in \u00f6zel olarak geli\u015ftirilmi\u015f \u00e7ok y\u00f6nl\u00fc ve g\u00fcvenilir bir s\u00fcper yap\u0131\u015ft\u0131r\u0131c\u0131d\u0131r.<\/p>\n","protected":false},"featured_media":149403,"template":"","meta":{"_acf_changed":false},"product_cat":[7578],"product_tag":[],"class_list":{"0":"post-167184","1":"product","2":"type-product","3":"status-publish","4":"has-post-thumbnail","6":"product_group-kalip-aksesuarlari","7":"product_cat-techizat","8":"pa_dimension-30-gr","10":"first","11":"instock","12":"purchasable","13":"product-type-simple"},"acf":[],"yoast_head":"<!-- This site is optimized with the Yoast SEO plugin v22.6 - https:\/\/yoast.com\/wordpress\/plugins\/seo\/ -->\n<title>GNU S\u00fcper D\u00fczeltme - August Graef GNU<\/title>\n<meta name=\"description\" content=\"GNU SuperFix \u25ba \u00e7ok y\u00f6nl\u00fc ve g\u00fcvenilir s\u00fcper yap\u0131\u015ft\u0131r\u0131c\u0131\u2705 \u00f6zellikle kal\u0131p yap\u0131m\u0131 i\u00e7in uygundur\u2705 buradan bilgi al\u0131n ve \u00e7evrimi\u00e7i olarak sorgulay\u0131n!\" \/>\n<meta name=\"robots\" content=\"index, follow, max-snippet:-1, max-image-preview:large, max-video-preview:-1\" \/>\n<link rel=\"canonical\" href=\"https:\/\/graef-gnu.com\/produkt\/gnu-superfix\/\" \/>\n<meta property=\"og:locale\" content=\"tr_TR\" \/>\n<meta property=\"og:type\" content=\"article\" \/>\n<meta property=\"og:title\" content=\"GNU S\u00fcper D\u00fczeltme - August Graef GNU\" \/>\n<meta property=\"og:description\" content=\"GNU SuperFix \u25ba \u00e7ok y\u00f6nl\u00fc ve g\u00fcvenilir s\u00fcper yap\u0131\u015ft\u0131r\u0131c\u0131\u2705 \u00f6zellikle kal\u0131p yap\u0131m\u0131 i\u00e7in uygundur\u2705 buradan bilgi al\u0131n ve \u00e7evrimi\u00e7i olarak sorgulay\u0131n!\" \/>\n<meta property=\"og:url\" content=\"https:\/\/graef-gnu.com\/produkt\/gnu-superfix\/\" \/>\n<meta property=\"og:site_name\" content=\"August Graef GNU\" \/>\n<meta property=\"article:modified_time\" content=\"2021-10-06T14:31:19+00:00\" \/>\n<meta property=\"og:image\" content=\"https:\/\/graef-gnu.com\/wp-content\/uploads\/gnu_super-fix.jpg\" \/>\n\t<meta property=\"og:image:width\" content=\"890\" \/>\n\t<meta property=\"og:image:height\" content=\"300\" \/>\n\t<meta property=\"og:image:type\" content=\"image\/jpeg\" \/>\n<meta name=\"twitter:card\" content=\"summary_large_image\" \/>\n<script type=\"application\/ld+json\" class=\"yoast-schema-graph\">{\"@context\":\"https:\/\/schema.org\",\"@graph\":[{\"@type\":\"WebPage\",\"@id\":\"https:\/\/graef-gnu.com\/produkt\/gnu-superfix\/\",\"url\":\"https:\/\/graef-gnu.com\/produkt\/gnu-superfix\/\",\"name\":\"GNU S\u00fcper D\u00fczeltme - August Graef GNU\",\"isPartOf\":{\"@id\":\"https:\/\/graef-gnu.com\/#website\"},\"primaryImageOfPage\":{\"@id\":\"https:\/\/graef-gnu.com\/produkt\/gnu-superfix\/#primaryimage\"},\"image\":{\"@id\":\"https:\/\/graef-gnu.com\/produkt\/gnu-superfix\/#primaryimage\"},\"thumbnailUrl\":\"https:\/\/graef-gnu.com\/wp-content\/uploads\/gnu_super-fix.jpg\",\"datePublished\":\"2021-10-06T14:29:35+00:00\",\"dateModified\":\"2021-10-06T14:31:19+00:00\",\"description\":\"GNU SuperFix \u25ba \u00e7ok y\u00f6nl\u00fc ve g\u00fcvenilir s\u00fcper yap\u0131\u015ft\u0131r\u0131c\u0131\u2705 \u00f6zellikle kal\u0131p yap\u0131m\u0131 i\u00e7in uygundur\u2705 buradan bilgi al\u0131n ve \u00e7evrimi\u00e7i olarak sorgulay\u0131n!\",\"breadcrumb\":{\"@id\":\"https:\/\/graef-gnu.com\/produkt\/gnu-superfix\/#breadcrumb\"},\"inLanguage\":\"tr\",\"potentialAction\":[{\"@type\":\"ReadAction\",\"target\":[\"https:\/\/graef-gnu.com\/produkt\/gnu-superfix\/\"]}]},{\"@type\":\"ImageObject\",\"inLanguage\":\"tr\",\"@id\":\"https:\/\/graef-gnu.com\/produkt\/gnu-superfix\/#primaryimage\",\"url\":\"https:\/\/graef-gnu.com\/wp-content\/uploads\/gnu_super-fix.jpg\",\"contentUrl\":\"https:\/\/graef-gnu.com\/wp-content\/uploads\/gnu_super-fix.jpg\",\"width\":890,\"height\":300},{\"@type\":\"BreadcrumbList\",\"@id\":\"https:\/\/graef-gnu.com\/produkt\/gnu-superfix\/#breadcrumb\",\"itemListElement\":[{\"@type\":\"ListItem\",\"position\":1,\"name\":\"Startseite\",\"item\":\"https:\/\/graef-gnu.com\/tr\/\"},{\"@type\":\"ListItem\",\"position\":2,\"name\":\"\u00dcr\u00fcne Genel Bak\u0131\u015f\",\"item\":\"https:\/\/graef-gnu.com\/tr\/ueruene-genel-bakis\/\"},{\"@type\":\"ListItem\",\"position\":3,\"name\":\"GNU S\u00fcper D\u00fczeltme\"}]},{\"@type\":\"WebSite\",\"@id\":\"https:\/\/graef-gnu.com\/#website\",\"url\":\"https:\/\/graef-gnu.com\/\",\"name\":\"August Graef GNU\",\"description\":\"\",\"potentialAction\":[{\"@type\":\"SearchAction\",\"target\":{\"@type\":\"EntryPoint\",\"urlTemplate\":\"https:\/\/graef-gnu.com\/?s={search_term_string}\"},\"query-input\":\"required name=search_term_string\"}],\"inLanguage\":\"tr\"}]}<\/script>\n<!-- \/ Yoast SEO plugin. -->","yoast_head_json":{"title":"GNU S\u00fcper D\u00fczeltme - August Graef GNU","description":"GNU SuperFix \u25ba \u00e7ok y\u00f6nl\u00fc ve g\u00fcvenilir s\u00fcper yap\u0131\u015ft\u0131r\u0131c\u0131\u2705 \u00f6zellikle kal\u0131p yap\u0131m\u0131 i\u00e7in uygundur\u2705 buradan bilgi al\u0131n ve \u00e7evrimi\u00e7i olarak sorgulay\u0131n!","robots":{"index":"index","follow":"follow","max-snippet":"max-snippet:-1","max-image-preview":"max-image-preview:large","max-video-preview":"max-video-preview:-1"},"canonical":"https:\/\/graef-gnu.com\/produkt\/gnu-superfix\/","og_locale":"tr_TR","og_type":"article","og_title":"GNU S\u00fcper D\u00fczeltme - August Graef GNU","og_description":"GNU SuperFix \u25ba \u00e7ok y\u00f6nl\u00fc ve g\u00fcvenilir s\u00fcper yap\u0131\u015ft\u0131r\u0131c\u0131\u2705 \u00f6zellikle kal\u0131p yap\u0131m\u0131 i\u00e7in uygundur\u2705 buradan bilgi al\u0131n ve \u00e7evrimi\u00e7i olarak sorgulay\u0131n!","og_url":"https:\/\/graef-gnu.com\/produkt\/gnu-superfix\/","og_site_name":"August Graef GNU","article_modified_time":"2021-10-06T14:31:19+00:00","og_image":[{"width":890,"height":300,"url":"https:\/\/graef-gnu.com\/wp-content\/uploads\/gnu_super-fix.jpg","type":"image\/jpeg"}],"twitter_card":"summary_large_image","schema":{"@context":"https:\/\/schema.org","@graph":[{"@type":"WebPage","@id":"https:\/\/graef-gnu.com\/produkt\/gnu-superfix\/","url":"https:\/\/graef-gnu.com\/produkt\/gnu-superfix\/","name":"GNU S\u00fcper D\u00fczeltme - August Graef GNU","isPartOf":{"@id":"https:\/\/graef-gnu.com\/#website"},"primaryImageOfPage":{"@id":"https:\/\/graef-gnu.com\/produkt\/gnu-superfix\/#primaryimage"},"image":{"@id":"https:\/\/graef-gnu.com\/produkt\/gnu-superfix\/#primaryimage"},"thumbnailUrl":"https:\/\/graef-gnu.com\/wp-content\/uploads\/gnu_super-fix.jpg","datePublished":"2021-10-06T14:29:35+00:00","dateModified":"2021-10-06T14:31:19+00:00","description":"GNU SuperFix \u25ba \u00e7ok y\u00f6nl\u00fc ve g\u00fcvenilir s\u00fcper yap\u0131\u015ft\u0131r\u0131c\u0131\u2705 \u00f6zellikle kal\u0131p yap\u0131m\u0131 i\u00e7in uygundur\u2705 buradan bilgi al\u0131n ve \u00e7evrimi\u00e7i olarak sorgulay\u0131n!","breadcrumb":{"@id":"https:\/\/graef-gnu.com\/produkt\/gnu-superfix\/#breadcrumb"},"inLanguage":"tr","potentialAction":[{"@type":"ReadAction","target":["https:\/\/graef-gnu.com\/produkt\/gnu-superfix\/"]}]},{"@type":"ImageObject","inLanguage":"tr","@id":"https:\/\/graef-gnu.com\/produkt\/gnu-superfix\/#primaryimage","url":"https:\/\/graef-gnu.com\/wp-content\/uploads\/gnu_super-fix.jpg","contentUrl":"https:\/\/graef-gnu.com\/wp-content\/uploads\/gnu_super-fix.jpg","width":890,"height":300},{"@type":"BreadcrumbList","@id":"https:\/\/graef-gnu.com\/produkt\/gnu-superfix\/#breadcrumb","itemListElement":[{"@type":"ListItem","position":1,"name":"Startseite","item":"https:\/\/graef-gnu.com\/tr\/"},{"@type":"ListItem","position":2,"name":"\u00dcr\u00fcne Genel Bak\u0131\u015f","item":"https:\/\/graef-gnu.com\/tr\/ueruene-genel-bakis\/"},{"@type":"ListItem","position":3,"name":"GNU S\u00fcper D\u00fczeltme"}]},{"@type":"WebSite","@id":"https:\/\/graef-gnu.com\/#website","url":"https:\/\/graef-gnu.com\/","name":"August Graef GNU","description":"","potentialAction":[{"@type":"SearchAction","target":{"@type":"EntryPoint","urlTemplate":"https:\/\/graef-gnu.com\/?s={search_term_string}"},"query-input":"required name=search_term_string"}],"inLanguage":"tr"}]}},"_links":{"self":[{"href":"https:\/\/graef-gnu.com\/tr\/wp-json\/wp\/v2\/product\/167184","targetHints":{"allow":["GET"]}}],"collection":[{"href":"https:\/\/graef-gnu.com\/tr\/wp-json\/wp\/v2\/product"}],"about":[{"href":"https:\/\/graef-gnu.com\/tr\/wp-json\/wp\/v2\/types\/product"}],"wp:featuredmedia":[{"embeddable":true,"href":"https:\/\/graef-gnu.com\/tr\/wp-json\/wp\/v2\/media\/149403"}],"wp:attachment":[{"href":"https:\/\/graef-gnu.com\/tr\/wp-json\/wp\/v2\/media?parent=167184"}],"wp:term":[{"taxonomy":"product_cat","embeddable":true,"href":"https:\/\/graef-gnu.com\/tr\/wp-json\/wp\/v2\/product_cat?post=167184"},{"taxonomy":"product_tag","embeddable":true,"href":"https:\/\/graef-gnu.com\/tr\/wp-json\/wp\/v2\/product_tag?post=167184"}],"curies":[{"name":"wp","href":"https:\/\/api.w.org\/{rel}","templated":true}]}}