{"id":167238,"date":"2021-02-11T11:07:34","date_gmt":"2021-10-06T14:30:11","guid":{"rendered":"https:\/\/www.graef-gnu.com\/produkt\/gnu-cekic-pu-buyuk\/"},"modified":"2021-10-06T16:36:26","modified_gmt":"2021-10-06T14:36:26","slug":"gnu-cekic-pu-buyuk","status":"publish","type":"product","link":"https:\/\/graef-gnu.com\/tr\/produkt\/gnu-cekic-pu-buyuk\/","title":{"rendered":"GNU \u00e7eki\u00e7 PU b\u00fcy\u00fck"},"content":{"rendered":"<p>PU \u00e7eki\u00e7lerimiz y\u00fcksek kaliteli poli\u00fcretandan yap\u0131lm\u0131\u015ft\u0131r. Bu vazge\u00e7ilmez alet uzun bir kullan\u0131m \u00f6mr\u00fcne sahiptir ve \u00f6zel olarak uyarlanm\u0131\u015f sertlik kar\u0131\u015f\u0131m\u0131ndan kesme kenar\u0131 zarar g\u00f6rmez.<\/p>\n","protected":false},"excerpt":{"rendered":"<p>PU \u00e7eki\u00e7lerimiz y\u00fcksek kaliteli poli\u00fcretandan yap\u0131lm\u0131\u015ft\u0131r. Bu vazge\u00e7ilmez alet uzun bir kullan\u0131m \u00f6mr\u00fcne sahiptir ve \u00f6zel olarak uyarlanm\u0131\u015f sertlik kar\u0131\u015f\u0131m\u0131ndan kesme kenar\u0131 zarar g\u00f6rmez.<\/p>\n","protected":false},"featured_media":149910,"template":"","meta":{"_acf_changed":false},"product_cat":[7578],"product_tag":[],"class_list":{"0":"post-167238","1":"product","2":"type-product","3":"status-publish","4":"has-post-thumbnail","6":"product_group-kalip-aksesuarlari","7":"product_cat-techizat","8":"pa_dimension-125-x-70-mm-tr","10":"first","11":"instock","12":"purchasable","13":"product-type-simple"},"acf":[],"yoast_head":"<!-- This site is optimized with the Yoast SEO plugin v22.6 - https:\/\/yoast.com\/wordpress\/plugins\/seo\/ -->\n<title>GNU \u00e7eki\u00e7 PU b\u00fcy\u00fck - August Graef GNU<\/title>\n<meta name=\"description\" content=\"Y\u00fcksek kaliteli poli\u00fcretandan yap\u0131lm\u0131\u015f PU \u00e7eki\u00e7ler \u25ba Uzun kullan\u0131m \u00f6mr\u00fc ve keskin u\u00e7lu, \u00f6zel olarak uyarlanm\u0131\u015f sertlik kar\u0131\u015f\u0131m\u0131ndan zarar g\u00f6rmez\u2705 Buradan bilgi al\u0131n!\" \/>\n<meta name=\"robots\" content=\"index, follow, max-snippet:-1, max-image-preview:large, max-video-preview:-1\" \/>\n<link rel=\"canonical\" href=\"https:\/\/graef-gnu.com\/produkt\/gnu-hammer-pu-gross\/\" \/>\n<meta property=\"og:locale\" content=\"tr_TR\" \/>\n<meta property=\"og:type\" content=\"article\" \/>\n<meta property=\"og:title\" content=\"GNU \u00e7eki\u00e7 PU b\u00fcy\u00fck - August Graef GNU\" \/>\n<meta property=\"og:description\" content=\"Y\u00fcksek kaliteli poli\u00fcretandan yap\u0131lm\u0131\u015f PU \u00e7eki\u00e7ler \u25ba Uzun kullan\u0131m \u00f6mr\u00fc ve keskin u\u00e7lu, \u00f6zel olarak uyarlanm\u0131\u015f sertlik kar\u0131\u015f\u0131m\u0131ndan zarar g\u00f6rmez\u2705 Buradan bilgi al\u0131n!\" \/>\n<meta property=\"og:url\" content=\"https:\/\/graef-gnu.com\/produkt\/gnu-hammer-pu-gross\/\" \/>\n<meta property=\"og:site_name\" content=\"August Graef GNU\" \/>\n<meta property=\"article:modified_time\" content=\"2021-10-06T14:36:26+00:00\" \/>\n<meta property=\"og:image\" content=\"https:\/\/graef-gnu.com\/wp-content\/uploads\/gnu_hammer_pu_gross-1.jpg\" \/>\n\t<meta property=\"og:image:width\" content=\"1854\" \/>\n\t<meta property=\"og:image:height\" content=\"625\" \/>\n\t<meta property=\"og:image:type\" content=\"image\/jpeg\" \/>\n<meta name=\"twitter:card\" content=\"summary_large_image\" \/>\n<script type=\"application\/ld+json\" class=\"yoast-schema-graph\">{\"@context\":\"https:\/\/schema.org\",\"@graph\":[{\"@type\":\"WebPage\",\"@id\":\"https:\/\/graef-gnu.com\/produkt\/gnu-hammer-pu-gross\/\",\"url\":\"https:\/\/graef-gnu.com\/produkt\/gnu-hammer-pu-gross\/\",\"name\":\"GNU \u00e7eki\u00e7 PU b\u00fcy\u00fck - August Graef GNU\",\"isPartOf\":{\"@id\":\"https:\/\/graef-gnu.com\/#website\"},\"primaryImageOfPage\":{\"@id\":\"https:\/\/graef-gnu.com\/produkt\/gnu-hammer-pu-gross\/#primaryimage\"},\"image\":{\"@id\":\"https:\/\/graef-gnu.com\/produkt\/gnu-hammer-pu-gross\/#primaryimage\"},\"thumbnailUrl\":\"https:\/\/graef-gnu.com\/wp-content\/uploads\/gnu_hammer_pu_gross-1.jpg\",\"datePublished\":\"2021-10-06T14:30:11+00:00\",\"dateModified\":\"2021-10-06T14:36:26+00:00\",\"description\":\"Y\u00fcksek kaliteli poli\u00fcretandan yap\u0131lm\u0131\u015f PU \u00e7eki\u00e7ler \u25ba Uzun kullan\u0131m \u00f6mr\u00fc ve keskin u\u00e7lu, \u00f6zel olarak uyarlanm\u0131\u015f sertlik kar\u0131\u015f\u0131m\u0131ndan zarar g\u00f6rmez\u2705 Buradan bilgi al\u0131n!\",\"breadcrumb\":{\"@id\":\"https:\/\/graef-gnu.com\/produkt\/gnu-hammer-pu-gross\/#breadcrumb\"},\"inLanguage\":\"tr\",\"potentialAction\":[{\"@type\":\"ReadAction\",\"target\":[\"https:\/\/graef-gnu.com\/produkt\/gnu-hammer-pu-gross\/\"]}]},{\"@type\":\"ImageObject\",\"inLanguage\":\"tr\",\"@id\":\"https:\/\/graef-gnu.com\/produkt\/gnu-hammer-pu-gross\/#primaryimage\",\"url\":\"https:\/\/graef-gnu.com\/wp-content\/uploads\/gnu_hammer_pu_gross-1.jpg\",\"contentUrl\":\"https:\/\/graef-gnu.com\/wp-content\/uploads\/gnu_hammer_pu_gross-1.jpg\",\"width\":1854,\"height\":625},{\"@type\":\"BreadcrumbList\",\"@id\":\"https:\/\/graef-gnu.com\/produkt\/gnu-hammer-pu-gross\/#breadcrumb\",\"itemListElement\":[{\"@type\":\"ListItem\",\"position\":1,\"name\":\"Startseite\",\"item\":\"https:\/\/graef-gnu.com\/tr\/\"},{\"@type\":\"ListItem\",\"position\":2,\"name\":\"\u00dcr\u00fcne Genel Bak\u0131\u015f\",\"item\":\"https:\/\/graef-gnu.com\/tr\/ueruene-genel-bakis\/\"},{\"@type\":\"ListItem\",\"position\":3,\"name\":\"GNU \u00e7eki\u00e7 PU b\u00fcy\u00fck\"}]},{\"@type\":\"WebSite\",\"@id\":\"https:\/\/graef-gnu.com\/#website\",\"url\":\"https:\/\/graef-gnu.com\/\",\"name\":\"August Graef GNU\",\"description\":\"\",\"potentialAction\":[{\"@type\":\"SearchAction\",\"target\":{\"@type\":\"EntryPoint\",\"urlTemplate\":\"https:\/\/graef-gnu.com\/?s={search_term_string}\"},\"query-input\":\"required name=search_term_string\"}],\"inLanguage\":\"tr\"}]}<\/script>\n<!-- \/ Yoast SEO plugin. -->","yoast_head_json":{"title":"GNU \u00e7eki\u00e7 PU b\u00fcy\u00fck - August Graef GNU","description":"Y\u00fcksek kaliteli poli\u00fcretandan yap\u0131lm\u0131\u015f PU \u00e7eki\u00e7ler \u25ba Uzun kullan\u0131m \u00f6mr\u00fc ve keskin u\u00e7lu, \u00f6zel olarak uyarlanm\u0131\u015f sertlik kar\u0131\u015f\u0131m\u0131ndan zarar g\u00f6rmez\u2705 Buradan bilgi al\u0131n!","robots":{"index":"index","follow":"follow","max-snippet":"max-snippet:-1","max-image-preview":"max-image-preview:large","max-video-preview":"max-video-preview:-1"},"canonical":"https:\/\/graef-gnu.com\/produkt\/gnu-hammer-pu-gross\/","og_locale":"tr_TR","og_type":"article","og_title":"GNU \u00e7eki\u00e7 PU b\u00fcy\u00fck - August Graef GNU","og_description":"Y\u00fcksek kaliteli poli\u00fcretandan yap\u0131lm\u0131\u015f PU \u00e7eki\u00e7ler \u25ba Uzun kullan\u0131m \u00f6mr\u00fc ve keskin u\u00e7lu, \u00f6zel olarak uyarlanm\u0131\u015f sertlik kar\u0131\u015f\u0131m\u0131ndan zarar g\u00f6rmez\u2705 Buradan bilgi al\u0131n!","og_url":"https:\/\/graef-gnu.com\/produkt\/gnu-hammer-pu-gross\/","og_site_name":"August Graef GNU","article_modified_time":"2021-10-06T14:36:26+00:00","og_image":[{"width":1854,"height":625,"url":"https:\/\/graef-gnu.com\/wp-content\/uploads\/gnu_hammer_pu_gross-1.jpg","type":"image\/jpeg"}],"twitter_card":"summary_large_image","schema":{"@context":"https:\/\/schema.org","@graph":[{"@type":"WebPage","@id":"https:\/\/graef-gnu.com\/produkt\/gnu-hammer-pu-gross\/","url":"https:\/\/graef-gnu.com\/produkt\/gnu-hammer-pu-gross\/","name":"GNU \u00e7eki\u00e7 PU b\u00fcy\u00fck - August Graef GNU","isPartOf":{"@id":"https:\/\/graef-gnu.com\/#website"},"primaryImageOfPage":{"@id":"https:\/\/graef-gnu.com\/produkt\/gnu-hammer-pu-gross\/#primaryimage"},"image":{"@id":"https:\/\/graef-gnu.com\/produkt\/gnu-hammer-pu-gross\/#primaryimage"},"thumbnailUrl":"https:\/\/graef-gnu.com\/wp-content\/uploads\/gnu_hammer_pu_gross-1.jpg","datePublished":"2021-10-06T14:30:11+00:00","dateModified":"2021-10-06T14:36:26+00:00","description":"Y\u00fcksek kaliteli poli\u00fcretandan yap\u0131lm\u0131\u015f PU \u00e7eki\u00e7ler \u25ba Uzun kullan\u0131m \u00f6mr\u00fc ve keskin u\u00e7lu, \u00f6zel olarak uyarlanm\u0131\u015f sertlik kar\u0131\u015f\u0131m\u0131ndan zarar g\u00f6rmez\u2705 Buradan bilgi al\u0131n!","breadcrumb":{"@id":"https:\/\/graef-gnu.com\/produkt\/gnu-hammer-pu-gross\/#breadcrumb"},"inLanguage":"tr","potentialAction":[{"@type":"ReadAction","target":["https:\/\/graef-gnu.com\/produkt\/gnu-hammer-pu-gross\/"]}]},{"@type":"ImageObject","inLanguage":"tr","@id":"https:\/\/graef-gnu.com\/produkt\/gnu-hammer-pu-gross\/#primaryimage","url":"https:\/\/graef-gnu.com\/wp-content\/uploads\/gnu_hammer_pu_gross-1.jpg","contentUrl":"https:\/\/graef-gnu.com\/wp-content\/uploads\/gnu_hammer_pu_gross-1.jpg","width":1854,"height":625},{"@type":"BreadcrumbList","@id":"https:\/\/graef-gnu.com\/produkt\/gnu-hammer-pu-gross\/#breadcrumb","itemListElement":[{"@type":"ListItem","position":1,"name":"Startseite","item":"https:\/\/graef-gnu.com\/tr\/"},{"@type":"ListItem","position":2,"name":"\u00dcr\u00fcne Genel Bak\u0131\u015f","item":"https:\/\/graef-gnu.com\/tr\/ueruene-genel-bakis\/"},{"@type":"ListItem","position":3,"name":"GNU \u00e7eki\u00e7 PU b\u00fcy\u00fck"}]},{"@type":"WebSite","@id":"https:\/\/graef-gnu.com\/#website","url":"https:\/\/graef-gnu.com\/","name":"August Graef GNU","description":"","potentialAction":[{"@type":"SearchAction","target":{"@type":"EntryPoint","urlTemplate":"https:\/\/graef-gnu.com\/?s={search_term_string}"},"query-input":"required name=search_term_string"}],"inLanguage":"tr"}]}},"_links":{"self":[{"href":"https:\/\/graef-gnu.com\/tr\/wp-json\/wp\/v2\/product\/167238","targetHints":{"allow":["GET"]}}],"collection":[{"href":"https:\/\/graef-gnu.com\/tr\/wp-json\/wp\/v2\/product"}],"about":[{"href":"https:\/\/graef-gnu.com\/tr\/wp-json\/wp\/v2\/types\/product"}],"wp:featuredmedia":[{"embeddable":true,"href":"https:\/\/graef-gnu.com\/tr\/wp-json\/wp\/v2\/media\/149910"}],"wp:attachment":[{"href":"https:\/\/graef-gnu.com\/tr\/wp-json\/wp\/v2\/media?parent=167238"}],"wp:term":[{"taxonomy":"product_cat","embeddable":true,"href":"https:\/\/graef-gnu.com\/tr\/wp-json\/wp\/v2\/product_cat?post=167238"},{"taxonomy":"product_tag","embeddable":true,"href":"https:\/\/graef-gnu.com\/tr\/wp-json\/wp\/v2\/product_tag?post=167238"}],"curies":[{"name":"wp","href":"https:\/\/api.w.org\/{rel}","templated":true}]}}