{"id":167265,"date":"2021-02-11T11:07:34","date_gmt":"2021-10-06T14:31:16","guid":{"rendered":"https:\/\/www.graef-gnu.com\/produkt\/kol-makasi-h68\/"},"modified":"2021-10-06T16:39:23","modified_gmt":"2021-10-06T14:39:23","slug":"kaldirac-makas-h68","status":"publish","type":"product","link":"https:\/\/graef-gnu.com\/tr\/produkt\/kaldirac-makas-h68\/","title":{"rendered":"Kol makas\u0131 H68"},"content":{"rendered":"<p>Kusursuz birle\u015fimler ve d\u00fcz kesim i\u00e7in hatlar\u0131n u\u00e7lar\u0131ndaki \u00e7\u0131k\u0131nt\u0131lar\u0131 kesmek i\u00e7in. Kararl\u0131 krom kapl\u0131 tamamen \u00e7elik yap\u0131.<\/p>\n<p>\u0130yi g\u00fc\u00e7 aktar\u0131m\u0131 sayesinde 4 nokta kal\u0131nl\u0131\u011fa kadar olan hatlar \u00e7apaks\u0131z kesilebilir. Kol konumu di\u015fli par\u00e7alar ile de\u011fi\u015ftirilebilir. Farkl\u0131 \u00e7izgi geni\u015fliklerinde \u00e7\u0131k\u0131nt\u0131lar\u0131n kademesiz kesimi i\u00e7in, iki adet d\u00f6nd\u00fcr\u00fclebilir, t\u0131rt\u0131kl\u0131 oymal\u0131 \u00f6l\u00e7ekleme buton \u00e7al\u0131\u015ft\u0131r\u0131l\u0131r. Makas, hassas bir \u00f6l\u00e7\u00fcm cihaz\u0131 ile donat\u0131lm\u0131\u015ft\u0131r.<\/p>\n","protected":false},"excerpt":{"rendered":"<p>Kusursuz birle\u015fimler ve d\u00fcz kesim i\u00e7in hatlar\u0131n u\u00e7lar\u0131ndaki \u00e7\u0131k\u0131nt\u0131lar\u0131 kesmek i\u00e7in. 4 pt&#8217;ye kadar stabil krom kapl\u0131 tamamen \u00e7elik yap\u0131. Kuvvet.<\/p>\n<p>&nbsp;<\/p>\n","protected":false},"featured_media":149415,"template":"","meta":{"_acf_changed":false},"product_cat":[7578],"product_tag":[],"class_list":{"0":"post-167265","1":"product","2":"type-product","3":"status-publish","4":"has-post-thumbnail","6":"product_group-kalip-aksesuarlari","7":"product_cat-techizat","9":"first","10":"instock","11":"purchasable","12":"product-type-simple"},"acf":[],"yoast_head":"<!-- This site is optimized with the Yoast SEO plugin v22.6 - https:\/\/yoast.com\/wordpress\/plugins\/seo\/ -->\n<title>Kol makas\u0131 H68 - August Graef GNU<\/title>\n<meta name=\"robots\" content=\"index, follow, max-snippet:-1, max-image-preview:large, max-video-preview:-1\" \/>\n<link rel=\"canonical\" href=\"https:\/\/graef-gnu.com\/produkt\/hebelschere-h68\/\" \/>\n<meta property=\"og:locale\" content=\"tr_TR\" \/>\n<meta property=\"og:type\" content=\"article\" \/>\n<meta property=\"og:title\" content=\"Kol makas\u0131 H68 - August Graef GNU\" \/>\n<meta property=\"og:description\" content=\"Kusursuz birle\u015fimler ve d\u00fcz kesim i\u00e7in hatlar\u0131n u\u00e7lar\u0131ndaki \u00e7\u0131k\u0131nt\u0131lar\u0131 kesmek i\u00e7in. 4 pt&#039;ye kadar stabil krom kapl\u0131 tamamen \u00e7elik yap\u0131. Kuvvet. &nbsp;\" \/>\n<meta property=\"og:url\" content=\"https:\/\/graef-gnu.com\/produkt\/hebelschere-h68\/\" \/>\n<meta property=\"og:site_name\" content=\"August Graef GNU\" \/>\n<meta property=\"article:modified_time\" content=\"2021-10-06T14:39:23+00:00\" \/>\n<meta property=\"og:image\" content=\"https:\/\/graef-gnu.com\/wp-content\/uploads\/gnu_hebelschere_h68.jpg\" \/>\n\t<meta property=\"og:image:width\" content=\"890\" \/>\n\t<meta property=\"og:image:height\" content=\"300\" \/>\n\t<meta property=\"og:image:type\" content=\"image\/jpeg\" \/>\n<meta name=\"twitter:card\" content=\"summary_large_image\" \/>\n<script type=\"application\/ld+json\" class=\"yoast-schema-graph\">{\"@context\":\"https:\/\/schema.org\",\"@graph\":[{\"@type\":\"WebPage\",\"@id\":\"https:\/\/graef-gnu.com\/produkt\/hebelschere-h68\/\",\"url\":\"https:\/\/graef-gnu.com\/produkt\/hebelschere-h68\/\",\"name\":\"Kol makas\u0131 H68 - August Graef GNU\",\"isPartOf\":{\"@id\":\"https:\/\/graef-gnu.com\/#website\"},\"primaryImageOfPage\":{\"@id\":\"https:\/\/graef-gnu.com\/produkt\/hebelschere-h68\/#primaryimage\"},\"image\":{\"@id\":\"https:\/\/graef-gnu.com\/produkt\/hebelschere-h68\/#primaryimage\"},\"thumbnailUrl\":\"https:\/\/graef-gnu.com\/wp-content\/uploads\/gnu_hebelschere_h68.jpg\",\"datePublished\":\"2021-10-06T14:31:16+00:00\",\"dateModified\":\"2021-10-06T14:39:23+00:00\",\"breadcrumb\":{\"@id\":\"https:\/\/graef-gnu.com\/produkt\/hebelschere-h68\/#breadcrumb\"},\"inLanguage\":\"tr\",\"potentialAction\":[{\"@type\":\"ReadAction\",\"target\":[\"https:\/\/graef-gnu.com\/produkt\/hebelschere-h68\/\"]}]},{\"@type\":\"ImageObject\",\"inLanguage\":\"tr\",\"@id\":\"https:\/\/graef-gnu.com\/produkt\/hebelschere-h68\/#primaryimage\",\"url\":\"https:\/\/graef-gnu.com\/wp-content\/uploads\/gnu_hebelschere_h68.jpg\",\"contentUrl\":\"https:\/\/graef-gnu.com\/wp-content\/uploads\/gnu_hebelschere_h68.jpg\",\"width\":890,\"height\":300},{\"@type\":\"BreadcrumbList\",\"@id\":\"https:\/\/graef-gnu.com\/produkt\/hebelschere-h68\/#breadcrumb\",\"itemListElement\":[{\"@type\":\"ListItem\",\"position\":1,\"name\":\"Startseite\",\"item\":\"https:\/\/graef-gnu.com\/tr\/\"},{\"@type\":\"ListItem\",\"position\":2,\"name\":\"\u00dcr\u00fcne Genel Bak\u0131\u015f\",\"item\":\"https:\/\/graef-gnu.com\/tr\/ueruene-genel-bakis\/\"},{\"@type\":\"ListItem\",\"position\":3,\"name\":\"Kol makas\u0131 H68\"}]},{\"@type\":\"WebSite\",\"@id\":\"https:\/\/graef-gnu.com\/#website\",\"url\":\"https:\/\/graef-gnu.com\/\",\"name\":\"August Graef GNU\",\"description\":\"\",\"potentialAction\":[{\"@type\":\"SearchAction\",\"target\":{\"@type\":\"EntryPoint\",\"urlTemplate\":\"https:\/\/graef-gnu.com\/?s={search_term_string}\"},\"query-input\":\"required name=search_term_string\"}],\"inLanguage\":\"tr\"}]}<\/script>\n<!-- \/ Yoast SEO plugin. -->","yoast_head_json":{"title":"Kol makas\u0131 H68 - August Graef GNU","robots":{"index":"index","follow":"follow","max-snippet":"max-snippet:-1","max-image-preview":"max-image-preview:large","max-video-preview":"max-video-preview:-1"},"canonical":"https:\/\/graef-gnu.com\/produkt\/hebelschere-h68\/","og_locale":"tr_TR","og_type":"article","og_title":"Kol makas\u0131 H68 - August Graef GNU","og_description":"Kusursuz birle\u015fimler ve d\u00fcz kesim i\u00e7in hatlar\u0131n u\u00e7lar\u0131ndaki \u00e7\u0131k\u0131nt\u0131lar\u0131 kesmek i\u00e7in. 4 pt'ye kadar stabil krom kapl\u0131 tamamen \u00e7elik yap\u0131. Kuvvet. &nbsp;","og_url":"https:\/\/graef-gnu.com\/produkt\/hebelschere-h68\/","og_site_name":"August Graef GNU","article_modified_time":"2021-10-06T14:39:23+00:00","og_image":[{"width":890,"height":300,"url":"https:\/\/graef-gnu.com\/wp-content\/uploads\/gnu_hebelschere_h68.jpg","type":"image\/jpeg"}],"twitter_card":"summary_large_image","schema":{"@context":"https:\/\/schema.org","@graph":[{"@type":"WebPage","@id":"https:\/\/graef-gnu.com\/produkt\/hebelschere-h68\/","url":"https:\/\/graef-gnu.com\/produkt\/hebelschere-h68\/","name":"Kol makas\u0131 H68 - August Graef GNU","isPartOf":{"@id":"https:\/\/graef-gnu.com\/#website"},"primaryImageOfPage":{"@id":"https:\/\/graef-gnu.com\/produkt\/hebelschere-h68\/#primaryimage"},"image":{"@id":"https:\/\/graef-gnu.com\/produkt\/hebelschere-h68\/#primaryimage"},"thumbnailUrl":"https:\/\/graef-gnu.com\/wp-content\/uploads\/gnu_hebelschere_h68.jpg","datePublished":"2021-10-06T14:31:16+00:00","dateModified":"2021-10-06T14:39:23+00:00","breadcrumb":{"@id":"https:\/\/graef-gnu.com\/produkt\/hebelschere-h68\/#breadcrumb"},"inLanguage":"tr","potentialAction":[{"@type":"ReadAction","target":["https:\/\/graef-gnu.com\/produkt\/hebelschere-h68\/"]}]},{"@type":"ImageObject","inLanguage":"tr","@id":"https:\/\/graef-gnu.com\/produkt\/hebelschere-h68\/#primaryimage","url":"https:\/\/graef-gnu.com\/wp-content\/uploads\/gnu_hebelschere_h68.jpg","contentUrl":"https:\/\/graef-gnu.com\/wp-content\/uploads\/gnu_hebelschere_h68.jpg","width":890,"height":300},{"@type":"BreadcrumbList","@id":"https:\/\/graef-gnu.com\/produkt\/hebelschere-h68\/#breadcrumb","itemListElement":[{"@type":"ListItem","position":1,"name":"Startseite","item":"https:\/\/graef-gnu.com\/tr\/"},{"@type":"ListItem","position":2,"name":"\u00dcr\u00fcne Genel Bak\u0131\u015f","item":"https:\/\/graef-gnu.com\/tr\/ueruene-genel-bakis\/"},{"@type":"ListItem","position":3,"name":"Kol makas\u0131 H68"}]},{"@type":"WebSite","@id":"https:\/\/graef-gnu.com\/#website","url":"https:\/\/graef-gnu.com\/","name":"August Graef GNU","description":"","potentialAction":[{"@type":"SearchAction","target":{"@type":"EntryPoint","urlTemplate":"https:\/\/graef-gnu.com\/?s={search_term_string}"},"query-input":"required name=search_term_string"}],"inLanguage":"tr"}]}},"_links":{"self":[{"href":"https:\/\/graef-gnu.com\/tr\/wp-json\/wp\/v2\/product\/167265","targetHints":{"allow":["GET"]}}],"collection":[{"href":"https:\/\/graef-gnu.com\/tr\/wp-json\/wp\/v2\/product"}],"about":[{"href":"https:\/\/graef-gnu.com\/tr\/wp-json\/wp\/v2\/types\/product"}],"wp:featuredmedia":[{"embeddable":true,"href":"https:\/\/graef-gnu.com\/tr\/wp-json\/wp\/v2\/media\/149415"}],"wp:attachment":[{"href":"https:\/\/graef-gnu.com\/tr\/wp-json\/wp\/v2\/media?parent=167265"}],"wp:term":[{"taxonomy":"product_cat","embeddable":true,"href":"https:\/\/graef-gnu.com\/tr\/wp-json\/wp\/v2\/product_cat?post=167265"},{"taxonomy":"product_tag","embeddable":true,"href":"https:\/\/graef-gnu.com\/tr\/wp-json\/wp\/v2\/product_tag?post=167265"}],"curies":[{"name":"wp","href":"https:\/\/api.w.org\/{rel}","templated":true}]}}