{"id":167268,"date":"2021-02-11T11:07:34","date_gmt":"2021-10-06T14:31:18","guid":{"rendered":"https:\/\/www.graef-gnu.com\/produkt\/kol-makasi-h77\/"},"modified":"2021-10-06T16:36:05","modified_gmt":"2021-10-06T14:36:05","slug":"kaldirac-makas-h77","status":"publish","type":"product","link":"https:\/\/graef-gnu.com\/tr\/produkt\/kaldirac-makas-h77\/","title":{"rendered":"Kol makas\u0131 H77"},"content":{"rendered":"<p>Kol makas\u0131 H77<\/p>\n<p>\u00c7\u0131k\u0131nt\u0131lar 100 x 1,42 mm&#8217;ye kadar olan hatlarda d\u00fcz, temiz ve bozulma olmadan kesilebilir.<br \/>\nFarkl\u0131 \u00e7izgi geni\u015fliklerinin \u00e7\u0131k\u0131nt\u0131s\u0131n\u0131 s\u00fcrekli olarak ayarlamak i\u00e7in oyulmu\u015f \u00f6l\u00e7eklemeli iki d\u00f6nd\u00fcr\u00fclebilir, t\u0131rt\u0131kl\u0131 d\u00fc\u011fme kullan\u0131l\u0131r. \u00c7izgiler de uzunlamas\u0131na kesilebilir.<\/p>\n<p>S\u0131kl\u0131kla yeniden keskinle\u015ftirilebilen bir b\u0131\u00e7ak seti ile.<\/p>\n<p>Katlanabilir bir tutma cihaz\u0131, malzemenin kaymas\u0131n\u0131 \u00f6nler. Ge\u00e7i\u015f kolu ile iyi bir g\u00fc\u00e7 aktar\u0131m\u0131 sa\u011flan\u0131r. Kuvvetin daha iyi kullan\u0131lmas\u0131 i\u00e7in kol konumu de\u011fi\u015ftirilebilir. \u0130nce ayar ile \u00e7izgiler hassas bir \u015fekilde kesilebilir. Makine sa\u011flam, krom kapl\u0131 tamamen \u00e7elik bir konstr\u00fcksiyondan olu\u015fur.<\/p>\n","protected":false},"excerpt":{"rendered":"<p>100 x 1,42 mm&#8217;ye kadar olan hatlar d\u00fcz, temiz ve sark\u0131k \u00e7\u0131k\u0131nt\u0131lar olmadan kesilebilir.<\/p>\n","protected":false},"featured_media":149418,"template":"","meta":{"_acf_changed":false},"product_cat":[7578],"product_tag":[],"class_list":{"0":"post-167268","1":"product","2":"type-product","3":"status-publish","4":"has-post-thumbnail","6":"product_group-kalip-aksesuarlari","7":"product_cat-techizat","9":"first","10":"instock","11":"purchasable","12":"product-type-simple"},"acf":[],"yoast_head":"<!-- This site is optimized with the Yoast SEO plugin v22.6 - https:\/\/yoast.com\/wordpress\/plugins\/seo\/ -->\n<title>Kol makas\u0131 H77 - August Graef GNU<\/title>\n<meta name=\"robots\" content=\"index, follow, max-snippet:-1, max-image-preview:large, max-video-preview:-1\" \/>\n<link rel=\"canonical\" href=\"https:\/\/graef-gnu.com\/produkt\/hebelschere-h77\/\" \/>\n<meta property=\"og:locale\" content=\"tr_TR\" \/>\n<meta property=\"og:type\" content=\"article\" \/>\n<meta property=\"og:title\" content=\"Kol makas\u0131 H77 - August Graef GNU\" \/>\n<meta property=\"og:description\" content=\"100 x 1,42 mm&#039;ye kadar olan hatlar d\u00fcz, temiz ve sark\u0131k \u00e7\u0131k\u0131nt\u0131lar olmadan kesilebilir.\" \/>\n<meta property=\"og:url\" content=\"https:\/\/graef-gnu.com\/produkt\/hebelschere-h77\/\" \/>\n<meta property=\"og:site_name\" content=\"August Graef GNU\" \/>\n<meta property=\"article:modified_time\" content=\"2021-10-06T14:36:05+00:00\" \/>\n<meta property=\"og:image\" content=\"https:\/\/graef-gnu.com\/wp-content\/uploads\/gnu_hebelschere_h77.jpg\" \/>\n\t<meta property=\"og:image:width\" content=\"890\" \/>\n\t<meta property=\"og:image:height\" content=\"300\" \/>\n\t<meta property=\"og:image:type\" content=\"image\/jpeg\" \/>\n<meta name=\"twitter:card\" content=\"summary_large_image\" \/>\n<meta name=\"twitter:label1\" content=\"Tahmini okuma s\u00fcresi\" \/>\n\t<meta name=\"twitter:data1\" content=\"1 dakika\" \/>\n<script type=\"application\/ld+json\" class=\"yoast-schema-graph\">{\"@context\":\"https:\/\/schema.org\",\"@graph\":[{\"@type\":\"WebPage\",\"@id\":\"https:\/\/graef-gnu.com\/produkt\/hebelschere-h77\/\",\"url\":\"https:\/\/graef-gnu.com\/produkt\/hebelschere-h77\/\",\"name\":\"Kol makas\u0131 H77 - August Graef GNU\",\"isPartOf\":{\"@id\":\"https:\/\/graef-gnu.com\/#website\"},\"primaryImageOfPage\":{\"@id\":\"https:\/\/graef-gnu.com\/produkt\/hebelschere-h77\/#primaryimage\"},\"image\":{\"@id\":\"https:\/\/graef-gnu.com\/produkt\/hebelschere-h77\/#primaryimage\"},\"thumbnailUrl\":\"https:\/\/graef-gnu.com\/wp-content\/uploads\/gnu_hebelschere_h77.jpg\",\"datePublished\":\"2021-10-06T14:31:18+00:00\",\"dateModified\":\"2021-10-06T14:36:05+00:00\",\"breadcrumb\":{\"@id\":\"https:\/\/graef-gnu.com\/produkt\/hebelschere-h77\/#breadcrumb\"},\"inLanguage\":\"tr\",\"potentialAction\":[{\"@type\":\"ReadAction\",\"target\":[\"https:\/\/graef-gnu.com\/produkt\/hebelschere-h77\/\"]}]},{\"@type\":\"ImageObject\",\"inLanguage\":\"tr\",\"@id\":\"https:\/\/graef-gnu.com\/produkt\/hebelschere-h77\/#primaryimage\",\"url\":\"https:\/\/graef-gnu.com\/wp-content\/uploads\/gnu_hebelschere_h77.jpg\",\"contentUrl\":\"https:\/\/graef-gnu.com\/wp-content\/uploads\/gnu_hebelschere_h77.jpg\",\"width\":890,\"height\":300},{\"@type\":\"BreadcrumbList\",\"@id\":\"https:\/\/graef-gnu.com\/produkt\/hebelschere-h77\/#breadcrumb\",\"itemListElement\":[{\"@type\":\"ListItem\",\"position\":1,\"name\":\"Startseite\",\"item\":\"https:\/\/graef-gnu.com\/tr\/\"},{\"@type\":\"ListItem\",\"position\":2,\"name\":\"\u00dcr\u00fcne Genel Bak\u0131\u015f\",\"item\":\"https:\/\/graef-gnu.com\/tr\/ueruene-genel-bakis\/\"},{\"@type\":\"ListItem\",\"position\":3,\"name\":\"Kol makas\u0131 H77\"}]},{\"@type\":\"WebSite\",\"@id\":\"https:\/\/graef-gnu.com\/#website\",\"url\":\"https:\/\/graef-gnu.com\/\",\"name\":\"August Graef GNU\",\"description\":\"\",\"potentialAction\":[{\"@type\":\"SearchAction\",\"target\":{\"@type\":\"EntryPoint\",\"urlTemplate\":\"https:\/\/graef-gnu.com\/?s={search_term_string}\"},\"query-input\":\"required name=search_term_string\"}],\"inLanguage\":\"tr\"}]}<\/script>\n<!-- \/ Yoast SEO plugin. -->","yoast_head_json":{"title":"Kol makas\u0131 H77 - August Graef GNU","robots":{"index":"index","follow":"follow","max-snippet":"max-snippet:-1","max-image-preview":"max-image-preview:large","max-video-preview":"max-video-preview:-1"},"canonical":"https:\/\/graef-gnu.com\/produkt\/hebelschere-h77\/","og_locale":"tr_TR","og_type":"article","og_title":"Kol makas\u0131 H77 - August Graef GNU","og_description":"100 x 1,42 mm'ye kadar olan hatlar d\u00fcz, temiz ve sark\u0131k \u00e7\u0131k\u0131nt\u0131lar olmadan kesilebilir.","og_url":"https:\/\/graef-gnu.com\/produkt\/hebelschere-h77\/","og_site_name":"August Graef GNU","article_modified_time":"2021-10-06T14:36:05+00:00","og_image":[{"width":890,"height":300,"url":"https:\/\/graef-gnu.com\/wp-content\/uploads\/gnu_hebelschere_h77.jpg","type":"image\/jpeg"}],"twitter_card":"summary_large_image","twitter_misc":{"Tahmini okuma s\u00fcresi":"1 dakika"},"schema":{"@context":"https:\/\/schema.org","@graph":[{"@type":"WebPage","@id":"https:\/\/graef-gnu.com\/produkt\/hebelschere-h77\/","url":"https:\/\/graef-gnu.com\/produkt\/hebelschere-h77\/","name":"Kol makas\u0131 H77 - August Graef GNU","isPartOf":{"@id":"https:\/\/graef-gnu.com\/#website"},"primaryImageOfPage":{"@id":"https:\/\/graef-gnu.com\/produkt\/hebelschere-h77\/#primaryimage"},"image":{"@id":"https:\/\/graef-gnu.com\/produkt\/hebelschere-h77\/#primaryimage"},"thumbnailUrl":"https:\/\/graef-gnu.com\/wp-content\/uploads\/gnu_hebelschere_h77.jpg","datePublished":"2021-10-06T14:31:18+00:00","dateModified":"2021-10-06T14:36:05+00:00","breadcrumb":{"@id":"https:\/\/graef-gnu.com\/produkt\/hebelschere-h77\/#breadcrumb"},"inLanguage":"tr","potentialAction":[{"@type":"ReadAction","target":["https:\/\/graef-gnu.com\/produkt\/hebelschere-h77\/"]}]},{"@type":"ImageObject","inLanguage":"tr","@id":"https:\/\/graef-gnu.com\/produkt\/hebelschere-h77\/#primaryimage","url":"https:\/\/graef-gnu.com\/wp-content\/uploads\/gnu_hebelschere_h77.jpg","contentUrl":"https:\/\/graef-gnu.com\/wp-content\/uploads\/gnu_hebelschere_h77.jpg","width":890,"height":300},{"@type":"BreadcrumbList","@id":"https:\/\/graef-gnu.com\/produkt\/hebelschere-h77\/#breadcrumb","itemListElement":[{"@type":"ListItem","position":1,"name":"Startseite","item":"https:\/\/graef-gnu.com\/tr\/"},{"@type":"ListItem","position":2,"name":"\u00dcr\u00fcne Genel Bak\u0131\u015f","item":"https:\/\/graef-gnu.com\/tr\/ueruene-genel-bakis\/"},{"@type":"ListItem","position":3,"name":"Kol makas\u0131 H77"}]},{"@type":"WebSite","@id":"https:\/\/graef-gnu.com\/#website","url":"https:\/\/graef-gnu.com\/","name":"August Graef GNU","description":"","potentialAction":[{"@type":"SearchAction","target":{"@type":"EntryPoint","urlTemplate":"https:\/\/graef-gnu.com\/?s={search_term_string}"},"query-input":"required name=search_term_string"}],"inLanguage":"tr"}]}},"_links":{"self":[{"href":"https:\/\/graef-gnu.com\/tr\/wp-json\/wp\/v2\/product\/167268","targetHints":{"allow":["GET"]}}],"collection":[{"href":"https:\/\/graef-gnu.com\/tr\/wp-json\/wp\/v2\/product"}],"about":[{"href":"https:\/\/graef-gnu.com\/tr\/wp-json\/wp\/v2\/types\/product"}],"wp:featuredmedia":[{"embeddable":true,"href":"https:\/\/graef-gnu.com\/tr\/wp-json\/wp\/v2\/media\/149418"}],"wp:attachment":[{"href":"https:\/\/graef-gnu.com\/tr\/wp-json\/wp\/v2\/media?parent=167268"}],"wp:term":[{"taxonomy":"product_cat","embeddable":true,"href":"https:\/\/graef-gnu.com\/tr\/wp-json\/wp\/v2\/product_cat?post=167268"},{"taxonomy":"product_tag","embeddable":true,"href":"https:\/\/graef-gnu.com\/tr\/wp-json\/wp\/v2\/product_tag?post=167268"}],"curies":[{"name":"wp","href":"https:\/\/api.w.org\/{rel}","templated":true}]}}