{"id":167277,"date":"2021-02-11T11:07:38","date_gmt":"2021-10-06T14:31:29","guid":{"rendered":"https:\/\/www.graef-gnu.com\/produkt\/sectiginiz-bicakla-centik-acma-cihazi-a4\/"},"modified":"2021-10-06T16:36:00","modified_gmt":"2021-10-06T14:36:00","slug":"centik-acma-cihazi-a4-bicak-secimli","status":"publish","type":"product","link":"https:\/\/graef-gnu.com\/tr\/produkt\/centik-acma-cihazi-a4-bicak-secimli\/","title":{"rendered":"Se\u00e7ti\u011finiz b\u0131\u00e7akla \u00e7entik a\u00e7ma cihaz\u0131 A4"},"content":{"rendered":"<p>Cihaz\u0131n tasar\u0131m\u0131 A3 cihaz\u0131na tekab\u00fcl eder, ancak b\u00fcy\u00fck yap\u0131s\u0131 ve daha iyi g\u00fc\u00e7 aktar\u0131m\u0131 (diz kolu) nedeniyle cihaz ayn\u0131 zamanda az bir \u00e7abayla maksimum 6 noktaya kadar \u00f6zellikle g\u00fc\u00e7l\u00fc hatlar\u0131n \u00e7entiklenmesi i\u00e7in de uygundur.<br \/>\nCihazda stoper olarak hassas \u00f6l\u00e7\u00fcm cihaz\u0131 bulunmaktad\u0131r.<br \/>\n1 tak\u0131m 7 mm geni\u015fli\u011finde b\u0131\u00e7ak ile.<\/p>\n<p>Her geni\u015flikte (3 ila 10 mm) yuvarlak veya kare yedek b\u0131\u00e7aklar mevcuttur.<\/p>\n","protected":false},"excerpt":{"rendered":"<p>Her geni\u015flikte (3 ila 10 mm) yuvarlak veya kare yedek b\u0131\u00e7aklar mevcuttur.<\/p>\n","protected":false},"featured_media":149421,"template":"","meta":{"_acf_changed":false},"product_cat":[7578],"product_tag":[],"class_list":{"0":"post-167277","1":"product","2":"type-product","3":"status-publish","4":"has-post-thumbnail","6":"product_group-kalip-aksesuarlari","7":"product_cat-techizat","9":"first","10":"instock","11":"product-type-simple"},"acf":[],"yoast_head":"<!-- This site is optimized with the Yoast SEO plugin v22.6 - https:\/\/yoast.com\/wordpress\/plugins\/seo\/ -->\n<title>Se\u00e7ti\u011finiz b\u0131\u00e7akla \u00e7entik a\u00e7ma cihaz\u0131 A4 - August Graef GNU<\/title>\n<meta name=\"description\" content=\"Az bir \u00e7abayla maksimum 6 noktaya kadar \u00f6zellikle kal\u0131n \u00e7izgileri \u00e7entiklemek i\u00e7in uygundur \u2705 1 tak\u0131m 7 mm geni\u015fli\u011finde b\u0131\u00e7ak ile\u2705 Buradan bilgi al\u0131n!\" \/>\n<meta name=\"robots\" content=\"index, follow, max-snippet:-1, max-image-preview:large, max-video-preview:-1\" \/>\n<link rel=\"canonical\" href=\"https:\/\/graef-gnu.com\/produkt\/ausklinkgeraet-a4-mit-messer-nach-wahl\/\" \/>\n<meta property=\"og:locale\" content=\"tr_TR\" \/>\n<meta property=\"og:type\" content=\"article\" \/>\n<meta property=\"og:title\" content=\"Se\u00e7ti\u011finiz b\u0131\u00e7akla \u00e7entik a\u00e7ma cihaz\u0131 A4 - August Graef GNU\" \/>\n<meta property=\"og:description\" content=\"Az bir \u00e7abayla maksimum 6 noktaya kadar \u00f6zellikle kal\u0131n \u00e7izgileri \u00e7entiklemek i\u00e7in uygundur \u2705 1 tak\u0131m 7 mm geni\u015fli\u011finde b\u0131\u00e7ak ile\u2705 Buradan bilgi al\u0131n!\" \/>\n<meta property=\"og:url\" content=\"https:\/\/graef-gnu.com\/produkt\/ausklinkgeraet-a4-mit-messer-nach-wahl\/\" \/>\n<meta property=\"og:site_name\" content=\"August Graef GNU\" \/>\n<meta property=\"article:modified_time\" content=\"2021-10-06T14:36:00+00:00\" \/>\n<meta property=\"og:image\" content=\"https:\/\/graef-gnu.com\/wp-content\/uploads\/gnu_ausklinkgeraete_a4.jpg\" \/>\n\t<meta property=\"og:image:width\" content=\"890\" \/>\n\t<meta property=\"og:image:height\" content=\"300\" \/>\n\t<meta property=\"og:image:type\" content=\"image\/jpeg\" \/>\n<meta name=\"twitter:card\" content=\"summary_large_image\" \/>\n<script type=\"application\/ld+json\" class=\"yoast-schema-graph\">{\"@context\":\"https:\/\/schema.org\",\"@graph\":[{\"@type\":\"WebPage\",\"@id\":\"https:\/\/graef-gnu.com\/produkt\/ausklinkgeraet-a4-mit-messer-nach-wahl\/\",\"url\":\"https:\/\/graef-gnu.com\/produkt\/ausklinkgeraet-a4-mit-messer-nach-wahl\/\",\"name\":\"Se\u00e7ti\u011finiz b\u0131\u00e7akla \u00e7entik a\u00e7ma cihaz\u0131 A4 - August Graef GNU\",\"isPartOf\":{\"@id\":\"https:\/\/graef-gnu.com\/#website\"},\"primaryImageOfPage\":{\"@id\":\"https:\/\/graef-gnu.com\/produkt\/ausklinkgeraet-a4-mit-messer-nach-wahl\/#primaryimage\"},\"image\":{\"@id\":\"https:\/\/graef-gnu.com\/produkt\/ausklinkgeraet-a4-mit-messer-nach-wahl\/#primaryimage\"},\"thumbnailUrl\":\"https:\/\/graef-gnu.com\/wp-content\/uploads\/gnu_ausklinkgeraete_a4.jpg\",\"datePublished\":\"2021-10-06T14:31:29+00:00\",\"dateModified\":\"2021-10-06T14:36:00+00:00\",\"description\":\"Az bir \u00e7abayla maksimum 6 noktaya kadar \u00f6zellikle kal\u0131n \u00e7izgileri \u00e7entiklemek i\u00e7in uygundur \u2705 1 tak\u0131m 7 mm geni\u015fli\u011finde b\u0131\u00e7ak ile\u2705 Buradan bilgi al\u0131n!\",\"breadcrumb\":{\"@id\":\"https:\/\/graef-gnu.com\/produkt\/ausklinkgeraet-a4-mit-messer-nach-wahl\/#breadcrumb\"},\"inLanguage\":\"tr\",\"potentialAction\":[{\"@type\":\"ReadAction\",\"target\":[\"https:\/\/graef-gnu.com\/produkt\/ausklinkgeraet-a4-mit-messer-nach-wahl\/\"]}]},{\"@type\":\"ImageObject\",\"inLanguage\":\"tr\",\"@id\":\"https:\/\/graef-gnu.com\/produkt\/ausklinkgeraet-a4-mit-messer-nach-wahl\/#primaryimage\",\"url\":\"https:\/\/graef-gnu.com\/wp-content\/uploads\/gnu_ausklinkgeraete_a4.jpg\",\"contentUrl\":\"https:\/\/graef-gnu.com\/wp-content\/uploads\/gnu_ausklinkgeraete_a4.jpg\",\"width\":890,\"height\":300},{\"@type\":\"BreadcrumbList\",\"@id\":\"https:\/\/graef-gnu.com\/produkt\/ausklinkgeraet-a4-mit-messer-nach-wahl\/#breadcrumb\",\"itemListElement\":[{\"@type\":\"ListItem\",\"position\":1,\"name\":\"Startseite\",\"item\":\"https:\/\/graef-gnu.com\/tr\/\"},{\"@type\":\"ListItem\",\"position\":2,\"name\":\"\u00dcr\u00fcne Genel Bak\u0131\u015f\",\"item\":\"https:\/\/graef-gnu.com\/tr\/ueruene-genel-bakis\/\"},{\"@type\":\"ListItem\",\"position\":3,\"name\":\"Se\u00e7ti\u011finiz b\u0131\u00e7akla \u00e7entik a\u00e7ma cihaz\u0131 A4\"}]},{\"@type\":\"WebSite\",\"@id\":\"https:\/\/graef-gnu.com\/#website\",\"url\":\"https:\/\/graef-gnu.com\/\",\"name\":\"August Graef GNU\",\"description\":\"\",\"potentialAction\":[{\"@type\":\"SearchAction\",\"target\":{\"@type\":\"EntryPoint\",\"urlTemplate\":\"https:\/\/graef-gnu.com\/?s={search_term_string}\"},\"query-input\":\"required name=search_term_string\"}],\"inLanguage\":\"tr\"}]}<\/script>\n<!-- \/ Yoast SEO plugin. -->","yoast_head_json":{"title":"Se\u00e7ti\u011finiz b\u0131\u00e7akla \u00e7entik a\u00e7ma cihaz\u0131 A4 - August Graef GNU","description":"Az bir \u00e7abayla maksimum 6 noktaya kadar \u00f6zellikle kal\u0131n \u00e7izgileri \u00e7entiklemek i\u00e7in uygundur \u2705 1 tak\u0131m 7 mm geni\u015fli\u011finde b\u0131\u00e7ak ile\u2705 Buradan bilgi al\u0131n!","robots":{"index":"index","follow":"follow","max-snippet":"max-snippet:-1","max-image-preview":"max-image-preview:large","max-video-preview":"max-video-preview:-1"},"canonical":"https:\/\/graef-gnu.com\/produkt\/ausklinkgeraet-a4-mit-messer-nach-wahl\/","og_locale":"tr_TR","og_type":"article","og_title":"Se\u00e7ti\u011finiz b\u0131\u00e7akla \u00e7entik a\u00e7ma cihaz\u0131 A4 - August Graef GNU","og_description":"Az bir \u00e7abayla maksimum 6 noktaya kadar \u00f6zellikle kal\u0131n \u00e7izgileri \u00e7entiklemek i\u00e7in uygundur \u2705 1 tak\u0131m 7 mm geni\u015fli\u011finde b\u0131\u00e7ak ile\u2705 Buradan bilgi al\u0131n!","og_url":"https:\/\/graef-gnu.com\/produkt\/ausklinkgeraet-a4-mit-messer-nach-wahl\/","og_site_name":"August Graef GNU","article_modified_time":"2021-10-06T14:36:00+00:00","og_image":[{"width":890,"height":300,"url":"https:\/\/graef-gnu.com\/wp-content\/uploads\/gnu_ausklinkgeraete_a4.jpg","type":"image\/jpeg"}],"twitter_card":"summary_large_image","schema":{"@context":"https:\/\/schema.org","@graph":[{"@type":"WebPage","@id":"https:\/\/graef-gnu.com\/produkt\/ausklinkgeraet-a4-mit-messer-nach-wahl\/","url":"https:\/\/graef-gnu.com\/produkt\/ausklinkgeraet-a4-mit-messer-nach-wahl\/","name":"Se\u00e7ti\u011finiz b\u0131\u00e7akla \u00e7entik a\u00e7ma cihaz\u0131 A4 - August Graef GNU","isPartOf":{"@id":"https:\/\/graef-gnu.com\/#website"},"primaryImageOfPage":{"@id":"https:\/\/graef-gnu.com\/produkt\/ausklinkgeraet-a4-mit-messer-nach-wahl\/#primaryimage"},"image":{"@id":"https:\/\/graef-gnu.com\/produkt\/ausklinkgeraet-a4-mit-messer-nach-wahl\/#primaryimage"},"thumbnailUrl":"https:\/\/graef-gnu.com\/wp-content\/uploads\/gnu_ausklinkgeraete_a4.jpg","datePublished":"2021-10-06T14:31:29+00:00","dateModified":"2021-10-06T14:36:00+00:00","description":"Az bir \u00e7abayla maksimum 6 noktaya kadar \u00f6zellikle kal\u0131n \u00e7izgileri \u00e7entiklemek i\u00e7in uygundur \u2705 1 tak\u0131m 7 mm geni\u015fli\u011finde b\u0131\u00e7ak ile\u2705 Buradan bilgi al\u0131n!","breadcrumb":{"@id":"https:\/\/graef-gnu.com\/produkt\/ausklinkgeraet-a4-mit-messer-nach-wahl\/#breadcrumb"},"inLanguage":"tr","potentialAction":[{"@type":"ReadAction","target":["https:\/\/graef-gnu.com\/produkt\/ausklinkgeraet-a4-mit-messer-nach-wahl\/"]}]},{"@type":"ImageObject","inLanguage":"tr","@id":"https:\/\/graef-gnu.com\/produkt\/ausklinkgeraet-a4-mit-messer-nach-wahl\/#primaryimage","url":"https:\/\/graef-gnu.com\/wp-content\/uploads\/gnu_ausklinkgeraete_a4.jpg","contentUrl":"https:\/\/graef-gnu.com\/wp-content\/uploads\/gnu_ausklinkgeraete_a4.jpg","width":890,"height":300},{"@type":"BreadcrumbList","@id":"https:\/\/graef-gnu.com\/produkt\/ausklinkgeraet-a4-mit-messer-nach-wahl\/#breadcrumb","itemListElement":[{"@type":"ListItem","position":1,"name":"Startseite","item":"https:\/\/graef-gnu.com\/tr\/"},{"@type":"ListItem","position":2,"name":"\u00dcr\u00fcne Genel Bak\u0131\u015f","item":"https:\/\/graef-gnu.com\/tr\/ueruene-genel-bakis\/"},{"@type":"ListItem","position":3,"name":"Se\u00e7ti\u011finiz b\u0131\u00e7akla \u00e7entik a\u00e7ma cihaz\u0131 A4"}]},{"@type":"WebSite","@id":"https:\/\/graef-gnu.com\/#website","url":"https:\/\/graef-gnu.com\/","name":"August Graef GNU","description":"","potentialAction":[{"@type":"SearchAction","target":{"@type":"EntryPoint","urlTemplate":"https:\/\/graef-gnu.com\/?s={search_term_string}"},"query-input":"required name=search_term_string"}],"inLanguage":"tr"}]}},"_links":{"self":[{"href":"https:\/\/graef-gnu.com\/tr\/wp-json\/wp\/v2\/product\/167277","targetHints":{"allow":["GET"]}}],"collection":[{"href":"https:\/\/graef-gnu.com\/tr\/wp-json\/wp\/v2\/product"}],"about":[{"href":"https:\/\/graef-gnu.com\/tr\/wp-json\/wp\/v2\/types\/product"}],"wp:featuredmedia":[{"embeddable":true,"href":"https:\/\/graef-gnu.com\/tr\/wp-json\/wp\/v2\/media\/149421"}],"wp:attachment":[{"href":"https:\/\/graef-gnu.com\/tr\/wp-json\/wp\/v2\/media?parent=167277"}],"wp:term":[{"taxonomy":"product_cat","embeddable":true,"href":"https:\/\/graef-gnu.com\/tr\/wp-json\/wp\/v2\/product_cat?post=167277"},{"taxonomy":"product_tag","embeddable":true,"href":"https:\/\/graef-gnu.com\/tr\/wp-json\/wp\/v2\/product_tag?post=167277"}],"curies":[{"name":"wp","href":"https:\/\/api.w.org\/{rel}","templated":true}]}}