{"id":167298,"date":"2021-02-11T11:07:38","date_gmt":"2021-10-06T14:34:34","guid":{"rendered":"https:\/\/www.graef-gnu.com\/produkt\/perfa-tipi\/"},"modified":"2021-10-06T16:36:52","modified_gmt":"2021-10-06T14:36:52","slug":"perfa-tipi","status":"publish","type":"product","link":"https:\/\/graef-gnu.com\/tr\/produkt\/perfa-tipi\/","title":{"rendered":"Perfa-Tipi"},"content":{"rendered":"<p class=\"box\"><b>Kabartma karakterler b\u00fcy\u00fck harfler &#8211; rakamlar &#8211; semboller<\/b><\/p>\n<p class=\"box\">Delikli panellerin an\u0131nda tan\u0131nmas\u0131 i\u00e7in ayna yaz\u0131 tipinde Perfa Tipi. D\u00f6ner ve d\u00fcz kal\u0131plar i\u00e7in.<\/p>\n<p class=\"box\">Perfa-Type kendinden yap\u0131\u015fkanl\u0131d\u0131r ve \u00e7elik \u015ferit kesimine, muhtemelen k\u00fc\u00e7\u00fck \u00e7ivilerle de kolayca tak\u0131labilir.<\/p>\n","protected":false},"excerpt":{"rendered":"<p>Delikli panellerin an\u0131nda tan\u0131nmas\u0131 i\u00e7in ayna yaz\u0131 tipinde Perfa Tipi. D\u00f6ner ve d\u00fcz kal\u0131plar i\u00e7in.<\/p>\n","protected":false},"featured_media":148991,"template":"","meta":{"_acf_changed":false},"product_cat":[7578],"product_tag":[],"class_list":{"0":"post-167298","1":"product","2":"type-product","3":"status-publish","4":"has-post-thumbnail","6":"product_group-damgalama-aksesuarlari","7":"product_cat-techizat","8":"pa_variante-1-tr","9":"pa_variante-2-tr","10":"pa_variante-3-tr","11":"pa_variante-4-tr","12":"pa_variante-5-tr","13":"pa_variante-6-tr","14":"pa_variante-7-tr","15":"pa_variante-8-tr","16":"pa_variante-9-tr","17":"pa_variante-a-tr","18":"pa_variante-b-tr","19":"pa_variante-ben","20":"pa_variante-c-tr","21":"pa_variante-e-tr","22":"pa_variante-e-tr-2","23":"pa_variante-f-tr","24":"pa_variante-g-tr","25":"pa_variante-h-tr","26":"pa_variante-j-tr","27":"pa_variante-k-tr","28":"pa_variante-l-tr","29":"pa_variante-m-tr","30":"pa_variante-n-tr","31":"pa_variante-ns","32":"pa_variante-oe","33":"pa_variante-p-tr","34":"pa_variante-q-tr","35":"pa_variante-r-tr","36":"pa_variante-s-tr","37":"pa_variante-t-tr","38":"pa_variante-u-tr","39":"pa_variante-v-tr","40":"pa_variante-w-tr","41":"pa_variante-x-tr","42":"pa_variante-z-tr","43":"pa_variante-resy-isareti","45":"first","46":"instock","47":"purchasable","48":"product-type-variable"},"acf":[],"yoast_head":"<!-- This site is optimized with the Yoast SEO plugin v22.6 - https:\/\/yoast.com\/wordpress\/plugins\/seo\/ -->\n<title>Perfa-Tipi - August Graef GNU<\/title>\n<meta name=\"description\" content=\"Delikli panellerin an\u0131nda tan\u0131nmas\u0131 i\u00e7in aynada Perfa tipi yaz\u0131 \u2705 D\u00f6ner ve d\u00fcz kesme kal\u0131plar\u0131 i\u00e7in\u2705 Kendinden yap\u0131\u015fkanl\u0131 \u2705 Buradan bilgi al\u0131n!\" \/>\n<meta name=\"robots\" content=\"index, follow, max-snippet:-1, max-image-preview:large, max-video-preview:-1\" \/>\n<link rel=\"canonical\" href=\"https:\/\/graef-gnu.com\/produkt\/perfa-type\/\" \/>\n<meta property=\"og:locale\" content=\"tr_TR\" \/>\n<meta property=\"og:type\" content=\"article\" \/>\n<meta property=\"og:title\" content=\"Perfa-Tipi - August Graef GNU\" \/>\n<meta property=\"og:description\" content=\"Delikli panellerin an\u0131nda tan\u0131nmas\u0131 i\u00e7in aynada Perfa tipi yaz\u0131 \u2705 D\u00f6ner ve d\u00fcz kesme kal\u0131plar\u0131 i\u00e7in\u2705 Kendinden yap\u0131\u015fkanl\u0131 \u2705 Buradan bilgi al\u0131n!\" \/>\n<meta property=\"og:url\" content=\"https:\/\/graef-gnu.com\/produkt\/perfa-type\/\" \/>\n<meta property=\"og:site_name\" content=\"August Graef GNU\" \/>\n<meta property=\"article:modified_time\" content=\"2021-10-06T14:36:52+00:00\" \/>\n<meta property=\"og:image\" content=\"https:\/\/graef-gnu.com\/wp-content\/uploads\/gnu_perfa_type.jpg\" \/>\n\t<meta property=\"og:image:width\" content=\"890\" \/>\n\t<meta property=\"og:image:height\" content=\"300\" \/>\n\t<meta property=\"og:image:type\" content=\"image\/jpeg\" \/>\n<meta name=\"twitter:card\" content=\"summary_large_image\" \/>\n<script type=\"application\/ld+json\" class=\"yoast-schema-graph\">{\"@context\":\"https:\/\/schema.org\",\"@graph\":[{\"@type\":\"WebPage\",\"@id\":\"https:\/\/graef-gnu.com\/produkt\/perfa-type\/\",\"url\":\"https:\/\/graef-gnu.com\/produkt\/perfa-type\/\",\"name\":\"Perfa-Tipi - August Graef GNU\",\"isPartOf\":{\"@id\":\"https:\/\/graef-gnu.com\/#website\"},\"primaryImageOfPage\":{\"@id\":\"https:\/\/graef-gnu.com\/produkt\/perfa-type\/#primaryimage\"},\"image\":{\"@id\":\"https:\/\/graef-gnu.com\/produkt\/perfa-type\/#primaryimage\"},\"thumbnailUrl\":\"https:\/\/graef-gnu.com\/wp-content\/uploads\/gnu_perfa_type.jpg\",\"datePublished\":\"2021-10-06T14:34:34+00:00\",\"dateModified\":\"2021-10-06T14:36:52+00:00\",\"description\":\"Delikli panellerin an\u0131nda tan\u0131nmas\u0131 i\u00e7in aynada Perfa tipi yaz\u0131 \u2705 D\u00f6ner ve d\u00fcz kesme kal\u0131plar\u0131 i\u00e7in\u2705 Kendinden yap\u0131\u015fkanl\u0131 \u2705 Buradan bilgi al\u0131n!\",\"breadcrumb\":{\"@id\":\"https:\/\/graef-gnu.com\/produkt\/perfa-type\/#breadcrumb\"},\"inLanguage\":\"tr\",\"potentialAction\":[{\"@type\":\"ReadAction\",\"target\":[\"https:\/\/graef-gnu.com\/produkt\/perfa-type\/\"]}]},{\"@type\":\"ImageObject\",\"inLanguage\":\"tr\",\"@id\":\"https:\/\/graef-gnu.com\/produkt\/perfa-type\/#primaryimage\",\"url\":\"https:\/\/graef-gnu.com\/wp-content\/uploads\/gnu_perfa_type.jpg\",\"contentUrl\":\"https:\/\/graef-gnu.com\/wp-content\/uploads\/gnu_perfa_type.jpg\",\"width\":890,\"height\":300},{\"@type\":\"BreadcrumbList\",\"@id\":\"https:\/\/graef-gnu.com\/produkt\/perfa-type\/#breadcrumb\",\"itemListElement\":[{\"@type\":\"ListItem\",\"position\":1,\"name\":\"Startseite\",\"item\":\"https:\/\/graef-gnu.com\/tr\/\"},{\"@type\":\"ListItem\",\"position\":2,\"name\":\"\u00dcr\u00fcne Genel Bak\u0131\u015f\",\"item\":\"https:\/\/graef-gnu.com\/tr\/ueruene-genel-bakis\/\"},{\"@type\":\"ListItem\",\"position\":3,\"name\":\"Perfa-Tipi\"}]},{\"@type\":\"WebSite\",\"@id\":\"https:\/\/graef-gnu.com\/#website\",\"url\":\"https:\/\/graef-gnu.com\/\",\"name\":\"August Graef GNU\",\"description\":\"\",\"potentialAction\":[{\"@type\":\"SearchAction\",\"target\":{\"@type\":\"EntryPoint\",\"urlTemplate\":\"https:\/\/graef-gnu.com\/?s={search_term_string}\"},\"query-input\":\"required name=search_term_string\"}],\"inLanguage\":\"tr\"}]}<\/script>\n<!-- \/ Yoast SEO plugin. -->","yoast_head_json":{"title":"Perfa-Tipi - August Graef GNU","description":"Delikli panellerin an\u0131nda tan\u0131nmas\u0131 i\u00e7in aynada Perfa tipi yaz\u0131 \u2705 D\u00f6ner ve d\u00fcz kesme kal\u0131plar\u0131 i\u00e7in\u2705 Kendinden yap\u0131\u015fkanl\u0131 \u2705 Buradan bilgi al\u0131n!","robots":{"index":"index","follow":"follow","max-snippet":"max-snippet:-1","max-image-preview":"max-image-preview:large","max-video-preview":"max-video-preview:-1"},"canonical":"https:\/\/graef-gnu.com\/produkt\/perfa-type\/","og_locale":"tr_TR","og_type":"article","og_title":"Perfa-Tipi - August Graef GNU","og_description":"Delikli panellerin an\u0131nda tan\u0131nmas\u0131 i\u00e7in aynada Perfa tipi yaz\u0131 \u2705 D\u00f6ner ve d\u00fcz kesme kal\u0131plar\u0131 i\u00e7in\u2705 Kendinden yap\u0131\u015fkanl\u0131 \u2705 Buradan bilgi al\u0131n!","og_url":"https:\/\/graef-gnu.com\/produkt\/perfa-type\/","og_site_name":"August Graef GNU","article_modified_time":"2021-10-06T14:36:52+00:00","og_image":[{"width":890,"height":300,"url":"https:\/\/graef-gnu.com\/wp-content\/uploads\/gnu_perfa_type.jpg","type":"image\/jpeg"}],"twitter_card":"summary_large_image","schema":{"@context":"https:\/\/schema.org","@graph":[{"@type":"WebPage","@id":"https:\/\/graef-gnu.com\/produkt\/perfa-type\/","url":"https:\/\/graef-gnu.com\/produkt\/perfa-type\/","name":"Perfa-Tipi - August Graef GNU","isPartOf":{"@id":"https:\/\/graef-gnu.com\/#website"},"primaryImageOfPage":{"@id":"https:\/\/graef-gnu.com\/produkt\/perfa-type\/#primaryimage"},"image":{"@id":"https:\/\/graef-gnu.com\/produkt\/perfa-type\/#primaryimage"},"thumbnailUrl":"https:\/\/graef-gnu.com\/wp-content\/uploads\/gnu_perfa_type.jpg","datePublished":"2021-10-06T14:34:34+00:00","dateModified":"2021-10-06T14:36:52+00:00","description":"Delikli panellerin an\u0131nda tan\u0131nmas\u0131 i\u00e7in aynada Perfa tipi yaz\u0131 \u2705 D\u00f6ner ve d\u00fcz kesme kal\u0131plar\u0131 i\u00e7in\u2705 Kendinden yap\u0131\u015fkanl\u0131 \u2705 Buradan bilgi al\u0131n!","breadcrumb":{"@id":"https:\/\/graef-gnu.com\/produkt\/perfa-type\/#breadcrumb"},"inLanguage":"tr","potentialAction":[{"@type":"ReadAction","target":["https:\/\/graef-gnu.com\/produkt\/perfa-type\/"]}]},{"@type":"ImageObject","inLanguage":"tr","@id":"https:\/\/graef-gnu.com\/produkt\/perfa-type\/#primaryimage","url":"https:\/\/graef-gnu.com\/wp-content\/uploads\/gnu_perfa_type.jpg","contentUrl":"https:\/\/graef-gnu.com\/wp-content\/uploads\/gnu_perfa_type.jpg","width":890,"height":300},{"@type":"BreadcrumbList","@id":"https:\/\/graef-gnu.com\/produkt\/perfa-type\/#breadcrumb","itemListElement":[{"@type":"ListItem","position":1,"name":"Startseite","item":"https:\/\/graef-gnu.com\/tr\/"},{"@type":"ListItem","position":2,"name":"\u00dcr\u00fcne Genel Bak\u0131\u015f","item":"https:\/\/graef-gnu.com\/tr\/ueruene-genel-bakis\/"},{"@type":"ListItem","position":3,"name":"Perfa-Tipi"}]},{"@type":"WebSite","@id":"https:\/\/graef-gnu.com\/#website","url":"https:\/\/graef-gnu.com\/","name":"August Graef GNU","description":"","potentialAction":[{"@type":"SearchAction","target":{"@type":"EntryPoint","urlTemplate":"https:\/\/graef-gnu.com\/?s={search_term_string}"},"query-input":"required name=search_term_string"}],"inLanguage":"tr"}]}},"_links":{"self":[{"href":"https:\/\/graef-gnu.com\/tr\/wp-json\/wp\/v2\/product\/167298","targetHints":{"allow":["GET"]}}],"collection":[{"href":"https:\/\/graef-gnu.com\/tr\/wp-json\/wp\/v2\/product"}],"about":[{"href":"https:\/\/graef-gnu.com\/tr\/wp-json\/wp\/v2\/types\/product"}],"wp:featuredmedia":[{"embeddable":true,"href":"https:\/\/graef-gnu.com\/tr\/wp-json\/wp\/v2\/media\/148991"}],"wp:attachment":[{"href":"https:\/\/graef-gnu.com\/tr\/wp-json\/wp\/v2\/media?parent=167298"}],"wp:term":[{"taxonomy":"product_cat","embeddable":true,"href":"https:\/\/graef-gnu.com\/tr\/wp-json\/wp\/v2\/product_cat?post=167298"},{"taxonomy":"product_tag","embeddable":true,"href":"https:\/\/graef-gnu.com\/tr\/wp-json\/wp\/v2\/product_tag?post=167298"}],"curies":[{"name":"wp","href":"https:\/\/api.w.org\/{rel}","templated":true}]}}