{"id":167408,"date":"2021-04-19T16:10:59","date_gmt":"2021-10-06T14:34:43","guid":{"rendered":"https:\/\/www.graef-gnu.com\/produkt\/buekme-makineleri-fb-77\/"},"modified":"2021-10-06T16:39:04","modified_gmt":"2021-10-06T14:39:04","slug":"bukme-makineleri-fb-77","status":"publish","type":"product","link":"https:\/\/graef-gnu.com\/tr\/produkt\/bukme-makineleri-fb-77\/","title":{"rendered":"B\u00fckme makineleri FB 77"},"content":{"rendered":"<p>Geni\u015f, cilal\u0131 ve krom kapl\u0131 temas y\u00fczeyi, t\u00fcm k\u0131vr\u0131mlar\u0131n d\u00fczlemde kalmas\u0131n\u0131 sa\u011flar. Kal\u0131p \u00fcreticisinin iki eli de serbesttir ve hatlar\u0131 g\u00fcvenli bir \u015fekilde y\u00f6nlendirebilir. Ba\u011flant\u0131 par\u00e7alar\u0131 hassas bir \u015fekilde tutulur ve kolayca de\u011fi\u015ftirilebilir.<\/p>\n<p>Sabit montaj tutucusu ve deste\u011fi ve iyi g\u00fc\u00e7 aktar\u0131m\u0131, 50 x 1,05 mm&#8217;ye kadar olan hatlarda b\u00fck\u00fclmeler sa\u011flar. B\u00fckme makinesi hassas bir \u00f6l\u00e7\u00fcm cihaz\u0131 ile donat\u0131lm\u0131\u015ft\u0131r. Ayarlanan boyut, verniyeden 0,05 mm hassasiyetle okunabilir.<\/p>\n","protected":false},"excerpt":{"rendered":"<p>50 x 1,05 mm&#8217;ye kadar hatlar i\u00e7in FB 77 b\u00fckme makinesi.<\/p>\n","protected":false},"featured_media":150505,"template":"","meta":{"_acf_changed":false},"product_cat":[7578],"product_tag":[],"class_list":{"0":"post-167408","1":"product","2":"type-product","3":"status-publish","4":"has-post-thumbnail","6":"product_group-kalip-aksesuarlari","7":"product_cat-techizat","9":"first","10":"instock","11":"shipping-taxable","12":"purchasable","13":"product-type-simple"},"acf":[],"yoast_head":"<!-- This site is optimized with the Yoast SEO plugin v22.6 - https:\/\/yoast.com\/wordpress\/plugins\/seo\/ -->\n<title>B\u00fckme makineleri FB 77 - August Graef GNU<\/title>\n<meta name=\"description\" content=\"B\u00fckme makineleri FB 77 - ba\u011flant\u0131 par\u00e7alar\u0131 hassas bir \u015fekilde tutulur ve kolayca de\u011fi\u015ftirilebilir \u2705 Daha fazlas\u0131n\u0131 buradan \u00f6\u011frenin!\" \/>\n<meta name=\"robots\" content=\"index, follow, max-snippet:-1, max-image-preview:large, max-video-preview:-1\" \/>\n<link rel=\"canonical\" href=\"https:\/\/graef-gnu.com\/produkt\/biegeapparate-fb-77\/\" \/>\n<meta property=\"og:locale\" content=\"tr_TR\" \/>\n<meta property=\"og:type\" content=\"article\" \/>\n<meta property=\"og:title\" content=\"B\u00fckme makineleri FB 77 - August Graef GNU\" \/>\n<meta property=\"og:description\" content=\"B\u00fckme makineleri FB 77 - ba\u011flant\u0131 par\u00e7alar\u0131 hassas bir \u015fekilde tutulur ve kolayca de\u011fi\u015ftirilebilir \u2705 Daha fazlas\u0131n\u0131 buradan \u00f6\u011frenin!\" \/>\n<meta property=\"og:url\" content=\"https:\/\/graef-gnu.com\/produkt\/biegeapparate-fb-77\/\" \/>\n<meta property=\"og:site_name\" content=\"August Graef GNU\" \/>\n<meta property=\"article:modified_time\" content=\"2021-10-06T14:39:04+00:00\" \/>\n<meta property=\"og:image\" content=\"https:\/\/graef-gnu.com\/wp-content\/uploads\/gnu-zubehoer-biegeapparat-fb-77-1.png\" \/>\n\t<meta property=\"og:image:width\" content=\"890\" \/>\n\t<meta property=\"og:image:height\" content=\"300\" \/>\n\t<meta property=\"og:image:type\" content=\"image\/png\" \/>\n<meta name=\"twitter:card\" content=\"summary_large_image\" \/>\n<script type=\"application\/ld+json\" class=\"yoast-schema-graph\">{\"@context\":\"https:\/\/schema.org\",\"@graph\":[{\"@type\":\"WebPage\",\"@id\":\"https:\/\/graef-gnu.com\/produkt\/biegeapparate-fb-77\/\",\"url\":\"https:\/\/graef-gnu.com\/produkt\/biegeapparate-fb-77\/\",\"name\":\"B\u00fckme makineleri FB 77 - August Graef GNU\",\"isPartOf\":{\"@id\":\"https:\/\/graef-gnu.com\/#website\"},\"primaryImageOfPage\":{\"@id\":\"https:\/\/graef-gnu.com\/produkt\/biegeapparate-fb-77\/#primaryimage\"},\"image\":{\"@id\":\"https:\/\/graef-gnu.com\/produkt\/biegeapparate-fb-77\/#primaryimage\"},\"thumbnailUrl\":\"https:\/\/graef-gnu.com\/wp-content\/uploads\/gnu-zubehoer-biegeapparat-fb-77-1.png\",\"datePublished\":\"2021-10-06T14:34:43+00:00\",\"dateModified\":\"2021-10-06T14:39:04+00:00\",\"description\":\"B\u00fckme makineleri FB 77 - ba\u011flant\u0131 par\u00e7alar\u0131 hassas bir \u015fekilde tutulur ve kolayca de\u011fi\u015ftirilebilir \u2705 Daha fazlas\u0131n\u0131 buradan \u00f6\u011frenin!\",\"breadcrumb\":{\"@id\":\"https:\/\/graef-gnu.com\/produkt\/biegeapparate-fb-77\/#breadcrumb\"},\"inLanguage\":\"tr\",\"potentialAction\":[{\"@type\":\"ReadAction\",\"target\":[\"https:\/\/graef-gnu.com\/produkt\/biegeapparate-fb-77\/\"]}]},{\"@type\":\"ImageObject\",\"inLanguage\":\"tr\",\"@id\":\"https:\/\/graef-gnu.com\/produkt\/biegeapparate-fb-77\/#primaryimage\",\"url\":\"https:\/\/graef-gnu.com\/wp-content\/uploads\/gnu-zubehoer-biegeapparat-fb-77-1.png\",\"contentUrl\":\"https:\/\/graef-gnu.com\/wp-content\/uploads\/gnu-zubehoer-biegeapparat-fb-77-1.png\",\"width\":890,\"height\":300},{\"@type\":\"BreadcrumbList\",\"@id\":\"https:\/\/graef-gnu.com\/produkt\/biegeapparate-fb-77\/#breadcrumb\",\"itemListElement\":[{\"@type\":\"ListItem\",\"position\":1,\"name\":\"Startseite\",\"item\":\"https:\/\/graef-gnu.com\/tr\/\"},{\"@type\":\"ListItem\",\"position\":2,\"name\":\"\u00dcr\u00fcne Genel Bak\u0131\u015f\",\"item\":\"https:\/\/graef-gnu.com\/tr\/ueruene-genel-bakis\/\"},{\"@type\":\"ListItem\",\"position\":3,\"name\":\"B\u00fckme makineleri FB 77\"}]},{\"@type\":\"WebSite\",\"@id\":\"https:\/\/graef-gnu.com\/#website\",\"url\":\"https:\/\/graef-gnu.com\/\",\"name\":\"August Graef GNU\",\"description\":\"\",\"potentialAction\":[{\"@type\":\"SearchAction\",\"target\":{\"@type\":\"EntryPoint\",\"urlTemplate\":\"https:\/\/graef-gnu.com\/?s={search_term_string}\"},\"query-input\":\"required name=search_term_string\"}],\"inLanguage\":\"tr\"}]}<\/script>\n<!-- \/ Yoast SEO plugin. -->","yoast_head_json":{"title":"B\u00fckme makineleri FB 77 - August Graef GNU","description":"B\u00fckme makineleri FB 77 - ba\u011flant\u0131 par\u00e7alar\u0131 hassas bir \u015fekilde tutulur ve kolayca de\u011fi\u015ftirilebilir \u2705 Daha fazlas\u0131n\u0131 buradan \u00f6\u011frenin!","robots":{"index":"index","follow":"follow","max-snippet":"max-snippet:-1","max-image-preview":"max-image-preview:large","max-video-preview":"max-video-preview:-1"},"canonical":"https:\/\/graef-gnu.com\/produkt\/biegeapparate-fb-77\/","og_locale":"tr_TR","og_type":"article","og_title":"B\u00fckme makineleri FB 77 - August Graef GNU","og_description":"B\u00fckme makineleri FB 77 - ba\u011flant\u0131 par\u00e7alar\u0131 hassas bir \u015fekilde tutulur ve kolayca de\u011fi\u015ftirilebilir \u2705 Daha fazlas\u0131n\u0131 buradan \u00f6\u011frenin!","og_url":"https:\/\/graef-gnu.com\/produkt\/biegeapparate-fb-77\/","og_site_name":"August Graef GNU","article_modified_time":"2021-10-06T14:39:04+00:00","og_image":[{"width":890,"height":300,"url":"https:\/\/graef-gnu.com\/wp-content\/uploads\/gnu-zubehoer-biegeapparat-fb-77-1.png","type":"image\/png"}],"twitter_card":"summary_large_image","schema":{"@context":"https:\/\/schema.org","@graph":[{"@type":"WebPage","@id":"https:\/\/graef-gnu.com\/produkt\/biegeapparate-fb-77\/","url":"https:\/\/graef-gnu.com\/produkt\/biegeapparate-fb-77\/","name":"B\u00fckme makineleri FB 77 - August Graef GNU","isPartOf":{"@id":"https:\/\/graef-gnu.com\/#website"},"primaryImageOfPage":{"@id":"https:\/\/graef-gnu.com\/produkt\/biegeapparate-fb-77\/#primaryimage"},"image":{"@id":"https:\/\/graef-gnu.com\/produkt\/biegeapparate-fb-77\/#primaryimage"},"thumbnailUrl":"https:\/\/graef-gnu.com\/wp-content\/uploads\/gnu-zubehoer-biegeapparat-fb-77-1.png","datePublished":"2021-10-06T14:34:43+00:00","dateModified":"2021-10-06T14:39:04+00:00","description":"B\u00fckme makineleri FB 77 - ba\u011flant\u0131 par\u00e7alar\u0131 hassas bir \u015fekilde tutulur ve kolayca de\u011fi\u015ftirilebilir \u2705 Daha fazlas\u0131n\u0131 buradan \u00f6\u011frenin!","breadcrumb":{"@id":"https:\/\/graef-gnu.com\/produkt\/biegeapparate-fb-77\/#breadcrumb"},"inLanguage":"tr","potentialAction":[{"@type":"ReadAction","target":["https:\/\/graef-gnu.com\/produkt\/biegeapparate-fb-77\/"]}]},{"@type":"ImageObject","inLanguage":"tr","@id":"https:\/\/graef-gnu.com\/produkt\/biegeapparate-fb-77\/#primaryimage","url":"https:\/\/graef-gnu.com\/wp-content\/uploads\/gnu-zubehoer-biegeapparat-fb-77-1.png","contentUrl":"https:\/\/graef-gnu.com\/wp-content\/uploads\/gnu-zubehoer-biegeapparat-fb-77-1.png","width":890,"height":300},{"@type":"BreadcrumbList","@id":"https:\/\/graef-gnu.com\/produkt\/biegeapparate-fb-77\/#breadcrumb","itemListElement":[{"@type":"ListItem","position":1,"name":"Startseite","item":"https:\/\/graef-gnu.com\/tr\/"},{"@type":"ListItem","position":2,"name":"\u00dcr\u00fcne Genel Bak\u0131\u015f","item":"https:\/\/graef-gnu.com\/tr\/ueruene-genel-bakis\/"},{"@type":"ListItem","position":3,"name":"B\u00fckme makineleri FB 77"}]},{"@type":"WebSite","@id":"https:\/\/graef-gnu.com\/#website","url":"https:\/\/graef-gnu.com\/","name":"August Graef GNU","description":"","potentialAction":[{"@type":"SearchAction","target":{"@type":"EntryPoint","urlTemplate":"https:\/\/graef-gnu.com\/?s={search_term_string}"},"query-input":"required name=search_term_string"}],"inLanguage":"tr"}]}},"_links":{"self":[{"href":"https:\/\/graef-gnu.com\/tr\/wp-json\/wp\/v2\/product\/167408","targetHints":{"allow":["GET"]}}],"collection":[{"href":"https:\/\/graef-gnu.com\/tr\/wp-json\/wp\/v2\/product"}],"about":[{"href":"https:\/\/graef-gnu.com\/tr\/wp-json\/wp\/v2\/types\/product"}],"wp:featuredmedia":[{"embeddable":true,"href":"https:\/\/graef-gnu.com\/tr\/wp-json\/wp\/v2\/media\/150505"}],"wp:attachment":[{"href":"https:\/\/graef-gnu.com\/tr\/wp-json\/wp\/v2\/media?parent=167408"}],"wp:term":[{"taxonomy":"product_cat","embeddable":true,"href":"https:\/\/graef-gnu.com\/tr\/wp-json\/wp\/v2\/product_cat?post=167408"},{"taxonomy":"product_tag","embeddable":true,"href":"https:\/\/graef-gnu.com\/tr\/wp-json\/wp\/v2\/product_tag?post=167408"}],"curies":[{"name":"wp","href":"https:\/\/api.w.org\/{rel}","templated":true}]}}