{"id":167422,"date":"2021-04-19T16:11:57","date_gmt":"2021-10-06T14:34:46","guid":{"rendered":"https:\/\/www.graef-gnu.com\/produkt\/bukme-makineleri-fb-78\/"},"modified":"2021-10-06T16:38:17","modified_gmt":"2021-10-06T14:38:17","slug":"bukme-makineleri-fb-78","status":"publish","type":"product","link":"https:\/\/graef-gnu.com\/tr\/produkt\/bukme-makineleri-fb-78\/","title":{"rendered":"B\u00fckme makineleri FB 78"},"content":{"rendered":"<p>B\u00fckme makinesi FB 78, ayak kollu b\u00fckme makinesi FB 77&#8217;nin daha geli\u015fmi\u015f bir versiyonudur ve maksimum 100 x 1,42 mm&#8217;ye kadar \u00f6zellikle y\u00fcksek ve g\u00fc\u00e7l\u00fc hatlar\u0131n i\u015flenmesi i\u00e7in uygundur. B\u00fckme aletlerinin \u00fcst temas\u0131, hatlar\u0131n bozulmas\u0131n\u0131 \u00f6nlemek i\u00e7in bir ayar vidas\u0131 ile d\u00fczeltilebilir.<\/p>\n","protected":false},"excerpt":{"rendered":"<p>FB 78 b\u00fckme makinesi, 100 x 1,42 mm&#8217;ye kadar olan hatlar i\u00e7in \u00f6zellikle dengeli bir ayak kollu b\u00fckme makinesidir.<\/p>\n","protected":false},"featured_media":150508,"template":"","meta":{"_acf_changed":false},"product_cat":[7578],"product_tag":[],"class_list":{"0":"post-167422","1":"product","2":"type-product","3":"status-publish","4":"has-post-thumbnail","6":"product_group-kalip-aksesuarlari","7":"product_cat-techizat","9":"first","10":"instock","11":"shipping-taxable","12":"purchasable","13":"product-type-simple"},"acf":[],"yoast_head":"<!-- This site is optimized with the Yoast SEO plugin v22.6 - https:\/\/yoast.com\/wordpress\/plugins\/seo\/ -->\n<title>B\u00fckme makineleri FB 78 - August Graef GNU<\/title>\n<meta name=\"description\" content=\"FB 78 b\u00fckme makinesi, maksimum 100 x 1,42 mm&#039;ye kadar \u00f6zellikle uzun ve kal\u0131n hatlar\u0131 i\u015flemek i\u00e7in uygundur \u2705 Daha fazlas\u0131n\u0131 buradan \u00f6\u011frenin!\" \/>\n<meta name=\"robots\" content=\"index, follow, max-snippet:-1, max-image-preview:large, max-video-preview:-1\" \/>\n<link rel=\"canonical\" href=\"https:\/\/graef-gnu.com\/produkt\/biegeapparate-fb-78\/\" \/>\n<meta property=\"og:locale\" content=\"tr_TR\" \/>\n<meta property=\"og:type\" content=\"article\" \/>\n<meta property=\"og:title\" content=\"B\u00fckme makineleri FB 78 - August Graef GNU\" \/>\n<meta property=\"og:description\" content=\"FB 78 b\u00fckme makinesi, maksimum 100 x 1,42 mm&#039;ye kadar \u00f6zellikle uzun ve kal\u0131n hatlar\u0131 i\u015flemek i\u00e7in uygundur \u2705 Daha fazlas\u0131n\u0131 buradan \u00f6\u011frenin!\" \/>\n<meta property=\"og:url\" content=\"https:\/\/graef-gnu.com\/produkt\/biegeapparate-fb-78\/\" \/>\n<meta property=\"og:site_name\" content=\"August Graef GNU\" \/>\n<meta property=\"article:modified_time\" content=\"2021-10-06T14:38:17+00:00\" \/>\n<meta property=\"og:image\" content=\"https:\/\/graef-gnu.com\/wp-content\/uploads\/gnu-zubehoer-biegeapparat-fb-78-1.png\" \/>\n\t<meta property=\"og:image:width\" content=\"890\" \/>\n\t<meta property=\"og:image:height\" content=\"300\" \/>\n\t<meta property=\"og:image:type\" content=\"image\/png\" \/>\n<meta name=\"twitter:card\" content=\"summary_large_image\" \/>\n<script type=\"application\/ld+json\" class=\"yoast-schema-graph\">{\"@context\":\"https:\/\/schema.org\",\"@graph\":[{\"@type\":\"WebPage\",\"@id\":\"https:\/\/graef-gnu.com\/produkt\/biegeapparate-fb-78\/\",\"url\":\"https:\/\/graef-gnu.com\/produkt\/biegeapparate-fb-78\/\",\"name\":\"B\u00fckme makineleri FB 78 - August Graef GNU\",\"isPartOf\":{\"@id\":\"https:\/\/graef-gnu.com\/#website\"},\"primaryImageOfPage\":{\"@id\":\"https:\/\/graef-gnu.com\/produkt\/biegeapparate-fb-78\/#primaryimage\"},\"image\":{\"@id\":\"https:\/\/graef-gnu.com\/produkt\/biegeapparate-fb-78\/#primaryimage\"},\"thumbnailUrl\":\"https:\/\/graef-gnu.com\/wp-content\/uploads\/gnu-zubehoer-biegeapparat-fb-78-1.png\",\"datePublished\":\"2021-10-06T14:34:46+00:00\",\"dateModified\":\"2021-10-06T14:38:17+00:00\",\"description\":\"FB 78 b\u00fckme makinesi, maksimum 100 x 1,42 mm'ye kadar \u00f6zellikle uzun ve kal\u0131n hatlar\u0131 i\u015flemek i\u00e7in uygundur \u2705 Daha fazlas\u0131n\u0131 buradan \u00f6\u011frenin!\",\"breadcrumb\":{\"@id\":\"https:\/\/graef-gnu.com\/produkt\/biegeapparate-fb-78\/#breadcrumb\"},\"inLanguage\":\"tr\",\"potentialAction\":[{\"@type\":\"ReadAction\",\"target\":[\"https:\/\/graef-gnu.com\/produkt\/biegeapparate-fb-78\/\"]}]},{\"@type\":\"ImageObject\",\"inLanguage\":\"tr\",\"@id\":\"https:\/\/graef-gnu.com\/produkt\/biegeapparate-fb-78\/#primaryimage\",\"url\":\"https:\/\/graef-gnu.com\/wp-content\/uploads\/gnu-zubehoer-biegeapparat-fb-78-1.png\",\"contentUrl\":\"https:\/\/graef-gnu.com\/wp-content\/uploads\/gnu-zubehoer-biegeapparat-fb-78-1.png\",\"width\":890,\"height\":300},{\"@type\":\"BreadcrumbList\",\"@id\":\"https:\/\/graef-gnu.com\/produkt\/biegeapparate-fb-78\/#breadcrumb\",\"itemListElement\":[{\"@type\":\"ListItem\",\"position\":1,\"name\":\"Startseite\",\"item\":\"https:\/\/graef-gnu.com\/tr\/\"},{\"@type\":\"ListItem\",\"position\":2,\"name\":\"\u00dcr\u00fcne Genel Bak\u0131\u015f\",\"item\":\"https:\/\/graef-gnu.com\/tr\/ueruene-genel-bakis\/\"},{\"@type\":\"ListItem\",\"position\":3,\"name\":\"B\u00fckme makineleri FB 78\"}]},{\"@type\":\"WebSite\",\"@id\":\"https:\/\/graef-gnu.com\/#website\",\"url\":\"https:\/\/graef-gnu.com\/\",\"name\":\"August Graef GNU\",\"description\":\"\",\"potentialAction\":[{\"@type\":\"SearchAction\",\"target\":{\"@type\":\"EntryPoint\",\"urlTemplate\":\"https:\/\/graef-gnu.com\/?s={search_term_string}\"},\"query-input\":\"required name=search_term_string\"}],\"inLanguage\":\"tr\"}]}<\/script>\n<!-- \/ Yoast SEO plugin. -->","yoast_head_json":{"title":"B\u00fckme makineleri FB 78 - August Graef GNU","description":"FB 78 b\u00fckme makinesi, maksimum 100 x 1,42 mm'ye kadar \u00f6zellikle uzun ve kal\u0131n hatlar\u0131 i\u015flemek i\u00e7in uygundur \u2705 Daha fazlas\u0131n\u0131 buradan \u00f6\u011frenin!","robots":{"index":"index","follow":"follow","max-snippet":"max-snippet:-1","max-image-preview":"max-image-preview:large","max-video-preview":"max-video-preview:-1"},"canonical":"https:\/\/graef-gnu.com\/produkt\/biegeapparate-fb-78\/","og_locale":"tr_TR","og_type":"article","og_title":"B\u00fckme makineleri FB 78 - August Graef GNU","og_description":"FB 78 b\u00fckme makinesi, maksimum 100 x 1,42 mm'ye kadar \u00f6zellikle uzun ve kal\u0131n hatlar\u0131 i\u015flemek i\u00e7in uygundur \u2705 Daha fazlas\u0131n\u0131 buradan \u00f6\u011frenin!","og_url":"https:\/\/graef-gnu.com\/produkt\/biegeapparate-fb-78\/","og_site_name":"August Graef GNU","article_modified_time":"2021-10-06T14:38:17+00:00","og_image":[{"width":890,"height":300,"url":"https:\/\/graef-gnu.com\/wp-content\/uploads\/gnu-zubehoer-biegeapparat-fb-78-1.png","type":"image\/png"}],"twitter_card":"summary_large_image","schema":{"@context":"https:\/\/schema.org","@graph":[{"@type":"WebPage","@id":"https:\/\/graef-gnu.com\/produkt\/biegeapparate-fb-78\/","url":"https:\/\/graef-gnu.com\/produkt\/biegeapparate-fb-78\/","name":"B\u00fckme makineleri FB 78 - August Graef GNU","isPartOf":{"@id":"https:\/\/graef-gnu.com\/#website"},"primaryImageOfPage":{"@id":"https:\/\/graef-gnu.com\/produkt\/biegeapparate-fb-78\/#primaryimage"},"image":{"@id":"https:\/\/graef-gnu.com\/produkt\/biegeapparate-fb-78\/#primaryimage"},"thumbnailUrl":"https:\/\/graef-gnu.com\/wp-content\/uploads\/gnu-zubehoer-biegeapparat-fb-78-1.png","datePublished":"2021-10-06T14:34:46+00:00","dateModified":"2021-10-06T14:38:17+00:00","description":"FB 78 b\u00fckme makinesi, maksimum 100 x 1,42 mm'ye kadar \u00f6zellikle uzun ve kal\u0131n hatlar\u0131 i\u015flemek i\u00e7in uygundur \u2705 Daha fazlas\u0131n\u0131 buradan \u00f6\u011frenin!","breadcrumb":{"@id":"https:\/\/graef-gnu.com\/produkt\/biegeapparate-fb-78\/#breadcrumb"},"inLanguage":"tr","potentialAction":[{"@type":"ReadAction","target":["https:\/\/graef-gnu.com\/produkt\/biegeapparate-fb-78\/"]}]},{"@type":"ImageObject","inLanguage":"tr","@id":"https:\/\/graef-gnu.com\/produkt\/biegeapparate-fb-78\/#primaryimage","url":"https:\/\/graef-gnu.com\/wp-content\/uploads\/gnu-zubehoer-biegeapparat-fb-78-1.png","contentUrl":"https:\/\/graef-gnu.com\/wp-content\/uploads\/gnu-zubehoer-biegeapparat-fb-78-1.png","width":890,"height":300},{"@type":"BreadcrumbList","@id":"https:\/\/graef-gnu.com\/produkt\/biegeapparate-fb-78\/#breadcrumb","itemListElement":[{"@type":"ListItem","position":1,"name":"Startseite","item":"https:\/\/graef-gnu.com\/tr\/"},{"@type":"ListItem","position":2,"name":"\u00dcr\u00fcne Genel Bak\u0131\u015f","item":"https:\/\/graef-gnu.com\/tr\/ueruene-genel-bakis\/"},{"@type":"ListItem","position":3,"name":"B\u00fckme makineleri FB 78"}]},{"@type":"WebSite","@id":"https:\/\/graef-gnu.com\/#website","url":"https:\/\/graef-gnu.com\/","name":"August Graef GNU","description":"","potentialAction":[{"@type":"SearchAction","target":{"@type":"EntryPoint","urlTemplate":"https:\/\/graef-gnu.com\/?s={search_term_string}"},"query-input":"required name=search_term_string"}],"inLanguage":"tr"}]}},"_links":{"self":[{"href":"https:\/\/graef-gnu.com\/tr\/wp-json\/wp\/v2\/product\/167422","targetHints":{"allow":["GET"]}}],"collection":[{"href":"https:\/\/graef-gnu.com\/tr\/wp-json\/wp\/v2\/product"}],"about":[{"href":"https:\/\/graef-gnu.com\/tr\/wp-json\/wp\/v2\/types\/product"}],"wp:featuredmedia":[{"embeddable":true,"href":"https:\/\/graef-gnu.com\/tr\/wp-json\/wp\/v2\/media\/150508"}],"wp:attachment":[{"href":"https:\/\/graef-gnu.com\/tr\/wp-json\/wp\/v2\/media?parent=167422"}],"wp:term":[{"taxonomy":"product_cat","embeddable":true,"href":"https:\/\/graef-gnu.com\/tr\/wp-json\/wp\/v2\/product_cat?post=167422"},{"taxonomy":"product_tag","embeddable":true,"href":"https:\/\/graef-gnu.com\/tr\/wp-json\/wp\/v2\/product_tag?post=167422"}],"curies":[{"name":"wp","href":"https:\/\/api.w.org\/{rel}","templated":true}]}}